{"id":160,"date":"2021-08-24T21:58:09","date_gmt":"2021-08-24T19:58:09","guid":{"rendered":"http:\/\/www.cronopio.de\/seitenstetten-2021\/?page_id=160"},"modified":"2021-08-24T21:58:10","modified_gmt":"2021-08-24T19:58:10","slug":"o-lux-beata-trinitas","status":"publish","type":"page","link":"http:\/\/www.cronopio.de\/seitenstetten-2021\/michael-praetorius\/o-lux-beata-trinitas\/","title":{"rendered":"O lux, beata trinitas"},"content":{"rendered":"\n<div class=\"wp-block-themeisle-blocks-advanced-columns has-2-columns has-desktop-equal-layout has-tablet-equal-layout has-mobile-collapsedRows-layout has-default-gap has-vertical-unset\" id=\"wp-block-themeisle-blocks-advanced-columns-fe0c24b0\"><div class=\"wp-block-themeisle-blocks-advanced-columns-overlay\"><\/div><div class=\"innerblocks-wrap\">\n<div class=\"wp-block-themeisle-blocks-advanced-column\" id=\"wp-block-themeisle-blocks-advanced-column-5c8ddcfd\">\n<figure class=\"wp-block-table\"><table><tbody><tr><td>O lux, beata trinitas et principalis unitas, <br>iam sol recedit igneus, in funde lumen cordibus.<\/td><\/tr><tr><td>Te mane laudum carmine, te deprecemur vespere, <br>te nostra supplex gloria per cuncta laudet saecula.<\/td><\/tr><tr><td>Deo patri sit gloria eiusque soli filio <br>cum spiritu paracleto et nunc et in perpetuum.<\/td><\/tr><\/tbody><\/table><\/figure>\n<\/div>\n\n\n\n<div class=\"wp-block-themeisle-blocks-advanced-column\" id=\"wp-block-themeisle-blocks-advanced-column-60884f9e\">\n<figure class=\"wp-block-table\"><table><tbody><tr><td>O Licht, gl\u00fcckselige Dreieinigkeit <br>und urspr\u00fcngliche Einheit, <br>wenn jetzt die feurige Sonne versinkt, <br>gie\u00dfe dein Licht unseren Herzen ein.<\/td><\/tr><tr><td>Dich preist am Morgen unser Loblied, <br>dich bitten wir am Abend, <br>dich verherrlicht unser dem\u00fctiges Gloria <br>durch alle Zeit und Ewigkeit.<\/td><\/tr><tr><td>Gott dem Vater sei Ehre und seinem einigen Sohn <br>samt dem Heiligen Geist, dem Tr\u00f6ster, jetzt und in Ewigkeit.<\/td><\/tr><\/tbody><\/table><\/figure>\n<\/div>\n<\/div><\/div>\n","protected":false},"excerpt":{"rendered":"","protected":false},"author":2,"featured_media":0,"parent":38,"menu_order":0,"comment_status":"closed","ping_status":"closed","template":"","meta":{"_crdt_document":"","_themeisle_gutenberg_block_has_review":false,"h5ap_radio_sources":[],"footnotes":""},"class_list":["post-160","page","type-page","status-publish","hentry"],"_links":{"self":[{"href":"http:\/\/www.cronopio.de\/seitenstetten-2021\/wp-json\/wp\/v2\/pages\/160","targetHints":{"allow":["GET"]}}],"collection":[{"href":"http:\/\/www.cronopio.de\/seitenstetten-2021\/wp-json\/wp\/v2\/pages"}],"about":[{"href":"http:\/\/www.cronopio.de\/seitenstetten-2021\/wp-json\/wp\/v2\/types\/page"}],"author":[{"embeddable":true,"href":"http:\/\/www.cronopio.de\/seitenstetten-2021\/wp-json\/wp\/v2\/users\/2"}],"replies":[{"embeddable":true,"href":"http:\/\/www.cronopio.de\/seitenstetten-2021\/wp-json\/wp\/v2\/comments?post=160"}],"version-history":[{"count":1,"href":"http:\/\/www.cronopio.de\/seitenstetten-2021\/wp-json\/wp\/v2\/pages\/160\/revisions"}],"predecessor-version":[{"id":161,"href":"http:\/\/www.cronopio.de\/seitenstetten-2021\/wp-json\/wp\/v2\/pages\/160\/revisions\/161"}],"up":[{"embeddable":true,"href":"http:\/\/www.cronopio.de\/seitenstetten-2021\/wp-json\/wp\/v2\/pages\/38"}],"wp:attachment":[{"href":"http:\/\/www.cronopio.de\/seitenstetten-2021\/wp-json\/wp\/v2\/media?parent=160"}],"curies":[{"name":"wp","href":"https:\/\/api.w.org\/{rel}","templated":true}]}}