{"id":152,"date":"2021-08-24T21:47:59","date_gmt":"2021-08-24T19:47:59","guid":{"rendered":"http:\/\/www.cronopio.de\/seitenstetten-2021\/?page_id=152"},"modified":"2021-08-24T21:47:59","modified_gmt":"2021-08-24T19:47:59","slug":"zefiro-torna","status":"publish","type":"page","link":"http:\/\/www.cronopio.de\/seitenstetten-2021\/philippe-de-monte\/zefiro-torna\/","title":{"rendered":"Zefiro torna"},"content":{"rendered":"\n<p class=\"wp-block-paragraph\">Francesco Petrarca Sonett 310; \u00dcbersetzung: Ernst J\u00fcrgen Dreyer<\/p>\n\n\n\n<div class=\"wp-block-themeisle-blocks-advanced-columns has-2-columns has-desktop-equal-layout has-tablet-equal-layout has-mobile-collapsedRows-layout has-default-gap has-vertical-unset\" id=\"wp-block-themeisle-blocks-advanced-columns-0039acd6\"><div class=\"wp-block-themeisle-blocks-advanced-columns-overlay\"><\/div><div class=\"innerblocks-wrap\">\n<div class=\"wp-block-themeisle-blocks-advanced-column\" id=\"wp-block-themeisle-blocks-advanced-column-59796abf\">\n<figure class=\"wp-block-table\"><table><tbody><tr><td>Zefiro torna, e&#8217;l bel tempo rimena, <br>e i fiori e l&#8217;erbe, sua dolce famiglia, <br>e garrir Progne, e pianger Filomena, <br>e primavera candida e vermiglia.<\/td><\/tr><tr><td>Ridono i prati, e&#8217;l ciel si rasserena; <br>Giove s&#8217;allegra di mirar sua figlia; <br>l&#8217;aria, e l&#8217;acqua, e la terra \u00e8 d&#8217;amor piena; <br>ogni animal d&#8217;amar si riconsiglia.<\/td><\/tr><tr><td>Ma per me, lasso!, tornano i pi\u00f9 gravi <br>sospiri, che del cor profondo tragge <br>quella ch&#8217;al ciel se ne port\u00f2 le chiavi;<\/td><\/tr><tr><td>e cantar augelletti, e fiorir piagge, <br>e&#8217;n belle donne oneste atti soavi <br>sono un deserto, e fere aspre e selvagge.<\/td><\/tr><\/tbody><\/table><\/figure>\n<\/div>\n\n\n\n<div class=\"wp-block-themeisle-blocks-advanced-column\" id=\"wp-block-themeisle-blocks-advanced-column-2e1a5859\">\n<figure class=\"wp-block-table\"><table><tbody><tr><td>Zephirus bringt den sch\u00f6nen Fr\u00fchling wieder, <br>bringt Blumen, Gras, sein liebliches Geleite, <br>brinkt Proknes Zwitschern, Philomeles Lieder <br>und Maienr\u00f6te, bl\u00fcten\u00fcberschneite;<\/td><\/tr><tr><td>auf heitre Auen lacht der Himmel nieder; <br>Jupiter strahlt an seiner Tochter Seite; <br>Luft, Wasser, Erd sind voll von Liebe; wieder <br>entschlie\u00dft sich jegliches Gesch\u00f6pf zur Freite.<\/td><\/tr><tr><td>Doch mir, weh, werden Seufzer wiederkommen, <br>die jene zieht aus meines Herzens Lade, <br>die seine Schl\u00fcssel mit zu Gott genommen.<\/td><\/tr><tr><td>Und Vogelsang und bl\u00fchende Gestade, <br>die sch\u00f6nen Frauen mit dem sanften frommen <br>Gem\u00fct sind Raubgetier und W\u00fcstenpfade.<\/td><\/tr><\/tbody><\/table><\/figure>\n<\/div>\n<\/div><\/div>\n","protected":false},"excerpt":{"rendered":"<p>Francesco Petrarca Sonett 310; \u00dcbersetzung: Ernst J\u00fcrgen Dreyer<\/p>\n","protected":false},"author":2,"featured_media":0,"parent":34,"menu_order":0,"comment_status":"closed","ping_status":"closed","template":"","meta":{"_crdt_document":"","_themeisle_gutenberg_block_has_review":false,"h5ap_radio_sources":[],"footnotes":""},"class_list":["post-152","page","type-page","status-publish","hentry"],"_links":{"self":[{"href":"http:\/\/www.cronopio.de\/seitenstetten-2021\/wp-json\/wp\/v2\/pages\/152","targetHints":{"allow":["GET"]}}],"collection":[{"href":"http:\/\/www.cronopio.de\/seitenstetten-2021\/wp-json\/wp\/v2\/pages"}],"about":[{"href":"http:\/\/www.cronopio.de\/seitenstetten-2021\/wp-json\/wp\/v2\/types\/page"}],"author":[{"embeddable":true,"href":"http:\/\/www.cronopio.de\/seitenstetten-2021\/wp-json\/wp\/v2\/users\/2"}],"replies":[{"embeddable":true,"href":"http:\/\/www.cronopio.de\/seitenstetten-2021\/wp-json\/wp\/v2\/comments?post=152"}],"version-history":[{"count":1,"href":"http:\/\/www.cronopio.de\/seitenstetten-2021\/wp-json\/wp\/v2\/pages\/152\/revisions"}],"predecessor-version":[{"id":153,"href":"http:\/\/www.cronopio.de\/seitenstetten-2021\/wp-json\/wp\/v2\/pages\/152\/revisions\/153"}],"up":[{"embeddable":true,"href":"http:\/\/www.cronopio.de\/seitenstetten-2021\/wp-json\/wp\/v2\/pages\/34"}],"wp:attachment":[{"href":"http:\/\/www.cronopio.de\/seitenstetten-2021\/wp-json\/wp\/v2\/media?parent=152"}],"curies":[{"name":"wp","href":"https:\/\/api.w.org\/{rel}","templated":true}]}}