{"id":150,"date":"2021-08-24T21:44:08","date_gmt":"2021-08-24T19:44:08","guid":{"rendered":"http:\/\/www.cronopio.de\/seitenstetten-2021\/?page_id=150"},"modified":"2021-08-24T21:44:08","modified_gmt":"2021-08-24T19:44:08","slug":"susanne-un-jour","status":"publish","type":"page","link":"http:\/\/www.cronopio.de\/seitenstetten-2021\/philippe-de-monte\/susanne-un-jour\/","title":{"rendered":"Susanne un jour"},"content":{"rendered":"\n<p class=\"wp-block-paragraph\">Guillaume Gu\u00e9roult; \u00dcbersetzer unbekannt<\/p>\n\n\n\n<div class=\"wp-block-themeisle-blocks-advanced-columns has-2-columns has-desktop-equal-layout has-tablet-equal-layout has-mobile-collapsedRows-layout has-default-gap has-vertical-unset\" id=\"wp-block-themeisle-blocks-advanced-columns-cb368cca\"><div class=\"wp-block-themeisle-blocks-advanced-columns-overlay\"><\/div><div class=\"innerblocks-wrap\">\n<div class=\"wp-block-themeisle-blocks-advanced-column\" id=\"wp-block-themeisle-blocks-advanced-column-4edd9637\">\n<p class=\"wp-block-paragraph\">Susanne un jour d&#8217;amour solicit\u00e9e<br>par deux viellards, convoitants sa beaut\u00e9,<br>fut en son coeur triste et desconfort\u00e9e,<br>voyant l&#8217;effort fait \u00e0 sa chastet\u00e9.<br>Elle leur dit: Si par deloyaut\u00e9<br>de ce corps mien vous avez jouissance,<br>c&#8217;est fait de moi. Si je fais r\u00e9sistance,<br>vous me ferez mourir en d\u00e9shonneur.<br>Mais j&#8217;aime mieux p\u00e9rir en innocence, <br>que d&#8217;offenser par pech\u00e9 le Seigneur.<\/p>\n<\/div>\n\n\n\n<div class=\"wp-block-themeisle-blocks-advanced-column\" id=\"wp-block-themeisle-blocks-advanced-column-5aee6f3b\">\n<p class=\"wp-block-paragraph\">Susanne, eines Tages zur Liebe aufgefordert<br>von zwei Alten, denen nach ihrer Sch\u00f6nheit gel\u00fcstete,<br>war traurig und trostlos in ihrem Herzen,<br>da sie den Angriff auf ihre Keuschheit sah.<br>Sie sprach zu ihnen: &#8222;Wenn ihr euch unstatthaft<br>dieses meines K\u00f6rpers erfreuen solltet,<br>so bin ich verloren; wenn ich aber Widerstand leiste,<br>so werdet ihr mich in Unehren zu Tode bringen.<br>Doch will ich lieber unschuldig sterben, <br>als durch S\u00fcnde den Herrn zu beleidigen.<\/p>\n<\/div>\n<\/div><\/div>\n","protected":false},"excerpt":{"rendered":"<p>Guillaume Gu\u00e9roult; \u00dcbersetzer unbekannt<\/p>\n","protected":false},"author":2,"featured_media":0,"parent":34,"menu_order":0,"comment_status":"closed","ping_status":"closed","template":"","meta":{"_crdt_document":"","_themeisle_gutenberg_block_has_review":false,"h5ap_radio_sources":[],"footnotes":""},"class_list":["post-150","page","type-page","status-publish","hentry"],"_links":{"self":[{"href":"http:\/\/www.cronopio.de\/seitenstetten-2021\/wp-json\/wp\/v2\/pages\/150","targetHints":{"allow":["GET"]}}],"collection":[{"href":"http:\/\/www.cronopio.de\/seitenstetten-2021\/wp-json\/wp\/v2\/pages"}],"about":[{"href":"http:\/\/www.cronopio.de\/seitenstetten-2021\/wp-json\/wp\/v2\/types\/page"}],"author":[{"embeddable":true,"href":"http:\/\/www.cronopio.de\/seitenstetten-2021\/wp-json\/wp\/v2\/users\/2"}],"replies":[{"embeddable":true,"href":"http:\/\/www.cronopio.de\/seitenstetten-2021\/wp-json\/wp\/v2\/comments?post=150"}],"version-history":[{"count":1,"href":"http:\/\/www.cronopio.de\/seitenstetten-2021\/wp-json\/wp\/v2\/pages\/150\/revisions"}],"predecessor-version":[{"id":151,"href":"http:\/\/www.cronopio.de\/seitenstetten-2021\/wp-json\/wp\/v2\/pages\/150\/revisions\/151"}],"up":[{"embeddable":true,"href":"http:\/\/www.cronopio.de\/seitenstetten-2021\/wp-json\/wp\/v2\/pages\/34"}],"wp:attachment":[{"href":"http:\/\/www.cronopio.de\/seitenstetten-2021\/wp-json\/wp\/v2\/media?parent=150"}],"curies":[{"name":"wp","href":"https:\/\/api.w.org\/{rel}","templated":true}]}}