{"id":127,"date":"2021-08-24T20:33:39","date_gmt":"2021-08-24T18:33:39","guid":{"rendered":"http:\/\/www.cronopio.de\/seitenstetten-2021\/?page_id=127"},"modified":"2021-08-24T20:33:40","modified_gmt":"2021-08-24T18:33:40","slug":"per-divina-bellezza","status":"publish","type":"page","link":"http:\/\/www.cronopio.de\/seitenstetten-2021\/philippe-de-monte\/per-divina-bellezza\/","title":{"rendered":"Per divina bellezza"},"content":{"rendered":"\n<p class=\"wp-block-paragraph\">Francesco Petrarca: Sonett 159, nur die Terzette; \u00dcbersetzung: Ernst J\u00fcrgen Dreyer<\/p>\n\n\n\n<div class=\"wp-block-themeisle-blocks-advanced-columns has-2-columns has-desktop-equal-layout has-tablet-equal-layout has-mobile-collapsedRows-layout has-default-gap has-vertical-unset\" id=\"wp-block-themeisle-blocks-advanced-columns-04f3f0c3\"><div class=\"wp-block-themeisle-blocks-advanced-columns-overlay\"><\/div><div class=\"innerblocks-wrap\">\n<div class=\"wp-block-themeisle-blocks-advanced-column\" id=\"wp-block-themeisle-blocks-advanced-column-475b69ce\">\n<figure class=\"wp-block-table\"><table><tbody><tr><td>Per divina bellezza indarno mira, <br>chi gli occhi de costei gi\u00e0 mai non vide, <br>come soavemente ella gli gira;<\/td><\/tr><tr><td>non sa come Amor sana, e come ancide,<br>chi non sa come dolce ella sospira,<br>et come dolce parla, e dolce ride.<\/td><\/tr><\/tbody><\/table><\/figure>\n<\/div>\n\n\n\n<div class=\"wp-block-themeisle-blocks-advanced-column\" id=\"wp-block-themeisle-blocks-advanced-column-73983db7\">\n<figure class=\"wp-block-table\"><table><tbody><tr><td>Vergebens m\u00fcht sich, wem ihr Blick entgangen,<br>wie sie ihn s\u00fc\u00df umherschickt in der Runde,<br>sonst irgend Himmelssch\u00f6nheit zu erlangen.<\/td><\/tr><tr><td>Nicht hat, wie Amor heilt und t\u00f6tet, Kunde, <br>wer nicht das s\u00fc\u00dfe Seufzen, s\u00fc\u00dfe Bangen <br>und s\u00fc\u00dfe Lachen kennt aus ihrem Munde.<\/td><\/tr><\/tbody><\/table><\/figure>\n<\/div>\n<\/div><\/div>\n","protected":false},"excerpt":{"rendered":"<p>Francesco Petrarca: Sonett 159, nur die Terzette; \u00dcbersetzung: Ernst J\u00fcrgen Dreyer<\/p>\n","protected":false},"author":2,"featured_media":0,"parent":34,"menu_order":0,"comment_status":"closed","ping_status":"closed","template":"","meta":{"_crdt_document":"","_themeisle_gutenberg_block_has_review":false,"h5ap_radio_sources":[],"footnotes":""},"class_list":["post-127","page","type-page","status-publish","hentry"],"_links":{"self":[{"href":"http:\/\/www.cronopio.de\/seitenstetten-2021\/wp-json\/wp\/v2\/pages\/127","targetHints":{"allow":["GET"]}}],"collection":[{"href":"http:\/\/www.cronopio.de\/seitenstetten-2021\/wp-json\/wp\/v2\/pages"}],"about":[{"href":"http:\/\/www.cronopio.de\/seitenstetten-2021\/wp-json\/wp\/v2\/types\/page"}],"author":[{"embeddable":true,"href":"http:\/\/www.cronopio.de\/seitenstetten-2021\/wp-json\/wp\/v2\/users\/2"}],"replies":[{"embeddable":true,"href":"http:\/\/www.cronopio.de\/seitenstetten-2021\/wp-json\/wp\/v2\/comments?post=127"}],"version-history":[{"count":1,"href":"http:\/\/www.cronopio.de\/seitenstetten-2021\/wp-json\/wp\/v2\/pages\/127\/revisions"}],"predecessor-version":[{"id":128,"href":"http:\/\/www.cronopio.de\/seitenstetten-2021\/wp-json\/wp\/v2\/pages\/127\/revisions\/128"}],"up":[{"embeddable":true,"href":"http:\/\/www.cronopio.de\/seitenstetten-2021\/wp-json\/wp\/v2\/pages\/34"}],"wp:attachment":[{"href":"http:\/\/www.cronopio.de\/seitenstetten-2021\/wp-json\/wp\/v2\/media?parent=127"}],"curies":[{"name":"wp","href":"https:\/\/api.w.org\/{rel}","templated":true}]}}