{"id":116,"date":"2021-08-24T20:26:14","date_gmt":"2021-08-24T18:26:14","guid":{"rendered":"http:\/\/www.cronopio.de\/seitenstetten-2021\/?page_id=116"},"modified":"2021-08-24T20:28:05","modified_gmt":"2021-08-24T18:28:05","slug":"creduto-avria-che-fosse-statua-finta","status":"publish","type":"page","link":"http:\/\/www.cronopio.de\/seitenstetten-2021\/philippe-de-monte\/creduto-avria-che-fosse-statua-finta\/","title":{"rendered":"Creduto avria che fosse statua finta"},"content":{"rendered":"\n<p class=\"wp-block-paragraph\">Ludovico Ariosto, Orlando furioso 10,96; \u00dcbertragung: Johann Diederich Gries<\/p>\n\n\n\n<div class=\"wp-block-themeisle-blocks-advanced-columns has-2-columns has-desktop-equal-layout has-tablet-equal-layout has-mobile-collapsedRows-layout has-default-gap has-vertical-unset\" id=\"wp-block-themeisle-blocks-advanced-columns-86439209\"><div class=\"wp-block-themeisle-blocks-advanced-columns-overlay\"><\/div><div class=\"innerblocks-wrap\">\n<div class=\"wp-block-themeisle-blocks-advanced-column\" id=\"wp-block-themeisle-blocks-advanced-column-e17df710\">\n<p class=\"wp-block-paragraph\">Creduto avria che fosse statua finta<br>O d&#8217;alabastro o d&#8217;altri marmi illustri<br>Ruggiero, e su lo scoglio cos\u00ec avinta<br>Per artificio di scultori industri;<br>Se non vedea la lacrima distinta<br>Tra fresche rose e candidi ligustri<br>Far rugiadose le crudette pome, <br>E l&#8217;aura sventolar l&#8217;aurate chiome.<\/p>\n<\/div>\n\n\n\n<div class=\"wp-block-themeisle-blocks-advanced-column\" id=\"wp-block-themeisle-blocks-advanced-column-b0915027\">\n<p class=\"wp-block-paragraph\">Ruggiero w\u00fcrd ohn jeden Zweifel w\u00e4hnen,<br>Ein Alabaster- oder Marmorbild<br>Sei angef\u00fcgt an diese Felsenlehnen<br>Durch einen K\u00fcnstler, dem&#8217;s um T\u00e4uschung gilt;<br>S\u00e4h er nicht deutlich jenen Bach von Tr\u00e4nen,<br>Der zwischen Rosen und Ligustern quillt,<br>Um ein noch herbes \u00c4pfelpaar zu feuchten, <br>Und s\u00e4h ihr goldnes Haar im Winde leuchten.<\/p>\n<\/div>\n<\/div><\/div>\n","protected":false},"excerpt":{"rendered":"<p>Ludovico Ariosto, Orlando furioso 10,96; \u00dcbertragung: Johann Diederich Gries<\/p>\n","protected":false},"author":2,"featured_media":0,"parent":34,"menu_order":0,"comment_status":"closed","ping_status":"closed","template":"","meta":{"_crdt_document":"","_themeisle_gutenberg_block_has_review":false,"h5ap_radio_sources":[],"footnotes":""},"class_list":["post-116","page","type-page","status-publish","hentry"],"_links":{"self":[{"href":"http:\/\/www.cronopio.de\/seitenstetten-2021\/wp-json\/wp\/v2\/pages\/116","targetHints":{"allow":["GET"]}}],"collection":[{"href":"http:\/\/www.cronopio.de\/seitenstetten-2021\/wp-json\/wp\/v2\/pages"}],"about":[{"href":"http:\/\/www.cronopio.de\/seitenstetten-2021\/wp-json\/wp\/v2\/types\/page"}],"author":[{"embeddable":true,"href":"http:\/\/www.cronopio.de\/seitenstetten-2021\/wp-json\/wp\/v2\/users\/2"}],"replies":[{"embeddable":true,"href":"http:\/\/www.cronopio.de\/seitenstetten-2021\/wp-json\/wp\/v2\/comments?post=116"}],"version-history":[{"count":1,"href":"http:\/\/www.cronopio.de\/seitenstetten-2021\/wp-json\/wp\/v2\/pages\/116\/revisions"}],"predecessor-version":[{"id":118,"href":"http:\/\/www.cronopio.de\/seitenstetten-2021\/wp-json\/wp\/v2\/pages\/116\/revisions\/118"}],"up":[{"embeddable":true,"href":"http:\/\/www.cronopio.de\/seitenstetten-2021\/wp-json\/wp\/v2\/pages\/34"}],"wp:attachment":[{"href":"http:\/\/www.cronopio.de\/seitenstetten-2021\/wp-json\/wp\/v2\/media?parent=116"}],"curies":[{"name":"wp","href":"https:\/\/api.w.org\/{rel}","templated":true}]}}