{"id":110,"date":"2021-08-24T20:21:03","date_gmt":"2021-08-24T18:21:03","guid":{"rendered":"http:\/\/www.cronopio.de\/seitenstetten-2021\/?page_id=110"},"modified":"2021-08-24T20:21:04","modified_gmt":"2021-08-24T18:21:04","slug":"super-flumina-babylonis","status":"publish","type":"page","link":"http:\/\/www.cronopio.de\/seitenstetten-2021\/philippe-de-monte\/super-flumina-babylonis\/","title":{"rendered":"Super flumina Babylonis"},"content":{"rendered":"\n<p class=\"wp-block-paragraph\">nach Psalm 136; \u00dcbersetzung nach gregorien.info<\/p>\n\n\n\n<div class=\"wp-block-themeisle-blocks-advanced-columns has-2-columns has-desktop-equal-layout has-tablet-equal-layout has-mobile-collapsedRows-layout has-default-gap has-vertical-unset\" id=\"wp-block-themeisle-blocks-advanced-columns-cede1fdc\"><div class=\"wp-block-themeisle-blocks-advanced-columns-overlay\"><\/div><div class=\"innerblocks-wrap\">\n<div class=\"wp-block-themeisle-blocks-advanced-column\" id=\"wp-block-themeisle-blocks-advanced-column-bb696617\">\n<p class=\"wp-block-paragraph\">Super flumina Babylonis,<br>illic sedimus et flevimus,<br>dum recordaremur tui, Sion.<br>Illic interrogaverunt nos,<br>qui captivos abduxerunt nos,<br>verba cantionum:<br>Quomodo cantabimus canticum<br>Domini in terra aliena?<br>In salicibus in medio eius suspendimus organa nostra.<\/p>\n<\/div>\n\n\n\n<div class=\"wp-block-themeisle-blocks-advanced-column\" id=\"wp-block-themeisle-blocks-advanced-column-20ca9b43\">\n<p class=\"wp-block-paragraph\">An den Fl\u00fcssen von Babylon,<br>da sa\u00dfen wir und weinten,<br>als wir an dich dachten, Zion.<br>Dort verlangten von uns,<br>die uns gefangen weggef\u00fchrt hatten,<br>Worte von Liedern.<br>Wie sollen wir singen das Lied<br>des Herrn in fremdem Land?<br>An den Weiden, mitten unter ihnen, h\u00e4ngten wir unsere Harfen auf.<\/p>\n<\/div>\n<\/div><\/div>\n","protected":false},"excerpt":{"rendered":"<p>nach Psalm 136; \u00dcbersetzung nach gregorien.info<\/p>\n","protected":false},"author":2,"featured_media":0,"parent":34,"menu_order":0,"comment_status":"closed","ping_status":"closed","template":"","meta":{"_crdt_document":"","_themeisle_gutenberg_block_has_review":false,"h5ap_radio_sources":[],"footnotes":""},"class_list":["post-110","page","type-page","status-publish","hentry"],"_links":{"self":[{"href":"http:\/\/www.cronopio.de\/seitenstetten-2021\/wp-json\/wp\/v2\/pages\/110","targetHints":{"allow":["GET"]}}],"collection":[{"href":"http:\/\/www.cronopio.de\/seitenstetten-2021\/wp-json\/wp\/v2\/pages"}],"about":[{"href":"http:\/\/www.cronopio.de\/seitenstetten-2021\/wp-json\/wp\/v2\/types\/page"}],"author":[{"embeddable":true,"href":"http:\/\/www.cronopio.de\/seitenstetten-2021\/wp-json\/wp\/v2\/users\/2"}],"replies":[{"embeddable":true,"href":"http:\/\/www.cronopio.de\/seitenstetten-2021\/wp-json\/wp\/v2\/comments?post=110"}],"version-history":[{"count":1,"href":"http:\/\/www.cronopio.de\/seitenstetten-2021\/wp-json\/wp\/v2\/pages\/110\/revisions"}],"predecessor-version":[{"id":111,"href":"http:\/\/www.cronopio.de\/seitenstetten-2021\/wp-json\/wp\/v2\/pages\/110\/revisions\/111"}],"up":[{"embeddable":true,"href":"http:\/\/www.cronopio.de\/seitenstetten-2021\/wp-json\/wp\/v2\/pages\/34"}],"wp:attachment":[{"href":"http:\/\/www.cronopio.de\/seitenstetten-2021\/wp-json\/wp\/v2\/media?parent=110"}],"curies":[{"name":"wp","href":"https:\/\/api.w.org\/{rel}","templated":true}]}}