{"id":103,"date":"2021-08-22T14:04:07","date_gmt":"2021-08-22T12:04:07","guid":{"rendered":"http:\/\/www.cronopio.de\/seitenstetten-2021\/?page_id=103"},"modified":"2021-08-22T14:04:07","modified_gmt":"2021-08-22T12:04:07","slug":"quemadmodum-desiderat-cervus","status":"publish","type":"page","link":"http:\/\/www.cronopio.de\/seitenstetten-2021\/philippe-de-monte\/quemadmodum-desiderat-cervus\/","title":{"rendered":"Quemadmodum desiderat cervus"},"content":{"rendered":"\n<div class=\"wp-block-themeisle-blocks-advanced-columns has-2-columns has-desktop-equal-layout has-tablet-equal-layout has-mobile-collapsedRows-layout has-default-gap has-vertical-unset\" id=\"wp-block-themeisle-blocks-advanced-columns-59309df2\"><div class=\"wp-block-themeisle-blocks-advanced-columns-overlay\"><\/div><div class=\"innerblocks-wrap\">\n<div class=\"wp-block-themeisle-blocks-advanced-column\" id=\"wp-block-themeisle-blocks-advanced-column-66d90787\">\n<figure class=\"wp-block-table\"><table><tbody><tr><td>Quemadmodum desiderat cervus ad fontes aquarum, <br>ita desiderat anima mea ad te, Deus. <br>Sitivit anima mea ad Deum fontem vivum; <br>quando veniam et apparebo ante faciem Dei?<\/td><\/tr><tr><td>Fuerunt mihi lacrimae meae panes die ac nocte, <br>dum dicitur mihi quotidie: Ubi est Deus tuus? <br>Haec recordatus sum et effudi in me animam meam, quoniam transibo in locum tabernaculi admirabilis, usque ad domum Dei.<\/td><\/tr><\/tbody><\/table><\/figure>\n<\/div>\n\n\n\n<div class=\"wp-block-themeisle-blocks-advanced-column\" id=\"wp-block-themeisle-blocks-advanced-column-5a6201c1\">\n<figure class=\"wp-block-table\"><table><tbody><tr><td>Wie der Hirsch schreit nach frischem Wasser, <br>so schreit meine Seele, Gott, zu dir. <br>Meine Seele d\u00fcrstet nach Gott, der Lebensquelle. <br>Wann werde ich dahin kommen und vor Gottes Angesicht erscheinen?<\/td><\/tr><tr><td>Meine Tr\u00e4nen sind meine Speise Tag und Nacht, <br>weil man t\u00e4glich zu mir sagt: Wo ist nun dein Gott? <br>Wenn ich des innewerde, so sch\u00fctte ich mein Herz aus bei mir selbst; <br>denn ich werde hingehen an die wunderbare St\u00e4tte, zum Hause Gottes.<\/td><\/tr><\/tbody><\/table><\/figure>\n<\/div>\n<\/div><\/div>\n","protected":false},"excerpt":{"rendered":"","protected":false},"author":2,"featured_media":0,"parent":34,"menu_order":0,"comment_status":"closed","ping_status":"closed","template":"","meta":{"_crdt_document":"","_themeisle_gutenberg_block_has_review":false,"h5ap_radio_sources":[],"footnotes":""},"class_list":["post-103","page","type-page","status-publish","hentry"],"_links":{"self":[{"href":"http:\/\/www.cronopio.de\/seitenstetten-2021\/wp-json\/wp\/v2\/pages\/103","targetHints":{"allow":["GET"]}}],"collection":[{"href":"http:\/\/www.cronopio.de\/seitenstetten-2021\/wp-json\/wp\/v2\/pages"}],"about":[{"href":"http:\/\/www.cronopio.de\/seitenstetten-2021\/wp-json\/wp\/v2\/types\/page"}],"author":[{"embeddable":true,"href":"http:\/\/www.cronopio.de\/seitenstetten-2021\/wp-json\/wp\/v2\/users\/2"}],"replies":[{"embeddable":true,"href":"http:\/\/www.cronopio.de\/seitenstetten-2021\/wp-json\/wp\/v2\/comments?post=103"}],"version-history":[{"count":1,"href":"http:\/\/www.cronopio.de\/seitenstetten-2021\/wp-json\/wp\/v2\/pages\/103\/revisions"}],"predecessor-version":[{"id":104,"href":"http:\/\/www.cronopio.de\/seitenstetten-2021\/wp-json\/wp\/v2\/pages\/103\/revisions\/104"}],"up":[{"embeddable":true,"href":"http:\/\/www.cronopio.de\/seitenstetten-2021\/wp-json\/wp\/v2\/pages\/34"}],"wp:attachment":[{"href":"http:\/\/www.cronopio.de\/seitenstetten-2021\/wp-json\/wp\/v2\/media?parent=103"}],"curies":[{"name":"wp","href":"https:\/\/api.w.org\/{rel}","templated":true}]}}