{"id":100,"date":"2021-08-22T00:11:36","date_gmt":"2021-08-21T22:11:36","guid":{"rendered":"http:\/\/www.cronopio.de\/seitenstetten-2021\/?page_id=100"},"modified":"2021-08-22T00:11:36","modified_gmt":"2021-08-21T22:11:36","slug":"lux-fulgebit-hodie","status":"publish","type":"page","link":"http:\/\/www.cronopio.de\/seitenstetten-2021\/philippe-de-monte\/lux-fulgebit-hodie\/","title":{"rendered":"Lux fulgebit hodie"},"content":{"rendered":"\n<p class=\"wp-block-paragraph\">Quelle: <a href=\"https:\/\/gregorien.info\/\">gregorien.info<\/a><\/p>\n\n\n\n<div class=\"wp-block-themeisle-blocks-advanced-columns has-2-columns has-desktop-equal-layout has-tablet-equal-layout has-mobile-collapsedRows-layout has-default-gap has-vertical-unset\" id=\"wp-block-themeisle-blocks-advanced-columns-abb6a0b5\"><div class=\"wp-block-themeisle-blocks-advanced-columns-overlay\"><\/div><div class=\"innerblocks-wrap\">\n<div class=\"wp-block-themeisle-blocks-advanced-column\" id=\"wp-block-themeisle-blocks-advanced-column-b1ea36a4\">\n<figure class=\"wp-block-table\"><table><tbody><tr><td>Lux fulgebit hodie super nos, <br>quia natus est nobis Dominus. <br>Et vocabitur Admirabilis, Deus, <br>Princeps pacis, Pater futuri saeculi; <br>cuius regni non erit finis.<\/td><\/tr><tr><td>Dies sanctificatus illuxit nobis. <br>Venite gentes et adorate Dominum, <br>quia hodie descendit lux magna super terram.<\/td><\/tr><\/tbody><\/table><\/figure>\n<\/div>\n\n\n\n<div class=\"wp-block-themeisle-blocks-advanced-column\" id=\"wp-block-themeisle-blocks-advanced-column-73f6c05b\">\n<figure class=\"wp-block-table\"><table><tbody><tr><td>Ein Licht wird heute \u00fcber uns leuchten: <br>Denn geboren ist uns der Herr. <br>Genannt wird er: Wunderbarer, Gott, <br>F\u00fcrst des Friedens, Vater der zuk\u00fcnftigen Welt; <br>seines Reiches wird kein Ende sein.<\/td><\/tr><tr><td>Ein heiliger Tag ist uns aufgeleuchtet. <br>Kommt, ihr V\u00f6lker, betet an den Herrn; <br>denn heute stieg ein gro\u00dfes Licht zur Erde hernieder.<\/td><\/tr><\/tbody><\/table><\/figure>\n<\/div>\n<\/div><\/div>\n","protected":false},"excerpt":{"rendered":"<p>Quelle: gregorien.info<\/p>\n","protected":false},"author":2,"featured_media":0,"parent":34,"menu_order":0,"comment_status":"closed","ping_status":"closed","template":"","meta":{"_crdt_document":"","_themeisle_gutenberg_block_has_review":false,"h5ap_radio_sources":[],"footnotes":""},"class_list":["post-100","page","type-page","status-publish","hentry"],"_links":{"self":[{"href":"http:\/\/www.cronopio.de\/seitenstetten-2021\/wp-json\/wp\/v2\/pages\/100","targetHints":{"allow":["GET"]}}],"collection":[{"href":"http:\/\/www.cronopio.de\/seitenstetten-2021\/wp-json\/wp\/v2\/pages"}],"about":[{"href":"http:\/\/www.cronopio.de\/seitenstetten-2021\/wp-json\/wp\/v2\/types\/page"}],"author":[{"embeddable":true,"href":"http:\/\/www.cronopio.de\/seitenstetten-2021\/wp-json\/wp\/v2\/users\/2"}],"replies":[{"embeddable":true,"href":"http:\/\/www.cronopio.de\/seitenstetten-2021\/wp-json\/wp\/v2\/comments?post=100"}],"version-history":[{"count":1,"href":"http:\/\/www.cronopio.de\/seitenstetten-2021\/wp-json\/wp\/v2\/pages\/100\/revisions"}],"predecessor-version":[{"id":101,"href":"http:\/\/www.cronopio.de\/seitenstetten-2021\/wp-json\/wp\/v2\/pages\/100\/revisions\/101"}],"up":[{"embeddable":true,"href":"http:\/\/www.cronopio.de\/seitenstetten-2021\/wp-json\/wp\/v2\/pages\/34"}],"wp:attachment":[{"href":"http:\/\/www.cronopio.de\/seitenstetten-2021\/wp-json\/wp\/v2\/media?parent=100"}],"curies":[{"name":"wp","href":"https:\/\/api.w.org\/{rel}","templated":true}]}}