{"id":382,"date":"2020-08-19T18:38:00","date_gmt":"2020-08-19T16:38:00","guid":{"rendered":"http:\/\/www.cronopio.de\/seitenstetten-2020\/?page_id=382"},"modified":"2020-08-19T18:38:00","modified_gmt":"2020-08-19T16:38:00","slug":"laltro-hier-di-sera","status":"publish","type":"page","link":"http:\/\/www.cronopio.de\/seitenstetten-2020\/laltro-hier-di-sera\/","title":{"rendered":"L&#8217;altro hier di sera"},"content":{"rendered":"\n<figure class=\"wp-block-table\"><table><tbody><tr><td>1. L&#8217;altro hier di ser\u00e1 al luce della luna <br>vidi tra dolce e cara compagnia, <br>tutta gioiosa andar, la donna mia.<\/td><td>1. Letztens, abends, im Licht des Mondes<br>sah ich euch, meine Herrin, <br>in s\u00fc\u00dfer, lieber und fr\u00f6hlicher Gesellschaft.<\/td><\/tr><tr><td>2. E con grato parlar a lei m&#8217;aggionsi, <br>seco&#8217;l camin&#8216; scorrendo in gioco e&#8217;n riso, <br>che mi parea gioir in paradiso.<\/td><td>2. Und als ich dankbar mit euch sprach, n\u00e4herte ich mich euch <br>und wir liefen mit Spielen Lachen auf dem Weg. <br>Es schien mir, als w\u00fcrde ich mich im Paradies daran erfreuen.<\/td><\/tr><tr><td>3. O sera aventurata, o lume<br>santo, cagion di farmi riveder colei<br>che sola puo sanar i dolor miei.<\/td><td>3. O abenteuerlicher Abend, o heiliges Licht!<br>Lasst mich euch wieder sehen, die ihr allein<br>meine Schmerzen heilen k\u00f6nnt.<\/td><\/tr><\/tbody><\/table><\/figure>\n","protected":false},"excerpt":{"rendered":"<p>1. L&#8217;altro hier di ser\u00e1 al luce della luna vidi tra dolce e cara compagnia, tutta gioiosa andar, la donna mia. 1. Letztens, abends, im Licht des Mondessah ich euch, meine Herrin, in s\u00fc\u00dfer, lieber und fr\u00f6hlicher Gesellschaft. 2. E con grato parlar a lei m&#8217;aggionsi, seco&#8217;l camin&#8216; scorrendo in &hellip;<\/p>\n","protected":false},"author":2,"featured_media":0,"parent":0,"menu_order":0,"comment_status":"closed","ping_status":"closed","template":"","meta":{"_crdt_document":"","_themeisle_gutenberg_block_has_review":false,"h5ap_radio_sources":[],"footnotes":""},"class_list":["post-382","page","type-page","status-publish","hentry"],"_links":{"self":[{"href":"http:\/\/www.cronopio.de\/seitenstetten-2020\/wp-json\/wp\/v2\/pages\/382","targetHints":{"allow":["GET"]}}],"collection":[{"href":"http:\/\/www.cronopio.de\/seitenstetten-2020\/wp-json\/wp\/v2\/pages"}],"about":[{"href":"http:\/\/www.cronopio.de\/seitenstetten-2020\/wp-json\/wp\/v2\/types\/page"}],"author":[{"embeddable":true,"href":"http:\/\/www.cronopio.de\/seitenstetten-2020\/wp-json\/wp\/v2\/users\/2"}],"replies":[{"embeddable":true,"href":"http:\/\/www.cronopio.de\/seitenstetten-2020\/wp-json\/wp\/v2\/comments?post=382"}],"version-history":[{"count":1,"href":"http:\/\/www.cronopio.de\/seitenstetten-2020\/wp-json\/wp\/v2\/pages\/382\/revisions"}],"predecessor-version":[{"id":383,"href":"http:\/\/www.cronopio.de\/seitenstetten-2020\/wp-json\/wp\/v2\/pages\/382\/revisions\/383"}],"wp:attachment":[{"href":"http:\/\/www.cronopio.de\/seitenstetten-2020\/wp-json\/wp\/v2\/media?parent=382"}],"curies":[{"name":"wp","href":"https:\/\/api.w.org\/{rel}","templated":true}]}}