{"id":350,"date":"2020-08-10T22:37:55","date_gmt":"2020-08-10T20:37:55","guid":{"rendered":"http:\/\/www.cronopio.de\/seitenstetten-2020\/?page_id=350"},"modified":"2020-08-10T22:37:55","modified_gmt":"2020-08-10T20:37:55","slug":"ridon-di-maggio","status":"publish","type":"page","link":"http:\/\/www.cronopio.de\/seitenstetten-2020\/ridon-di-maggio\/","title":{"rendered":"Ridon di Maggio"},"content":{"rendered":"\n<figure class=\"wp-block-table\"><table><tbody><tr><td>Cantan le ninfe ogn\u2019hor, <br>ben venga maggio<\/td><td>Die Nymphen singen zu jeder Stunde: <br>Gerne kann der Mai kommen.<\/td><\/tr><tr><td>1. Ridon di maggio i prati e i vaghi colli, <br>i fior, le rose i gigli in un viaggio.<\/td><td>1. Im Mai lachen die Wiesen und die lieblichen H\u00fcgel, <br>die Blumen, die Rosen, die Lilien wie auf `nem Trip.<\/td><\/tr><tr><td>2. Amor di maggio intr\u00f2 fra due amanti, <br>sott\u2019 il coperto all\u2019 ombra d\u2019un bel faggio.<\/td><td>2. Die Mai-Liebe begann zwischen zwei Liebenden, <br>versteckt im Schatten einer sch\u00f6nen Buche.<\/td><\/tr><tr><td>3. Cupido esce con l&#8217;arco e le saette <br>e nel cor a due amanti tira un maggio.<\/td><td>3. Cupido geht aus mit dem Bogen und den Pfeilen <br>und l\u00f6st in den Herzen der Liebenden den Mai aus.<\/td><\/tr><tr><td>4. Giove col fuoco ardendo <br>l&#8217;un e l&#8217;altro fiamme amorose aggiunge senza oltraggio.<\/td><td>4. Jupiter mit dem brennenden Feuer f\u00fcgt ohne Entr\u00fcstung <br>die eine oder andere amour\u00f6se Flamme hinzu.<\/td><\/tr><tr><td>5. Godeno insieme e con lor regna Amore <br>in giochi, in feste, in canti, in quel selvaggio.<\/td><td>5. Gemeinsam genie\u00dfend und mit ihnen herrscht die Liebe <br>in Spielen, in Festen, in Ges\u00e4ngen, in dieser Ausgelassenheit.<\/td><\/tr><\/tbody><\/table><\/figure>\n\n\n\n<div class=\"wp-block-themeisle-blocks-advanced-columns has-undefined-columns has-desktop-undefined-layout has-tablet-equal-layout has-mobile-equal-layout has-default-gap has-vertical-unset\" id=\"wp-block-themeisle-blocks-advanced-columns-31defa90\"><div class=\"wp-block-themeisle-blocks-advanced-columns-overlay\"><\/div><div class=\"innerblocks-wrap\"><\/div><\/div>\n","protected":false},"excerpt":{"rendered":"<p>Cantan le ninfe ogn\u2019hor, ben venga maggio Die Nymphen singen zu jeder Stunde: Gerne kann der Mai kommen. 1. Ridon di maggio i prati e i vaghi colli, i fior, le rose i gigli in un viaggio. 1. Im Mai lachen die Wiesen und die lieblichen H\u00fcgel, die Blumen, die &hellip;<\/p>\n","protected":false},"author":2,"featured_media":0,"parent":0,"menu_order":0,"comment_status":"closed","ping_status":"closed","template":"","meta":{"_crdt_document":"","_themeisle_gutenberg_block_has_review":false,"h5ap_radio_sources":[],"footnotes":""},"class_list":["post-350","page","type-page","status-publish","hentry"],"_links":{"self":[{"href":"http:\/\/www.cronopio.de\/seitenstetten-2020\/wp-json\/wp\/v2\/pages\/350","targetHints":{"allow":["GET"]}}],"collection":[{"href":"http:\/\/www.cronopio.de\/seitenstetten-2020\/wp-json\/wp\/v2\/pages"}],"about":[{"href":"http:\/\/www.cronopio.de\/seitenstetten-2020\/wp-json\/wp\/v2\/types\/page"}],"author":[{"embeddable":true,"href":"http:\/\/www.cronopio.de\/seitenstetten-2020\/wp-json\/wp\/v2\/users\/2"}],"replies":[{"embeddable":true,"href":"http:\/\/www.cronopio.de\/seitenstetten-2020\/wp-json\/wp\/v2\/comments?post=350"}],"version-history":[{"count":1,"href":"http:\/\/www.cronopio.de\/seitenstetten-2020\/wp-json\/wp\/v2\/pages\/350\/revisions"}],"predecessor-version":[{"id":351,"href":"http:\/\/www.cronopio.de\/seitenstetten-2020\/wp-json\/wp\/v2\/pages\/350\/revisions\/351"}],"wp:attachment":[{"href":"http:\/\/www.cronopio.de\/seitenstetten-2020\/wp-json\/wp\/v2\/media?parent=350"}],"curies":[{"name":"wp","href":"https:\/\/api.w.org\/{rel}","templated":true}]}}