{"id":314,"date":"2020-08-10T22:24:04","date_gmt":"2020-08-10T20:24:04","guid":{"rendered":"http:\/\/www.cronopio.de\/seitenstetten-2020\/?page_id=314"},"modified":"2020-08-10T22:24:04","modified_gmt":"2020-08-10T20:24:04","slug":"magnificat","status":"publish","type":"page","link":"http:\/\/www.cronopio.de\/seitenstetten-2020\/magnificat\/","title":{"rendered":"Magnificat"},"content":{"rendered":"\n<figure class=\"wp-block-table\"><table><tbody><tr><td>Magnificat anima mea Dominum, <br>et exultavit spiritus meus in Deo salutari meo. \u00a0 <br>Quia respexit humilitatem ancillae suae. <br>Ecce enim ex hoc beatam me dicent omnes generationes. \u00a0 <br>Quia fecit mihi magna qui potens est, <br>et sanctum nomen eius. \u00a0 \u00a0 <br>Et misericordia eius a progenie <br>in progenies timentibus eum. \u00a0 <br>Fecit potentiam in brachio suo, \u00a0 <br>dispersit superbos mente cordis sui. <br>Deposuit potentes de sede <br>et exaltavit humiles. \u00a0 <br>Esurientes implevit bonis <br>et divites dimisit inanes. \u00a0 <br>Suscepit Israel puerum suum, <br>recordatus misericordiae suae. <br>Sicut locutus est ad patres nostros, <br>Abraham et semini eius in saecula. <br>Gloria Patri et Filio <br>et Spiritui Sancto, \u00a0<br>sicut erat in principio et nunc <br>et semper et in saecula saeculorum. <br>Amen.<\/td><td>Meine Seele preist die Gr\u00f6\u00dfe des Herrn, <br>und mein Geist jubelt \u00fcber Gott, meinen Retter. \u00a0 <br>Denn auf die Niedrigkeit seiner Magd hat er geschaut. <br>Siehe, von nun an preisen mich selig alle Geschlechter! \u00a0 <br>Denn der M\u00e4chtige hat Gro\u00dfes an mir getan, <br>und sein Name ist heilig. \u00a0 <br>Er erbarmt sich von Geschlecht zu Geschlecht <br>\u00fcber alle, die ihn f\u00fcrchten. \u00a0 <br>Er vollbringt mit seinem Arm machtvolle Taten; <br>er zerstreut, die im Herzen voll Hochmut sind; \u00a0 <br>er st\u00fcrzt die M\u00e4chtigen vom Thron <br>und erh\u00f6ht die Niedrigen.<br>Die Hungernden beschenkt er mit seinen Gaben <br>und l\u00e4sst die Reichen leer ausgehn. \u00a0 <br>Er nimmt sich seines Knechtes Israel an <br>und denkt an sein Erbarmen, \u00a0 <br>das er unsern V\u00e4tern verhei\u00dfen hat, <br>Abraham und seinen Nachkommen auf ewig. \u00a0 <br>Ehre sei dem Vater und dem Sohn <br>und dem heiligen Geist. \u00a0 <br>Wie im Anfang, so auch jetzt <br>und alle Zeit und in Ewigkeit. <br>Amen.<\/td><\/tr><\/tbody><\/table><\/figure>\n\n\n\n<div class=\"wp-block-themeisle-blocks-advanced-columns has-undefined-columns has-desktop-undefined-layout has-tablet-equal-layout has-mobile-equal-layout has-default-gap has-vertical-unset\" id=\"wp-block-themeisle-blocks-advanced-columns-cb69cf19\"><div class=\"wp-block-themeisle-blocks-advanced-columns-overlay\"><\/div><div class=\"innerblocks-wrap\"><\/div><\/div>\n","protected":false},"excerpt":{"rendered":"<p>Magnificat anima mea Dominum, et exultavit spiritus meus in Deo salutari meo. \u00a0 Quia respexit humilitatem ancillae suae. Ecce enim ex hoc beatam me dicent omnes generationes. \u00a0 Quia fecit mihi magna qui potens est, et sanctum nomen eius. \u00a0 \u00a0 Et misericordia eius a progenie in progenies timentibus eum. &hellip;<\/p>\n","protected":false},"author":2,"featured_media":0,"parent":0,"menu_order":0,"comment_status":"closed","ping_status":"closed","template":"","meta":{"_crdt_document":"","_themeisle_gutenberg_block_has_review":false,"h5ap_radio_sources":[],"footnotes":""},"class_list":["post-314","page","type-page","status-publish","hentry"],"_links":{"self":[{"href":"http:\/\/www.cronopio.de\/seitenstetten-2020\/wp-json\/wp\/v2\/pages\/314","targetHints":{"allow":["GET"]}}],"collection":[{"href":"http:\/\/www.cronopio.de\/seitenstetten-2020\/wp-json\/wp\/v2\/pages"}],"about":[{"href":"http:\/\/www.cronopio.de\/seitenstetten-2020\/wp-json\/wp\/v2\/types\/page"}],"author":[{"embeddable":true,"href":"http:\/\/www.cronopio.de\/seitenstetten-2020\/wp-json\/wp\/v2\/users\/2"}],"replies":[{"embeddable":true,"href":"http:\/\/www.cronopio.de\/seitenstetten-2020\/wp-json\/wp\/v2\/comments?post=314"}],"version-history":[{"count":13,"href":"http:\/\/www.cronopio.de\/seitenstetten-2020\/wp-json\/wp\/v2\/pages\/314\/revisions"}],"predecessor-version":[{"id":327,"href":"http:\/\/www.cronopio.de\/seitenstetten-2020\/wp-json\/wp\/v2\/pages\/314\/revisions\/327"}],"wp:attachment":[{"href":"http:\/\/www.cronopio.de\/seitenstetten-2020\/wp-json\/wp\/v2\/media?parent=314"}],"curies":[{"name":"wp","href":"https:\/\/api.w.org\/{rel}","templated":true}]}}