{"id":26,"date":"2020-08-08T20:40:43","date_gmt":"2020-08-08T18:40:43","guid":{"rendered":"http:\/\/www.cronopio.de\/seitenstetten-2020\/?page_id=26"},"modified":"2020-08-10T22:36:21","modified_gmt":"2020-08-10T20:36:21","slug":"hans-leo-hassler-cantiones-sacrae-1597","status":"publish","type":"page","link":"http:\/\/www.cronopio.de\/seitenstetten-2020\/hans-leo-hassler-cantiones-sacrae-1597\/","title":{"rendered":"Hans Leo Ha\u00dfler: Cantiones sacrae (1597)"},"content":{"rendered":"\n<h2 class=\"wp-block-heading\">5. Beata es, virgo Maria<\/h2>\n\n\n\n<ul class=\"wp-block-list\"><li><a href=\"http:\/\/www.cronopio.de\/seitenstetten-2020\/wp-content\/uploads\/sites\/12\/2020\/08\/05_Beata_es_virgo_Maria.pdf\">Partitur<\/a><\/li><li><a href=\"http:\/\/www.cronopio.de\/seitenstetten-2020\/wp-content\/uploads\/sites\/12\/2020\/08\/05_Beata_es_virgo_Maria_Einzelstimmen.pdf\">Einzelstimmen<\/a><\/li><li><a href=\"http:\/\/www.cronopio.de\/seitenstetten-2020\/beata-es-virgo-maria\/\">\u00dcbersetzung<\/a><\/li><\/ul>\n\n\n\n<h2 class=\"wp-block-heading\">6. Angelus ad pastores ait<\/h2>\n\n\n\n<ul class=\"wp-block-list\"><li><a href=\"http:\/\/www.cronopio.de\/seitenstetten-2020\/wp-content\/uploads\/sites\/12\/2020\/08\/06_angelus_ad_pastores_ait.pdf\">Partitur<\/a><\/li><li><a href=\"http:\/\/www.cronopio.de\/seitenstetten-2020\/angelus-ad-pastores-ait\/\">\u00dcbersetzung<\/a><\/li><\/ul>\n\n\n\n<h2 class=\"wp-block-heading\">8. Tu es Petrus<\/h2>\n\n\n\n<ul class=\"wp-block-list\"><li><a href=\"http:\/\/www.cronopio.de\/seitenstetten-2020\/wp-content\/uploads\/sites\/12\/2020\/08\/08_Tu_es_Petrus.pdf\">Partitur<\/a><\/li><li><a href=\"http:\/\/www.cronopio.de\/seitenstetten-2020\/wp-content\/uploads\/sites\/12\/2020\/08\/08_Tu_es_Petrus_Einzelstimmen.pdf\">Einzelstimmen<\/a><\/li><li><a href=\"http:\/\/www.cronopio.de\/seitenstetten-2020\/tu-es-petrus\/\">\u00dcbersetzung<\/a><\/li><\/ul>\n\n\n\n<h2 class=\"wp-block-heading\">9. Domine, Deus meus<\/h2>\n\n\n\n<ul class=\"wp-block-list\"><li><a href=\"http:\/\/www.cronopio.de\/seitenstetten-2020\/wp-content\/uploads\/sites\/12\/2020\/08\/09_Domine_Deus_meus.pdf\">Partitur<\/a><\/li><li><a href=\"http:\/\/www.cronopio.de\/seitenstetten-2020\/domine-deus-meus\/\">\u00dcbersetzung<\/a><\/li><\/ul>\n\n\n\n<h2 class=\"wp-block-heading\">14. Magnificat V. toni<\/h2>\n\n\n\n<ul class=\"wp-block-list\"><li><a href=\"http:\/\/www.cronopio.de\/seitenstetten-2020\/wp-content\/uploads\/sites\/12\/2020\/08\/14_Magnificat_quinti_toni.pdf\">Partitur<\/a><\/li><li><a href=\"http:\/\/www.cronopio.de\/seitenstetten-2020\/wp-content\/uploads\/sites\/12\/2020\/08\/14_Magnificat_quinti_toni_Einzelstimmen.pdf\">Einzelstimmen<\/a><\/li><li><a href=\"http:\/\/www.cronopio.de\/seitenstetten-2020\/magnificat\/\">\u00dcbersetzung<\/a><\/li><\/ul>\n\n\n\n<h2 class=\"wp-block-heading\">16. Ecce quam bonum<\/h2>\n\n\n\n<ul class=\"wp-block-list\"><li><a href=\"http:\/\/www.cronopio.de\/seitenstetten-2020\/wp-content\/uploads\/sites\/12\/2020\/08\/16_Ecce_quam_bonum.pdf\">Partitur<\/a><\/li><li><a href=\"http:\/\/www.cronopio.de\/seitenstetten-2020\/wp-content\/uploads\/sites\/12\/2020\/08\/16_Ecce_quam_bonum_Einzelstimmen.pdf\">Einzelstimmen<\/a><\/li><li><a href=\"http:\/\/www.cronopio.de\/seitenstetten-2020\/ecce-quam-bonum\/\">\u00dcbersetzung<\/a><\/li><\/ul>\n\n\n\n<h2 class=\"wp-block-heading\">17. + 18. Nisi Dominus aedificaverit domum<\/h2>\n\n\n\n<ul class=\"wp-block-list\"><li><a href=\"http:\/\/www.cronopio.de\/seitenstetten-2020\/wp-content\/uploads\/sites\/12\/2020\/08\/17-18_Nisi_Dominus_aedificaverit.pdf\">Partitur<\/a><\/li><li><a href=\"http:\/\/www.cronopio.de\/seitenstetten-2020\/wp-content\/uploads\/sites\/12\/2020\/08\/17-18_Nisi_Dominus_aedificaverit_Einzelstimmen.pdf\">Einzelstimmen<\/a><\/li><li><a href=\"http:\/\/www.cronopio.de\/seitenstetten-2020\/nisi-dominus-aedificaverit-domum\/\">\u00dcbersetzung<\/a><\/li><\/ul>\n\n\n\n<h2 class=\"wp-block-heading\">27. Cantate Domino canticum novum<\/h2>\n\n\n\n<ul class=\"wp-block-list\"><li><a href=\"http:\/\/www.cronopio.de\/seitenstetten-2020\/wp-content\/uploads\/sites\/12\/2020\/08\/27_Cantate_Domino-tr-4.pdf\">Partitur<\/a><\/li><li><a href=\"http:\/\/www.cronopio.de\/seitenstetten-2020\/wp-content\/uploads\/sites\/12\/2020\/08\/27_Cantate_Domino-tr-4_Einzelstimmen.pdf\">Einzelstimmen<\/a><\/li><li><a href=\"http:\/\/www.cronopio.de\/seitenstetten-2020\/cantate-dominum\/\">\u00dcbersetzung<\/a><\/li><\/ul>\n\n\n\n<h2 class=\"wp-block-heading\">30. Verbum caro factum est<\/h2>\n\n\n\n<ul class=\"wp-block-list\"><li><a href=\"http:\/\/www.cronopio.de\/seitenstetten-2020\/wp-content\/uploads\/sites\/12\/2020\/08\/30_verbum_caro_factum_est.pdf\">Partitur<\/a><\/li><li><a href=\"http:\/\/www.cronopio.de\/seitenstetten-2020\/wp-content\/uploads\/sites\/12\/2020\/08\/30_verbum_caro_factum_est_Einzelstimmen.pdf\">Einzelstimmen<\/a><\/li><li><a href=\"http:\/\/www.cronopio.de\/seitenstetten-2020\/verbum-caro-factum-est\/\">\u00dcbersetzung<\/a><\/li><\/ul>\n\n\n\n<h2 class=\"wp-block-heading\">31. Deus, Deus meus<\/h2>\n\n\n\n<ul class=\"wp-block-list\"><li><a href=\"http:\/\/www.cronopio.de\/seitenstetten-2020\/wp-content\/uploads\/sites\/12\/2020\/08\/31_Deus_Deus_meus.pdf\">Partitur<\/a><\/li><li><a href=\"http:\/\/www.cronopio.de\/seitenstetten-2020\/wp-content\/uploads\/sites\/12\/2020\/08\/31_Deus_Deus_meus_Einzelstimmen.pdf\">Einzelstimmen<\/a><\/li><li><a href=\"http:\/\/www.cronopio.de\/seitenstetten-2020\/deus-deus-meus\/\">\u00dcbersetzung<\/a><\/li><\/ul>\n\n\n\n<p class=\"wp-block-paragraph\"><\/p>\n","protected":false},"excerpt":{"rendered":"<p>5. Beata es, virgo Maria Partitur Einzelstimmen \u00dcbersetzung 6. Angelus ad pastores ait Partitur \u00dcbersetzung 8. Tu es Petrus Partitur Einzelstimmen \u00dcbersetzung 9. Domine, Deus meus Partitur \u00dcbersetzung 14. Magnificat V. toni Partitur Einzelstimmen \u00dcbersetzung 16. Ecce quam bonum Partitur Einzelstimmen \u00dcbersetzung 17. + 18. Nisi Dominus aedificaverit domum Partitur &hellip;<\/p>\n","protected":false},"author":2,"featured_media":0,"parent":0,"menu_order":3,"comment_status":"closed","ping_status":"closed","template":"","meta":{"_crdt_document":"","_themeisle_gutenberg_block_has_review":false,"h5ap_radio_sources":[],"footnotes":""},"class_list":["post-26","page","type-page","status-publish","hentry"],"_links":{"self":[{"href":"http:\/\/www.cronopio.de\/seitenstetten-2020\/wp-json\/wp\/v2\/pages\/26","targetHints":{"allow":["GET"]}}],"collection":[{"href":"http:\/\/www.cronopio.de\/seitenstetten-2020\/wp-json\/wp\/v2\/pages"}],"about":[{"href":"http:\/\/www.cronopio.de\/seitenstetten-2020\/wp-json\/wp\/v2\/types\/page"}],"author":[{"embeddable":true,"href":"http:\/\/www.cronopio.de\/seitenstetten-2020\/wp-json\/wp\/v2\/users\/2"}],"replies":[{"embeddable":true,"href":"http:\/\/www.cronopio.de\/seitenstetten-2020\/wp-json\/wp\/v2\/comments?post=26"}],"version-history":[{"count":12,"href":"http:\/\/www.cronopio.de\/seitenstetten-2020\/wp-json\/wp\/v2\/pages\/26\/revisions"}],"predecessor-version":[{"id":349,"href":"http:\/\/www.cronopio.de\/seitenstetten-2020\/wp-json\/wp\/v2\/pages\/26\/revisions\/349"}],"wp:attachment":[{"href":"http:\/\/www.cronopio.de\/seitenstetten-2020\/wp-json\/wp\/v2\/media?parent=26"}],"curies":[{"name":"wp","href":"https:\/\/api.w.org\/{rel}","templated":true}]}}