{"id":18,"date":"2020-08-08T20:34:58","date_gmt":"2020-08-08T18:34:58","guid":{"rendered":"http:\/\/www.cronopio.de\/seitenstetten-2020\/?page_id=18"},"modified":"2020-08-19T18:42:04","modified_gmt":"2020-08-19T16:42:04","slug":"hans-leo-hassler-canzonette-1590","status":"publish","type":"page","link":"http:\/\/www.cronopio.de\/seitenstetten-2020\/hans-leo-hassler-canzonette-1590\/","title":{"rendered":"Hans Leo Ha\u00dfler: Canzonette (1590)"},"content":{"rendered":"\n<h2 class=\"wp-block-heading\">Ridon di maggio<\/h2>\n\n\n\n<ul class=\"wp-block-list\"><li><a href=\"http:\/\/www.cronopio.de\/seitenstetten-2020\/wp-content\/uploads\/sites\/12\/2020\/08\/01_ridon_di_maggio-tr-4.pdf\">Partitur<\/a><\/li><li><a href=\"http:\/\/www.cronopio.de\/seitenstetten-2020\/ridon-di-maggio\/\">\u00dcbersetzung<\/a><\/li><\/ul>\n\n\n\n<h2 class=\"wp-block-heading\">Chi mi dimandar\u00e0<\/h2>\n\n\n\n<ul class=\"wp-block-list\"><li><a href=\"http:\/\/www.cronopio.de\/seitenstetten-2020\/wp-content\/uploads\/sites\/12\/2020\/08\/02_chi_mi_dimandara-tr-4.pdf\">Partitur<\/a><\/li><\/ul>\n\n\n\n<h2 class=\"wp-block-heading\">Sospira core<\/h2>\n\n\n\n<ul class=\"wp-block-list\"><li><a href=\"http:\/\/www.cronopio.de\/seitenstetten-2020\/wp-content\/uploads\/sites\/12\/2020\/08\/03_sospira_core-tr-4.pdf\">Partitur<\/a><\/li><\/ul>\n\n\n\n<h2 class=\"wp-block-heading\">L&#8217;altro hier di sera<\/h2>\n\n\n\n<ul class=\"wp-block-list\"><li><a href=\"http:\/\/www.cronopio.de\/seitenstetten-2020\/wp-content\/uploads\/sites\/12\/2020\/08\/04_l_altro_hier_di_sera-tr-4.pdf\">Partitur<\/a><\/li><li><a href=\"http:\/\/www.cronopio.de\/seitenstetten-2020\/laltro-hier-di-sera\/\">\u00dcbersetzung<\/a><\/li><\/ul>\n\n\n\n<h2 class=\"wp-block-heading\">Donna, se lo mio core<\/h2>\n\n\n\n<ul class=\"wp-block-list\"><li><a href=\"http:\/\/www.cronopio.de\/seitenstetten-2020\/wp-content\/uploads\/sites\/12\/2020\/08\/08_donna_se_lo_mio_core-tr-2.pdf\">Partitur<\/a><\/li><li><a href=\"http:\/\/www.cronopio.de\/seitenstetten-2020\/donna-se-lo-mio-core\/\">\u00dcbersetzung<\/a><\/li><\/ul>\n\n\n\n<h2 class=\"wp-block-heading\">Chi mi consola<\/h2>\n\n\n\n<ul class=\"wp-block-list\"><li><a href=\"http:\/\/www.cronopio.de\/seitenstetten-2020\/wp-content\/uploads\/sites\/12\/2020\/08\/07_chi_mi_consola-tr-5.pdf\">Partitur<\/a><\/li><li><a href=\"http:\/\/www.cronopio.de\/seitenstetten-2020\/chi-mi-consola\/\">\u00dcbersetzung<\/a><\/li><\/ul>\n\n\n\n<p class=\"wp-block-paragraph\"><\/p>\n","protected":false},"excerpt":{"rendered":"<p>Ridon di maggio Partitur \u00dcbersetzung Chi mi dimandar\u00e0 Partitur Sospira core Partitur L&#8217;altro hier di sera Partitur \u00dcbersetzung Donna, se lo mio core Partitur \u00dcbersetzung Chi mi consola Partitur \u00dcbersetzung<\/p>\n","protected":false},"author":2,"featured_media":0,"parent":0,"menu_order":1,"comment_status":"closed","ping_status":"closed","template":"","meta":{"_crdt_document":"","_themeisle_gutenberg_block_has_review":false,"h5ap_radio_sources":[],"footnotes":""},"class_list":["post-18","page","type-page","status-publish","hentry"],"_links":{"self":[{"href":"http:\/\/www.cronopio.de\/seitenstetten-2020\/wp-json\/wp\/v2\/pages\/18","targetHints":{"allow":["GET"]}}],"collection":[{"href":"http:\/\/www.cronopio.de\/seitenstetten-2020\/wp-json\/wp\/v2\/pages"}],"about":[{"href":"http:\/\/www.cronopio.de\/seitenstetten-2020\/wp-json\/wp\/v2\/types\/page"}],"author":[{"embeddable":true,"href":"http:\/\/www.cronopio.de\/seitenstetten-2020\/wp-json\/wp\/v2\/users\/2"}],"replies":[{"embeddable":true,"href":"http:\/\/www.cronopio.de\/seitenstetten-2020\/wp-json\/wp\/v2\/comments?post=18"}],"version-history":[{"count":8,"href":"http:\/\/www.cronopio.de\/seitenstetten-2020\/wp-json\/wp\/v2\/pages\/18\/revisions"}],"predecessor-version":[{"id":391,"href":"http:\/\/www.cronopio.de\/seitenstetten-2020\/wp-json\/wp\/v2\/pages\/18\/revisions\/391"}],"wp:attachment":[{"href":"http:\/\/www.cronopio.de\/seitenstetten-2020\/wp-json\/wp\/v2\/media?parent=18"}],"curies":[{"name":"wp","href":"https:\/\/api.w.org\/{rel}","templated":true}]}}