{"id":97,"date":"2019-07-29T22:12:40","date_gmt":"2019-07-29T20:12:40","guid":{"rendered":"http:\/\/www.cronopio.de\/seitenstetten-2019\/?page_id=97"},"modified":"2019-07-29T22:14:03","modified_gmt":"2019-07-29T20:14:03","slug":"candida-lux-rediit","status":"publish","type":"page","link":"http:\/\/www.cronopio.de\/seitenstetten-2019\/stockmann-motetten\/candida-lux-rediit\/","title":{"rendered":"Candida lux rediit"},"content":{"rendered":"\n<table class=\"wp-block-table\"><tbody><tr><td> Candida lux rediit niveis signanda lapillis, <br> purior et solito Phoebus ab axe micat.<br>Princeps Juliades Guelphorum dia propago, fulcrum Teutoni\u00e6 Marte togaque potens: <br>Florentes veterum Cimbrorum accessit ad oras, <br>et Charitum et Cypri\u00e6 concomitante choro.<br><br> \u00a0<br>Salve, l\u00e6ta diez votis per s\u00e6pe petita, <br>qua dextras iungunt numina tot cupidas. <br>Ad Deus unanimi vinclo qui pectora nectis, <br>quique probas voto foedera iuncta bono.<br>Te precor h\u00e6c nutu divino c\u00e6pta secundes, <br>s\u00e6pius ut nobis candida lux redeat. <\/td><td>Ein strahlender Tag ist angebrochen,<br>mit schneewei\u00dfen Steinen soll man ihn schm\u00fccken,<br>Phoebus strahlt klarer als sonst vom Himmel.<br>Der F\u00fcrst, Julius\u2018 Sohn aus dem g\u00f6ttlichen Geschlecht der Welfen,<br>Deutschlands starke St\u00fctze in Krieg und Frieden, ist in den bl\u00fchenden Gegenden der alten Zimber angekommen,<br>Grazien und Venus ihn begleitend im Chor.<br> \u00a0<br>Sei gegr\u00fc\u00dft, gl\u00fccklicher Tag so oft herbeigew\u00fcnscht, du Tag, an welchem so viele G\u00f6tter die begierigen H\u00e4nde vereinen.<br>Doch Gott, der du die Herzen mit einer Fessel zusammenbindest, <br>und einen Bund, durch eheliches Gel\u00fcbde geschlossen, billigst, <br>dich bitte ich, dass du das, was hier begonnen ist, mit g\u00f6ttlicher Billigung beg\u00fcnstigest,<br>dass der strahlende Tag noch \u00f6fter zu uns zur\u00fcckkehren werde. <\/td><\/tr><\/tbody><\/table>\n","protected":false},"excerpt":{"rendered":"<p>Candida lux rediit niveis signanda lapillis, purior et solito Phoebus ab axe micat.Princeps Juliades Guelphorum dia propago, fulcrum Teutoni\u00e6 Marte togaque potens: Florentes veterum Cimbrorum accessit ad oras, et Charitum et Cypri\u00e6 concomitante choro. \u00a0Salve, l\u00e6ta diez votis per s\u00e6pe petita, qua dextras iungunt numina tot cupidas. Ad Deus unanimi &hellip;<\/p>\n","protected":false},"author":2,"featured_media":0,"parent":28,"menu_order":0,"comment_status":"closed","ping_status":"closed","template":"","meta":{"_crdt_document":"","_themeisle_gutenberg_block_has_review":false,"h5ap_radio_sources":[],"footnotes":""},"class_list":["post-97","page","type-page","status-publish","hentry"],"_links":{"self":[{"href":"http:\/\/www.cronopio.de\/seitenstetten-2019\/wp-json\/wp\/v2\/pages\/97","targetHints":{"allow":["GET"]}}],"collection":[{"href":"http:\/\/www.cronopio.de\/seitenstetten-2019\/wp-json\/wp\/v2\/pages"}],"about":[{"href":"http:\/\/www.cronopio.de\/seitenstetten-2019\/wp-json\/wp\/v2\/types\/page"}],"author":[{"embeddable":true,"href":"http:\/\/www.cronopio.de\/seitenstetten-2019\/wp-json\/wp\/v2\/users\/2"}],"replies":[{"embeddable":true,"href":"http:\/\/www.cronopio.de\/seitenstetten-2019\/wp-json\/wp\/v2\/comments?post=97"}],"version-history":[{"count":3,"href":"http:\/\/www.cronopio.de\/seitenstetten-2019\/wp-json\/wp\/v2\/pages\/97\/revisions"}],"predecessor-version":[{"id":101,"href":"http:\/\/www.cronopio.de\/seitenstetten-2019\/wp-json\/wp\/v2\/pages\/97\/revisions\/101"}],"up":[{"embeddable":true,"href":"http:\/\/www.cronopio.de\/seitenstetten-2019\/wp-json\/wp\/v2\/pages\/28"}],"wp:attachment":[{"href":"http:\/\/www.cronopio.de\/seitenstetten-2019\/wp-json\/wp\/v2\/media?parent=97"}],"curies":[{"name":"wp","href":"https:\/\/api.w.org\/{rel}","templated":true}]}}