{"id":93,"date":"2019-07-29T18:52:05","date_gmt":"2019-07-29T16:52:05","guid":{"rendered":"http:\/\/www.cronopio.de\/seitenstetten-2019\/?page_id=93"},"modified":"2019-07-29T18:52:06","modified_gmt":"2019-07-29T16:52:06","slug":"quam-bene-conveniunt","status":"publish","type":"page","link":"http:\/\/www.cronopio.de\/seitenstetten-2019\/kronborg-motetten\/quam-bene-conveniunt\/","title":{"rendered":"Quam bene conveniunt"},"content":{"rendered":"\n<p class=\"wp-block-paragraph\">Text von Paulus Melissus Schede<\/p>\n\n\n\n<table class=\"wp-block-table\"><tbody><tr><td>Quam bene conveniunt Friderici,<br>Friderici grammata regis et Sophi\u00e6.<br>Dignos digna corona decet. <br>Advena quid sentis?<br>Pax et Sapientia regnant,<br>hic ubi juncta salus, <br>hic ubi juncta fides. <\/td><td>Wie gut passen die Buchstaben K\u00f6nig Friedrichs und <br>der Sophia zusammen!<br>Den W\u00fcrdigen geb\u00fchrt eine w\u00fcrdige Krone.<br>Fremder, was empfindest du?<br>Friede und Weisheit herrschen,<br>wo Vertrauen und Segen <br>miteinander verbunden sind. <\/td><\/tr><\/tbody><\/table>\n\n\n\n<p class=\"wp-block-paragraph\"><\/p>\n","protected":false},"excerpt":{"rendered":"<p>Text von Paulus Melissus Schede Quam bene conveniunt Friderici,Friderici grammata regis et Sophi\u00e6.Dignos digna corona decet. Advena quid sentis?Pax et Sapientia regnant,hic ubi juncta salus, hic ubi juncta fides. Wie gut passen die Buchstaben K\u00f6nig Friedrichs und der Sophia zusammen!Den W\u00fcrdigen geb\u00fchrt eine w\u00fcrdige Krone.Fremder, was empfindest du?Friede und Weisheit &hellip;<\/p>\n","protected":false},"author":2,"featured_media":0,"parent":25,"menu_order":0,"comment_status":"closed","ping_status":"closed","template":"","meta":{"_crdt_document":"","_themeisle_gutenberg_block_has_review":false,"h5ap_radio_sources":[],"footnotes":""},"class_list":["post-93","page","type-page","status-publish","hentry"],"_links":{"self":[{"href":"http:\/\/www.cronopio.de\/seitenstetten-2019\/wp-json\/wp\/v2\/pages\/93","targetHints":{"allow":["GET"]}}],"collection":[{"href":"http:\/\/www.cronopio.de\/seitenstetten-2019\/wp-json\/wp\/v2\/pages"}],"about":[{"href":"http:\/\/www.cronopio.de\/seitenstetten-2019\/wp-json\/wp\/v2\/types\/page"}],"author":[{"embeddable":true,"href":"http:\/\/www.cronopio.de\/seitenstetten-2019\/wp-json\/wp\/v2\/users\/2"}],"replies":[{"embeddable":true,"href":"http:\/\/www.cronopio.de\/seitenstetten-2019\/wp-json\/wp\/v2\/comments?post=93"}],"version-history":[{"count":1,"href":"http:\/\/www.cronopio.de\/seitenstetten-2019\/wp-json\/wp\/v2\/pages\/93\/revisions"}],"predecessor-version":[{"id":94,"href":"http:\/\/www.cronopio.de\/seitenstetten-2019\/wp-json\/wp\/v2\/pages\/93\/revisions\/94"}],"up":[{"embeddable":true,"href":"http:\/\/www.cronopio.de\/seitenstetten-2019\/wp-json\/wp\/v2\/pages\/25"}],"wp:attachment":[{"href":"http:\/\/www.cronopio.de\/seitenstetten-2019\/wp-json\/wp\/v2\/media?parent=93"}],"curies":[{"name":"wp","href":"https:\/\/api.w.org\/{rel}","templated":true}]}}