{"id":89,"date":"2019-07-29T18:47:52","date_gmt":"2019-07-29T16:47:52","guid":{"rendered":"http:\/\/www.cronopio.de\/seitenstetten-2019\/?page_id=89"},"modified":"2019-07-29T18:49:11","modified_gmt":"2019-07-29T16:49:11","slug":"in-laudem-regii-fontis","status":"publish","type":"page","link":"http:\/\/www.cronopio.de\/seitenstetten-2019\/kronborg-motetten\/in-laudem-regii-fontis\/","title":{"rendered":"In laudem regii fontis"},"content":{"rendered":"\n<table class=\"wp-block-table alignleft\"><tbody><tr><td>Fontem, perpetuis quem duxit ad \u00e6thera lymphis plurimus ingenii, Rex Friderice, <br> \u00a0<br>Nymph\u00e6 cum Musis, <br>Dryades facilesque Nap\u00e6\u00e6, <br>unanimi celebrem voce meloque canunt.<br>Adspice Neptunum, <br>capita adspice l\u00e6tus equina. <br>Adspice delphines quanta fluenta vomant. <br>Sirenum fundunt liquidissima mulctra mamill\u00e6: <br>Hic Venus, Pallas, Junoque regna gerit. Ejaculatur aquas populorum Martia turba: Teuto, Thrax, Gallus, Sarmata, Moscus, Iber. <br> \u00a0<br>Omnia discutias, omnis simul: undique et usque constrepit in laudes, <br>unda susurra tuas. <\/td><td>Den ber\u00fchmten Brunnen, den eine F\u00fclle von Arbeit des erfinderischen   Geistes f\u00fcr dauernd str\u00f6mendes Wasser gen Himmel errichtet hat, o K\u00f6nig Friedrich,<br>r\u00fchmen Nymphen und Musen, Dryaden und gef\u00e4llige Talnymphen,<br>einhellig mit Wort und Klang.<br>Seht den Neptun, <br>seht mit Freude die Pferdek\u00f6pfe,<br>seht die Delphine \u2013 welch kr\u00e4ftige Strahlen sie ausspeien!<br>Die Br\u00fcste der Sirenen spr\u00fchen die klarsten Milchstr\u00f6me aus!<br>Hier herrscht Venus, hier Pallas und Juno!<br>Wasserstr\u00f6me verspr\u00fcht die Kriegerschar der V\u00f6lker,<br>der Teutone, der Thraker, der Kelte, der Tartar, der Moskowiter, der Iberer,<br>Untersucht alles ganz genau: Zugleich von allen Seiten und ohne Ende<br>t\u00f6nt alles pl\u00e4tschernde Wasser zu Eurem Ruhme.      <\/td><\/tr><\/tbody><\/table>\n","protected":false},"excerpt":{"rendered":"<p>Fontem, perpetuis quem duxit ad \u00e6thera lymphis plurimus ingenii, Rex Friderice, \u00a0Nymph\u00e6 cum Musis, Dryades facilesque Nap\u00e6\u00e6, unanimi celebrem voce meloque canunt.Adspice Neptunum, capita adspice l\u00e6tus equina. Adspice delphines quanta fluenta vomant. Sirenum fundunt liquidissima mulctra mamill\u00e6: Hic Venus, Pallas, Junoque regna gerit. Ejaculatur aquas populorum Martia turba: Teuto, Thrax, &hellip;<\/p>\n","protected":false},"author":2,"featured_media":0,"parent":25,"menu_order":0,"comment_status":"closed","ping_status":"closed","template":"","meta":{"_crdt_document":"","_themeisle_gutenberg_block_has_review":false,"h5ap_radio_sources":[],"footnotes":""},"class_list":["post-89","page","type-page","status-publish","hentry"],"_links":{"self":[{"href":"http:\/\/www.cronopio.de\/seitenstetten-2019\/wp-json\/wp\/v2\/pages\/89","targetHints":{"allow":["GET"]}}],"collection":[{"href":"http:\/\/www.cronopio.de\/seitenstetten-2019\/wp-json\/wp\/v2\/pages"}],"about":[{"href":"http:\/\/www.cronopio.de\/seitenstetten-2019\/wp-json\/wp\/v2\/types\/page"}],"author":[{"embeddable":true,"href":"http:\/\/www.cronopio.de\/seitenstetten-2019\/wp-json\/wp\/v2\/users\/2"}],"replies":[{"embeddable":true,"href":"http:\/\/www.cronopio.de\/seitenstetten-2019\/wp-json\/wp\/v2\/comments?post=89"}],"version-history":[{"count":2,"href":"http:\/\/www.cronopio.de\/seitenstetten-2019\/wp-json\/wp\/v2\/pages\/89\/revisions"}],"predecessor-version":[{"id":92,"href":"http:\/\/www.cronopio.de\/seitenstetten-2019\/wp-json\/wp\/v2\/pages\/89\/revisions\/92"}],"up":[{"embeddable":true,"href":"http:\/\/www.cronopio.de\/seitenstetten-2019\/wp-json\/wp\/v2\/pages\/25"}],"wp:attachment":[{"href":"http:\/\/www.cronopio.de\/seitenstetten-2019\/wp-json\/wp\/v2\/media?parent=89"}],"curies":[{"name":"wp","href":"https:\/\/api.w.org\/{rel}","templated":true}]}}