{"id":54,"date":"2019-07-29T16:24:57","date_gmt":"2019-07-29T14:24:57","guid":{"rendered":"http:\/\/www.cronopio.de\/seitenstetten-2019\/?page_id=54"},"modified":"2019-08-21T19:15:15","modified_gmt":"2019-08-21T17:15:15","slug":"kopenhagener-stimmbuecher","status":"publish","type":"page","link":"http:\/\/www.cronopio.de\/seitenstetten-2019\/kopenhagener-stimmbuecher\/","title":{"rendered":"Die \u201eKopenhagener Stimmb\u00fccher\u201c von 1541"},"content":{"rendered":"\n<p class=\"wp-block-paragraph\">In\nder K\u00f6niglichen Bibliothek Kopenhagen liegt unter der Signatur \u201eGl. kgl.\nSamling 1872.4\u00b0\u201c (allgemein zitiert als \u201eKB 1872\u201c) ein ganz besonderer Schatz:\n7 handgeschriebene Stimmb\u00fccher, bis auf eines unversehrt, die zum Repertoire\nder k\u00f6niglichen Hofkapelle geh\u00f6rten. Wir haben hier also die Besonderheit\n(neben der Tatsache, dass das \u00dcberleben der B\u00fccher in Kopenhagen \u00fcber\nJahrhunderte voller Kriege, Stadtbr\u00e4nde usw. schon gewissen Seltenheitswert\nhat), dass wir die Exemplare haben, aus denen tats\u00e4chlich am Hof gespielt\nwurde, und somit der Hofkapelle ein wenig \u00fcber die Schulter schauen k\u00f6nnen.<\/p>\n\n\n\n<p class=\"wp-block-paragraph\">Die\noriginal erhaltenen Einb\u00e4nde der Stimmb\u00fccher tragen die Jahreszahl 1541. Man\nsollte aber nicht davon ausgehen, dass das Werk in diesem Jahr vollendet worden\nist \u2013 die B\u00fccher wurden erst gebunden und dann vollgeschrieben&#8230;<\/p>\n\n\n\n<p class=\"wp-block-paragraph\">Die\nStimmb\u00fccher enthalten 163 St\u00fccke zu 5 bis 16 Stimmen verschiedener Genres. Man\nfindet Lieder, Motetten, Einzels\u00e4tze von Messen und verschiedene Arten von\ndezidierter Instrumentalmusik. Ein gro\u00dfer Teil ist ohne Komponistenangabe, die\ngenannten Komponisten sind \u00fcberwiegend die \u201egro\u00dfen Namen\u201c Europas \u2013 Josquin\nDesprez, Ludwig Senfl, Antoine Brumel, Nicolas Gombert, Caspar Othmayr,\nPhilippe Verdelot, daneben u.a. die eher lokal bedeutenden Adrian Petit Coclico\nund J\u00f8rgen Presten. Nicht wenige der hier \u00fcberlieferten St\u00fccke sind Unica, d.h.\nes sind keine anderen Ausgaben bekannt.<\/p>\n\n\n\n<p class=\"wp-block-paragraph\">Fast\ndas gesamte Werk wurde von einem einzigen Schreiber hergestellt. Dieser ist\nnirgends genannt; haupts\u00e4chlich auf Grund von Schriftvergleichen mit Briefen\nkann man aber mit Sicherheit davon ausgehen, dass es der Erste Trompeter der\nHofkapelle, Georg Heyde (in D\u00e4nemark: J\u00f8rgen Heyde), war. Dieser ist erstmals\n1535 nachgewiesen als Trompeter am Hof des preu\u00dfischen Herzogs Albrecht in\nK\u00f6nigsberg. Wohl wegen Streitigkeiten innerhalb der Kapelle wechselter er 1542,\nausgestattet mit einem Empfehlungsschreiben der Herzogs, nach Kopenhagen an den\nHof von Christian III., dem Schwager des Herzogs. Auf ihn warteten neben den\nvielf\u00e4ltigen Aufgaben des Ersten Trompeters auch schon die im Vorjahr\ngebundenen, aber noch leeren Stimmb\u00fccher&#8230;<\/p>\n\n\n\n<div class=\"wp-block-image\"><figure class=\"alignleft\"><img loading=\"lazy\" decoding=\"async\" width=\"259\" height=\"99\" src=\"http:\/\/www.cronopio.de\/seitenstetten-2019\/wp-content\/uploads\/sites\/9\/2019\/07\/Kopenhagen1.jpg\" alt=\"\" class=\"wp-image-195\"\/><figcaption> Fehler k\u00f6nnen jedem passieren&#8230;  <\/figcaption><\/figure><\/div>\n\n\n\n<p class=\"wp-block-paragraph\">Wie die St\u00fccke aus den Stimmb\u00fcchern aufgef\u00fchrt worden sind, ist nicht ganz klar. Es handelt sich zum \u00fcberwiegenden Teil um Vokalmusik, allerdings sind nur wenige Texte unterlegt, und dann auch meist nur in der Bassus-Stimme. Die Hypothese, die Noten seien von den S\u00e4ngern der Hofkapelle benutzt worden, die als Profis die Texte auswendig kannten, \u00fcberzeugt mich nicht \u2013 sie h\u00e4tten dann auch die Noten auswendig gekonnt, und man h\u00e4tte keine Stimmb\u00fccher gebraucht. Einigen St\u00fccken sind Instrumentierungsanweisungen (\u201eKrumbh\u00f6rner\u201c; \u201e4 Zincken und 4 Pusaun\u201c usw.) hinzugef\u00fcgt. Man kann davon ausgehen, dass die Noten f\u00fcr die Bl\u00e4ser bestimmt waren. Ob als Begleitung f\u00fcr S\u00e4nger, deren Noten nicht erhalten sind, oder f\u00fcr eine rein instrumentale Verwendung, ist nicht abschlie\u00dfend gekl\u00e4rt.<\/p>\n\n\n\n<div class=\"wp-block-image\"><figure class=\"alignleft\"><img loading=\"lazy\" decoding=\"async\" width=\"199\" height=\"103\" src=\"http:\/\/www.cronopio.de\/seitenstetten-2019\/wp-content\/uploads\/sites\/9\/2019\/07\/Kopenhagen2.jpg\" alt=\"\" class=\"wp-image-196\"\/><\/figure><\/div>\n\n\n\n<div class=\"wp-block-image\"><figure class=\"alignright\"><img loading=\"lazy\" decoding=\"async\" width=\"321\" height=\"104\" src=\"http:\/\/www.cronopio.de\/seitenstetten-2019\/wp-content\/uploads\/sites\/9\/2019\/07\/Kopenhagen3.jpg\" alt=\"\" class=\"wp-image-197\" srcset=\"http:\/\/www.cronopio.de\/seitenstetten-2019\/wp-content\/uploads\/sites\/9\/2019\/07\/Kopenhagen3.jpg 321w, http:\/\/www.cronopio.de\/seitenstetten-2019\/wp-content\/uploads\/sites\/9\/2019\/07\/Kopenhagen3-300x97.jpg 300w\" sizes=\"auto, (max-width: 321px) 100vw, 321px\" \/><\/figure><\/div>\n\n\n\n<p class=\"wp-block-paragraph\">Z\u00e4hlhilfen\nder Musiker, ob in einfachen F\u00e4llen (links) oder in komplexeren (rechts)\nzeigen, dass die Profis der Hofkapelle auch nur mit Wasser kochten.\n\n<\/p>\n\n\n\n<h3 class=\"wp-block-heading\">Dandernack auf dem Reine (Petrus Alamire)<\/h3>\n\n\n\n<ul class=\"wp-block-list\"><li><a href=\"https:\/\/glueckskaese.de\/noten\/seitenstetten_19\/10_Kopenhagener_Stimmbuecher\/Alamire_-_Dandernack_auf_dem_reine.pdf\">Partitur<\/a><\/li><\/ul>\n\n\n\n<h3 class=\"wp-block-heading\">Maduna Josum (anonym)<\/h3>\n\n\n\n<ul class=\"wp-block-list\"><li><a href=\"https:\/\/glueckskaese.de\/noten\/seitenstetten_19\/10_Kopenhagener_Stimmbuecher\/Anon_-_Maduna_Josum.pdf\">Partitur<\/a><\/li><li><a href=\"https:\/\/glueckskaese.de\/noten\/seitenstetten_19\/10_Kopenhagener_Stimmbuecher\/Anon_-_Maduna_Josum_Einzelstimmen.pdf\">Einzelstimmen<\/a><\/li><\/ul>\n\n\n\n<h3 class=\"wp-block-heading\">Ut re mi fa sol la (anonym)<\/h3>\n\n\n\n<ul class=\"wp-block-list\"><li><a href=\"https:\/\/glueckskaese.de\/noten\/seitenstetten_19\/10_Kopenhagener_Stimmbuecher\/Anon_-_Ut_re_mi_fa_sol_la.pdf\">Partitur<\/a><\/li><li><a href=\"https:\/\/glueckskaese.de\/noten\/seitenstetten_19\/10_Kopenhagener_Stimmbuecher\/Anon_-_Ut_re_mi_fa_sol_la-Einzelstimmen.pdf\">Einzelstimmen<\/a><\/li><\/ul>\n\n\n\n<h3 class=\"wp-block-heading\">Adieu mes amours (anonym)<\/h3>\n\n\n\n<ul class=\"wp-block-list\"><li><a href=\"https:\/\/glueckskaese.de\/noten\/seitenstetten_19\/10_Kopenhagener_Stimmbuecher\/Anonym_-_Adieu_mes_amours.pdf\">Partitur<\/a><\/li><li><a href=\"https:\/\/glueckskaese.de\/noten\/seitenstetten_19\/10_Kopenhagener_Stimmbuecher\/Anonym_-_Adieu_mes_amours-Einzelstimmen.pdf\">Einzelstimmen<\/a><\/li><\/ul>\n\n\n\n<h3 class=\"wp-block-heading\">Welsch Tantz &#8222;Lamentanza&#8220; (anonym)<\/h3>\n\n\n\n<ul class=\"wp-block-list\"><li><a href=\"https:\/\/glueckskaese.de\/noten\/seitenstetten_19\/10_Kopenhagener_Stimmbuecher\/Anonym_-_Lamentanza.pdf\">Partitur<\/a><\/li><\/ul>\n\n\n\n<h3 class=\"wp-block-heading\">Welsch Tantz &#8222;Passamezza&#8220; (anonym) <\/h3>\n\n\n\n<ul class=\"wp-block-list\"><li><a href=\"https:\/\/glueckskaese.de\/noten\/seitenstetten_19\/10_Kopenhagener_Stimmbuecher\/Anonym_-_Passameza.pdf\">Partitur<\/a><\/li><\/ul>\n\n\n\n<h3 class=\"wp-block-heading\">Von \u00fcppiglichen Dingen (Matthias Greiter)<\/h3>\n\n\n\n<ul class=\"wp-block-list\"><li><a href=\"https:\/\/glueckskaese.de\/noten\/seitenstetten_19\/10_Kopenhagener_Stimmbuecher\/Greitter_-_Von_ueppiglichen_Dingen.pdf\">Partitur<\/a><\/li><\/ul>\n\n\n\n<h3 class=\"wp-block-heading\">Lerman (Johann Heugel)<\/h3>\n\n\n\n<ul class=\"wp-block-list\"><li><a href=\"https:\/\/glueckskaese.de\/noten\/seitenstetten_19\/10_Kopenhagener_Stimmbuecher\/Heugel_-_Lerman.pdf\">Partitur<\/a><\/li><li><a href=\"https:\/\/glueckskaese.de\/noten\/seitenstetten_19\/10_Kopenhagener_Stimmbuecher\/Heugel_-_Lerman_Einzelstimmen.pdf\">Einzelstimmen<\/a><\/li><\/ul>\n\n\n\n<h3 class=\"wp-block-heading\">Vivo ego dicit Dominus (Ludwig Senfl)<\/h3>\n\n\n\n<ul class=\"wp-block-list\"><li><a href=\"https:\/\/glueckskaese.de\/noten\/seitenstetten_19\/10_Kopenhagener_Stimmbuecher\/Senfl_-_Vivo_ego_dicit_Dominus.pdf\">Partitur<\/a><\/li><li><a href=\"https:\/\/glueckskaese.de\/noten\/seitenstetten_19\/10_Kopenhagener_Stimmbuecher\/Senfl_-_Vivo_ego_dicit_Dominus_Einzelstimmen.pdf\">Einzelstimmen<\/a><\/li><\/ul>\n\n\n\n<h3 class=\"wp-block-heading\">Laspange Tantz (Josquin Desprez)<\/h3>\n\n\n\n<ul class=\"wp-block-list\"><li><a href=\"https:\/\/glueckskaese.de\/noten\/seitenstetten_19\/10_Kopenhagener_Stimmbuecher\/Josquin_-_La_Spagna.pdf\">Partitur<\/a><\/li><li><a href=\"https:\/\/glueckskaese.de\/noten\/seitenstetten_19\/10_Kopenhagener_Stimmbuecher\/Josquin_-_La_Spagna_Einzelstimmen.pdf\">Einzelstimmen<\/a><\/li><\/ul>\n\n\n\n<h3 class=\"wp-block-heading\">Praeter rerum seriem (Josquin Desprez)<\/h3>\n\n\n\n<ul class=\"wp-block-list\"><li><a href=\"https:\/\/glueckskaese.de\/noten\/seitenstetten_19\/10_Kopenhagener_Stimmbuecher\/Josquin_-_Praeter_rerum_seriem_Halbe_Werte.pdf\">Partitur<\/a><\/li><li><a href=\"https:\/\/glueckskaese.de\/noten\/seitenstetten_19\/10_Kopenhagener_Stimmbuecher\/Josquin_-_Praeter_rerum_seriem_Halbe_Werte-Einzelstimmen.pdf\">Einzelstimmen<\/a><\/li><\/ul>\n\n\n\n<h3 class=\"wp-block-heading\">Von Anfang her hat Gottes Ehr  (Melchior Kugelmann?)<\/h3>\n\n\n\n<ul class=\"wp-block-list\"><li><a href=\"https:\/\/glueckskaese.de\/noten\/seitenstetten_19\/10_Kopenhagener_Stimmbuecher\/M_Kugelmann_-_Von_Anfang_her_hat_Gottes_Ehr.pdf\">Partitur<\/a><\/li><\/ul>\n\n\n\n<h3 class=\"wp-block-heading\">Von Gott dem Herren haben wir (Melchior Kugelmann)<\/h3>\n\n\n\n<ul class=\"wp-block-list\"><li><a href=\"https:\/\/glueckskaese.de\/noten\/seitenstetten_19\/10_Kopenhagener_Stimmbuecher\/M_Kugelmann_-_Von_Gott_dem_Herren_haben_wir.pdf\">Partitur<\/a><\/li><\/ul>\n\n\n\n<h3 class=\"wp-block-heading\">Parcere prostratis (anonym)<\/h3>\n\n\n\n<ul class=\"wp-block-list\"><li><a href=\"https:\/\/glueckskaese.de\/noten\/seitenstetten_19\/10_Kopenhagener_Stimmbuecher\/Anon_-_Parcere_prostatis.pdf\">Partitur<\/a><\/li><li><a href=\"https:\/\/glueckskaese.de\/noten\/seitenstetten_19\/10_Kopenhagener_Stimmbuecher\/Anon_-_Parcere_prostatis_Einzelstimmen.pdf\">Einzelstimmen<\/a><\/li><\/ul>\n\n\n\n<h3 class=\"wp-block-heading\">Conditor alme siderum (Ludwig Senfl)<\/h3>\n\n\n\n<ul class=\"wp-block-list\"><li><a href=\"https:\/\/glueckskaese.de\/noten\/seitenstetten_19\/10_Kopenhagener_Stimmbuecher\/M_Kugelmann_-_Von_Gott_dem_Herren_haben_wir.pdf\">Partitur<\/a><\/li><li><a href=\"https:\/\/glueckskaese.de\/noten\/seitenstetten_19\/10_Kopenhagener_Stimmbuecher\/www.cronopio.de\/seitenstetten-2019\/kopenhagener-stimmbuecher\/conditor-alme-siderum\/\">Text\u00fcbersetzung<\/a><\/li><\/ul>\n\n\n\n<h3 class=\"wp-block-heading\">Nesciens mater (Thomas Stoltzer)<\/h3>\n\n\n\n<ul class=\"wp-block-list\"><li><a href=\"https:\/\/glueckskaese.de\/noten\/seitenstetten_19\/10_Kopenhagener_Stimmbuecher\/Stoltzer_-_Nesciens_mater.pdf\">Partitur<\/a><\/li><li><a href=\"https:\/\/glueckskaese.de\/noten\/seitenstetten_19\/10_Kopenhagener_Stimmbuecher\/Stoltzer_-_Nesciens_mater_Einzelstimmen.pdf\">Einzelstimmen<\/a><\/li><\/ul>\n\n\n\n<h3 class=\"wp-block-heading\">Cent mille regretz (anonym)<\/h3>\n\n\n\n<ul class=\"wp-block-list\"><li><a href=\"https:\/\/glueckskaese.de\/noten\/seitenstetten_19\/10_Kopenhagener_Stimmbuecher\/Anonym_-_Cent_mille_regretz.pdf\">Partitur<\/a><\/li><li><a href=\"https:\/\/glueckskaese.de\/noten\/seitenstetten_19\/10_Kopenhagener_Stimmbuecher\/Anonym_-_Cent_mille_regretz_Einzelstimmen.pdf\">Einzelstimmen<\/a><\/li><\/ul>\n\n\n\n<h3 class=\"wp-block-heading\"> Venite exultemus Domino (Adrianus Petit Coclico)<\/h3>\n\n\n\n<p class=\"wp-block-paragraph\">Text: Psalm 95<\/p>\n\n\n\n<ul class=\"wp-block-list\"><li><a href=\"https:\/\/glueckskaese.de\/noten\/seitenstetten_19\/10_Kopenhagener_Stimmbuecher\/Coclico_-_Venite_exultemus_Domino.pdf\">Partitur<\/a><\/li><li><a href=\"https:\/\/glueckskaese.de\/noten\/seitenstetten_19\/10_Kopenhagener_Stimmbuecher\/Coclico_-_Venite_exultemus_Domino_Einzelstimmen.pdf\">Einzelstimmen<\/a><\/li><li><a href=\"https:\/\/glueckskaese.de\/noten\/seitenstetten_19\/10_Kopenhagener_Stimmbuecher\/www.cronopio.de\/seitenstetten-2019\/kopenhagener-stimmbuecher\/venite-exultemus-domino\/\">Text\u00fcbersetzung<\/a><\/li><\/ul>\n\n\n\n<p class=\"wp-block-paragraph\"><\/p>\n","protected":false},"excerpt":{"rendered":"<p>In der K\u00f6niglichen Bibliothek Kopenhagen liegt unter der Signatur \u201eGl. kgl. Samling 1872.4\u00b0\u201c (allgemein zitiert als \u201eKB 1872\u201c) ein ganz besonderer Schatz: 7 handgeschriebene Stimmb\u00fccher, bis auf eines unversehrt, die zum Repertoire der k\u00f6niglichen Hofkapelle geh\u00f6rten. Wir haben hier also die Besonderheit (neben der Tatsache, dass das \u00dcberleben der B\u00fccher &hellip;<\/p>\n","protected":false},"author":2,"featured_media":0,"parent":0,"menu_order":10,"comment_status":"closed","ping_status":"closed","template":"","meta":{"_crdt_document":"","_themeisle_gutenberg_block_has_review":false,"h5ap_radio_sources":[],"footnotes":""},"class_list":["post-54","page","type-page","status-publish","hentry"],"_links":{"self":[{"href":"http:\/\/www.cronopio.de\/seitenstetten-2019\/wp-json\/wp\/v2\/pages\/54","targetHints":{"allow":["GET"]}}],"collection":[{"href":"http:\/\/www.cronopio.de\/seitenstetten-2019\/wp-json\/wp\/v2\/pages"}],"about":[{"href":"http:\/\/www.cronopio.de\/seitenstetten-2019\/wp-json\/wp\/v2\/types\/page"}],"author":[{"embeddable":true,"href":"http:\/\/www.cronopio.de\/seitenstetten-2019\/wp-json\/wp\/v2\/users\/2"}],"replies":[{"embeddable":true,"href":"http:\/\/www.cronopio.de\/seitenstetten-2019\/wp-json\/wp\/v2\/comments?post=54"}],"version-history":[{"count":13,"href":"http:\/\/www.cronopio.de\/seitenstetten-2019\/wp-json\/wp\/v2\/pages\/54\/revisions"}],"predecessor-version":[{"id":256,"href":"http:\/\/www.cronopio.de\/seitenstetten-2019\/wp-json\/wp\/v2\/pages\/54\/revisions\/256"}],"wp:attachment":[{"href":"http:\/\/www.cronopio.de\/seitenstetten-2019\/wp-json\/wp\/v2\/media?parent=54"}],"curies":[{"name":"wp","href":"https:\/\/api.w.org\/{rel}","templated":true}]}}