{"id":159,"date":"2019-07-31T15:47:10","date_gmt":"2019-07-31T13:47:10","guid":{"rendered":"http:\/\/www.cronopio.de\/seitenstetten-2019\/?page_id=159"},"modified":"2019-07-31T15:48:02","modified_gmt":"2019-07-31T13:48:02","slug":"omnes-gentes-plaudite-manibus","status":"publish","type":"page","link":"http:\/\/www.cronopio.de\/seitenstetten-2019\/verschiedene-vokalwerke\/omnes-gentes-plaudite-manibus\/","title":{"rendered":"Omnes gentes plaudite manibus"},"content":{"rendered":"\n<p class=\"wp-block-paragraph\">Text: Psalm 46 (47)<\/p>\n\n\n\n<table class=\"wp-block-table\"><tbody><tr><td>  Omnes gentes, plaudite manibus,<br>   jub\u00edlate Deo in voce exultationis.<br>   Quoniam Dominus excelsus terribilis <br>   et rex magnus super omnem terram.<br>   Psalite Deo nostro, psalite,<br>   psalite regi nostro,<br>   psalite sapienter.<br>   Benedictus  es, Domine, <br>   in firmamento coeli <br>   et laudabilis et gloriosus in secula.      <\/td><td>   Schlagt froh in die H\u00e4nde, alle V\u00f6lker, <br>   und jauchzet Gott mit fr\u00f6hlichem Schall!<br>   Denn der Herr, der Allerh\u00f6chste, ist zu f\u00fcrchten, <br>   ein gro\u00dfer K\u00f6nig \u00fcber die ganze Erde.<br>   Singt unserem Gott, ja singt ihm,<br>   singt unserem K\u00f6nig, <br>   singt ihm mit Einsicht.<br>   Gepriesen bist du, Herr, <br>   am Gew\u00f6lbe des Himmels,<br>   und lobw\u00fcrdig und erhaben in Ewigkeit.      <\/td><\/tr><\/tbody><\/table>\n","protected":false},"excerpt":{"rendered":"<p>Text: Psalm 46 (47) Omnes gentes, plaudite manibus, jub\u00edlate Deo in voce exultationis. Quoniam Dominus excelsus terribilis et rex magnus super omnem terram. Psalite Deo nostro, psalite, psalite regi nostro, psalite sapienter. Benedictus es, Domine, in firmamento coeli et laudabilis et gloriosus in secula. Schlagt froh in die H\u00e4nde, alle &hellip;<\/p>\n","protected":false},"author":2,"featured_media":0,"parent":43,"menu_order":3,"comment_status":"closed","ping_status":"closed","template":"","meta":{"_crdt_document":"","_themeisle_gutenberg_block_has_review":false,"h5ap_radio_sources":[],"footnotes":""},"class_list":["post-159","page","type-page","status-publish","hentry"],"_links":{"self":[{"href":"http:\/\/www.cronopio.de\/seitenstetten-2019\/wp-json\/wp\/v2\/pages\/159","targetHints":{"allow":["GET"]}}],"collection":[{"href":"http:\/\/www.cronopio.de\/seitenstetten-2019\/wp-json\/wp\/v2\/pages"}],"about":[{"href":"http:\/\/www.cronopio.de\/seitenstetten-2019\/wp-json\/wp\/v2\/types\/page"}],"author":[{"embeddable":true,"href":"http:\/\/www.cronopio.de\/seitenstetten-2019\/wp-json\/wp\/v2\/users\/2"}],"replies":[{"embeddable":true,"href":"http:\/\/www.cronopio.de\/seitenstetten-2019\/wp-json\/wp\/v2\/comments?post=159"}],"version-history":[{"count":2,"href":"http:\/\/www.cronopio.de\/seitenstetten-2019\/wp-json\/wp\/v2\/pages\/159\/revisions"}],"predecessor-version":[{"id":163,"href":"http:\/\/www.cronopio.de\/seitenstetten-2019\/wp-json\/wp\/v2\/pages\/159\/revisions\/163"}],"up":[{"embeddable":true,"href":"http:\/\/www.cronopio.de\/seitenstetten-2019\/wp-json\/wp\/v2\/pages\/43"}],"wp:attachment":[{"href":"http:\/\/www.cronopio.de\/seitenstetten-2019\/wp-json\/wp\/v2\/media?parent=159"}],"curies":[{"name":"wp","href":"https:\/\/api.w.org\/{rel}","templated":true}]}}