{"id":108,"date":"2019-07-29T22:20:17","date_gmt":"2019-07-29T20:20:17","guid":{"rendered":"http:\/\/www.cronopio.de\/seitenstetten-2019\/?page_id=108"},"modified":"2019-08-04T22:53:28","modified_gmt":"2019-08-04T20:53:28","slug":"suecis-damacis-et-lubecensibus","status":"publish","type":"page","link":"http:\/\/www.cronopio.de\/seitenstetten-2019\/flamingus-motetten\/suecis-damacis-et-lubecensibus\/","title":{"rendered":"Suecis, Damacis et Lubecensibus"},"content":{"rendered":"\n<table class=\"wp-block-table\"><tbody><tr><td>Suecis, Damacis et Lubecensibus oris, <br>pax stat et est felix, <br>Luci a luce tua,<br>Christe, tibi laus sit, gloria, Christe, tibi.<\/td><td>An den schwedischen, d\u00e4nischen und l\u00fcbeckischen K\u00fcsten <br>steht der Friede und ist froh.<br>Dem Licht von deinem Licht, <br> Christus, dir sei Dank. Ehre sei dir, Christus.<\/td><\/tr><\/tbody><\/table>\n","protected":false},"excerpt":{"rendered":"<p>Suecis, Damacis et Lubecensibus oris, pax stat et est felix, Luci a luce tua,Christe, tibi laus sit, gloria, Christe, tibi. An den schwedischen, d\u00e4nischen und l\u00fcbeckischen K\u00fcsten steht der Friede und ist froh.Dem Licht von deinem Licht, Christus, dir sei Dank. Ehre sei dir, Christus.<\/p>\n","protected":false},"author":2,"featured_media":0,"parent":32,"menu_order":0,"comment_status":"closed","ping_status":"closed","template":"","meta":{"_crdt_document":"","_themeisle_gutenberg_block_has_review":false,"h5ap_radio_sources":[],"footnotes":""},"class_list":["post-108","page","type-page","status-publish","hentry"],"_links":{"self":[{"href":"http:\/\/www.cronopio.de\/seitenstetten-2019\/wp-json\/wp\/v2\/pages\/108","targetHints":{"allow":["GET"]}}],"collection":[{"href":"http:\/\/www.cronopio.de\/seitenstetten-2019\/wp-json\/wp\/v2\/pages"}],"about":[{"href":"http:\/\/www.cronopio.de\/seitenstetten-2019\/wp-json\/wp\/v2\/types\/page"}],"author":[{"embeddable":true,"href":"http:\/\/www.cronopio.de\/seitenstetten-2019\/wp-json\/wp\/v2\/users\/2"}],"replies":[{"embeddable":true,"href":"http:\/\/www.cronopio.de\/seitenstetten-2019\/wp-json\/wp\/v2\/comments?post=108"}],"version-history":[{"count":2,"href":"http:\/\/www.cronopio.de\/seitenstetten-2019\/wp-json\/wp\/v2\/pages\/108\/revisions"}],"predecessor-version":[{"id":223,"href":"http:\/\/www.cronopio.de\/seitenstetten-2019\/wp-json\/wp\/v2\/pages\/108\/revisions\/223"}],"up":[{"embeddable":true,"href":"http:\/\/www.cronopio.de\/seitenstetten-2019\/wp-json\/wp\/v2\/pages\/32"}],"wp:attachment":[{"href":"http:\/\/www.cronopio.de\/seitenstetten-2019\/wp-json\/wp\/v2\/media?parent=108"}],"curies":[{"name":"wp","href":"https:\/\/api.w.org\/{rel}","templated":true}]}}