{"id":96,"date":"2018-08-05T12:23:09","date_gmt":"2018-08-05T10:23:09","guid":{"rendered":"http:\/\/www.cronopio.de\/seitenstetten-2018\/?page_id=96"},"modified":"2018-08-05T12:25:11","modified_gmt":"2018-08-05T10:25:11","slug":"falai-meus-olhos","status":"publish","type":"page","link":"http:\/\/www.cronopio.de\/seitenstetten-2018\/cancionero-uppsala\/falai-meus-olhos\/","title":{"rendered":"Falai, meus olhos"},"content":{"rendered":"\n<h6 class=\"wp-block-heading\">\u00dcbersetzung<\/h6>\n\n\n\n<table class=\"wp-block-table has-fixed-layout\"><tbody><tr><td>Falai, meus olhos, <br\/>se me quereis bem, <br\/>como falar\u00e1 quem tempo n\u00e3o tem?<br\/>\u00a0\u00a0 Desejo falar-vos,<br\/>\u00a0\u00a0 Minh&#8217;alma, &#8217;scutai-me.<br\/>\u00a0\u00a0 N\u00e3o posso olvidar-vos,<br\/>\u00a0\u00a0 Minh&#8217;alma, falai-me.<br\/>Vivo desejando a v\u00f3s, meu bem, <br\/>como falar\u00e1 quem tempo n\u00e3o tem?<\/td><td>Sprich, du mein Augenlicht, <br\/>wenn du mich liebst; <br\/>wie wirst du sprechen, wenn keine Zeit mehr bleibt?<br\/>\u00a0\u00a0 Ich m\u00f6chte mit dir reden,<br\/>\u00a0\u00a0 meine Seele, h\u00f6r mir zu.<br\/>\u00a0\u00a0 Ich kann dich nicht vergessen,<br\/>\u00a0\u00a0 meine Seele, sprich mit mir.<br\/>Mein ganzes Leben begehre ich dich, mein Schatz, <br\/>wie wirst du sprechen, wenn keine Zeit bleibt?<\/td><\/tr><\/tbody><\/table>\n","protected":false},"excerpt":{"rendered":"<p>\u00dcbersetzung Falai, meus olhos, se me quereis bem, como falar\u00e1 quem tempo n\u00e3o tem?\u00a0\u00a0 Desejo falar-vos,\u00a0\u00a0 Minh&#8217;alma, &#8217;scutai-me.\u00a0\u00a0 N\u00e3o posso olvidar-vos,\u00a0\u00a0 Minh&#8217;alma, falai-me.Vivo desejando a v\u00f3s, meu bem, como falar\u00e1 quem tempo n\u00e3o tem? Sprich, du mein Augenlicht, wenn du mich liebst; wie wirst du sprechen, wenn keine Zeit mehr &hellip;<\/p>\n","protected":false},"author":2,"featured_media":0,"parent":11,"menu_order":7,"comment_status":"closed","ping_status":"closed","template":"","meta":{"_crdt_document":"","_themeisle_gutenberg_block_has_review":false,"h5ap_radio_sources":[],"footnotes":""},"class_list":["post-96","page","type-page","status-publish","hentry"],"_links":{"self":[{"href":"http:\/\/www.cronopio.de\/seitenstetten-2018\/wp-json\/wp\/v2\/pages\/96","targetHints":{"allow":["GET"]}}],"collection":[{"href":"http:\/\/www.cronopio.de\/seitenstetten-2018\/wp-json\/wp\/v2\/pages"}],"about":[{"href":"http:\/\/www.cronopio.de\/seitenstetten-2018\/wp-json\/wp\/v2\/types\/page"}],"author":[{"embeddable":true,"href":"http:\/\/www.cronopio.de\/seitenstetten-2018\/wp-json\/wp\/v2\/users\/2"}],"replies":[{"embeddable":true,"href":"http:\/\/www.cronopio.de\/seitenstetten-2018\/wp-json\/wp\/v2\/comments?post=96"}],"version-history":[{"count":6,"href":"http:\/\/www.cronopio.de\/seitenstetten-2018\/wp-json\/wp\/v2\/pages\/96\/revisions"}],"predecessor-version":[{"id":103,"href":"http:\/\/www.cronopio.de\/seitenstetten-2018\/wp-json\/wp\/v2\/pages\/96\/revisions\/103"}],"up":[{"embeddable":true,"href":"http:\/\/www.cronopio.de\/seitenstetten-2018\/wp-json\/wp\/v2\/pages\/11"}],"wp:attachment":[{"href":"http:\/\/www.cronopio.de\/seitenstetten-2018\/wp-json\/wp\/v2\/media?parent=96"}],"curies":[{"name":"wp","href":"https:\/\/api.w.org\/{rel}","templated":true}]}}