{"id":85,"date":"2018-08-05T12:15:25","date_gmt":"2018-08-05T10:15:25","guid":{"rendered":"http:\/\/www.cronopio.de\/seitenstetten-2018\/?page_id=85"},"modified":"2018-08-05T12:27:41","modified_gmt":"2018-08-05T10:27:41","slug":"estas-noches-atan-largas","status":"publish","type":"page","link":"http:\/\/www.cronopio.de\/seitenstetten-2018\/cancionero-uppsala\/estas-noches-atan-largas\/","title":{"rendered":"Estas noches at\u00e1n largas"},"content":{"rendered":"\n<h6 class=\"wp-block-heading\">\u00dcbersetzung<\/h6>\n\n\n\n<table class=\"wp-block-table has-fixed-layout\"><tbody><tr><td>Estas noches at\u00e1n largas<br\/>para m\u00ed, <br\/>no sol\u00edan ser ans\u00ed.<\/td><td>Diese N\u00e4chte sind so lang<br\/>f\u00fcr mich,<br\/>fr\u00fcher waren sie das nicht.<\/td><\/tr><tr><td>Sol\u00eda que reposaba <br\/>las noches con alegr\u00eda, <br\/>Y el rato que non dorm\u00eda <br\/>con descanso, lo pasaba. <br\/>Mas estas que amor me grava<br\/>non dorm\u00ed; <br\/>Non sol\u00edan ser ans\u00ed.<\/td><td>Fr\u00fcher habe ich nachts<br\/>mit Freude geruht<br\/>und die Momente, in denen ich nicht in Ruhe geschlafen habe, <br\/>gingen schnell vorbei.<br\/>Doch seit mich diese Liebe bedr\u00fcckt, <br\/>schlafe ich nicht mehr.<br\/>Nein, so war das fr\u00fcher nicht.<\/td><\/tr><\/tbody><\/table>\n","protected":false},"excerpt":{"rendered":"<p>\u00dcbersetzung Estas noches at\u00e1n largaspara m\u00ed, no sol\u00edan ser ans\u00ed. Diese N\u00e4chte sind so langf\u00fcr mich,fr\u00fcher waren sie das nicht. Sol\u00eda que reposaba las noches con alegr\u00eda, Y el rato que non dorm\u00eda con descanso, lo pasaba. Mas estas que amor me gravanon dorm\u00ed; Non sol\u00edan ser ans\u00ed. Fr\u00fcher habe &hellip;<\/p>\n","protected":false},"author":2,"featured_media":0,"parent":11,"menu_order":4,"comment_status":"closed","ping_status":"closed","template":"","meta":{"_crdt_document":"","_themeisle_gutenberg_block_has_review":false,"h5ap_radio_sources":[],"footnotes":""},"class_list":["post-85","page","type-page","status-publish","hentry"],"_links":{"self":[{"href":"http:\/\/www.cronopio.de\/seitenstetten-2018\/wp-json\/wp\/v2\/pages\/85","targetHints":{"allow":["GET"]}}],"collection":[{"href":"http:\/\/www.cronopio.de\/seitenstetten-2018\/wp-json\/wp\/v2\/pages"}],"about":[{"href":"http:\/\/www.cronopio.de\/seitenstetten-2018\/wp-json\/wp\/v2\/types\/page"}],"author":[{"embeddable":true,"href":"http:\/\/www.cronopio.de\/seitenstetten-2018\/wp-json\/wp\/v2\/users\/2"}],"replies":[{"embeddable":true,"href":"http:\/\/www.cronopio.de\/seitenstetten-2018\/wp-json\/wp\/v2\/comments?post=85"}],"version-history":[{"count":3,"href":"http:\/\/www.cronopio.de\/seitenstetten-2018\/wp-json\/wp\/v2\/pages\/85\/revisions"}],"predecessor-version":[{"id":109,"href":"http:\/\/www.cronopio.de\/seitenstetten-2018\/wp-json\/wp\/v2\/pages\/85\/revisions\/109"}],"up":[{"embeddable":true,"href":"http:\/\/www.cronopio.de\/seitenstetten-2018\/wp-json\/wp\/v2\/pages\/11"}],"wp:attachment":[{"href":"http:\/\/www.cronopio.de\/seitenstetten-2018\/wp-json\/wp\/v2\/media?parent=85"}],"curies":[{"name":"wp","href":"https:\/\/api.w.org\/{rel}","templated":true}]}}