{"id":82,"date":"2018-08-05T12:12:06","date_gmt":"2018-08-05T10:12:06","guid":{"rendered":"http:\/\/www.cronopio.de\/seitenstetten-2018\/?page_id=82"},"modified":"2018-08-05T12:26:33","modified_gmt":"2018-08-05T10:26:33","slug":"serrana-donde-dormistes","status":"publish","type":"page","link":"http:\/\/www.cronopio.de\/seitenstetten-2018\/cancionero-uppsala\/serrana-donde-dormistes\/","title":{"rendered":"Serrana, d\u00f3nde dormistes?"},"content":{"rendered":"\n<h6 class=\"wp-block-heading\">\u00dcbersetzung<\/h6>\n\n\n\n<table class=\"wp-block-table has-fixed-layout\"><tbody><tr><td>Serrana, d\u00f3nde dormistes?<br\/>Tan mala noche me distes,<br\/>tan mala noche me distes.<\/td><td>Serrana, wo hast du geschlafen?<br\/>Wegen dir hatte ich so eine schlechte Nacht, <br\/>so eine schlechte Nacht.<\/td><\/tr><tr><td>A ser sin vuestro marido<br\/>y sola sin compa\u00f1\u00eda,<br\/>fuera la congoja m\u00eda<br\/>no tan grande como ha sido.<br\/>No por lo que hab\u00e9is dormido,<br\/>m\u00e1s por lo que no dormistes,<br\/>m\u00e1s por lo que no dormistes.<\/td><td>W\u00e4rst du einfach nur ohne deinen Mann, <br\/>ganz alleine, ohne Begleitung,<br\/>w\u00e4re meine Besorgnis nicht so gro\u00df,<br\/>wie sie es bis jetzt ist \u2013<br\/>nicht weil du geschlafen hast,<br\/>sondern warum du nicht geschlafen hast, <br\/>warum du nicht geschlafen hast&#8230;<\/td><\/tr><tr><td>Serrana, d\u00f3nde dormistes?<br\/>Tan mala noche me distes,<br\/>Tan mala noche me distes.<\/td><td>Serrana, wo hast du geschlafen?<br\/>Wegen dir hatte ich so eine schlechte Nacht, <br\/>so eine schlechte Nacht.<\/td><\/tr><\/tbody><\/table>\n","protected":false},"excerpt":{"rendered":"<p>\u00dcbersetzung Serrana, d\u00f3nde dormistes?Tan mala noche me distes,tan mala noche me distes. Serrana, wo hast du geschlafen?Wegen dir hatte ich so eine schlechte Nacht, so eine schlechte Nacht. A ser sin vuestro maridoy sola sin compa\u00f1\u00eda,fuera la congoja m\u00edano tan grande como ha sido.No por lo que hab\u00e9is dormido,m\u00e1s por &hellip;<\/p>\n","protected":false},"author":2,"featured_media":0,"parent":11,"menu_order":3,"comment_status":"closed","ping_status":"closed","template":"","meta":{"_crdt_document":"","_themeisle_gutenberg_block_has_review":false,"h5ap_radio_sources":[],"footnotes":""},"class_list":["post-82","page","type-page","status-publish","hentry"],"_links":{"self":[{"href":"http:\/\/www.cronopio.de\/seitenstetten-2018\/wp-json\/wp\/v2\/pages\/82","targetHints":{"allow":["GET"]}}],"collection":[{"href":"http:\/\/www.cronopio.de\/seitenstetten-2018\/wp-json\/wp\/v2\/pages"}],"about":[{"href":"http:\/\/www.cronopio.de\/seitenstetten-2018\/wp-json\/wp\/v2\/types\/page"}],"author":[{"embeddable":true,"href":"http:\/\/www.cronopio.de\/seitenstetten-2018\/wp-json\/wp\/v2\/users\/2"}],"replies":[{"embeddable":true,"href":"http:\/\/www.cronopio.de\/seitenstetten-2018\/wp-json\/wp\/v2\/comments?post=82"}],"version-history":[{"count":2,"href":"http:\/\/www.cronopio.de\/seitenstetten-2018\/wp-json\/wp\/v2\/pages\/82\/revisions"}],"predecessor-version":[{"id":106,"href":"http:\/\/www.cronopio.de\/seitenstetten-2018\/wp-json\/wp\/v2\/pages\/82\/revisions\/106"}],"up":[{"embeddable":true,"href":"http:\/\/www.cronopio.de\/seitenstetten-2018\/wp-json\/wp\/v2\/pages\/11"}],"wp:attachment":[{"href":"http:\/\/www.cronopio.de\/seitenstetten-2018\/wp-json\/wp\/v2\/media?parent=82"}],"curies":[{"name":"wp","href":"https:\/\/api.w.org\/{rel}","templated":true}]}}