{"id":77,"date":"2018-08-05T12:07:35","date_gmt":"2018-08-05T10:07:35","guid":{"rendered":"http:\/\/www.cronopio.de\/seitenstetten-2018\/?page_id=77"},"modified":"2018-08-05T12:26:13","modified_gmt":"2018-08-05T10:26:13","slug":"hartaos-ojos-de-llorar","status":"publish","type":"page","link":"http:\/\/www.cronopio.de\/seitenstetten-2018\/cancionero-uppsala\/hartaos-ojos-de-llorar\/","title":{"rendered":"Hartaos ojos de llorar"},"content":{"rendered":"\n<h6 class=\"wp-block-heading\">\u00dcbersetzung<\/h6>\n\n\n\n<table class=\"wp-block-table has-fixed-layout\"><tbody><tr><td>Hartaos ojos de llorar,<br\/>De jemir y sospirar,<br\/>Y vosotros ojos tristes<br\/>Pues tanta gloria perdistes<br\/>Llorando l&#8217;aveis de pagar.<\/td><td>\u00dcberdr\u00fcssig sind die Augen vom Weinen, <br\/>\u00c4chzen und Seufzen.<br\/>Deine Augen sind traurig<br\/>denn du hast so viel Gl\u00fcck verloren,<br\/>weinend musst du nun daf\u00fcr bezahlen.<\/td><\/tr><tr><td>\u00a1Hartaos ojos de llorar!<\/td><td>\u00dcberdr\u00fcssig sind die Augen vom Weinen!<\/td><\/tr><\/tbody><\/table>\n","protected":false},"excerpt":{"rendered":"<p>\u00dcbersetzung Hartaos ojos de llorar,De jemir y sospirar,Y vosotros ojos tristesPues tanta gloria perdistesLlorando l&#8217;aveis de pagar. \u00dcberdr\u00fcssig sind die Augen vom Weinen, \u00c4chzen und Seufzen.Deine Augen sind traurigdenn du hast so viel Gl\u00fcck verloren,weinend musst du nun daf\u00fcr bezahlen. \u00a1Hartaos ojos de llorar! \u00dcberdr\u00fcssig sind die Augen vom Weinen!<\/p>\n","protected":false},"author":2,"featured_media":0,"parent":11,"menu_order":2,"comment_status":"closed","ping_status":"closed","template":"","meta":{"_crdt_document":"","_themeisle_gutenberg_block_has_review":false,"h5ap_radio_sources":[],"footnotes":""},"class_list":["post-77","page","type-page","status-publish","hentry"],"_links":{"self":[{"href":"http:\/\/www.cronopio.de\/seitenstetten-2018\/wp-json\/wp\/v2\/pages\/77","targetHints":{"allow":["GET"]}}],"collection":[{"href":"http:\/\/www.cronopio.de\/seitenstetten-2018\/wp-json\/wp\/v2\/pages"}],"about":[{"href":"http:\/\/www.cronopio.de\/seitenstetten-2018\/wp-json\/wp\/v2\/types\/page"}],"author":[{"embeddable":true,"href":"http:\/\/www.cronopio.de\/seitenstetten-2018\/wp-json\/wp\/v2\/users\/2"}],"replies":[{"embeddable":true,"href":"http:\/\/www.cronopio.de\/seitenstetten-2018\/wp-json\/wp\/v2\/comments?post=77"}],"version-history":[{"count":3,"href":"http:\/\/www.cronopio.de\/seitenstetten-2018\/wp-json\/wp\/v2\/pages\/77\/revisions"}],"predecessor-version":[{"id":105,"href":"http:\/\/www.cronopio.de\/seitenstetten-2018\/wp-json\/wp\/v2\/pages\/77\/revisions\/105"}],"up":[{"embeddable":true,"href":"http:\/\/www.cronopio.de\/seitenstetten-2018\/wp-json\/wp\/v2\/pages\/11"}],"wp:attachment":[{"href":"http:\/\/www.cronopio.de\/seitenstetten-2018\/wp-json\/wp\/v2\/media?parent=77"}],"curies":[{"name":"wp","href":"https:\/\/api.w.org\/{rel}","templated":true}]}}