{"id":21,"date":"2018-08-01T14:49:57","date_gmt":"2018-08-01T12:49:57","guid":{"rendered":"http:\/\/www.cronopio.de\/seitenstetten-2018\/?page_id=21"},"modified":"2018-08-05T21:57:18","modified_gmt":"2018-08-05T19:57:18","slug":"musik-fuer-den-kaiser-und-seinen-hof","status":"publish","type":"page","link":"http:\/\/www.cronopio.de\/seitenstetten-2018\/musik-fuer-den-kaiser-und-seinen-hof\/","title":{"rendered":"Musik f\u00fcr den Kaiser und seinen Hof"},"content":{"rendered":"\n<h5 class=\"wp-block-heading\">Martia terque quater<\/h5>\n\n\n\n<p class=\"wp-block-paragraph\">Ludwig Senfl (?), 6 Stimmen<\/p>\n\n\n\n<ul class=\"wp-block-list\"><li><a href=\"https:\/\/www.glueckskaese.de\/noten\/seitenstetten_18\/Kaiser\/01_Senfl_-_Martia_terque_quater.pdf\">Partitur<\/a><\/li><li><a href=\"http:\/\/www.cronopio.de\/seitenstetten-2018\/musik-fuer-den-kaiser-und-seinen-hof\/martia-terque-quater\/\">Text\u00fcbersetzung<\/a><\/li><\/ul>\n\n\n\n<h5 class=\"wp-block-heading\">Ecce quam bonum<\/h5>\n\n\n\n<p class=\"wp-block-paragraph\">Ludwig Senfl, 4 Stimmen<\/p>\n\n\n\n<ul class=\"wp-block-list\"><li><a href=\"https:\/\/www.glueckskaese.de\/noten\/seitenstetten_18\/Kaiser\/02a_Senfl_-_Ecce_quam_bonum-halbiert.pdf\">Partitur<\/a><\/li><li><a href=\"https:\/\/www.glueckskaese.de\/noten\/seitenstetten_18\/Kaiser\/02b_Senfl_-_Ecce_quam_bonum-halbier-einzelt.pdf\">Einzelstimmen<\/a><\/li><li><a href=\"http:\/\/www.cronopio.de\/seitenstetten-2018\/musik-fuer-den-kaiser-und-seinen-hof\/ecce-quam-bonum-psalm-133\/\">Text\u00fcbersetzung<\/a><\/li><\/ul>\n\n\n\n<h5 class=\"wp-block-heading\">Carole, cur defles Isabellam<\/h5>\n\n\n\n<p class=\"wp-block-paragraph\">Nicolas Payen, 4 Stimmen<\/p>\n\n\n\n<ul class=\"wp-block-list\"><li><a href=\"https:\/\/www.glueckskaese.de\/noten\/seitenstetten_18\/Kaiser\/03a_Payen_-_Carole_cur_defles_Isabellam.pdf\">Partitur<\/a><\/li><li><a href=\"https:\/\/www.glueckskaese.de\/noten\/seitenstetten_18\/Kaiser\/03bPayen_-_Carole_cur_defles_Isabellam-einzel.pdf\">Einzelstimmen<\/a><\/li><li><a href=\"http:\/\/www.cronopio.de\/seitenstetten-2018\/musik-fuer-den-kaiser-und-seinen-hof\/carole-cur-defles-isabellam\/\">Text\u00fcbersetzung<\/a><\/li><\/ul>\n\n\n\n<h5 class=\"wp-block-heading\">Praemia pro validis<br type=\"_moz\"\/><\/h5>\n\n\n\n<p class=\"wp-block-paragraph\">Thomas Crecquillon, 4 Stimmen<\/p>\n\n\n\n<ul class=\"wp-block-list\"><li><a href=\"https:\/\/www.glueckskaese.de\/noten\/seitenstetten_18\/Kaiser\/04a_Crecquillon_-_Praemia_pro_validis.pdf\">Partitur<\/a><\/li><li><a href=\"https:\/\/www.glueckskaese.de\/noten\/seitenstetten_18\/Kaiser\/04b_Crecquillon_-_Praemia_pro_validis-einzel.pdf\">Einzelstimmen<\/li><li><a href=\"http:\/\/www.cronopio.de\/seitenstetten-2018\/musik-fuer-den-kaiser-und-seinen-hof\/praemia-pro-validis\/\">Text\u00fcbersetzung<\/a><\/li><\/ul>\n\n\n\n<h5 class=\"wp-block-heading\">Salve Regina<br type=\"_moz\"\/><\/h5>\n\n\n\n<p class=\"wp-block-paragraph\">Nicolas Gombert, 4 Stimmen<\/p>\n\n\n\n<ul class=\"wp-block-list\"><li><a href=\"https:\/\/www.glueckskaese.de\/noten\/seitenstetten_18\/Kaiser\/05a_Gombert_-_Salve_Regina.pdf\">Partitur<\/a><\/li><li><a href=\"https:\/\/www.glueckskaese.de\/noten\/seitenstetten_18\/Kaiser\/05b_Gombert_-_Salve_Regina-einzel.pdf\">Einzelstimmen<\/a><\/li><li><a href=\"http:\/\/www.cronopio.de\/seitenstetten-2018\/musik-fuer-den-kaiser-und-seinen-hof\/salve-regina-diversi-diversa-orant\/\">Text\u00fcbersetzung<\/a><\/li><\/ul>\n\n\n\n<h5 class=\"wp-block-heading\">Carole, magnus erat<br type=\"_moz\"\/><\/h5>\n\n\n\n<p class=\"wp-block-paragraph\">Thomas Crecquillon, 5 Stimmen<\/p>\n\n\n\n<ul class=\"wp-block-list\"><li><a href=\"https:\/\/www.glueckskaese.de\/noten\/seitenstetten_18\/Kaiser\/06a_Crecquillon_-_Carole_magnus_erat.pdf\">Partitur<\/a><\/li><li><a href=\"https:\/\/www.glueckskaese.de\/noten\/seitenstetten_18\/Kaiser\/06b_Crecquillon_-_Carole_magnus_erat-einzel.pdf\">Einzelstimmen<\/a><\/li><li><a href=\"http:\/\/www.cronopio.de\/seitenstetten-2018\/musik-fuer-den-kaiser-und-seinen-hof\/carole-magnus-erat\/\">Text\u00fcbersetzung<\/a><\/li><\/ul>\n\n\n\n<h5 class=\"wp-block-heading\">Carole, magnus eras<br type=\"_moz\"\/><\/h5>\n\n\n\n<p class=\"wp-block-paragraph\">Jacobus Clemens non Papa, 5 Stimmen<\/p>\n\n\n\n<ul class=\"wp-block-list\"><li><a href=\"https:\/\/www.glueckskaese.de\/noten\/seitenstetten_18\/Kaiser\/07a_Clemens-Carole_Magnus_Eras_-_Alvarez.pdf\">Partitur<\/a><\/li><li><a href=\"https:\/\/www.glueckskaese.de\/noten\/seitenstetten_18\/Kaiser\/07b_Clemens-Carole_Magnus_Eras_-_Alvarez-einzel.pdf\">Einzelstimmen<\/li><li><a href=\"http:\/\/www.cronopio.de\/seitenstetten-2018\/musik-fuer-den-kaiser-und-seinen-hof\/carole-magnus-eras\/\">Text\u00fcbersetzung<\/a><\/li><\/ul>\n\n\n\n<h5 class=\"wp-block-heading\">Heroum soboles<br type=\"_moz\"\/><\/h5>\n\n\n\n<p class=\"wp-block-paragraph\">Orlando di Lasso, 6 Stimmen<\/p>\n\n\n\n<ul class=\"wp-block-list\"><li><a href=\"https:\/\/www.glueckskaese.de\/noten\/seitenstetten_18\/Kaiser\/08_Lasso_-_Heroum_soboles.pdf\">Partitur<\/a><\/li><li><a href=\"http:\/\/www.cronopio.de\/seitenstetten-2018\/musik-fuer-den-kaiser-und-seinen-hof\/heroum-soboles\/\">Text\u00fcbersetzung<\/a><\/li><\/ul>\n","protected":false},"excerpt":{"rendered":"<p>Martia terque quater Ludwig Senfl (?), 6 Stimmen Partitur Text\u00fcbersetzung Ecce quam bonum Ludwig Senfl, 4 Stimmen Partitur Einzelstimmen Text\u00fcbersetzung Carole, cur defles Isabellam Nicolas Payen, 4 Stimmen Partitur Einzelstimmen Text\u00fcbersetzung Praemia pro validis Thomas Crecquillon, 4 Stimmen Partitur Einzelstimmen Text\u00fcbersetzung Salve Regina Nicolas Gombert, 4 Stimmen Partitur Einzelstimmen Text\u00fcbersetzung &hellip;<\/p>\n","protected":false},"author":2,"featured_media":0,"parent":0,"menu_order":0,"comment_status":"closed","ping_status":"closed","template":"","meta":{"_crdt_document":"","_themeisle_gutenberg_block_has_review":false,"h5ap_radio_sources":[],"footnotes":""},"class_list":["post-21","page","type-page","status-publish","hentry"],"_links":{"self":[{"href":"http:\/\/www.cronopio.de\/seitenstetten-2018\/wp-json\/wp\/v2\/pages\/21","targetHints":{"allow":["GET"]}}],"collection":[{"href":"http:\/\/www.cronopio.de\/seitenstetten-2018\/wp-json\/wp\/v2\/pages"}],"about":[{"href":"http:\/\/www.cronopio.de\/seitenstetten-2018\/wp-json\/wp\/v2\/types\/page"}],"author":[{"embeddable":true,"href":"http:\/\/www.cronopio.de\/seitenstetten-2018\/wp-json\/wp\/v2\/users\/2"}],"replies":[{"embeddable":true,"href":"http:\/\/www.cronopio.de\/seitenstetten-2018\/wp-json\/wp\/v2\/comments?post=21"}],"version-history":[{"count":9,"href":"http:\/\/www.cronopio.de\/seitenstetten-2018\/wp-json\/wp\/v2\/pages\/21\/revisions"}],"predecessor-version":[{"id":253,"href":"http:\/\/www.cronopio.de\/seitenstetten-2018\/wp-json\/wp\/v2\/pages\/21\/revisions\/253"}],"wp:attachment":[{"href":"http:\/\/www.cronopio.de\/seitenstetten-2018\/wp-json\/wp\/v2\/media?parent=21"}],"curies":[{"name":"wp","href":"https:\/\/api.w.org\/{rel}","templated":true}]}}