{"id":196,"date":"2018-08-05T15:50:33","date_gmt":"2018-08-05T13:50:33","guid":{"rendered":"http:\/\/www.cronopio.de\/seitenstetten-2018\/?page_id=196"},"modified":"2018-08-05T15:50:35","modified_gmt":"2018-08-05T13:50:35","slug":"heroum-soboles","status":"publish","type":"page","link":"http:\/\/www.cronopio.de\/seitenstetten-2018\/musik-fuer-den-kaiser-und-seinen-hof\/heroum-soboles\/","title":{"rendered":"Heroum soboles"},"content":{"rendered":"\n<h6 class=\"wp-block-heading\">\u00dcbersetzung<\/h6>\n\n\n\n<table class=\"wp-block-table has-fixed-layout\"><tbody><tr><td>Heroum soboles, <br\/>amor orbis, Carole, <br\/>nostri solus es afflicto <br\/>Musarum tempore alumnos<br\/>qui colis et facili largiris munera dextra;<br\/>propterea celebrat te Musica diva libenter,<br\/>laudibus et meritis <br\/>ad sidera tollere gestit: <br\/>Vive diu, <br\/>Austriacae spes optima maxima gentis.<br\/><\/td><td>Abkomme von Helden, <br\/>Geliebter unseres Erdkreises, Karl, <br\/>du bist der Einzige, der sich in verzweifelten Zeiten <br\/>um die J\u00fcnger der Musen k\u00fcmmert <br\/>und mit gro\u00dfz\u00fcgiger rechter Hand schenkst; <br\/>deshalb feiert dich die g\u00f6ttliche Musik gern, <br\/>und sie m\u00f6chte dich mit Lob f\u00fcr deine Verdienste <br\/>zu den Sternen erheben: <br\/>Lebe lange, <br\/>beste und gr\u00f6\u00dfte Hoffnung des \u00f6sterreichischen Volkes.<br\/><\/td><\/tr><\/tbody><\/table>\n","protected":false},"excerpt":{"rendered":"<p>Heroum soboles, amor orbis, Carole, nostri solus es afflicto Musarum tempore alumnosqui colis et facili largiris munera dextra;propterea celebrat te Musica diva libenter,laudibus et meritis ad sidera tollere gestit: Vive diu, Austriacae spes optima maxima gentis. Abkomme von Helden, Geliebter unseres Erdkreises, Karl, du bist der Einzige, der sich in &hellip;<\/p>\n","protected":false},"author":2,"featured_media":0,"parent":21,"menu_order":8,"comment_status":"closed","ping_status":"closed","template":"","meta":{"_crdt_document":"","_themeisle_gutenberg_block_has_review":false,"h5ap_radio_sources":[],"footnotes":""},"class_list":["post-196","page","type-page","status-publish","hentry"],"_links":{"self":[{"href":"http:\/\/www.cronopio.de\/seitenstetten-2018\/wp-json\/wp\/v2\/pages\/196","targetHints":{"allow":["GET"]}}],"collection":[{"href":"http:\/\/www.cronopio.de\/seitenstetten-2018\/wp-json\/wp\/v2\/pages"}],"about":[{"href":"http:\/\/www.cronopio.de\/seitenstetten-2018\/wp-json\/wp\/v2\/types\/page"}],"author":[{"embeddable":true,"href":"http:\/\/www.cronopio.de\/seitenstetten-2018\/wp-json\/wp\/v2\/users\/2"}],"replies":[{"embeddable":true,"href":"http:\/\/www.cronopio.de\/seitenstetten-2018\/wp-json\/wp\/v2\/comments?post=196"}],"version-history":[{"count":1,"href":"http:\/\/www.cronopio.de\/seitenstetten-2018\/wp-json\/wp\/v2\/pages\/196\/revisions"}],"predecessor-version":[{"id":197,"href":"http:\/\/www.cronopio.de\/seitenstetten-2018\/wp-json\/wp\/v2\/pages\/196\/revisions\/197"}],"up":[{"embeddable":true,"href":"http:\/\/www.cronopio.de\/seitenstetten-2018\/wp-json\/wp\/v2\/pages\/21"}],"wp:attachment":[{"href":"http:\/\/www.cronopio.de\/seitenstetten-2018\/wp-json\/wp\/v2\/media?parent=196"}],"curies":[{"name":"wp","href":"https:\/\/api.w.org\/{rel}","templated":true}]}}