{"id":189,"date":"2018-08-05T15:36:24","date_gmt":"2018-08-05T13:36:24","guid":{"rendered":"http:\/\/www.cronopio.de\/seitenstetten-2018\/?page_id=189"},"modified":"2018-08-05T15:36:25","modified_gmt":"2018-08-05T13:36:25","slug":"salve-regina-diversi-diversa-orant","status":"publish","type":"page","link":"http:\/\/www.cronopio.de\/seitenstetten-2018\/musik-fuer-den-kaiser-und-seinen-hof\/salve-regina-diversi-diversa-orant\/","title":{"rendered":"Salve Regina (Diversi diversa orant)"},"content":{"rendered":"\n<h6 class=\"wp-block-heading\">\u00dcbersetzung<\/h6>\n\n\n\n<table class=\"wp-block-table has-fixed-layout\"><tbody><tr><td><strong>1. Stimme<\/strong><br\/>Salve Regina, <br\/>mater misericordiae, <br\/>vita, dulcedo <br\/>et spes nostra, <br\/>salve. <br\/><br\/>Ad te clamamus exsules filii Hevae.<br\/> Ad te suspiramus gementes, <br\/>flentes in hac lacrimarum valle. <br\/>Eia ergo, advocata nostra, <br\/>illos tuos misericordes oculos <br\/>ad nos converte, <br\/>et Jesum, <br\/>benedictum fructum ventris tui, <br\/>nobis post hoc exsilium ostende. <br\/>O clemens, o pia, <br\/>o dulcis Virgo Maria.<\/td><td>\u00a0<br\/>Sei gegr\u00fc\u00dft, o K\u00f6nigin, <br\/>Mutter der Barmherzigkeit, <br\/>unser Leben, unsre Wonne <br\/>und unsere Hoffnung, <br\/>sei gegr\u00fc\u00dft!<br\/><br\/>Zu dir rufen wir verbannte Kinder Evas; <br\/>zu dir seufzen wir trauernd <br\/>und weinend in diesem Tal der Tr\u00e4nen.<br\/>Wohlan denn, unsre F\u00fcrsprecherin,<br\/> deine barmherzigen Augen <br\/>wende uns zu<br\/>und nach diesem Elend <br\/>zeige uns Jesus, <br\/>die gebenedeite Frucht deines Leibes. <br\/>O g\u00fctige, o milde, <br\/>o s\u00fc\u00dfe Jungfrau Maria.<\/td><\/tr><tr><td><strong>2. Stimme<\/strong><br\/>Ave Regina caelorum, <br\/>ave Domina angelorum.<br\/>Salve radix, salve porta, <br\/>ex qua mundo lux est orta.<br\/>Gaude Virgo gloriosa,<br\/>super omnes speciosa.<br\/>Vale, o valde decora<br\/>et pro nobis semper Christum exora.<br\/>Beata Mater et innupta Virgo,<br\/>gloriosa Regina mundi,<br\/>intercede pro nobis <br\/>ad Dominum Deum nostrum, <br\/>o dulcis Maria.<\/td><td>\u00a0<br\/>Sei gegr\u00fc\u00dft, K\u00f6nigin der Himmel,<br\/>sei gegr\u00fc\u00dft, Herrin der Engel.<br\/>Sei gegr\u00fc\u00dft, Wurzel, sei gegr\u00fc\u00dft, Pforte,<br\/>aus der der Welt das Licht erschienen ist.<br\/>Freue dich, Jungfrau, voll der Ehre,<br\/>herrlich \u00fcber allen.<br\/>Lebe wohl, du Wundersch\u00f6ne<br\/>und bitte immer Christus f\u00fcr uns.<br\/>Selige Mutter und unverm\u00e4hlte Jungfrau,<br\/>ehrenvolle K\u00f6nigin der Welt,<br\/>tritt f\u00fcr uns ein <br\/>bei Gott, unserem Herrn,<br\/>o s\u00fc\u00dfe Maria.<\/td><\/tr><tr><td><strong><strong>3. Stimme<\/strong><br\/><\/strong>Inviolata, integra <br\/>et casta es, Maria,<br\/>quae es effecta fulgida caeli porta.<br\/>O Mater alma Christi carissima,<br\/>suscipe pia laudum praeconia.<br\/>Nostra ut pura pectora <br\/>sint et corpora,<br\/>te nunc flagitant devota corda et ora.<br\/>Tua per precata dulcisona<br\/>nobis concedas veniam per saecula.<br\/>O benigna! O Regina! O Maria,<br\/>quae sola inviolata permansisti. <br\/>Hortus conclusus es, <br\/>Dei Genitrix, <br\/>hortus conclusus, <br\/>fons signatus.<br\/>Surge, propera, amica mea, <br\/>o dulcis Maria.<strong><br\/><\/strong><\/td><td>\u00a0<br\/>Unversehrt, unber\u00fchrt <br\/>und rein bist du, Maria,<br\/>die du die leuchtende Pforte des Himmels wurdest. <br\/>O g\u00fctige, liebste Mutter Christi,<br\/>empfange die frommen Rufe des Lobes.<br\/>M\u00f6ge unsere Seele und <br\/>unser Leib rein sein,<br\/>mit ergebenem Herzen und Mund rufen wir zu dir. <br\/>Durch deine wohlklingenden Gebete <br\/>erlange uns Vergebung f\u00fcr alle Zeit. <br\/>O G\u00fctige! O K\u00f6nigin! O Maria, <br\/>die du allein unversehrt geblieben bist.<br\/>Du bist ein verschlossener Garten, <br\/>Geb\u00e4rerin Gottes, <br\/>ein verschlossener Garten, <br\/>eine versiegelte Quelle.<br\/>Erhebe dich, eile, meine Freundin, <br\/>o s\u00fc\u00dfe Maria.<\/td><\/tr><tr><td><strong><strong>4. Stimme<\/strong><br\/><\/strong>Alma Redemptoris Mater,<br\/>quae pervia caeli porta manes<br\/>et stella maris, <br\/>succurre cadenti<br\/>surgere qui curat populo.<br\/>Tu, quae genuisti natura mirante<br\/>tuum sanctum genitorem,<br\/>virgo prius et posterius<br\/>Gabrielis ab ore sumens illud Ave,<br\/>peccatorum miserere.<br\/>Ave Maria, gratia plena, <br\/>Dominus tecum,<br\/>benedicta tu in mulieribus<br\/>et benedictus fructus ventris tui,<br\/>o dulcis Virgo Maria.<strong><br\/><\/strong><\/td><td>\u00a0<br\/>Erhabene Mutter des Erl\u00f6sers,<br\/>du allzeit die offene Pforte des Himmels<br\/>und Stern des Meeres, <br\/>komm dem gefallenen Volk zu Hilfe, <br\/>das sich m\u00fcht, aufzustehen.<br\/>Du, die du zum Staunen der Natur <br\/>deinen heiligen Sch\u00f6pfer geboren hast,<br\/>Jungfrau davor und danach,<br\/>die du aus Gabriels Mund jenes \u201eSei gegr\u00fc\u00dft\u201c geh\u00f6rt hast, <br\/>erbarme dich der S\u00fcnder.<br\/>Sei gegr\u00fc\u00dft, Maria, voll der Gnaden, <br\/>der Herr ist mit dir, <br\/>gesegnet bist du unter den Frauen, <br\/>und gesegnet ist die Frucht deines Leibes,<br\/>o s\u00fc\u00dfe Jungfrau Maria.<\/td><\/tr><\/tbody><\/table>\n","protected":false},"excerpt":{"rendered":"<p>1. StimmeSalve Regina, mater misericordiae, vita, dulcedo et spes nostra, salve. Ad te clamamus exsules filii Hevae. Ad te suspiramus gementes, flentes in hac lacrimarum valle. Eia ergo, advocata nostra, illos tuos misericordes oculos ad nos converte, et Jesum, benedictum fructum ventris tui, nobis post hoc exsilium ostende. O clemens, &hellip;<\/p>\n","protected":false},"author":2,"featured_media":0,"parent":21,"menu_order":5,"comment_status":"closed","ping_status":"closed","template":"","meta":{"_crdt_document":"","_themeisle_gutenberg_block_has_review":false,"h5ap_radio_sources":[],"footnotes":""},"class_list":["post-189","page","type-page","status-publish","hentry"],"_links":{"self":[{"href":"http:\/\/www.cronopio.de\/seitenstetten-2018\/wp-json\/wp\/v2\/pages\/189","targetHints":{"allow":["GET"]}}],"collection":[{"href":"http:\/\/www.cronopio.de\/seitenstetten-2018\/wp-json\/wp\/v2\/pages"}],"about":[{"href":"http:\/\/www.cronopio.de\/seitenstetten-2018\/wp-json\/wp\/v2\/types\/page"}],"author":[{"embeddable":true,"href":"http:\/\/www.cronopio.de\/seitenstetten-2018\/wp-json\/wp\/v2\/users\/2"}],"replies":[{"embeddable":true,"href":"http:\/\/www.cronopio.de\/seitenstetten-2018\/wp-json\/wp\/v2\/comments?post=189"}],"version-history":[{"count":2,"href":"http:\/\/www.cronopio.de\/seitenstetten-2018\/wp-json\/wp\/v2\/pages\/189\/revisions"}],"predecessor-version":[{"id":191,"href":"http:\/\/www.cronopio.de\/seitenstetten-2018\/wp-json\/wp\/v2\/pages\/189\/revisions\/191"}],"up":[{"embeddable":true,"href":"http:\/\/www.cronopio.de\/seitenstetten-2018\/wp-json\/wp\/v2\/pages\/21"}],"wp:attachment":[{"href":"http:\/\/www.cronopio.de\/seitenstetten-2018\/wp-json\/wp\/v2\/media?parent=189"}],"curies":[{"name":"wp","href":"https:\/\/api.w.org\/{rel}","templated":true}]}}