{"id":169,"date":"2018-08-05T14:39:01","date_gmt":"2018-08-05T12:39:01","guid":{"rendered":"http:\/\/www.cronopio.de\/seitenstetten-2018\/?page_id=169"},"modified":"2018-08-05T14:39:02","modified_gmt":"2018-08-05T12:39:02","slug":"ave-sanctissima-maria","status":"publish","type":"page","link":"http:\/\/www.cronopio.de\/seitenstetten-2018\/fruehzeit\/ave-sanctissima-maria\/","title":{"rendered":"Ave Sanctissima Maria"},"content":{"rendered":"\n<h6 class=\"wp-block-heading\">\u00dcbersetzung<\/h6>\n\n\n\n<p class=\"wp-block-paragraph\">Text Papst Sixtus IV (1414 \u2013 1484) zugeschrieben<\/p>\n\n\n\n<table class=\"wp-block-table has-fixed-layout\"><tbody><tr><td>Ave Sanctissima Maria, <br\/>mater Dei, <br\/>regina celi, <br\/>porta paradisi, <br\/>Domina mundi.<\/td><td>Sei gegr\u00fc\u00dft, heiligste Maria, <br\/>Mutter Gottes, <br\/>K\u00f6nigin des Himmels, <br\/>Pforte des Paradieses, <br\/>Herrin der Welt.<\/td><\/tr><tr><td>Tu es singularis virgo pura. <br\/>Tu concepisti Jesum de Spiritu Sancto <br\/>(Tenor und Bass: Tu concepisti Jesum sine peccato), <br\/>tu genuisti creatorem et salvatorem mundi, <br\/>in quo ego non dubito.<\/td><td>Du bist eine einzigartige, reine Jungfrau. <br\/>Du hast Jesus vom Heiligen Geist empfangen <br\/>(Tenor und Bass: Du hast Jesus ohne S\u00fcnde empfangen), <br\/>du hast den Sch\u00f6pfer und Heiland der Welt geboren, <br\/>woran ich keinen Zweifel habe.<\/td><\/tr><tr><td>Ora pro me Jesum dilectum tuum, <br\/>et libera me ab omnibus malis.<\/td><td>Bitte deinen geliebten Jesus f\u00fcr mich, <br\/>und befreie mich von allem \u00dcbel.<\/td><\/tr><\/tbody><\/table>\n","protected":false},"excerpt":{"rendered":"<p>Text Papst Sixtus IV (1414 \u2013 1484) zugeschrieben Ave Sanctissima Maria, mater Dei, regina celi, porta paradisi, Domina mundi. Sei gegr\u00fc\u00dft, heiligste Maria, Mutter Gottes, K\u00f6nigin des Himmels, Pforte des Paradieses, Herrin der Welt. Tu es singularis virgo pura. Tu concepisti Jesum de Spiritu Sancto (Tenor und Bass: Tu concepisti &hellip;<\/p>\n","protected":false},"author":2,"featured_media":0,"parent":19,"menu_order":1,"comment_status":"closed","ping_status":"closed","template":"","meta":{"_crdt_document":"","_themeisle_gutenberg_block_has_review":false,"h5ap_radio_sources":[],"footnotes":""},"class_list":["post-169","page","type-page","status-publish","hentry"],"_links":{"self":[{"href":"http:\/\/www.cronopio.de\/seitenstetten-2018\/wp-json\/wp\/v2\/pages\/169","targetHints":{"allow":["GET"]}}],"collection":[{"href":"http:\/\/www.cronopio.de\/seitenstetten-2018\/wp-json\/wp\/v2\/pages"}],"about":[{"href":"http:\/\/www.cronopio.de\/seitenstetten-2018\/wp-json\/wp\/v2\/types\/page"}],"author":[{"embeddable":true,"href":"http:\/\/www.cronopio.de\/seitenstetten-2018\/wp-json\/wp\/v2\/users\/2"}],"replies":[{"embeddable":true,"href":"http:\/\/www.cronopio.de\/seitenstetten-2018\/wp-json\/wp\/v2\/comments?post=169"}],"version-history":[{"count":1,"href":"http:\/\/www.cronopio.de\/seitenstetten-2018\/wp-json\/wp\/v2\/pages\/169\/revisions"}],"predecessor-version":[{"id":170,"href":"http:\/\/www.cronopio.de\/seitenstetten-2018\/wp-json\/wp\/v2\/pages\/169\/revisions\/170"}],"up":[{"embeddable":true,"href":"http:\/\/www.cronopio.de\/seitenstetten-2018\/wp-json\/wp\/v2\/pages\/19"}],"wp:attachment":[{"href":"http:\/\/www.cronopio.de\/seitenstetten-2018\/wp-json\/wp\/v2\/media?parent=169"}],"curies":[{"name":"wp","href":"https:\/\/api.w.org\/{rel}","templated":true}]}}