{"id":120,"date":"2018-08-05T12:40:35","date_gmt":"2018-08-05T10:40:35","guid":{"rendered":"http:\/\/www.cronopio.de\/seitenstetten-2018\/?page_id=120"},"modified":"2018-08-05T12:40:36","modified_gmt":"2018-08-05T10:40:36","slug":"ojos-garzos-ha-la-nina","status":"publish","type":"page","link":"http:\/\/www.cronopio.de\/seitenstetten-2018\/cancionero-uppsala\/ojos-garzos-ha-la-nina\/","title":{"rendered":"Ojos garzos ha la ni\u00f1a"},"content":{"rendered":"\n<h6 class=\"wp-block-heading\">\u00dcbersetzung<\/h6>\n\n\n\n<table class=\"wp-block-table has-fixed-layout\"><tbody><tr><td>Ojos garzos ha la ni\u00f1a:<br\/>\u00a1qui\u00e9n se los enamorar\u00eda!<br\/>Son tan bellos y tan vivos<br\/>que a todos tienen cautivos,<br\/>y solo la vista d\u2019ellos <br\/>me ha robado los sentidos.<br\/>Y los hace tan esquivos,<br\/>que roban alegr\u00eda<br\/>qui\u00e9n se los enamorar\u00eda.<\/td><td>Blaue Augen hat das M\u00e4dchen,<br\/>wer w\u00fcrde sich nicht in sie verlieben?<br\/>Ihre Augen sind so sch\u00f6n und lebendig,<br\/>dass sie alle in ihren Bann zieht<br\/>und ein einziger Blick von ihr<br\/>hat mir den Verstand geraubt.<br\/>Und gleichzeitig blickt sie so ausweichend,<br\/>dass sie allen die Fr\u00f6hlichkeit raubt, <br\/>die sich in sie verlieben.<\/td><\/tr><\/tbody><\/table>\n","protected":false},"excerpt":{"rendered":"<p>Ojos garzos ha la ni\u00f1a:\u00a1qui\u00e9n se los enamorar\u00eda!Son tan bellos y tan vivosque a todos tienen cautivos,y solo la vista d\u2019ellos me ha robado los sentidos.Y los hace tan esquivos,que roban alegr\u00edaqui\u00e9n se los enamorar\u00eda. Blaue Augen hat das M\u00e4dchen,wer w\u00fcrde sich nicht in sie verlieben?Ihre Augen sind so sch\u00f6n &hellip;<\/p>\n","protected":false},"author":2,"featured_media":0,"parent":11,"menu_order":10,"comment_status":"closed","ping_status":"closed","template":"","meta":{"_crdt_document":"","_themeisle_gutenberg_block_has_review":false,"h5ap_radio_sources":[],"footnotes":""},"class_list":["post-120","page","type-page","status-publish","hentry"],"_links":{"self":[{"href":"http:\/\/www.cronopio.de\/seitenstetten-2018\/wp-json\/wp\/v2\/pages\/120","targetHints":{"allow":["GET"]}}],"collection":[{"href":"http:\/\/www.cronopio.de\/seitenstetten-2018\/wp-json\/wp\/v2\/pages"}],"about":[{"href":"http:\/\/www.cronopio.de\/seitenstetten-2018\/wp-json\/wp\/v2\/types\/page"}],"author":[{"embeddable":true,"href":"http:\/\/www.cronopio.de\/seitenstetten-2018\/wp-json\/wp\/v2\/users\/2"}],"replies":[{"embeddable":true,"href":"http:\/\/www.cronopio.de\/seitenstetten-2018\/wp-json\/wp\/v2\/comments?post=120"}],"version-history":[{"count":1,"href":"http:\/\/www.cronopio.de\/seitenstetten-2018\/wp-json\/wp\/v2\/pages\/120\/revisions"}],"predecessor-version":[{"id":122,"href":"http:\/\/www.cronopio.de\/seitenstetten-2018\/wp-json\/wp\/v2\/pages\/120\/revisions\/122"}],"up":[{"embeddable":true,"href":"http:\/\/www.cronopio.de\/seitenstetten-2018\/wp-json\/wp\/v2\/pages\/11"}],"wp:attachment":[{"href":"http:\/\/www.cronopio.de\/seitenstetten-2018\/wp-json\/wp\/v2\/media?parent=120"}],"curies":[{"name":"wp","href":"https:\/\/api.w.org\/{rel}","templated":true}]}}