{"id":11,"date":"2018-08-01T14:47:54","date_gmt":"2018-08-01T12:47:54","guid":{"rendered":"http:\/\/www.cronopio.de\/seitenstetten-2018\/?page_id=11"},"modified":"2018-08-05T18:22:30","modified_gmt":"2018-08-05T16:22:30","slug":"cancionero-uppsala","status":"publish","type":"page","link":"http:\/\/www.cronopio.de\/seitenstetten-2018\/cancionero-uppsala\/","title":{"rendered":"Cancionero Uppsala"},"content":{"rendered":"\n<h5 class=\"wp-block-heading\">Con qu\u00e9 la lavar\u00e9<\/h5>\n\n\n\n<p class=\"wp-block-paragraph\">Anonym, 4 Stimmen<\/p>\n\n\n\n<ul class=\"wp-block-list\"><li><a href=\"https:\/\/www.glueckskaese.de\/noten\/seitenstetten_18\/Uppsala\/01_Anonimo-Con_Que_La_Lavare.pdf\">Partitur<\/a><\/li><li><a href=\"http:\/\/www.cronopio.de\/seitenstetten-2018\/cancionero-uppsala\/con-que-la-lavare\/\">Text\u00fcbersetzung<\/a><\/li><\/ul>\n\n\n\n<h5 class=\"wp-block-heading\">Hartaos ojos de llorar<\/h5>\n\n\n\n<p class=\"wp-block-paragraph\">Anonym, 5 Stimmen<\/p>\n\n\n\n<ul class=\"wp-block-list\"><li><a href=\"https:\/\/www.glueckskaese.de\/noten\/seitenstetten_18\/Uppsala\/02_Anonimo-Hartaos_Ojos_De_Llorar_5st.pdf\">Partitur<\/a><\/li><li><a href=\"http:\/\/www.cronopio.de\/seitenstetten-2018\/cancionero-uppsala\/hartaos-ojos-de-llorar\/\">Text\u00fcbersetzung<\/a><\/li><\/ul>\n\n\n\n<h5 class=\"wp-block-heading\">Serrana, d\u00f3nde dormisteis<\/h5>\n\n\n\n<p class=\"wp-block-paragraph\">Anonym, 4 Stimmen<\/p>\n\n\n\n<ul class=\"wp-block-list\"><li><a href=\"https:\/\/www.glueckskaese.de\/noten\/seitenstetten_18\/Uppsala\/03_Anonimo-Serrana_Donde_Dormistes.pdf\">Partitur<\/a><\/li><li><a href=\"http:\/\/www.cronopio.de\/seitenstetten-2018\/cancionero-uppsala\/serrana-donde-dormistes\/\">Text\u00fcbersetzung<\/a><\/li><\/ul>\n\n\n\n<h5 class=\"wp-block-heading\">Estas noches at\u00e1n largas<\/h5>\n\n\n\n<p class=\"wp-block-paragraph\">Anonym, 4 Stimmen<\/p>\n\n\n\n<ul class=\"wp-block-list\"><li><a href=\"https:\/\/www.glueckskaese.de\/noten\/seitenstetten_18\/Uppsala\/04_Anonimo-Estas_Noches_Atan_Largas.pdf\">Partitur<\/a><\/li><li><a href=\"http:\/\/www.cronopio.de\/seitenstetten-2018\/cancionero-uppsala\/estas-noches-atan-largas\/\">Text\u00fcbersetzung<\/a><\/li><\/ul>\n\n\n\n<h5 class=\"wp-block-heading\">Si amores me han de matar<\/h5>\n\n\n\n<p class=\"wp-block-paragraph\">Anonym, 5 Stimmen<\/p>\n\n\n\n<ul class=\"wp-block-list\"><li><a href=\"https:\/\/www.glueckskaese.de\/noten\/seitenstetten_18\/Uppsala\/05a_Anonimo-Si_Amores_Me_Han_De_Matar_5st.pdf\">Partitur<\/a><\/li><li><a href=\"https:\/\/www.glueckskaese.de\/noten\/seitenstetten_18\/Uppsala\/05b_Anonimo-Si_Amores_Me_Han_De_Matar_5st-Eiinzelstimmen.pdf\">Einzelstimmen<\/a><\/li><li><a href=\"http:\/\/www.cronopio.de\/seitenstetten-2018\/cancionero-uppsala\/si-amores-me-han-de-matar\/\">Text\u00fcbersetzung<\/a><\/li><\/ul>\n\n\n\n<h5 class=\"wp-block-heading\">Dicen a m\u00ed que los amores he<\/h5>\n\n\n\n<p class=\"wp-block-paragraph\">Anonym, 5 Stimmen<\/p>\n\n\n\n<ul class=\"wp-block-list\"><li><a href=\"https:\/\/www.glueckskaese.de\/noten\/seitenstetten_18\/Uppsala\/06a_Anonimo-Dicen_A_Mi_Que_Los_Amores_He_5st.pdf\">Partitur<\/a><\/li><li><a href=\"https:\/\/www.glueckskaese.de\/noten\/seitenstetten_18\/Uppsala\/06b_Anonimo-Dicen_A_Mi_Que_Los_Amores_He_5st-Einzelstimmen.pdf\">Einzelstimmen<\/a><\/li><li><a href=\"http:\/\/www.cronopio.de\/seitenstetten-2018\/cancionero-uppsala\/dicen-a-mi-que-los-amores-he\/\">Text\u00fcbersetzung<\/a><\/li><\/ul>\n\n\n\n<h5 class=\"wp-block-heading\">Falai meus olhos<\/h5>\n\n\n\n<p class=\"wp-block-paragraph\">Anonym, 5 Stimmen<\/p>\n\n\n\n<ul class=\"wp-block-list\"><li><a href=\"https:\/\/www.glueckskaese.de\/noten\/seitenstetten_18\/Uppsala\/07a_Anonimo-Falai_Meus_Olhos_5st.pdf\">Partitur<\/a><\/li><li><a href=\"https:\/\/www.glueckskaese.de\/noten\/seitenstetten_18\/Uppsala\/07b_Anonimo-Falai_Meus_Olhos_5st-Einzelstimmen.pdf\">Einzelstimmen<\/a><\/li><li><a href=\"http:\/\/www.cronopio.de\/seitenstetten-2018\/cancionero-uppsala\/falai-meus-olhos\/\">Text\u00fcbersetzung<\/a><\/li><\/ul>\n\n\n\n<h5 class=\"wp-block-heading\">Si de vos mi bien me aparto<\/h5>\n\n\n\n<p class=\"wp-block-paragraph\">Anonym, 5 Stimmen<\/p>\n\n\n\n<ul class=\"wp-block-list\"><li><a href=\"https:\/\/www.glueckskaese.de\/noten\/seitenstetten_18\/Uppsala\/08_Anonimo-Si_De_Vos_Mi_Bien_5st.pdf\">Partitur<\/a><\/li><li><a href=\"http:\/\/www.cronopio.de\/seitenstetten-2018\/cancionero-uppsala\/si-de-vos-mi-bien-me-aparto\/\">Text\u00fcbersetzung<\/a><\/li><\/ul>\n\n\n\n<h5 class=\"wp-block-heading\">Vi los barcos, madre<\/h5>\n\n\n\n<p class=\"wp-block-paragraph\">Anonym, 4 Stimmen<\/p>\n\n\n\n<ul class=\"wp-block-list\"><li><a href=\"https:\/\/www.glueckskaese.de\/noten\/seitenstetten_18\/Uppsala\/09_Anonimo-Vi_Los_Barcos_Madre.pdf\">Partitur<\/a><\/li><li><a href=\"http:\/\/www.cronopio.de\/seitenstetten-2018\/cancionero-uppsala\/vi-los-barcos-madre\/\">Text\u00fcbersetzung<\/a><\/li><\/ul>\n\n\n\n<h5 class=\"wp-block-heading\">Ojos garzos ha la ni\u00f1a<\/h5>\n\n\n\n<p class=\"wp-block-paragraph\">Juan del Encina, 4 Stimmen<\/p>\n\n\n\n<ul class=\"wp-block-list\"><li><a href=\"https:\/\/www.glueckskaese.de\/noten\/seitenstetten_18\/Uppsala\/10_Encina-Ojos_Garzos.pdf\">Partitur<\/a><\/li><li><a href=\"http:\/\/www.cronopio.de\/seitenstetten-2018\/cancionero-uppsala\/ojos-garzos-ha-la-nina\/\">Text\u00fcbersetzung<\/a><\/li><\/ul>\n\n\n\n<h5 class=\"wp-block-heading\">Qu\u00e8 farem del pobre Joan<\/h5>\n\n\n\n<p class=\"wp-block-paragraph\">Mateo Flecha, 4 Stimmen<\/p>\n\n\n\n<ul class=\"wp-block-list\"><li><a href=\"https:\/\/www.glueckskaese.de\/noten\/seitenstetten_18\/Uppsala\/10a_Flecha-Que_Farem_Del_Pobre_Joan.pdf\">Partitur<\/a><\/li><li><a href=\"https:\/\/www.glueckskaese.de\/noten\/seitenstetten_18\/Uppsala\/10b_Flecha-Que_Farem_Del_Pobre_Joan-Einzelstimmen.pdf\">Einzelstimmen<\/a><\/li><li><a href=\"http:\/\/www.cronopio.de\/seitenstetten-2018\/cancionero-uppsala\/que-farem-del-pobre-joan\/\">Text\u00fcbersetzung<\/a><\/li><\/ul>\n\n\n\n<h5 class=\"wp-block-heading\">Teresica hermana<\/h5>\n\n\n\n<p class=\"wp-block-paragraph\">Mateo Flecha, 4 Stimmen<\/p>\n\n\n\n<ul class=\"wp-block-list\"><li><a href=\"https:\/\/www.glueckskaese.de\/noten\/seitenstetten_18\/Uppsala\/11a_Flecha-Teresica_Hermana.pdf\">Partitur<\/a><\/li><li><a href=\"https:\/\/www.glueckskaese.de\/noten\/seitenstetten_18\/Uppsala\/11b_Flecha-Teresica_Hermana-Einzelstimmen.pdf\">Einzelstimmen<\/a><\/li><li><a href=\"http:\/\/www.cronopio.de\/seitenstetten-2018\/cancionero-uppsala\/teresica-hermana\/\">Text\u00fcbersetzung<\/a><\/li><\/ul>\n\n\n\n<h5 class=\"wp-block-heading\">Dezilde al cavallero<\/h5>\n\n\n\n<p class=\"wp-block-paragraph\">Nicolas Gombert, 5 Stimmen<\/p>\n\n\n\n<ul class=\"wp-block-list\"><li><a href=\"https:\/\/www.glueckskaese.de\/noten\/seitenstetten_18\/Uppsala\/12a_Gombert-Dezilde_Al_Caballero_5st.pdf\">Partitur<\/a><\/li><li><a href=\"https:\/\/www.glueckskaese.de\/noten\/seitenstetten_18\/Uppsala\/12b_Gombert-Dezilde_Al_Caballero-Einzelstimmen.pdf\">Einzelstimmen<\/a><\/li><li><a href=\"http:\/\/www.cronopio.de\/seitenstetten-2018\/cancionero-uppsala\/dezilde-al-cavallero\/\">Text\u00fcbersetzung<\/a><\/li><\/ul>\n","protected":false},"excerpt":{"rendered":"<p>Con qu\u00e9 la lavar\u00e9 Anonym, 4 Stimmen Partitur Text\u00fcbersetzung Hartaos ojos de llorar Anonym, 5 Stimmen Partitur Text\u00fcbersetzung Serrana, d\u00f3nde dormisteis Anonym, 4 Stimmen Partitur Text\u00fcbersetzung Estas noches at\u00e1n largas Anonym, 4 Stimmen Partitur Text\u00fcbersetzung Si amores me han de matar Anonym, 5 Stimmen Partitur Einzelstimmen Text\u00fcbersetzung Dicen a m\u00ed &hellip;<\/p>\n","protected":false},"author":2,"featured_media":0,"parent":0,"menu_order":0,"comment_status":"closed","ping_status":"closed","template":"","meta":{"_crdt_document":"","_themeisle_gutenberg_block_has_review":false,"h5ap_radio_sources":[],"footnotes":""},"class_list":["post-11","page","type-page","status-publish","hentry"],"_links":{"self":[{"href":"http:\/\/www.cronopio.de\/seitenstetten-2018\/wp-json\/wp\/v2\/pages\/11","targetHints":{"allow":["GET"]}}],"collection":[{"href":"http:\/\/www.cronopio.de\/seitenstetten-2018\/wp-json\/wp\/v2\/pages"}],"about":[{"href":"http:\/\/www.cronopio.de\/seitenstetten-2018\/wp-json\/wp\/v2\/types\/page"}],"author":[{"embeddable":true,"href":"http:\/\/www.cronopio.de\/seitenstetten-2018\/wp-json\/wp\/v2\/users\/2"}],"replies":[{"embeddable":true,"href":"http:\/\/www.cronopio.de\/seitenstetten-2018\/wp-json\/wp\/v2\/comments?post=11"}],"version-history":[{"count":21,"href":"http:\/\/www.cronopio.de\/seitenstetten-2018\/wp-json\/wp\/v2\/pages\/11\/revisions"}],"predecessor-version":[{"id":221,"href":"http:\/\/www.cronopio.de\/seitenstetten-2018\/wp-json\/wp\/v2\/pages\/11\/revisions\/221"}],"wp:attachment":[{"href":"http:\/\/www.cronopio.de\/seitenstetten-2018\/wp-json\/wp\/v2\/media?parent=11"}],"curies":[{"name":"wp","href":"https:\/\/api.w.org\/{rel}","templated":true}]}}