{"id":86,"date":"2017-08-13T22:04:38","date_gmt":"2017-08-13T20:04:38","guid":{"rendered":"http:\/\/www.cronopio.de\/seitenstetten-2017\/?page_id=86"},"modified":"2017-08-17T11:57:01","modified_gmt":"2017-08-17T09:57:01","slug":"optime-pastor","status":"publish","type":"page","link":"http:\/\/www.cronopio.de\/seitenstetten-2017\/staats-und-repraesentationsmotetten\/optime-pastor\/","title":{"rendered":"Optime pastor"},"content":{"rendered":"<p>Textdichter: Georg Slatkonia(?)<\/p>\n<table>\n<tbody>\n<tr>\n<td>Optime divino date munere pastor ovili<br \/>\nTandem qui laceri medicus gregis ulcera sanes.<br \/>\nSis felix pecori et nobis tuque ipse beatus.<br \/>\nSit totum pacare gregem tibi cura perennis;<br \/>\nReddatur pax alma tuis pax aurea saeptis<br \/>\net tua, qua polles, tam blando fistula cantu<br \/>\nFoedere cornipetas concordi vinciat agnos.<br \/>\nReginam volucrum regi tibi iunge ferarum,<br \/>\nReddatur vobis ut abactis vestra Chimaeris.<br \/>\nPostmodo concordes generosi pectoris iras<br \/>\nIn Turcas animate, lupos et monstra Canopi.<br \/>\nNulla gregi quadrupes volucrisve inimica resistet,<br \/>\nDum videant aquilamque ducem verumque leonem.<br \/>\nHaec pia Caesarei cantores vota frequentant.<\/p>\n<p>Vobis religio parque est reverentia recti<br \/>\nVis animi et pietas clementiaque insita vobis.<br \/>\nPar mundi imperium et gladius debetur utrique.<br \/>\nVera ergo auspiciis vigeat sapientia vestris<br \/>\nFloreat et sanctis cum moribus inclita virtus;<br \/>\nSit suus ingenuis honor artibus et sua merces.<br \/>\nTum Medico exsultent colles et pascua plaudant.<br \/>\nPontifici et tanto laetetur Caesare mundus.<br \/>\nHaec pia Caesarei cantores vota frequentant.<br \/>\nAmen.<\/p>\n<p>Tenor I:<br \/>\nDa pacem, Domine, in diebus nostris, quia non<br \/>\nest alius qui pugnet pro nobis, nisi tu, Deus noster.<br \/>\nHaec pia Caesarei cantores&#8230;<\/p>\n<p>Tenor II:<br \/>\nSacerdos et pontifex et virtutum artifex, bonus<br \/>\npastor in populo, sic placuisti Domino.<br \/>\nHaec pia Caesarei cantores&#8230;<\/td>\n<td>Bester Hirte, der du der Herde vom Himmel geschenkt wurdest,<br \/>\ndu Arzt [lat. medicus \u2192 Familie des Papstes: Medici], der du<br \/>\nendlich die Wunden deiner Herde heilen wirst,<br \/>\nbringe deinen Schafen und uns Heil und sei selbst gesegnet.<br \/>\nsorge best\u00e4ndig f\u00fcr den Frieden deiner ganzen Herde;<br \/>\ngib deinem Land den Frieden, den goldenen Frieden zur\u00fcck,<br \/>\nund mit dem schmeichelnden Gesang deiner Fl\u00f6te, der deine St\u00e4rke ist,<br \/>\nschlie\u00dfe deine streitenden L\u00e4mmer im Bund der Einigkeit zusammen.<br \/>\nVereine die K\u00f6nigin der V\u00f6gel [Adler \u2192 Habsburg] im Bund<br \/>\nmit dir, dem K\u00f6nig der Tiere [L\u00f6we, lat. Leo, der Name des Papstes],<br \/>\num nach der Vertreibung der Chim\u00e4ren das eure wiederzugewinnen.<br \/>\nIn eurer edlen Brust sollt ihr dann den vereinten Zorn<br \/>\ngegen die T\u00fcrken, die W\u00f6lfe und Monster von Canopus, anfachen.<br \/>\nWeder Tier [evtl. L\u00f6we von San Marco = Venedig?] noch<br \/>\nfeindlicher Vogel [Hahn, lat. Gallus \u2192 franz\u00f6sischer K\u00f6nig] sollen sich der Herde widersetzen,<br \/>\nWenn sie den Adler als ihren Leiter sehen, und den wahren L\u00f6wen.<br \/>\nDiesen frommen Lobgesang lassen die kaiserlichen S\u00e4nger wiederholt erschallen.<\/p>\n<p>Religion und die Achtung des Rechten sind gleich stark in euch.<br \/>\nIhr seid erf\u00fcllt von St\u00e4rke des Geistes, Fr\u00f6mmigkeit und Milde.<br \/>\nBeide verdient ihr in gleichem Ma\u00dfe die Herrschaft in der Welt und das Schwert.<br \/>\nEure Macht soll daher mit wahrer Weisheit erf\u00fcllt sein,<br \/>\nUnd r\u00fchmlicher Tugend durch heilige Sitten erbl\u00fchen.<br \/>\nM\u00f6gen die edlen K\u00fcnste die Ehre und den Lohn empfangen, die ihnen geb\u00fchren.<br \/>\nDann sollen die H\u00fcgel sich an diesem Arzt erfreuen,<br \/>\nUnd die Weiden den Papst lobpreisen, und die<br \/>\nWelt sich an einem solchen Kaiser freuen.<br \/>\nDiesen frommen Lobgesang lassen die kaiserlichen S\u00e4nger wiederholt erschallen.<br \/>\nAmen.<\/p>\n<p>Tenor I:<br \/>\nVerleih uns Frieden gn\u00e4diglich, Herr Gott, zu unseren Zeiten,<br \/>\nes ist ja doch kein anderer nicht, der f\u00fcr uns k\u00f6nnte streiten,<br \/>\ndenn du, unser Gott, alleine.<br \/>\nDiesen frommen Lobgesang&#8230;<\/p>\n<p>Tenor II:<br \/>\nPriester und Papst und Urheber der Tugend,<br \/>\nguter Hirte inmitten des Volkes,<br \/>\nso hast du dem Herrn gefallen.<br \/>\nDiesen frommen Lobgesang&#8230;<\/td>\n<\/tr>\n<\/tbody>\n<\/table>\n","protected":false},"excerpt":{"rendered":"<p>Textdichter: Georg Slatkonia(?) Optime divino date munere pastor ovili Tandem qui laceri medicus gregis ulcera sanes. Sis felix pecori et nobis tuque ipse beatus. Sit totum pacare gregem tibi cura perennis; Reddatur pax alma tuis pax aurea saeptis et tua, qua polles, tam blando fistula cantu Foedere cornipetas concordi vinciat &hellip;<\/p>\n","protected":false},"author":2,"featured_media":0,"parent":28,"menu_order":3,"comment_status":"open","ping_status":"closed","template":"","meta":{"_crdt_document":"","_themeisle_gutenberg_block_has_review":false,"h5ap_radio_sources":[],"footnotes":""},"class_list":["post-86","page","type-page","status-publish","hentry"],"_links":{"self":[{"href":"http:\/\/www.cronopio.de\/seitenstetten-2017\/wp-json\/wp\/v2\/pages\/86","targetHints":{"allow":["GET"]}}],"collection":[{"href":"http:\/\/www.cronopio.de\/seitenstetten-2017\/wp-json\/wp\/v2\/pages"}],"about":[{"href":"http:\/\/www.cronopio.de\/seitenstetten-2017\/wp-json\/wp\/v2\/types\/page"}],"author":[{"embeddable":true,"href":"http:\/\/www.cronopio.de\/seitenstetten-2017\/wp-json\/wp\/v2\/users\/2"}],"replies":[{"embeddable":true,"href":"http:\/\/www.cronopio.de\/seitenstetten-2017\/wp-json\/wp\/v2\/comments?post=86"}],"version-history":[{"count":5,"href":"http:\/\/www.cronopio.de\/seitenstetten-2017\/wp-json\/wp\/v2\/pages\/86\/revisions"}],"predecessor-version":[{"id":223,"href":"http:\/\/www.cronopio.de\/seitenstetten-2017\/wp-json\/wp\/v2\/pages\/86\/revisions\/223"}],"up":[{"embeddable":true,"href":"http:\/\/www.cronopio.de\/seitenstetten-2017\/wp-json\/wp\/v2\/pages\/28"}],"wp:attachment":[{"href":"http:\/\/www.cronopio.de\/seitenstetten-2017\/wp-json\/wp\/v2\/media?parent=86"}],"curies":[{"name":"wp","href":"https:\/\/api.w.org\/{rel}","templated":true}]}}