{"id":28,"date":"2017-08-13T20:38:07","date_gmt":"2017-08-13T18:38:07","guid":{"rendered":"http:\/\/www.cronopio.de\/seitenstetten-2017\/?page_id=28"},"modified":"2017-08-17T11:59:16","modified_gmt":"2017-08-17T09:59:16","slug":"staats-und-repraesentationsmotetten","status":"publish","type":"page","link":"http:\/\/www.cronopio.de\/seitenstetten-2017\/staats-und-repraesentationsmotetten\/","title":{"rendered":"Staats- und Repr\u00e4sentationsmotetten"},"content":{"rendered":"<h5>Sancti Spiritus assit nobis gratia<\/h5>\n<p>Heinrich Isaac, 4 Stimmen<\/p>\n<ul>\n<li><a href=\"https:\/\/www.glueckskaese.de\/noten\/seitenstetten_17\/Weltlich\/Isaac\/Isaac_-_Sancti_spiritus_assit_nobis_gratia.pdf\">Partitur<\/a><\/li>\n<li><a href=\"http:\/\/www.cronopio.de\/seitenstetten-2017\/staats-und-repraesentationsmotetten\/sancti-spiritus-assit-nobis-gratia\/\">Text\u00fcbersetzung<\/a><\/li>\n<\/ul>\n<h5>Imperii proceres<\/h5>\n<p>Heinrich Isaac, 4 Stimmen<\/p>\n<ul>\n<li><a href=\"https:\/\/www.glueckskaese.de\/noten\/seitenstetten_17\/Weltlich\/Isaac\/Isaac_-_Imperii_proceres.pdf\">Partitur<\/a><\/li>\n<li><a href=\"https:\/\/www.glueckskaese.de\/noten\/seitenstetten_17\/Weltlich\/Isaac\/Isaac_-_Imperii_proceres-Einzelstimmen.pdf\">Einzelstimmen<\/a><\/li>\n<li><a href=\"http:\/\/www.cronopio.de\/seitenstetten-2017\/staats-und-repraesentationsmotetten\/imperii-proceres\/\">Text\u00fcbersetzung<\/a><\/li>\n<\/ul>\n<h5>Optime pastor<\/h5>\n<p>Heinrich Isaac, 6 Stimmen<\/p>\n<ul>\n<li><a href=\"https:\/\/www.glueckskaese.de\/noten\/seitenstetten_17\/Weltlich\/Isaac\/isaac_-_optime_pastor.pdf\">Partitur<\/a><\/li>\n<li><a href=\"https:\/\/www.glueckskaese.de\/noten\/seitenstetten_17\/Weltlich\/Isaac\/isaac_-_optime_pastor-Einzelstimmen.pdf\">Einzelstimmen<\/a><\/li>\n<li><a href=\"http:\/\/www.cronopio.de\/seitenstetten-2017\/staats-und-repraesentationsmotetten\/optime-pastor\/\">Text\u00fcbersetzung<\/a><\/li>\n<\/ul>\n<h5>Quis dabit capiti meo aquam<\/h5>\n<p>Heinrich Isaac, 4 Stimmen<\/p>\n<ul>\n<li><a href=\"https:\/\/www.glueckskaese.de\/noten\/seitenstetten_17\/Weltlich\/Isaac\/Isaac_-_Quis_dabit_capiti_meo_aquam.pdf\">Partitur<\/a><\/li>\n<li><a href=\"http:\/\/www.cronopio.de\/seitenstetten-2017\/staats-und-repraesentationsmotetten\/quis-dabit-capiti-meo-aquam\/\">Text\u00fcbersetzung<\/a><\/li>\n<\/ul>\n<h5>Quis dabit oculis<\/h5>\n<p>Costanzo Festa \/ Ludwig Senfl, 4 Stimmen<\/p>\n<ul>\n<li><a href=\"https:\/\/www.glueckskaese.de\/noten\/seitenstetten_17\/Weltlich\/Senfl\/quis_dabit_oculis.pdf\">Partitur<\/a><\/li>\n<li><a href=\"https:\/\/www.glueckskaese.de\/noten\/seitenstetten_17\/Weltlich\/Senfl\/quis_dabit_oculis-Einzelstimmen.pdf\">Einzelstimmen<\/a><\/li>\n<li><a href=\"http:\/\/www.cronopio.de\/seitenstetten-2017\/staats-und-repraesentationsmotetten\/quis-dabit-oculis\/\">Text\u00fcbersetzung<\/a><\/li>\n<\/ul>\n<h5>Martia terque quater<\/h5>\n<p>Ludwig Senfl (?), 6 Stimmen<\/p>\n<ul>\n<li><a href=\"https:\/\/www.glueckskaese.de\/noten\/seitenstetten_17\/Weltlich\/Senfl\/Senfl_-_Martia_terque_quater.pdf\">Partitur<\/a><\/li>\n<li><a href=\"http:\/\/www.cronopio.de\/seitenstetten-2017\/staats-und-repraesentationsmotetten\/martia-terque-quater\/\">Text\u00fcbersetzung<\/a><\/li>\n<\/ul>\n","protected":false},"excerpt":{"rendered":"<p>Sancti Spiritus assit nobis gratia Heinrich Isaac, 4 Stimmen Partitur Text\u00fcbersetzung Imperii proceres Heinrich Isaac, 4 Stimmen Partitur Einzelstimmen Text\u00fcbersetzung Optime pastor Heinrich Isaac, 6 Stimmen Partitur Einzelstimmen Text\u00fcbersetzung Quis dabit capiti meo aquam Heinrich Isaac, 4 Stimmen Partitur Text\u00fcbersetzung Quis dabit oculis Costanzo Festa \/ Ludwig Senfl, 4 Stimmen &hellip;<\/p>\n","protected":false},"author":2,"featured_media":0,"parent":0,"menu_order":1,"comment_status":"open","ping_status":"closed","template":"","meta":{"_crdt_document":"","_themeisle_gutenberg_block_has_review":false,"h5ap_radio_sources":[],"footnotes":""},"class_list":["post-28","page","type-page","status-publish","hentry"],"_links":{"self":[{"href":"http:\/\/www.cronopio.de\/seitenstetten-2017\/wp-json\/wp\/v2\/pages\/28","targetHints":{"allow":["GET"]}}],"collection":[{"href":"http:\/\/www.cronopio.de\/seitenstetten-2017\/wp-json\/wp\/v2\/pages"}],"about":[{"href":"http:\/\/www.cronopio.de\/seitenstetten-2017\/wp-json\/wp\/v2\/types\/page"}],"author":[{"embeddable":true,"href":"http:\/\/www.cronopio.de\/seitenstetten-2017\/wp-json\/wp\/v2\/users\/2"}],"replies":[{"embeddable":true,"href":"http:\/\/www.cronopio.de\/seitenstetten-2017\/wp-json\/wp\/v2\/comments?post=28"}],"version-history":[{"count":11,"href":"http:\/\/www.cronopio.de\/seitenstetten-2017\/wp-json\/wp\/v2\/pages\/28\/revisions"}],"predecessor-version":[{"id":225,"href":"http:\/\/www.cronopio.de\/seitenstetten-2017\/wp-json\/wp\/v2\/pages\/28\/revisions\/225"}],"wp:attachment":[{"href":"http:\/\/www.cronopio.de\/seitenstetten-2017\/wp-json\/wp\/v2\/media?parent=28"}],"curies":[{"name":"wp","href":"https:\/\/api.w.org\/{rel}","templated":true}]}}