{"id":200,"date":"2017-08-14T08:41:20","date_gmt":"2017-08-14T06:41:20","guid":{"rendered":"http:\/\/www.cronopio.de\/seitenstetten-2017\/?page_id=200"},"modified":"2017-08-14T08:42:21","modified_gmt":"2017-08-14T06:42:21","slug":"virgo-prudentissima","status":"publish","type":"page","link":"http:\/\/www.cronopio.de\/seitenstetten-2017\/geistliche-vokalmusik\/virgo-prudentissima\/","title":{"rendered":"Virgo prudentissima"},"content":{"rendered":"<p>Text nach Hoheslied 6,9<\/p>\n<table>\n<tbody>\n<tr>\n<td>Virgo prudentissima, quo progrederis,<br \/>\nquasi aurora valde rutilans?<br \/>\nFilia Syon, tota formosa et suavis es,<br \/>\npulchra ut luna,<br \/>\nelecta ut sol.<\/td>\n<td>Weiseste Jungfrau, wohin eilst du,<br \/>\nrotgl\u00e4nzend wie die Morgenr\u00f6te?<br \/>\nTochter Zion, du bist g\u00e4nzlich sch\u00f6n und lieblich,<br \/>\nsch\u00f6n wie der Mond,<br \/>\nauserlesen wie die Sonne.<\/td>\n<\/tr>\n<\/tbody>\n<\/table>\n","protected":false},"excerpt":{"rendered":"<p>Text nach Hoheslied 6,9 Virgo prudentissima, quo progrederis, quasi aurora valde rutilans? Filia Syon, tota formosa et suavis es, pulchra ut luna, electa ut sol. Weiseste Jungfrau, wohin eilst du, rotgl\u00e4nzend wie die Morgenr\u00f6te? Tochter Zion, du bist g\u00e4nzlich sch\u00f6n und lieblich, sch\u00f6n wie der Mond, auserlesen wie die Sonne.<\/p>\n","protected":false},"author":2,"featured_media":0,"parent":38,"menu_order":9,"comment_status":"closed","ping_status":"closed","template":"","meta":{"_crdt_document":"","_themeisle_gutenberg_block_has_review":false,"h5ap_radio_sources":[],"footnotes":""},"class_list":["post-200","page","type-page","status-publish","hentry"],"_links":{"self":[{"href":"http:\/\/www.cronopio.de\/seitenstetten-2017\/wp-json\/wp\/v2\/pages\/200","targetHints":{"allow":["GET"]}}],"collection":[{"href":"http:\/\/www.cronopio.de\/seitenstetten-2017\/wp-json\/wp\/v2\/pages"}],"about":[{"href":"http:\/\/www.cronopio.de\/seitenstetten-2017\/wp-json\/wp\/v2\/types\/page"}],"author":[{"embeddable":true,"href":"http:\/\/www.cronopio.de\/seitenstetten-2017\/wp-json\/wp\/v2\/users\/2"}],"replies":[{"embeddable":true,"href":"http:\/\/www.cronopio.de\/seitenstetten-2017\/wp-json\/wp\/v2\/comments?post=200"}],"version-history":[{"count":2,"href":"http:\/\/www.cronopio.de\/seitenstetten-2017\/wp-json\/wp\/v2\/pages\/200\/revisions"}],"predecessor-version":[{"id":203,"href":"http:\/\/www.cronopio.de\/seitenstetten-2017\/wp-json\/wp\/v2\/pages\/200\/revisions\/203"}],"up":[{"embeddable":true,"href":"http:\/\/www.cronopio.de\/seitenstetten-2017\/wp-json\/wp\/v2\/pages\/38"}],"wp:attachment":[{"href":"http:\/\/www.cronopio.de\/seitenstetten-2017\/wp-json\/wp\/v2\/media?parent=200"}],"curies":[{"name":"wp","href":"https:\/\/api.w.org\/{rel}","templated":true}]}}