{"id":177,"date":"2017-08-14T07:44:48","date_gmt":"2017-08-14T05:44:48","guid":{"rendered":"http:\/\/www.cronopio.de\/seitenstetten-2017\/?page_id=177"},"modified":"2017-08-14T07:45:40","modified_gmt":"2017-08-14T05:45:40","slug":"laudate-dominum","status":"publish","type":"page","link":"http:\/\/www.cronopio.de\/seitenstetten-2017\/geistliche-vokalmusik\/laudate-dominum\/","title":{"rendered":"Laudate Dominum"},"content":{"rendered":"<p>Text: Psalm 116 (Vulgata) bzw. 117 (Luther)<\/p>\n<table>\n<tbody>\n<td>Laudate Dominum, omnes gentes,<br \/>\nlaudate eum, omnes populi,<br \/>\nquoniam confirmata est super nos misericordia eius,<br \/>\net veritas Domini manet in aeternum.<\/td>\n<td>Lobet den Herrn, alle Heiden,<br \/>\nlobt ihn, alle V\u00f6lker,<br \/>\ndenn seine Barmherzigkeit \u00fcber uns ist gewi\u00df,<br \/>\nund die Wahrheit des Herrn bleibet in Ewigkeit.<\/td>\n<\/tr>\n<\/tbody>\n<\/table>\n","protected":false},"excerpt":{"rendered":"<p>Text: Psalm 116 (Vulgata) bzw. 117 (Luther) Laudate Dominum, omnes gentes, laudate eum, omnes populi, quoniam confirmata est super nos misericordia eius, et veritas Domini manet in aeternum. Lobet den Herrn, alle Heiden, lobt ihn, alle V\u00f6lker, denn seine Barmherzigkeit \u00fcber uns ist gewi\u00df, und die Wahrheit des Herrn bleibet &hellip;<\/p>\n","protected":false},"author":2,"featured_media":0,"parent":38,"menu_order":3,"comment_status":"closed","ping_status":"closed","template":"","meta":{"_crdt_document":"","_themeisle_gutenberg_block_has_review":false,"h5ap_radio_sources":[],"footnotes":""},"class_list":["post-177","page","type-page","status-publish","hentry"],"_links":{"self":[{"href":"http:\/\/www.cronopio.de\/seitenstetten-2017\/wp-json\/wp\/v2\/pages\/177","targetHints":{"allow":["GET"]}}],"collection":[{"href":"http:\/\/www.cronopio.de\/seitenstetten-2017\/wp-json\/wp\/v2\/pages"}],"about":[{"href":"http:\/\/www.cronopio.de\/seitenstetten-2017\/wp-json\/wp\/v2\/types\/page"}],"author":[{"embeddable":true,"href":"http:\/\/www.cronopio.de\/seitenstetten-2017\/wp-json\/wp\/v2\/users\/2"}],"replies":[{"embeddable":true,"href":"http:\/\/www.cronopio.de\/seitenstetten-2017\/wp-json\/wp\/v2\/comments?post=177"}],"version-history":[{"count":2,"href":"http:\/\/www.cronopio.de\/seitenstetten-2017\/wp-json\/wp\/v2\/pages\/177\/revisions"}],"predecessor-version":[{"id":180,"href":"http:\/\/www.cronopio.de\/seitenstetten-2017\/wp-json\/wp\/v2\/pages\/177\/revisions\/180"}],"up":[{"embeddable":true,"href":"http:\/\/www.cronopio.de\/seitenstetten-2017\/wp-json\/wp\/v2\/pages\/38"}],"wp:attachment":[{"href":"http:\/\/www.cronopio.de\/seitenstetten-2017\/wp-json\/wp\/v2\/media?parent=177"}],"curies":[{"name":"wp","href":"https:\/\/api.w.org\/{rel}","templated":true}]}}