{"id":436,"date":"2021-09-07T21:37:20","date_gmt":"2021-09-07T19:37:20","guid":{"rendered":"http:\/\/www.cronopio.de\/sakrale-kunst-moedling\/?page_id=436"},"modified":"2021-09-07T21:37:21","modified_gmt":"2021-09-07T19:37:21","slug":"fleischhauerfahne","status":"publish","type":"page","link":"http:\/\/www.cronopio.de\/sakrale-kunst-moedling\/romisch-katholische-kirchen\/fleischhauerfahne\/","title":{"rendered":"Fleischhauerfahne"},"content":{"rendered":"\n<section class=\"wp-block-themeisle-blocks-advanced-columns alignfull has-1-columns has-desktop-equal-layout has-tablet-equal-layout has-mobile-equal-layout has-nogap-gap has-vertical-flex-start\" id=\"wp-block-themeisle-blocks-advanced-columns-5bf726c2\"><div class=\"wp-block-themeisle-blocks-advanced-columns-overlay\"><\/div><div class=\"innerblocks-wrap\">\n<div class=\"wp-block-themeisle-blocks-advanced-column\" id=\"wp-block-themeisle-blocks-advanced-column-b117481f\">\n<h2 class=\"has-headings-color has-text-color wp-block-heading\">Die Fleischhauerinnung in M\u00f6dling<\/h2>\n\n\n\n<p class=\"has-headings-color has-text-color wp-block-paragraph\">1423 gr\u00fcndeten die <em>Herren von Winden<\/em> in M\u00f6dling eine Fleischbank. Insgesamt gab es f\u00fcnf Fleischl\u00e4den, die heutige Fleischgasse erinnert daran. Ein Laden verkaufte koscheres Fleisch f\u00fcr die j\u00fcdische Bev\u00f6lkerung. Dahinter befand sich das Innungshaus, genutzt f\u00fcr verschiedene Veranstaltungen.<\/p>\n\n\n\n<p class=\"has-headings-color has-text-color wp-block-paragraph\">Noch im 18. Jh. war am Aschermittwoch der \u201eMetzgersprung\u201c \u00fcblich.<\/p>\n\n\n\n<p class=\"has-headings-color has-text-color wp-block-paragraph\">1875 wurden unter B\u00fcrgermeister <em>Sch\u00f6ffel<\/em> die alten Fleischb\u00e4nke aus dem 15. Jahrhundert geschleift und das neue \u201eHaus der Fleischergenossenschaft\u201c mit dem \u201eHotel Stadt M\u00f6dling\u201c gegr\u00fcndet.<\/p>\n<\/div>\n<\/div><\/section>\n\n\n\n<section class=\"wp-block-themeisle-blocks-advanced-columns alignfull has-2-columns has-desktop-equal-layout has-tablet-equal-layout has-mobile-collapsedRows-layout has-nogap-gap has-vertical-flex-start\" id=\"wp-block-themeisle-blocks-advanced-columns-0e5add94\"><div class=\"wp-block-themeisle-blocks-advanced-columns-overlay\"><\/div><div class=\"innerblocks-wrap\">\n<div class=\"wp-block-themeisle-blocks-advanced-column\" id=\"wp-block-themeisle-blocks-advanced-column-5e0b82f0\">\n<h2 class=\"wp-block-heading\">Fahne der Fleischhauer aus dem Jahr (1782?) 1858 <\/h2>\n\n\n\n<h3 class=\"wp-block-heading\">\u201eDem ehrsamen M\u00f6dlinger Fleischhacker Handwerk\u201c<\/h3>\n\n\n\n<p class=\"wp-block-paragraph\">Stilistisch und maltechnisch ist die Malerei dem 19. Jh. zuzuordnen.<\/p>\n\n\n\n<p class=\"wp-block-paragraph\">Beidseitig bemaltes Fahnenbild<\/p>\n\n\n\n<p class=\"wp-block-paragraph\">Schauseite: Hl. Nikolaus (Hl. Petrus?), R\u00fcckseite: Johannes der T\u00e4ufer<\/p>\n\n\n\n<p class=\"wp-block-paragraph\">Konservierung\/Restaurierung: J\u00e4nner \u2013 Mai 2021 durch Brigitte Futscher (Gem\u00e4lde) und Elisabeth Macho-Biegler (Textil)<\/p>\n\n\n\n<p class=\"wp-block-paragraph\"><strong>Deutung des Gem\u00e4ldes:<br><\/strong>Darstellung des Heiligen nach der j\u00fcdischen Tradition:<br>Brustplatte eines Hohen Priesters, blaue Farbe des Oberkleides, G\u00fcrtel, Sch\u00e4chtmesser, Bluttasse zum Auffangen des Blutes, Opferfeuer und rituelles Opfer<\/p>\n\n\n\n<p class=\"wp-block-paragraph\">Wurde die Fahne von den j\u00fcdischen Fleischhauern M\u00f6dlings mitbezahlt und die Darstellung des Heiligen mitbestimmt?<\/p>\n<\/div>\n\n\n\n<div class=\"wp-block-themeisle-blocks-advanced-column\" id=\"wp-block-themeisle-blocks-advanced-column-895d4c6e\"><style type=\"text\/css\">\n#foogallery-gallery-433 .fg-image { width: 150px; }\n#foogallery-gallery-433 { --fg-gutter: 10px; }<\/style>\n\t\t\t<div class=\"foogallery foogallery-container foogallery-default foogallery-lightbox-foobox fg-center fg-default fg-ready fg-light fg-border-thin fg-shadow-outline fg-loading-default fg-loaded-fade-in fg-caption-hover fg-hover-fade fg-hover-zoom\" id=\"foogallery-gallery-433\" data-foogallery=\"{&quot;item&quot;:{&quot;showCaptionTitle&quot;:false,&quot;showCaptionDescription&quot;:true},&quot;lazy&quot;:true}\" style=\"--fg-title-line-clamp: 0; --fg-description-line-clamp: 0;\" >\n\t<div class=\"fg-item fg-type-image fg-idle\"><figure class=\"fg-item-inner\"><a href=\"http:\/\/www.cronopio.de\/sakrale-kunst-moedling\/wp-content\/uploads\/sites\/14\/2021\/09\/Fahne-vorne-scaled.jpg\" data-caption-title=\"Fahne der Fleischhauer aus dem Jahr (1782?) 1858 - Vorderseite mit Nikolaus von Myra\" data-attachment-id=\"435\" data-type=\"image\" class=\"fg-thumb\"><span class=\"fg-image-wrap\"><img decoding=\"async\" title=\"Fahne der Fleischhauer aus dem Jahr (1782?) 1858 - Vorderseite mit Nikolaus von Myra\" width=\"150\" height=\"300\" class=\"skip-lazy fg-image\" data-src-fg=\"http:\/\/www.cronopio.de\/sakrale-kunst-moedling\/wp-content\/uploads\/sites\/14\/cache\/2021\/09\/Fahne-vorne-scaled\/4563045.jpg\" src=\"data:image\/svg+xml,%3Csvg%20xmlns%3D%22http%3A%2F%2Fwww.w3.org%2F2000%2Fsvg%22%20width%3D%22150%22%20height%3D%22300%22%20viewBox%3D%220%200%20150%20300%22%3E%3C%2Fsvg%3E\" loading=\"eager\"><\/span><span class=\"fg-image-overlay\"><\/span><\/a><\/figure><div class=\"fg-loader\"><\/div><\/div><div class=\"fg-item fg-type-image fg-idle\"><figure class=\"fg-item-inner\"><a href=\"http:\/\/www.cronopio.de\/sakrale-kunst-moedling\/wp-content\/uploads\/sites\/14\/2021\/09\/Fahne-vorne_Detail-scaled.jpg\" data-caption-title=\"Fahne der Fleischhauer aus dem Jahr (1782?) 1858 - Detail der Vorderseite mit Nikolaus von Myra\" data-attachment-id=\"504\" data-type=\"image\" class=\"fg-thumb\"><span class=\"fg-image-wrap\"><img decoding=\"async\" alt=\"Fleischhauerfahne\" title=\"Fahne der Fleischhauer aus dem Jahr (1782?) 1858 - Detail der Vorderseite mit Nikolaus von Myra\" width=\"150\" height=\"300\" class=\"skip-lazy fg-image\" data-src-fg=\"http:\/\/www.cronopio.de\/sakrale-kunst-moedling\/wp-content\/uploads\/sites\/14\/cache\/2021\/09\/Fahne-vorne_Detail-scaled\/1291933246.jpg\" src=\"data:image\/svg+xml,%3Csvg%20xmlns%3D%22http%3A%2F%2Fwww.w3.org%2F2000%2Fsvg%22%20width%3D%22150%22%20height%3D%22300%22%20viewBox%3D%220%200%20150%20300%22%3E%3C%2Fsvg%3E\" loading=\"eager\"><\/span><span class=\"fg-image-overlay\"><\/span><\/a><\/figure><div class=\"fg-loader\"><\/div><\/div><div class=\"fg-item fg-type-image fg-idle\"><figure class=\"fg-item-inner\"><a href=\"http:\/\/www.cronopio.de\/sakrale-kunst-moedling\/wp-content\/uploads\/sites\/14\/2021\/09\/Fahne-hinten-scaled.jpg\" data-caption-title=\"Fahne der Fleischhauer aus dem Jahr (1782?) 1858 - R\u00fcckseite\" data-attachment-id=\"434\" data-type=\"image\" class=\"fg-thumb\"><span class=\"fg-image-wrap\"><img decoding=\"async\" alt=\"Fleischhauerfahne\" title=\"Fahne der Fleischhauer aus dem Jahr (1782?) 1858 - R\u00fcckseite\" width=\"150\" height=\"300\" class=\"skip-lazy fg-image\" data-src-fg=\"http:\/\/www.cronopio.de\/sakrale-kunst-moedling\/wp-content\/uploads\/sites\/14\/cache\/2021\/09\/Fahne-hinten-scaled\/161632746.jpg\" src=\"data:image\/svg+xml,%3Csvg%20xmlns%3D%22http%3A%2F%2Fwww.w3.org%2F2000%2Fsvg%22%20width%3D%22150%22%20height%3D%22300%22%20viewBox%3D%220%200%20150%20300%22%3E%3C%2Fsvg%3E\" loading=\"eager\"><\/span><span class=\"fg-image-overlay\"><\/span><\/a><\/figure><div class=\"fg-loader\"><\/div><\/div><\/div>\n<\/div>\n<\/div><\/section>\n","protected":false},"excerpt":{"rendered":"","protected":false},"author":2,"featured_media":0,"parent":25,"menu_order":0,"comment_status":"closed","ping_status":"closed","template":"","meta":{"_crdt_document":"","_themeisle_gutenberg_block_has_review":false,"h5ap_radio_sources":[],"footnotes":""},"class_list":["post-436","page","type-page","status-publish","hentry"],"_links":{"self":[{"href":"http:\/\/www.cronopio.de\/sakrale-kunst-moedling\/wp-json\/wp\/v2\/pages\/436","targetHints":{"allow":["GET"]}}],"collection":[{"href":"http:\/\/www.cronopio.de\/sakrale-kunst-moedling\/wp-json\/wp\/v2\/pages"}],"about":[{"href":"http:\/\/www.cronopio.de\/sakrale-kunst-moedling\/wp-json\/wp\/v2\/types\/page"}],"author":[{"embeddable":true,"href":"http:\/\/www.cronopio.de\/sakrale-kunst-moedling\/wp-json\/wp\/v2\/users\/2"}],"replies":[{"embeddable":true,"href":"http:\/\/www.cronopio.de\/sakrale-kunst-moedling\/wp-json\/wp\/v2\/comments?post=436"}],"version-history":[{"count":1,"href":"http:\/\/www.cronopio.de\/sakrale-kunst-moedling\/wp-json\/wp\/v2\/pages\/436\/revisions"}],"predecessor-version":[{"id":437,"href":"http:\/\/www.cronopio.de\/sakrale-kunst-moedling\/wp-json\/wp\/v2\/pages\/436\/revisions\/437"}],"up":[{"embeddable":true,"href":"http:\/\/www.cronopio.de\/sakrale-kunst-moedling\/wp-json\/wp\/v2\/pages\/25"}],"wp:attachment":[{"href":"http:\/\/www.cronopio.de\/sakrale-kunst-moedling\/wp-json\/wp\/v2\/media?parent=436"}],"curies":[{"name":"wp","href":"https:\/\/api.w.org\/{rel}","templated":true}]}}