{"id":282,"date":"2021-09-03T21:33:57","date_gmt":"2021-09-03T19:33:57","guid":{"rendered":"http:\/\/www.cronopio.de\/sakrale-kunst-moedling\/?page_id=282"},"modified":"2021-09-04T14:40:36","modified_gmt":"2021-09-04T12:40:36","slug":"spitalkirche","status":"publish","type":"page","link":"http:\/\/www.cronopio.de\/sakrale-kunst-moedling\/romisch-katholische-kirchen\/spitalkirche\/","title":{"rendered":"St. \u00c4gidius- oder Spitalkirche"},"content":{"rendered":"\n<section class=\"wp-block-themeisle-blocks-advanced-columns alignfull has-2-columns has-desktop-equal-layout has-tablet-equal-layout has-mobile-collapsedRows-layout has-nogap-gap has-vertical-flex-start\" id=\"wp-block-themeisle-blocks-advanced-columns-5bf726c2\"><div class=\"wp-block-themeisle-blocks-advanced-columns-overlay\"><\/div><div class=\"innerblocks-wrap\">\n<div class=\"wp-block-themeisle-blocks-advanced-column\" id=\"wp-block-themeisle-blocks-advanced-column-b117481f\">\n<p class=\"has-headings-color has-text-color wp-block-paragraph\">1443\u20131453 Bau der Kirche \u00f6stlich anschlie\u00dfend an das ehem. \u201eB\u00fcrgerspital\u201c (nach heutigen Begriffen ein Armen- und Siechenheim). Urspr\u00fcnglich der Hl. Katharina geweiht, diente die Kirche immer wieder als Pfarrkirche, wenn die <a href=\"http:\/\/www.cronopio.de\/sakrale-kunst-moedling\/romisch-katholische-kirchen\/st-othmar\/\">Othmarkirche<\/a> zerst\u00f6rt und unben\u00fctzbar war (T\u00fcrkenkriege).<\/p>\n\n\n\n<p class=\"has-headings-color has-text-color wp-block-paragraph\">16. Jahrhundert Die \u00fcberwiegend <a href=\"http:\/\/www.cronopio.de\/sakrale-kunst-moedling\/evangelische-gemeinde-ab\/\">protestantische Bev\u00f6lkerung<\/a> feiert in der Spitalkirche ihre Gottesdienste.<\/p>\n\n\n\n<p class=\"has-headings-color has-text-color wp-block-paragraph\">um 1600: einzig erhaltene Darstellung evangelischer B\u00fcrger auf zwei Epitaphen:<br>1583 Ratsherr und Marktrichter Franz Gueth<br>nach 1600 Wagner Andre Reiser und Familie<\/p>\n\n\n\n<p class=\"has-headings-color has-text-color wp-block-paragraph\">1685 Errichtung des heutigen Dachstuhls<\/p>\n\n\n\n<p class=\"has-headings-color has-text-color wp-block-paragraph\">1879 Gr\u00fcndung des Kirchenrestaurierungsvereins<\/p>\n\n\n\n<p class=\"has-headings-color has-text-color wp-block-paragraph\">1879\u20131882 umfangreiche Regotisierung der Kirche:<\/p>\n\n\n\n<ul class=\"has-headings-color has-text-color wp-block-list\"><li>Altar: Entfernung des Barockaltars zu Gunsten eines neugotischen Schnitzaltars und Tabernakels aus dem Gr\u00f6dnertal<\/li><li>Fenster: Erneuerung des Ma\u00dfwerks und \u00d6ffnung des Mittelfensters. Die Geldgeber lassen sich verewigen (<em>B\u00fcrgermeister Sch\u00f6ffel<\/em>, <em>Regenhardt-Zappory<\/em>). Fertigung der Fenster von Innsbrucker Glasmalern.<\/li><li>Deckenfresken von den Br\u00fcdern <em>Franz<\/em> (1840\u20131890) und <em>Karl<\/em> (1835\u20131907) <em>Jobst<\/em>. Sie stehen in der \u00dcbergangsphase vom Historismus zum Jugendstil. Ihre Wandmalereien finden sich in zahlreichen Kirchen und Schl\u00f6ssern der Monarchie: u.a. Votivkirche\/Wien, Dom\/Esztergom, Universit\u00e4t\/Czernowitz.<\/li><\/ul>\n\n\n\n<p class=\"has-headings-color has-text-color wp-block-paragraph\">1981 Restaurierung durch den M\u00f6dlinger Restaurator <em>Ferdinand Melka<\/em> (1940\u20132016)<\/p>\n\n\n\n<p class=\"has-headings-color has-text-color wp-block-paragraph\">Errichtung des Volksaltars mit Reliquien der Hl. Katharina und des Hl. Adalbert (Namenspatron des ehem. Pfarrers Adalbert Kowatschitsch).<\/p>\n<\/div>\n\n\n\n<div class=\"wp-block-themeisle-blocks-advanced-column\" id=\"wp-block-themeisle-blocks-advanced-column-322f317f\"><style type=\"text\/css\">\n#foogallery-gallery-357 .fg-image { width: 150px; }\n#foogallery-gallery-357 { --fg-gutter: 10px; }<\/style>\n\t\t\t<div class=\"foogallery foogallery-container foogallery-default foogallery-lightbox-foobox fg-center fg-default fg-ready fg-light fg-border-thin fg-shadow-small fg-loading-default fg-loaded-fade-in fg-caption-hover fg-hover-fade fg-hover-zoom\" id=\"foogallery-gallery-357\" data-foogallery=\"{&quot;item&quot;:{&quot;showCaptionTitle&quot;:true,&quot;showCaptionDescription&quot;:true},&quot;lazy&quot;:true}\" style=\"--fg-title-line-clamp: 0; --fg-description-line-clamp: 0;\" >\n\t<div class=\"fg-item fg-type-image fg-idle\"><figure class=\"fg-item-inner\"><a href=\"http:\/\/www.cronopio.de\/sakrale-kunst-moedling\/wp-content\/uploads\/sites\/14\/2021\/09\/P6122064.jpg\" data-caption-title=\"Spitalkirche\" data-attachment-id=\"261\" data-type=\"image\" class=\"fg-thumb\"><span class=\"fg-image-wrap\"><img decoding=\"async\" title=\"Spitalkirche\" width=\"150\" height=\"150\" class=\"skip-lazy fg-image\" data-src-fg=\"http:\/\/www.cronopio.de\/sakrale-kunst-moedling\/wp-content\/uploads\/sites\/14\/cache\/2021\/09\/P6122064\/1547262811.jpg\" src=\"data:image\/svg+xml,%3Csvg%20xmlns%3D%22http%3A%2F%2Fwww.w3.org%2F2000%2Fsvg%22%20width%3D%22150%22%20height%3D%22150%22%20viewBox%3D%220%200%20150%20150%22%3E%3C%2Fsvg%3E\" loading=\"eager\"><\/span><span class=\"fg-image-overlay\"><\/span><\/a><\/figure><div class=\"fg-loader\"><\/div><\/div><div class=\"fg-item fg-type-image fg-idle\"><figure class=\"fg-item-inner\"><a href=\"http:\/\/www.cronopio.de\/sakrale-kunst-moedling\/wp-content\/uploads\/sites\/14\/2021\/09\/Screenshot-2021-07-17-at-19-06-02-Spitalkirche-in-Moedling.png\" data-caption-title=\"Deckenfresko in der Spitalkirche, Br\u00fcder Franz (1840\u20131890) und Karl (1835\u20131907) Jobst\" data-attachment-id=\"358\" data-type=\"image\" class=\"fg-thumb\"><span class=\"fg-image-wrap\"><img decoding=\"async\" title=\"Deckenfresko in der Spitalkirche, Br\u00fcder Franz (1840\u20131890) und Karl (1835\u20131907) Jobst\" width=\"150\" height=\"150\" class=\"skip-lazy fg-image\" data-src-fg=\"http:\/\/www.cronopio.de\/sakrale-kunst-moedling\/wp-content\/uploads\/sites\/14\/cache\/2021\/09\/Screenshot-2021-07-17-at-19-06-02-Spitalkirche-in-Moedling\/3962246075.png\" src=\"data:image\/svg+xml,%3Csvg%20xmlns%3D%22http%3A%2F%2Fwww.w3.org%2F2000%2Fsvg%22%20width%3D%22150%22%20height%3D%22150%22%20viewBox%3D%220%200%20150%20150%22%3E%3C%2Fsvg%3E\" loading=\"eager\"><\/span><span class=\"fg-image-overlay\"><\/span><\/a><\/figure><div class=\"fg-loader\"><\/div><\/div><\/div>\n<\/div>\n<\/div><\/section>\n","protected":false},"excerpt":{"rendered":"","protected":false},"author":2,"featured_media":0,"parent":25,"menu_order":0,"comment_status":"closed","ping_status":"closed","template":"","meta":{"_crdt_document":"","_themeisle_gutenberg_block_has_review":false,"h5ap_radio_sources":[],"footnotes":""},"class_list":["post-282","page","type-page","status-publish","hentry"],"_links":{"self":[{"href":"http:\/\/www.cronopio.de\/sakrale-kunst-moedling\/wp-json\/wp\/v2\/pages\/282","targetHints":{"allow":["GET"]}}],"collection":[{"href":"http:\/\/www.cronopio.de\/sakrale-kunst-moedling\/wp-json\/wp\/v2\/pages"}],"about":[{"href":"http:\/\/www.cronopio.de\/sakrale-kunst-moedling\/wp-json\/wp\/v2\/types\/page"}],"author":[{"embeddable":true,"href":"http:\/\/www.cronopio.de\/sakrale-kunst-moedling\/wp-json\/wp\/v2\/users\/2"}],"replies":[{"embeddable":true,"href":"http:\/\/www.cronopio.de\/sakrale-kunst-moedling\/wp-json\/wp\/v2\/comments?post=282"}],"version-history":[{"count":5,"href":"http:\/\/www.cronopio.de\/sakrale-kunst-moedling\/wp-json\/wp\/v2\/pages\/282\/revisions"}],"predecessor-version":[{"id":361,"href":"http:\/\/www.cronopio.de\/sakrale-kunst-moedling\/wp-json\/wp\/v2\/pages\/282\/revisions\/361"}],"up":[{"embeddable":true,"href":"http:\/\/www.cronopio.de\/sakrale-kunst-moedling\/wp-json\/wp\/v2\/pages\/25"}],"wp:attachment":[{"href":"http:\/\/www.cronopio.de\/sakrale-kunst-moedling\/wp-json\/wp\/v2\/media?parent=282"}],"curies":[{"name":"wp","href":"https:\/\/api.w.org\/{rel}","templated":true}]}}