{"id":279,"date":"2021-09-03T21:33:15","date_gmt":"2021-09-03T19:33:15","guid":{"rendered":"http:\/\/www.cronopio.de\/sakrale-kunst-moedling\/?page_id=279"},"modified":"2021-09-04T14:27:56","modified_gmt":"2021-09-04T12:27:56","slug":"st-othmar","status":"publish","type":"page","link":"http:\/\/www.cronopio.de\/sakrale-kunst-moedling\/romisch-katholische-kirchen\/st-othmar\/","title":{"rendered":"St. Othmar"},"content":{"rendered":"\n<section class=\"wp-block-themeisle-blocks-advanced-columns alignfull has-2-columns has-desktop-equal-layout has-tablet-equal-layout has-mobile-collapsedRows-layout has-nogap-gap has-vertical-flex-start\" id=\"wp-block-themeisle-blocks-advanced-columns-5bf726c2\"><div class=\"wp-block-themeisle-blocks-advanced-columns-overlay\"><\/div><div class=\"innerblocks-wrap\">\n<div class=\"wp-block-themeisle-blocks-advanced-column\" id=\"wp-block-themeisle-blocks-advanced-column-b117481f\">\n<p class=\"has-headings-color has-text-color wp-block-paragraph\">Von Anfang an bestand das Patrozinium des Hl. Otmar [sic], aber immer wieder (1440, 1596) wird die Kirche als (Lieb-) Frauenkirche bezeichnet.<\/p>\n\n\n\n<p class=\"has-headings-color has-text-color wp-block-paragraph\">Im Zuge der Kirchenrenovierung 1982 wurden vom Bundesdenkmalamt arch\u00e4ologische Grabungen durchgef\u00fchrt. Laut heutigem Stand der Mauerwerksanalysen kommt f\u00fcr den Prim\u00e4rbau von St. Othmar (eine romanische Chorquadratkapelle) vermutlich das 11. oder 12. Jahrhundert in Frage. In den Grundmauern dieses romanischen Vorg\u00e4ngerbaus fand man einen r\u00f6mischen Grabstein mit Reliefdarstellungen von Venus, Herkules und eines Kriegers. \u00c4ltester Fund im Bereich von St. Othmar.<\/p>\n\n\n\n<p class=\"has-headings-color has-text-color wp-block-paragraph\">1113 erste urkundliche Erw\u00e4hnung der Pfarre M\u00f6dling (Schenkung an das Stift Melk)<\/p>\n\n\n\n<p class=\"has-headings-color has-text-color wp-block-paragraph\">1252 von den Ungarn zerst\u00f6rt<\/p>\n\n\n\n<p class=\"has-headings-color has-text-color wp-block-paragraph\">13.\u201315. Jh. gotische Vorg\u00e4ngerbauten<\/p>\n\n\n\n<p class=\"has-headings-color has-text-color wp-block-paragraph\">13. Mai 1454 Grundsteinlegung f\u00fcr den heutigen Kirchenbau<\/p>\n\n\n\n<p class=\"has-headings-color has-text-color wp-block-paragraph\">1525 Kirchweih des heutigen Baus<\/p>\n\n\n\n<p class=\"has-headings-color has-text-color wp-block-paragraph\">1529 Zerst\u00f6rung der Kirche im 1. T\u00fcrkenkrieg<\/p>\n\n\n\n<p class=\"has-headings-color has-text-color wp-block-paragraph\">12. November 1556 Ferdinand I. \u00fcbertr\u00e4gt das Patronat der Pfarre dem Rat von M\u00f6dling<\/p>\n\n\n\n<p class=\"has-headings-color has-text-color wp-block-paragraph\">1643 Ein Blitzschlag zerst\u00f6rt Fenster und Ma\u00dfwerk.<\/p>\n\n\n\n<p class=\"has-headings-color has-text-color wp-block-paragraph\">1679 Pest<\/p>\n\n\n\n<p class=\"has-headings-color has-text-color wp-block-paragraph\">1683 2. T\u00fcrkenkrieg, die Stadt und die Othmarkirche sind zerst\u00f6rt, das Gew\u00f6lbe bleibt erhalten.<\/p>\n\n\n\n<p class=\"has-headings-color has-text-color wp-block-paragraph\">1690\u20131760 Barockisierung der Othmarkirche: Thomas-, Nepomuk-, Taufe-Jesu-, Annenaltar, Kanzel<\/p>\n\n\n\n<p class=\"has-headings-color has-text-color wp-block-paragraph\">1760 Maria Theresia stiftet den Hochaltar<\/p>\n\n\n\n<p class=\"has-headings-color has-text-color wp-block-paragraph\">1875\u20131897 Regotisierung der Othmarkirche<\/p>\n\n\n\n<p class=\"has-headings-color has-text-color wp-block-paragraph\">1904 Umbauten (Haupt-, Nebeneingang)<\/p>\n\n\n\n<p class=\"has-headings-color has-text-color wp-block-paragraph\">1938\u20131945 Unterkirche dient als Luftschutzraum<\/p>\n\n\n\n<p class=\"has-headings-color has-text-color wp-block-paragraph\">1969 Entfernung der Pfeileralt\u00e4re, 1. Kirchenheizung<\/p>\n\n\n\n<p class=\"has-headings-color has-text-color wp-block-paragraph\">1982\/83 Renovierung und Anpassung an die Liturgiereform des 2. Vatikanischen Konzils<\/p>\n\n\n\n<p class=\"has-headings-color has-text-color wp-block-paragraph\">1984 Weihe der neuen Orgel <\/p>\n\n\n\n<p class=\"has-headings-color has-text-color wp-block-paragraph\">1995\/96 Dacherneuerung<\/p>\n<\/div>\n\n\n\n<div class=\"wp-block-themeisle-blocks-advanced-column\" id=\"wp-block-themeisle-blocks-advanced-column-322f317f\"><style type=\"text\/css\">\n#foogallery-gallery-344 .fg-image { width: 150px; }\n#foogallery-gallery-344 { --fg-gutter: 10px; }<\/style>\n\t\t\t<div class=\"foogallery foogallery-container foogallery-default foogallery-lightbox-foobox fg-center fg-default fg-ready fg-light fg-border-thin fg-shadow-small fg-loading-default fg-loaded-fade-in fg-caption-hover fg-hover-fade fg-hover-zoom\" id=\"foogallery-gallery-344\" data-foogallery=\"{&quot;item&quot;:{&quot;showCaptionTitle&quot;:true,&quot;showCaptionDescription&quot;:true},&quot;lazy&quot;:true}\" style=\"--fg-title-line-clamp: 0; --fg-description-line-clamp: 0;\" >\n\t<div class=\"fg-item fg-type-image fg-idle\"><figure class=\"fg-item-inner\"><a href=\"http:\/\/www.cronopio.de\/sakrale-kunst-moedling\/wp-content\/uploads\/sites\/14\/2021\/09\/P7102118.jpg\" data-caption-title=\"St. Othmar\" data-attachment-id=\"264\" data-type=\"image\" class=\"fg-thumb\"><span class=\"fg-image-wrap\"><img decoding=\"async\" title=\"St. Othmar\" width=\"150\" height=\"150\" class=\"skip-lazy fg-image\" data-src-fg=\"http:\/\/www.cronopio.de\/sakrale-kunst-moedling\/wp-content\/uploads\/sites\/14\/cache\/2021\/09\/P7102118\/8294801.jpg\" src=\"data:image\/svg+xml,%3Csvg%20xmlns%3D%22http%3A%2F%2Fwww.w3.org%2F2000%2Fsvg%22%20width%3D%22150%22%20height%3D%22150%22%20viewBox%3D%220%200%20150%20150%22%3E%3C%2Fsvg%3E\" loading=\"eager\"><\/span><span class=\"fg-image-overlay\"><\/span><\/a><\/figure><div class=\"fg-loader\"><\/div><\/div><div class=\"fg-item fg-type-image fg-idle\"><figure class=\"fg-item-inner\"><a href=\"http:\/\/www.cronopio.de\/sakrale-kunst-moedling\/wp-content\/uploads\/sites\/14\/2021\/09\/P6122072-3.jpg\" data-caption-title=\"Gnadenbild am Hochaltar \u201eWundert\u00e4tige Muttergottes Maria Trost\u201c (1700\u20131750): Links und rechts sind Anna und Joachim, die Eltern Mariens dargestellt, in Anlehnung an die Gnadenstatue in Maria Trost\/Graz. Urspr\u00fcnglich auf dem Annenaltar, \u00dcbertragung auf den Hochaltar 1775\" data-attachment-id=\"345\" data-type=\"image\" class=\"fg-thumb\"><span class=\"fg-image-wrap\"><img decoding=\"async\" title=\"Gnadenbild am Hochaltar \u201eWundert\u00e4tige Muttergottes Maria Trost\u201c (1700\u20131750): Links und rechts sind Anna und Joachim, die Eltern Mariens dargestellt, in Anlehnung an die Gnadenstatue in Maria Trost\/Graz. Urspr\u00fcnglich auf dem Annenaltar, \u00dcbertragung auf den Hochaltar 1775\" width=\"150\" height=\"150\" class=\"skip-lazy fg-image\" data-src-fg=\"http:\/\/www.cronopio.de\/sakrale-kunst-moedling\/wp-content\/uploads\/sites\/14\/cache\/2021\/09\/P6122072-3\/2190665259.jpg\" src=\"data:image\/svg+xml,%3Csvg%20xmlns%3D%22http%3A%2F%2Fwww.w3.org%2F2000%2Fsvg%22%20width%3D%22150%22%20height%3D%22150%22%20viewBox%3D%220%200%20150%20150%22%3E%3C%2Fsvg%3E\" loading=\"eager\"><\/span><span class=\"fg-image-overlay\"><\/span><\/a><\/figure><div class=\"fg-loader\"><\/div><\/div><div class=\"fg-item fg-type-image fg-idle\"><figure class=\"fg-item-inner\"><a href=\"http:\/\/www.cronopio.de\/sakrale-kunst-moedling\/wp-content\/uploads\/sites\/14\/2021\/09\/P7102121.jpg\" data-caption-title=\"Marienbild beim Votivaltar, sp\u00e4tgotische Seidenstickerei (1480\u20131520). Bei der Zerst\u00f6rung der Kirche 1529 blieb dieses Bild erhalten, ging aber verloren. Auf verschlungenen Pfaden gelangte es ins Stift Seitenstetten (N\u00d6) und wurde 1937 feierlich nach M\u00f6dling \u00fcberf\u00fchrt.\" data-attachment-id=\"347\" data-type=\"image\" class=\"fg-thumb\"><span class=\"fg-image-wrap\"><img decoding=\"async\" title=\"Marienbild beim Votivaltar, sp\u00e4tgotische Seidenstickerei (1480\u20131520). Bei der Zerst\u00f6rung der Kirche 1529 blieb dieses Bild erhalten, ging aber verloren. Auf verschlungenen Pfaden gelangte es ins Stift Seitenstetten (N\u00d6) und wurde 1937 feierlich nach M\u00f6dling \u00fcberf\u00fchrt.\" width=\"150\" height=\"150\" class=\"skip-lazy fg-image\" data-src-fg=\"http:\/\/www.cronopio.de\/sakrale-kunst-moedling\/wp-content\/uploads\/sites\/14\/cache\/2021\/09\/P7102121\/1315476539.jpg\" src=\"data:image\/svg+xml,%3Csvg%20xmlns%3D%22http%3A%2F%2Fwww.w3.org%2F2000%2Fsvg%22%20width%3D%22150%22%20height%3D%22150%22%20viewBox%3D%220%200%20150%20150%22%3E%3C%2Fsvg%3E\" loading=\"eager\"><\/span><span class=\"fg-image-overlay\"><\/span><\/a><\/figure><div class=\"fg-loader\"><\/div><\/div><div class=\"fg-item fg-type-image fg-idle\"><figure class=\"fg-item-inner\"><a href=\"http:\/\/www.cronopio.de\/sakrale-kunst-moedling\/wp-content\/uploads\/sites\/14\/2021\/09\/P6122073.jpg\" data-caption-title=\"Engel an der barocken Kanzel\" data-attachment-id=\"346\" data-type=\"image\" class=\"fg-thumb\"><span class=\"fg-image-wrap\"><img decoding=\"async\" title=\"Engel an der barocken Kanzel\" width=\"150\" height=\"150\" class=\"skip-lazy fg-image\" data-src-fg=\"http:\/\/www.cronopio.de\/sakrale-kunst-moedling\/wp-content\/uploads\/sites\/14\/cache\/2021\/09\/P6122073\/4149388999.jpg\" src=\"data:image\/svg+xml,%3Csvg%20xmlns%3D%22http%3A%2F%2Fwww.w3.org%2F2000%2Fsvg%22%20width%3D%22150%22%20height%3D%22150%22%20viewBox%3D%220%200%20150%20150%22%3E%3C%2Fsvg%3E\" loading=\"eager\"><\/span><span class=\"fg-image-overlay\"><\/span><\/a><\/figure><div class=\"fg-loader\"><\/div><\/div><div class=\"fg-item fg-type-image fg-idle\"><figure class=\"fg-item-inner\"><a href=\"http:\/\/www.cronopio.de\/sakrale-kunst-moedling\/wp-content\/uploads\/sites\/14\/2021\/09\/DSC09039a.jpg\" data-caption-title=\"R\u00f6misch-katholische Kirche\" data-attachment-id=\"508\" data-type=\"image\" class=\"fg-thumb\"><span class=\"fg-image-wrap\"><img decoding=\"async\" alt=\"R\u00f6misch-katholische Kirche\" title=\"Gr\u00fcndonnerstagskelch (St. Othmar) mit Kelchvelum\" width=\"150\" height=\"150\" class=\"skip-lazy fg-image\" data-src-fg=\"http:\/\/www.cronopio.de\/sakrale-kunst-moedling\/wp-content\/uploads\/sites\/14\/cache\/2021\/09\/DSC09039a\/2976537180.jpg\" src=\"data:image\/svg+xml,%3Csvg%20xmlns%3D%22http%3A%2F%2Fwww.w3.org%2F2000%2Fsvg%22%20width%3D%22150%22%20height%3D%22150%22%20viewBox%3D%220%200%20150%20150%22%3E%3C%2Fsvg%3E\" loading=\"eager\"><\/span><span class=\"fg-image-overlay\"><\/span><\/a><figcaption class=\"fg-caption\"><div class=\"fg-caption-inner\"><div class=\"fg-caption-title\">R\u00f6misch-katholische Kirche<\/div><\/div><\/figcaption><\/figure><div class=\"fg-loader\"><\/div><\/div><\/div>\n<\/div>\n<\/div><\/section>\n\n\n\n<p class=\"wp-block-paragraph\"><\/p>\n","protected":false},"excerpt":{"rendered":"","protected":false},"author":2,"featured_media":0,"parent":25,"menu_order":0,"comment_status":"closed","ping_status":"closed","template":"","meta":{"_crdt_document":"","_themeisle_gutenberg_block_has_review":false,"h5ap_radio_sources":[],"footnotes":""},"class_list":["post-279","page","type-page","status-publish","hentry"],"_links":{"self":[{"href":"http:\/\/www.cronopio.de\/sakrale-kunst-moedling\/wp-json\/wp\/v2\/pages\/279","targetHints":{"allow":["GET"]}}],"collection":[{"href":"http:\/\/www.cronopio.de\/sakrale-kunst-moedling\/wp-json\/wp\/v2\/pages"}],"about":[{"href":"http:\/\/www.cronopio.de\/sakrale-kunst-moedling\/wp-json\/wp\/v2\/types\/page"}],"author":[{"embeddable":true,"href":"http:\/\/www.cronopio.de\/sakrale-kunst-moedling\/wp-json\/wp\/v2\/users\/2"}],"replies":[{"embeddable":true,"href":"http:\/\/www.cronopio.de\/sakrale-kunst-moedling\/wp-json\/wp\/v2\/comments?post=279"}],"version-history":[{"count":4,"href":"http:\/\/www.cronopio.de\/sakrale-kunst-moedling\/wp-json\/wp\/v2\/pages\/279\/revisions"}],"predecessor-version":[{"id":348,"href":"http:\/\/www.cronopio.de\/sakrale-kunst-moedling\/wp-json\/wp\/v2\/pages\/279\/revisions\/348"}],"up":[{"embeddable":true,"href":"http:\/\/www.cronopio.de\/sakrale-kunst-moedling\/wp-json\/wp\/v2\/pages\/25"}],"wp:attachment":[{"href":"http:\/\/www.cronopio.de\/sakrale-kunst-moedling\/wp-json\/wp\/v2\/media?parent=279"}],"curies":[{"name":"wp","href":"https:\/\/api.w.org\/{rel}","templated":true}]}}