{"id":277,"date":"2021-09-03T21:32:21","date_gmt":"2021-09-03T19:32:21","guid":{"rendered":"http:\/\/www.cronopio.de\/sakrale-kunst-moedling\/?page_id=277"},"modified":"2021-09-14T20:44:08","modified_gmt":"2021-09-14T18:44:08","slug":"waisenhauskirche","status":"publish","type":"page","link":"http:\/\/www.cronopio.de\/sakrale-kunst-moedling\/romisch-katholische-kirchen\/waisenhauskirche\/","title":{"rendered":"Waisenhauskirche oder Josefskirche"},"content":{"rendered":"\n<section class=\"wp-block-themeisle-blocks-advanced-columns alignfull has-2-columns has-desktop-equal-layout has-tablet-equal-layout has-mobile-collapsedRows-layout has-nogap-gap has-vertical-flex-start\" id=\"wp-block-themeisle-blocks-advanced-columns-5bf726c2\"><div class=\"wp-block-themeisle-blocks-advanced-columns-overlay\"><\/div><div class=\"innerblocks-wrap\">\n<div class=\"wp-block-themeisle-blocks-advanced-column\" id=\"wp-block-themeisle-blocks-advanced-column-b117481f\">\n<p class=\"has-headings-color has-text-color wp-block-paragraph\">5. April 1886 Grundsteinlegung. Patrozinium: Hl. Josef.<\/p>\n\n\n\n<p class=\"has-headings-color has-text-color wp-block-paragraph\">Das Altarbild von <em>Heinrich Jauner<\/em> (1833\u20131912, Sch\u00fcler Ferdinand Waldm\u00fcllers und bekannter Medailleur) zeigt den Hl. Josef mit Jesuskind. Finanzierung des Baus durch <em>Josef Sch\u00f6ffel<\/em> und Anatom <em>Josef Hyrtl.<\/em><\/p>\n\n\n\n<p class=\"has-headings-color has-text-color wp-block-paragraph\">1886 Errichtung der sp\u00e4thistoristischen Backsteinkirche \u00fcber der Krypta und ehemaligen Friedhofsfl\u00e4che der alten <a href=\"http:\/\/www.cronopio.de\/sakrale-kunst-moedling\/romisch-katholische-kirchen\/st-martinskirche\/\">St. Martinskirche<\/a><br>Baumeister und Architekt: Eugen Sehnal (1851\u20131910). Er schuf zahlreiche weitere Geb\u00e4ude der Stadt:<\/p>\n\n\n\n<ul class=\"has-headings-color has-text-color wp-block-list\"><li>1874 Gruftkapellen der Familien Hyrtl, Sch\u00f6ffel und Vorgemont<\/li><li>1874 evangelische Pfarrkirche<\/li><li>1879 Posthof<\/li><li>1886 Waisenhaus<\/li><li>1896 ehem. Bezirkshauptmannschaft Klostergasse<\/li><\/ul>\n\n\n\n<p class=\"has-headings-color has-text-color wp-block-paragraph\">ab Fertigstellung eine reine Anstaltskirche f\u00fcr die Kinder des Waisenhauses,<br>bis 1925 betreut von <a href=\"http:\/\/www.cronopio.de\/sakrale-kunst-moedling\/romisch-katholische-kirchen\/st-othmar\/\">St. Othmar<\/a><\/p>\n\n\n\n<p class=\"has-headings-color has-text-color wp-block-paragraph\">1925 Nach Er\u00f6ffnung der <a href=\"http:\/\/www.cronopio.de\/sakrale-kunst-moedling\/romisch-katholische-kirchen\/herz-jesu-kirche\/\">Herz-Jesu-Pfarre<\/a> \u00fcbernimmt diese die Betreuung.<\/p>\n\n\n\n<p class=\"has-headings-color has-text-color wp-block-paragraph\">1941 Profanierung der Kirche, Lagerhalle w\u00e4hrend der NS-Zeit<\/p>\n\n\n\n<p class=\"has-headings-color has-text-color wp-block-paragraph\">1945 Beschlagnahme durch die russische Besatzungsmacht<\/p>\n\n\n\n<p class=\"has-headings-color has-text-color wp-block-paragraph\">1953 neuerliche Konsekration<\/p>\n\n\n\n<p class=\"has-headings-color has-text-color wp-block-paragraph\">1978 \u00dcbersiedlung des damaligen \u201eJugendkinderheims\u201c auf den Gie\u00dfh\u00fcbl<\/p>\n\n\n\n<p class=\"has-headings-color has-text-color wp-block-paragraph\">1979 Als Eigent\u00fcmerin der Josefskirche vermietet die Stadt diese der <a href=\"http:\/\/www.cronopio.de\/sakrale-kunst-moedling\/evangelische-gemeinde-ab\/\">Evangelischen Gemeinde A.B.<\/a> zur Abhaltung von Gottesdiensten. Ab September 2021 ebenso der orthodoxen Kirchengemeinde zum heiligen Nikolaus.<\/p>\n<\/div>\n\n\n\n<div class=\"wp-block-themeisle-blocks-advanced-column\" id=\"wp-block-themeisle-blocks-advanced-column-322f317f\"><style type=\"text\/css\">\n#foogallery-gallery-337 .fg-image { width: 150px; }\n#foogallery-gallery-337 { --fg-gutter: 10px; }<\/style>\n\t\t\t<div class=\"foogallery foogallery-container foogallery-default foogallery-lightbox-foobox fg-center fg-default fg-ready fg-light fg-border-thin fg-shadow-small fg-loading-default fg-loaded-fade-in fg-caption-hover fg-hover-fade fg-hover-zoom\" id=\"foogallery-gallery-337\" data-foogallery=\"{&quot;item&quot;:{&quot;showCaptionTitle&quot;:true,&quot;showCaptionDescription&quot;:true},&quot;lazy&quot;:true}\" style=\"--fg-title-line-clamp: 0; --fg-description-line-clamp: 0;\" >\n\t<div class=\"fg-item fg-type-image fg-idle\"><figure class=\"fg-item-inner\"><a href=\"http:\/\/www.cronopio.de\/sakrale-kunst-moedling\/wp-content\/uploads\/sites\/14\/2021\/09\/P7192139-scaled.jpg\" data-caption-title=\"Waisenhauskirche\" data-attachment-id=\"265\" data-type=\"image\" class=\"fg-thumb\"><span class=\"fg-image-wrap\"><img decoding=\"async\" title=\"Waisenhauskirche\" width=\"150\" height=\"150\" class=\"skip-lazy fg-image\" data-src-fg=\"http:\/\/www.cronopio.de\/sakrale-kunst-moedling\/wp-content\/uploads\/sites\/14\/cache\/2021\/09\/P7192139-scaled\/2335099151.jpg\" src=\"data:image\/svg+xml,%3Csvg%20xmlns%3D%22http%3A%2F%2Fwww.w3.org%2F2000%2Fsvg%22%20width%3D%22150%22%20height%3D%22150%22%20viewBox%3D%220%200%20150%20150%22%3E%3C%2Fsvg%3E\" loading=\"eager\"><\/span><span class=\"fg-image-overlay\"><\/span><\/a><\/figure><div class=\"fg-loader\"><\/div><\/div><div class=\"fg-item fg-type-image fg-idle\"><figure class=\"fg-item-inner\"><a href=\"http:\/\/www.cronopio.de\/sakrale-kunst-moedling\/wp-content\/uploads\/sites\/14\/2021\/09\/P3062019.jpg\" data-caption-title=\"Waisenhauskirche\" data-attachment-id=\"204\" data-type=\"image\" class=\"fg-thumb\"><span class=\"fg-image-wrap\"><img decoding=\"async\" title=\"Waisenhauskirche\" width=\"150\" height=\"150\" class=\"skip-lazy fg-image\" data-src-fg=\"http:\/\/www.cronopio.de\/sakrale-kunst-moedling\/wp-content\/uploads\/sites\/14\/cache\/2021\/09\/P3062019\/1587787431.jpg\" src=\"data:image\/svg+xml,%3Csvg%20xmlns%3D%22http%3A%2F%2Fwww.w3.org%2F2000%2Fsvg%22%20width%3D%22150%22%20height%3D%22150%22%20viewBox%3D%220%200%20150%20150%22%3E%3C%2Fsvg%3E\" loading=\"eager\"><\/span><span class=\"fg-image-overlay\"><\/span><\/a><\/figure><div class=\"fg-loader\"><\/div><\/div><div class=\"fg-item fg-type-image fg-idle\"><figure class=\"fg-item-inner\"><a href=\"http:\/\/www.cronopio.de\/sakrale-kunst-moedling\/wp-content\/uploads\/sites\/14\/2021\/09\/P3062024-scaled.jpg\" data-attachment-id=\"339\" data-type=\"image\" class=\"fg-thumb\"><span class=\"fg-image-wrap\"><img decoding=\"async\" width=\"150\" height=\"150\" class=\"skip-lazy fg-image\" data-src-fg=\"http:\/\/www.cronopio.de\/sakrale-kunst-moedling\/wp-content\/uploads\/sites\/14\/cache\/2021\/09\/P3062024-scaled\/4177702308.jpg\" src=\"data:image\/svg+xml,%3Csvg%20xmlns%3D%22http%3A%2F%2Fwww.w3.org%2F2000%2Fsvg%22%20width%3D%22150%22%20height%3D%22150%22%20viewBox%3D%220%200%20150%20150%22%3E%3C%2Fsvg%3E\" loading=\"eager\"><\/span><span class=\"fg-image-overlay\"><\/span><\/a><\/figure><div class=\"fg-loader\"><\/div><\/div><div class=\"fg-item fg-type-image fg-idle\"><figure class=\"fg-item-inner\"><a href=\"http:\/\/www.cronopio.de\/sakrale-kunst-moedling\/wp-content\/uploads\/sites\/14\/2021\/09\/Neu-restauriert.jpg\" data-caption-title=\"Innenansicht der Waisenhauskirche\" data-attachment-id=\"338\" data-type=\"image\" class=\"fg-thumb\"><span class=\"fg-image-wrap\"><img decoding=\"async\" title=\"Innenansicht der Waisenhauskirche\" width=\"150\" height=\"150\" class=\"skip-lazy fg-image\" data-src-fg=\"http:\/\/www.cronopio.de\/sakrale-kunst-moedling\/wp-content\/uploads\/sites\/14\/cache\/2021\/09\/Neu-restauriert\/1244255483.jpg\" src=\"data:image\/svg+xml,%3Csvg%20xmlns%3D%22http%3A%2F%2Fwww.w3.org%2F2000%2Fsvg%22%20width%3D%22150%22%20height%3D%22150%22%20viewBox%3D%220%200%20150%20150%22%3E%3C%2Fsvg%3E\" loading=\"eager\"><\/span><span class=\"fg-image-overlay\"><\/span><\/a><\/figure><div class=\"fg-loader\"><\/div><\/div><div class=\"fg-item fg-type-image fg-idle\"><figure class=\"fg-item-inner\"><a href=\"http:\/\/www.cronopio.de\/sakrale-kunst-moedling\/wp-content\/uploads\/sites\/14\/2021\/09\/36-Taufbecken-einziges-Stueck-der-Inneneinrichtung-heute-in-der-Waisenhasukirche-.jpg\" data-caption-title=\"Romanisches Taufbecken, einziges St\u00fcck der Inneneinrichtung der Martinskirche, heute in der Waisenhauskirche\" data-attachment-id=\"323\" data-type=\"image\" class=\"fg-thumb\"><span class=\"fg-image-wrap\"><img decoding=\"async\" title=\"Romanisches Taufbecken, einziges St\u00fcck der Inneneinrichtung der Martinskirche, heute in der Waisenhauskirche\" width=\"150\" height=\"150\" class=\"skip-lazy fg-image\" data-src-fg=\"http:\/\/www.cronopio.de\/sakrale-kunst-moedling\/wp-content\/uploads\/sites\/14\/cache\/2021\/09\/36-Taufbecken-einziges-Stueck-der-Inneneinrichtung-heute-in-der-Waisenhasukirche-\/4137383447.jpg\" src=\"data:image\/svg+xml,%3Csvg%20xmlns%3D%22http%3A%2F%2Fwww.w3.org%2F2000%2Fsvg%22%20width%3D%22150%22%20height%3D%22150%22%20viewBox%3D%220%200%20150%20150%22%3E%3C%2Fsvg%3E\" loading=\"eager\"><\/span><span class=\"fg-image-overlay\"><\/span><\/a><\/figure><div class=\"fg-loader\"><\/div><\/div><div class=\"fg-item fg-type-image fg-idle\"><figure class=\"fg-item-inner\"><a href=\"http:\/\/www.cronopio.de\/sakrale-kunst-moedling\/wp-content\/uploads\/sites\/14\/2021\/09\/DSC09054.jpg\" data-caption-title=\"Engel, 19. Jahrhundert, Waisenhauskirche\" data-attachment-id=\"485\" data-type=\"image\" class=\"fg-thumb\"><span class=\"fg-image-wrap\"><img decoding=\"async\" title=\"Engel, 19. Jahrhundert, Waisenhauskirche\" width=\"150\" height=\"150\" class=\"skip-lazy fg-image\" data-src-fg=\"http:\/\/www.cronopio.de\/sakrale-kunst-moedling\/wp-content\/uploads\/sites\/14\/cache\/2021\/09\/DSC09054\/591439931.jpg\" src=\"data:image\/svg+xml,%3Csvg%20xmlns%3D%22http%3A%2F%2Fwww.w3.org%2F2000%2Fsvg%22%20width%3D%22150%22%20height%3D%22150%22%20viewBox%3D%220%200%20150%20150%22%3E%3C%2Fsvg%3E\" loading=\"eager\"><\/span><span class=\"fg-image-overlay\"><\/span><\/a><\/figure><div class=\"fg-loader\"><\/div><\/div><div class=\"fg-item fg-type-image fg-idle\"><figure class=\"fg-item-inner\"><a href=\"http:\/\/www.cronopio.de\/sakrale-kunst-moedling\/wp-content\/uploads\/sites\/14\/2021\/09\/DSC09051.jpg\" data-caption-title=\"Speisekelch (Ciborium) mit Kelchvelum\" data-attachment-id=\"509\" data-type=\"image\" class=\"fg-thumb\"><span class=\"fg-image-wrap\"><img decoding=\"async\" title=\"Speisekelch (Ciborium) mit Kelchvelum\" width=\"150\" height=\"150\" class=\"skip-lazy fg-image\" data-src-fg=\"http:\/\/www.cronopio.de\/sakrale-kunst-moedling\/wp-content\/uploads\/sites\/14\/cache\/2021\/09\/DSC09051\/868256311.jpg\" src=\"data:image\/svg+xml,%3Csvg%20xmlns%3D%22http%3A%2F%2Fwww.w3.org%2F2000%2Fsvg%22%20width%3D%22150%22%20height%3D%22150%22%20viewBox%3D%220%200%20150%20150%22%3E%3C%2Fsvg%3E\" loading=\"eager\"><\/span><span class=\"fg-image-overlay\"><\/span><\/a><\/figure><div class=\"fg-loader\"><\/div><\/div><div class=\"fg-item fg-type-image fg-idle\"><figure class=\"fg-item-inner\"><a href=\"http:\/\/www.cronopio.de\/sakrale-kunst-moedling\/wp-content\/uploads\/sites\/14\/2021\/09\/DSC09017.jpg\" data-caption-title=\"Paramente\" data-attachment-id=\"502\" data-type=\"image\" class=\"fg-thumb\"><span class=\"fg-image-wrap\"><img decoding=\"async\" alt=\"Paramente\" title=\"Stola, Manipel und Bursa in rot f\u00fcr Palmsonntag, Karfreitag, Pfingsten sowie f\u00fcr Apostel und M\u00e4rtyrer\" width=\"150\" height=\"150\" class=\"skip-lazy fg-image\" data-src-fg=\"http:\/\/www.cronopio.de\/sakrale-kunst-moedling\/wp-content\/uploads\/sites\/14\/cache\/2021\/09\/DSC09017\/2034456606.jpg\" src=\"data:image\/svg+xml,%3Csvg%20xmlns%3D%22http%3A%2F%2Fwww.w3.org%2F2000%2Fsvg%22%20width%3D%22150%22%20height%3D%22150%22%20viewBox%3D%220%200%20150%20150%22%3E%3C%2Fsvg%3E\" loading=\"eager\"><\/span><span class=\"fg-image-overlay\"><\/span><\/a><figcaption class=\"fg-caption\"><div class=\"fg-caption-inner\"><div class=\"fg-caption-title\">Paramente<\/div><\/div><\/figcaption><\/figure><div class=\"fg-loader\"><\/div><\/div><div class=\"fg-item fg-type-image fg-idle\"><figure class=\"fg-item-inner\"><a href=\"http:\/\/www.cronopio.de\/sakrale-kunst-moedling\/wp-content\/uploads\/sites\/14\/2021\/09\/DSC09014.jpg\" data-caption-title=\"Stola, Manipel und Bursa in gr\u00fcn f\u00fcr den Jahreskreis\" data-attachment-id=\"501\" data-type=\"image\" class=\"fg-thumb\"><span class=\"fg-image-wrap\"><img decoding=\"async\" title=\"Stola, Manipel und Bursa in gr\u00fcn f\u00fcr den Jahreskreis\" width=\"150\" height=\"150\" class=\"skip-lazy fg-image\" data-src-fg=\"http:\/\/www.cronopio.de\/sakrale-kunst-moedling\/wp-content\/uploads\/sites\/14\/cache\/2021\/09\/DSC09014\/2253321174.jpg\" src=\"data:image\/svg+xml,%3Csvg%20xmlns%3D%22http%3A%2F%2Fwww.w3.org%2F2000%2Fsvg%22%20width%3D%22150%22%20height%3D%22150%22%20viewBox%3D%220%200%20150%20150%22%3E%3C%2Fsvg%3E\" loading=\"eager\"><\/span><span class=\"fg-image-overlay\"><\/span><\/a><\/figure><div class=\"fg-loader\"><\/div><\/div><div class=\"fg-item fg-type-image fg-idle\"><figure class=\"fg-item-inner\"><a href=\"http:\/\/www.cronopio.de\/sakrale-kunst-moedling\/wp-content\/uploads\/sites\/14\/2021\/09\/DSC03178-scaled.jpg\" data-caption-title=\"Kasel, Bassgeigenform; Stickmotiv: Hl. Josef mit Kind (Patron der Waisenhauskirche)\" data-attachment-id=\"498\" data-type=\"image\" class=\"fg-thumb\"><span class=\"fg-image-wrap\"><img decoding=\"async\" title=\"Kasel, Bassgeigenform; Stickmotiv: Hl. Josef mit Kind (Patron der Waisenhauskirche)\" width=\"150\" height=\"150\" class=\"skip-lazy fg-image\" data-src-fg=\"http:\/\/www.cronopio.de\/sakrale-kunst-moedling\/wp-content\/uploads\/sites\/14\/cache\/2021\/09\/DSC03178-scaled\/1596012582.jpg\" src=\"data:image\/svg+xml,%3Csvg%20xmlns%3D%22http%3A%2F%2Fwww.w3.org%2F2000%2Fsvg%22%20width%3D%22150%22%20height%3D%22150%22%20viewBox%3D%220%200%20150%20150%22%3E%3C%2Fsvg%3E\" loading=\"eager\"><\/span><span class=\"fg-image-overlay\"><\/span><\/a><\/figure><div class=\"fg-loader\"><\/div><\/div><div class=\"fg-item fg-type-image fg-idle\"><figure class=\"fg-item-inner\"><a href=\"http:\/\/www.cronopio.de\/sakrale-kunst-moedling\/wp-content\/uploads\/sites\/14\/2021\/09\/DSC07755.jpg\" data-caption-title=\"Kasel, Bassgeigenform; Detail des Stickmotivs: Hl. Josef mit Kind (Patron der Waisenhauskirche)\" data-attachment-id=\"499\" data-type=\"image\" class=\"fg-thumb\"><span class=\"fg-image-wrap\"><img decoding=\"async\" title=\"Kasel, Bassgeigenform; Detail des Stickmotivs: Hl. Josef mit Kind (Patron der Waisenhauskirche)\" width=\"150\" height=\"150\" class=\"skip-lazy fg-image\" data-src-fg=\"http:\/\/www.cronopio.de\/sakrale-kunst-moedling\/wp-content\/uploads\/sites\/14\/cache\/2021\/09\/DSC07755\/645920915.jpg\" src=\"data:image\/svg+xml,%3Csvg%20xmlns%3D%22http%3A%2F%2Fwww.w3.org%2F2000%2Fsvg%22%20width%3D%22150%22%20height%3D%22150%22%20viewBox%3D%220%200%20150%20150%22%3E%3C%2Fsvg%3E\" loading=\"eager\"><\/span><span class=\"fg-image-overlay\"><\/span><\/a><\/figure><div class=\"fg-loader\"><\/div><\/div><div class=\"fg-item fg-type-image fg-idle\"><figure class=\"fg-item-inner\"><a href=\"http:\/\/www.cronopio.de\/sakrale-kunst-moedling\/wp-content\/uploads\/sites\/14\/2021\/09\/DSC01038.jpg\" data-caption-title=\"Dalmatica in schwarz f\u00fcr Requien\" data-attachment-id=\"507\" data-type=\"image\" class=\"fg-thumb\"><span class=\"fg-image-wrap\"><img decoding=\"async\" title=\"Dalmatica in schwarz f\u00fcr Requien\" width=\"150\" height=\"150\" class=\"skip-lazy fg-image\" data-src-fg=\"http:\/\/www.cronopio.de\/sakrale-kunst-moedling\/wp-content\/uploads\/sites\/14\/cache\/2021\/09\/DSC01038\/2798745356.jpg\" src=\"data:image\/svg+xml,%3Csvg%20xmlns%3D%22http%3A%2F%2Fwww.w3.org%2F2000%2Fsvg%22%20width%3D%22150%22%20height%3D%22150%22%20viewBox%3D%220%200%20150%20150%22%3E%3C%2Fsvg%3E\" loading=\"eager\"><\/span><span class=\"fg-image-overlay\"><\/span><\/a><\/figure><div class=\"fg-loader\"><\/div><\/div><div class=\"fg-item fg-type-image fg-idle\"><figure class=\"fg-item-inner\"><a href=\"http:\/\/www.cronopio.de\/sakrale-kunst-moedling\/wp-content\/uploads\/sites\/14\/2021\/09\/DSC03174-scaled.jpg\" data-caption-title=\"Bursa in schwarz f\u00fcr Requien\" data-attachment-id=\"497\" data-type=\"image\" class=\"fg-thumb\"><span class=\"fg-image-wrap\"><img decoding=\"async\" title=\"Bursa in schwarz f\u00fcr Requien\" width=\"150\" height=\"150\" class=\"skip-lazy fg-image\" data-src-fg=\"http:\/\/www.cronopio.de\/sakrale-kunst-moedling\/wp-content\/uploads\/sites\/14\/cache\/2021\/09\/DSC03174-scaled\/595615769.jpg\" src=\"data:image\/svg+xml,%3Csvg%20xmlns%3D%22http%3A%2F%2Fwww.w3.org%2F2000%2Fsvg%22%20width%3D%22150%22%20height%3D%22150%22%20viewBox%3D%220%200%20150%20150%22%3E%3C%2Fsvg%3E\" loading=\"eager\"><\/span><span class=\"fg-image-overlay\"><\/span><\/a><\/figure><div class=\"fg-loader\"><\/div><\/div><div class=\"fg-item fg-type-image fg-idle\"><figure class=\"fg-item-inner\"><a href=\"http:\/\/www.cronopio.de\/sakrale-kunst-moedling\/wp-content\/uploads\/sites\/14\/2021\/09\/DSC03170-scaled.jpg\" data-caption-title=\"Pluviale und Stola\" data-attachment-id=\"496\" data-type=\"image\" class=\"fg-thumb\"><span class=\"fg-image-wrap\"><img decoding=\"async\" title=\"Pluviale und Stola\" width=\"150\" height=\"150\" class=\"skip-lazy fg-image\" data-src-fg=\"http:\/\/www.cronopio.de\/sakrale-kunst-moedling\/wp-content\/uploads\/sites\/14\/cache\/2021\/09\/DSC03170-scaled\/1986818285.jpg\" src=\"data:image\/svg+xml,%3Csvg%20xmlns%3D%22http%3A%2F%2Fwww.w3.org%2F2000%2Fsvg%22%20width%3D%22150%22%20height%3D%22150%22%20viewBox%3D%220%200%20150%20150%22%3E%3C%2Fsvg%3E\" loading=\"eager\"><\/span><span class=\"fg-image-overlay\"><\/span><\/a><\/figure><div class=\"fg-loader\"><\/div><\/div><div class=\"fg-item fg-type-image fg-idle\"><figure class=\"fg-item-inner\"><a href=\"http:\/\/www.cronopio.de\/sakrale-kunst-moedling\/wp-content\/uploads\/sites\/14\/2021\/09\/DSC09042.jpg\" data-caption-title=\"Liturgisches Ger\u00e4t\" data-attachment-id=\"513\" data-type=\"image\" class=\"fg-thumb\"><span class=\"fg-image-wrap\"><img decoding=\"async\" alt=\"Liturgisches Ger\u00e4t\" title=\"Monstranz mit Lumula und Hostie\" width=\"150\" height=\"150\" class=\"skip-lazy fg-image\" data-src-fg=\"http:\/\/www.cronopio.de\/sakrale-kunst-moedling\/wp-content\/uploads\/sites\/14\/cache\/2021\/09\/DSC09042\/806265224.jpg\" src=\"data:image\/svg+xml,%3Csvg%20xmlns%3D%22http%3A%2F%2Fwww.w3.org%2F2000%2Fsvg%22%20width%3D%22150%22%20height%3D%22150%22%20viewBox%3D%220%200%20150%20150%22%3E%3C%2Fsvg%3E\" loading=\"eager\"><\/span><span class=\"fg-image-overlay\"><\/span><\/a><figcaption class=\"fg-caption\"><div class=\"fg-caption-inner\"><div class=\"fg-caption-title\">Liturgisches Ger\u00e4t<\/div><\/div><\/figcaption><\/figure><div class=\"fg-loader\"><\/div><\/div><div class=\"fg-item fg-type-image fg-idle\"><figure class=\"fg-item-inner\"><a href=\"http:\/\/www.cronopio.de\/sakrale-kunst-moedling\/wp-content\/uploads\/sites\/14\/2021\/09\/DSC09039.jpg\" data-caption-title=\"Custodia oder Hostienbeh\u00e4lter\" data-attachment-id=\"512\" data-type=\"image\" class=\"fg-thumb\"><span class=\"fg-image-wrap\"><img decoding=\"async\" title=\"Custodia oder Hostienbeh\u00e4lter\" width=\"150\" height=\"150\" class=\"skip-lazy fg-image\" data-src-fg=\"http:\/\/www.cronopio.de\/sakrale-kunst-moedling\/wp-content\/uploads\/sites\/14\/cache\/2021\/09\/DSC09039\/645641230.jpg\" src=\"data:image\/svg+xml,%3Csvg%20xmlns%3D%22http%3A%2F%2Fwww.w3.org%2F2000%2Fsvg%22%20width%3D%22150%22%20height%3D%22150%22%20viewBox%3D%220%200%20150%20150%22%3E%3C%2Fsvg%3E\" loading=\"eager\"><\/span><span class=\"fg-image-overlay\"><\/span><\/a><\/figure><div class=\"fg-loader\"><\/div><\/div><\/div>\n<\/div>\n<\/div><\/section>\n","protected":false},"excerpt":{"rendered":"","protected":false},"author":2,"featured_media":0,"parent":25,"menu_order":0,"comment_status":"closed","ping_status":"closed","template":"","meta":{"_crdt_document":"","_themeisle_gutenberg_block_has_review":false,"h5ap_radio_sources":[],"footnotes":""},"class_list":["post-277","page","type-page","status-publish","hentry"],"_links":{"self":[{"href":"http:\/\/www.cronopio.de\/sakrale-kunst-moedling\/wp-json\/wp\/v2\/pages\/277","targetHints":{"allow":["GET"]}}],"collection":[{"href":"http:\/\/www.cronopio.de\/sakrale-kunst-moedling\/wp-json\/wp\/v2\/pages"}],"about":[{"href":"http:\/\/www.cronopio.de\/sakrale-kunst-moedling\/wp-json\/wp\/v2\/types\/page"}],"author":[{"embeddable":true,"href":"http:\/\/www.cronopio.de\/sakrale-kunst-moedling\/wp-json\/wp\/v2\/users\/2"}],"replies":[{"embeddable":true,"href":"http:\/\/www.cronopio.de\/sakrale-kunst-moedling\/wp-json\/wp\/v2\/comments?post=277"}],"version-history":[{"count":5,"href":"http:\/\/www.cronopio.de\/sakrale-kunst-moedling\/wp-json\/wp\/v2\/pages\/277\/revisions"}],"predecessor-version":[{"id":596,"href":"http:\/\/www.cronopio.de\/sakrale-kunst-moedling\/wp-json\/wp\/v2\/pages\/277\/revisions\/596"}],"up":[{"embeddable":true,"href":"http:\/\/www.cronopio.de\/sakrale-kunst-moedling\/wp-json\/wp\/v2\/pages\/25"}],"wp:attachment":[{"href":"http:\/\/www.cronopio.de\/sakrale-kunst-moedling\/wp-json\/wp\/v2\/media?parent=277"}],"curies":[{"name":"wp","href":"https:\/\/api.w.org\/{rel}","templated":true}]}}