{"id":269,"date":"2021-09-03T21:26:33","date_gmt":"2021-09-03T19:26:33","guid":{"rendered":"http:\/\/www.cronopio.de\/sakrale-kunst-moedling\/?page_id=269"},"modified":"2021-09-04T14:50:54","modified_gmt":"2021-09-04T12:50:54","slug":"herz-jesu-kirche","status":"publish","type":"page","link":"http:\/\/www.cronopio.de\/sakrale-kunst-moedling\/romisch-katholische-kirchen\/herz-jesu-kirche\/","title":{"rendered":"Herz-Jesu-Kirche"},"content":{"rendered":"\n<section class=\"wp-block-themeisle-blocks-advanced-columns alignfull has-2-columns has-desktop-equal-layout has-tablet-equal-layout has-mobile-collapsedRows-layout has-nogap-gap has-vertical-flex-start\" id=\"wp-block-themeisle-blocks-advanced-columns-5bf726c2\"><div class=\"wp-block-themeisle-blocks-advanced-columns-overlay\"><\/div><div class=\"innerblocks-wrap\">\n<div class=\"wp-block-themeisle-blocks-advanced-column\" id=\"wp-block-themeisle-blocks-advanced-column-b117481f\">\n<p class=\"wp-block-paragraph\">1875\u20131877 Entstehung der \u201eSch\u00f6ffelvorstadt\u201c, benannt nach B\u00fcrgermeister <em>Josef Sch\u00f6ffel, <\/em>zugeh\u00f6rig zur Pfarre <a href=\"http:\/\/www.cronopio.de\/sakrale-kunst-moedling\/romisch-katholische-kirchen\/st-othmar\/\">St. Othmar<\/a><\/p>\n\n\n\n<p class=\"wp-block-paragraph\">1889 Gr\u00fcndung des Missionshauses St. Gabriel: Patres der Gesellschaft des G\u00f6ttlichen Wortes (Societas Verbi Divini &#8211; SVD), die Steyler Missionare, beginnen ihre missionarische T\u00e4tigkeit im neuen Stadtteil.<\/p>\n\n\n\n<p class=\"wp-block-paragraph\">1909 Bau einer ersten, kleinen Herz-Jesu-Kirche als Teil der \u201ePanholzer\u00b4schen Kaiser-Jubil\u00e4ums-Stiftung f\u00fcr Kinder\u201c (\u201eKinderkapelle\u201c, heutiger There-siensaal), SVD stellt den dem M\u00f6dlinger Stadtpfarrer unterstellten \u201eKirchendirektor\u201c.<\/p>\n\n\n\n<p class=\"wp-block-paragraph\">1925 Die Sch\u00f6ffelvorstadt wird eine eigene Pfarre und die \u201eKinderkapelle\u201c als Pfarrkirche unzureichend.<\/p>\n\n\n\n<p class=\"wp-block-paragraph\">1934 Zur Verbesserung der Raumnot Errichtung einer Filialkirche aus Holz, der \u201eMarienkirche\u201c (Hartigstr. 11, in der \u201eKolonie\u201c), mit <em>Pater Kienast<\/em>, SVD, als \u201eKirchendirektor\u201c.<\/p>\n\n\n\n<p class=\"wp-block-paragraph\">Abriss dieser Kirche 1976<\/p>\n\n\n\n<p class=\"wp-block-paragraph\">25. April 1970 Grundsteinlegung f\u00fcr die heutige Herz-Jesu-Kirche<br>&nbsp;&nbsp;&nbsp;&nbsp;&nbsp;&nbsp;&nbsp;&nbsp;&nbsp;&nbsp; Planung: Architekt <em>DI Franz Andre<\/em>, M\u00f6dling<br>&nbsp;&nbsp;&nbsp;&nbsp;&nbsp;&nbsp;&nbsp;&nbsp;&nbsp;&nbsp; Altarrelief und Betondickglasfenster: Akadem. Maler <em>Herman Bauch<\/em>, Kronberg<\/p>\n\n\n\n<p class=\"wp-block-paragraph\">24. Oktober 1971 Kirchenweihe durch <em>Erzbischof<\/em> <em>Dr. Franz Jachym<\/em><\/p>\n<\/div>\n\n\n\n<div class=\"wp-block-themeisle-blocks-advanced-column\" id=\"wp-block-themeisle-blocks-advanced-column-322f317f\"><style type=\"text\/css\">\n#foogallery-gallery-364 .fg-image { width: 150px; }\n#foogallery-gallery-364 { --fg-gutter: 10px; }<\/style>\n\t\t\t<div class=\"foogallery foogallery-container foogallery-default foogallery-lightbox-foobox fg-center fg-default fg-ready fg-light fg-border-thin fg-shadow-small fg-loading-default fg-loaded-fade-in fg-caption-hover fg-hover-fade fg-hover-zoom\" id=\"foogallery-gallery-364\" data-foogallery=\"{&quot;item&quot;:{&quot;showCaptionTitle&quot;:true,&quot;showCaptionDescription&quot;:true},&quot;lazy&quot;:true}\" style=\"--fg-title-line-clamp: 0; --fg-description-line-clamp: 0;\" >\n\t<div class=\"fg-item fg-type-image fg-idle\"><figure class=\"fg-item-inner\"><a href=\"http:\/\/www.cronopio.de\/sakrale-kunst-moedling\/wp-content\/uploads\/sites\/14\/2021\/09\/P4252046.jpg\" data-caption-title=\"Haupteingang der \u201eKinderkapelle\u201c (Theresiensaal)\" data-attachment-id=\"379\" data-type=\"image\" class=\"fg-thumb\"><span class=\"fg-image-wrap\"><img decoding=\"async\" title=\"Haupteingang der \u201eKinderkapelle\u201c (Theresiensaal)\" width=\"150\" height=\"150\" class=\"skip-lazy fg-image\" data-src-fg=\"http:\/\/www.cronopio.de\/sakrale-kunst-moedling\/wp-content\/uploads\/sites\/14\/cache\/2021\/09\/P4252046\/3045571858.jpg\" src=\"data:image\/svg+xml,%3Csvg%20xmlns%3D%22http%3A%2F%2Fwww.w3.org%2F2000%2Fsvg%22%20width%3D%22150%22%20height%3D%22150%22%20viewBox%3D%220%200%20150%20150%22%3E%3C%2Fsvg%3E\" loading=\"eager\"><\/span><span class=\"fg-image-overlay\"><\/span><\/a><\/figure><div class=\"fg-loader\"><\/div><\/div><div class=\"fg-item fg-type-image fg-idle\"><figure class=\"fg-item-inner\"><a href=\"http:\/\/www.cronopio.de\/sakrale-kunst-moedling\/wp-content\/uploads\/sites\/14\/2021\/09\/P4252041.jpg\" data-caption-title=\"Seitenansicht der \u201eKinderkapelle\u201c (Theresiensaal)\" data-attachment-id=\"377\" data-type=\"image\" class=\"fg-thumb\"><span class=\"fg-image-wrap\"><img decoding=\"async\" title=\"Seitenansicht der \u201eKinderkapelle\u201c (Theresiensaal)\" width=\"150\" height=\"150\" class=\"skip-lazy fg-image\" data-src-fg=\"http:\/\/www.cronopio.de\/sakrale-kunst-moedling\/wp-content\/uploads\/sites\/14\/cache\/2021\/09\/P4252041\/4240820948.jpg\" src=\"data:image\/svg+xml,%3Csvg%20xmlns%3D%22http%3A%2F%2Fwww.w3.org%2F2000%2Fsvg%22%20width%3D%22150%22%20height%3D%22150%22%20viewBox%3D%220%200%20150%20150%22%3E%3C%2Fsvg%3E\" loading=\"eager\"><\/span><span class=\"fg-image-overlay\"><\/span><\/a><\/figure><div class=\"fg-loader\"><\/div><\/div><div class=\"fg-item fg-type-image fg-idle\"><figure class=\"fg-item-inner\"><a href=\"http:\/\/www.cronopio.de\/sakrale-kunst-moedling\/wp-content\/uploads\/sites\/14\/2021\/09\/P4252043.jpg\" data-attachment-id=\"378\" data-type=\"image\" class=\"fg-thumb\"><span class=\"fg-image-wrap\"><img decoding=\"async\" width=\"150\" height=\"150\" class=\"skip-lazy fg-image\" data-src-fg=\"http:\/\/www.cronopio.de\/sakrale-kunst-moedling\/wp-content\/uploads\/sites\/14\/cache\/2021\/09\/P4252043\/3524908911.jpg\" src=\"data:image\/svg+xml,%3Csvg%20xmlns%3D%22http%3A%2F%2Fwww.w3.org%2F2000%2Fsvg%22%20width%3D%22150%22%20height%3D%22150%22%20viewBox%3D%220%200%20150%20150%22%3E%3C%2Fsvg%3E\" loading=\"eager\"><\/span><span class=\"fg-image-overlay\"><\/span><\/a><\/figure><div class=\"fg-loader\"><\/div><\/div><div class=\"fg-item fg-type-image fg-idle\"><figure class=\"fg-item-inner\"><a href=\"http:\/\/www.cronopio.de\/sakrale-kunst-moedling\/wp-content\/uploads\/sites\/14\/2021\/09\/P6122078.jpg\" data-caption-title=\"Herz-Jesu-Kirche\" data-attachment-id=\"259\" data-type=\"image\" class=\"fg-thumb\"><span class=\"fg-image-wrap\"><img decoding=\"async\" title=\"Herz-Jesu-Kirche\" width=\"150\" height=\"150\" class=\"skip-lazy fg-image\" data-src-fg=\"http:\/\/www.cronopio.de\/sakrale-kunst-moedling\/wp-content\/uploads\/sites\/14\/cache\/2021\/09\/P6122078\/2833931366.jpg\" src=\"data:image\/svg+xml,%3Csvg%20xmlns%3D%22http%3A%2F%2Fwww.w3.org%2F2000%2Fsvg%22%20width%3D%22150%22%20height%3D%22150%22%20viewBox%3D%220%200%20150%20150%22%3E%3C%2Fsvg%3E\" loading=\"eager\"><\/span><span class=\"fg-image-overlay\"><\/span><\/a><\/figure><div class=\"fg-loader\"><\/div><\/div><div class=\"fg-item fg-type-image fg-idle\"><figure class=\"fg-item-inner\"><a href=\"http:\/\/www.cronopio.de\/sakrale-kunst-moedling\/wp-content\/uploads\/sites\/14\/2021\/09\/P4252040-scaled.jpg\" data-caption-title=\"Betondickglasfenster der Herz-Jesu-Kirche\" data-attachment-id=\"376\" data-type=\"image\" class=\"fg-thumb\"><span class=\"fg-image-wrap\"><img decoding=\"async\" title=\"Betondickglasfenster der Herz-Jesu-Kirche\" width=\"150\" height=\"150\" class=\"skip-lazy fg-image\" data-src-fg=\"http:\/\/www.cronopio.de\/sakrale-kunst-moedling\/wp-content\/uploads\/sites\/14\/cache\/2021\/09\/P4252040-scaled\/3932713142.jpg\" src=\"data:image\/svg+xml,%3Csvg%20xmlns%3D%22http%3A%2F%2Fwww.w3.org%2F2000%2Fsvg%22%20width%3D%22150%22%20height%3D%22150%22%20viewBox%3D%220%200%20150%20150%22%3E%3C%2Fsvg%3E\" loading=\"eager\"><\/span><span class=\"fg-image-overlay\"><\/span><\/a><\/figure><div class=\"fg-loader\"><\/div><\/div><div class=\"fg-item fg-type-image fg-idle\"><figure class=\"fg-item-inner\"><a href=\"http:\/\/www.cronopio.de\/sakrale-kunst-moedling\/wp-content\/uploads\/sites\/14\/2021\/09\/P4252037.jpg\" data-caption-title=\"Innenansicht der Herz-Jesu-Kirche\" data-attachment-id=\"375\" data-type=\"image\" class=\"fg-thumb\"><span class=\"fg-image-wrap\"><img decoding=\"async\" title=\"Innenansicht der Herz-Jesu-Kirche\" width=\"150\" height=\"150\" class=\"skip-lazy fg-image\" data-src-fg=\"http:\/\/www.cronopio.de\/sakrale-kunst-moedling\/wp-content\/uploads\/sites\/14\/cache\/2021\/09\/P4252037\/3630760.jpg\" src=\"data:image\/svg+xml,%3Csvg%20xmlns%3D%22http%3A%2F%2Fwww.w3.org%2F2000%2Fsvg%22%20width%3D%22150%22%20height%3D%22150%22%20viewBox%3D%220%200%20150%20150%22%3E%3C%2Fsvg%3E\" loading=\"eager\"><\/span><span class=\"fg-image-overlay\"><\/span><\/a><\/figure><div class=\"fg-loader\"><\/div><\/div><div class=\"fg-item fg-type-image fg-idle\"><figure class=\"fg-item-inner\"><a href=\"http:\/\/www.cronopio.de\/sakrale-kunst-moedling\/wp-content\/uploads\/sites\/14\/2021\/09\/P4252026.jpg\" data-caption-title=\"Altarraum der Herz-Jesu-Kirche\" data-attachment-id=\"365\" data-type=\"image\" class=\"fg-thumb\"><span class=\"fg-image-wrap\"><img decoding=\"async\" title=\"Altarraum der Herz-Jesu-Kirche\" width=\"150\" height=\"150\" class=\"skip-lazy fg-image\" data-src-fg=\"http:\/\/www.cronopio.de\/sakrale-kunst-moedling\/wp-content\/uploads\/sites\/14\/cache\/2021\/09\/P4252026\/3215107281.jpg\" src=\"data:image\/svg+xml,%3Csvg%20xmlns%3D%22http%3A%2F%2Fwww.w3.org%2F2000%2Fsvg%22%20width%3D%22150%22%20height%3D%22150%22%20viewBox%3D%220%200%20150%20150%22%3E%3C%2Fsvg%3E\" loading=\"eager\"><\/span><span class=\"fg-image-overlay\"><\/span><\/a><\/figure><div class=\"fg-loader\"><\/div><\/div><div class=\"fg-item fg-type-image fg-idle\"><figure class=\"fg-item-inner\"><a href=\"http:\/\/www.cronopio.de\/sakrale-kunst-moedling\/wp-content\/uploads\/sites\/14\/2021\/09\/P4252030.jpg\" data-caption-title=\"Tabernakel der Herz-Jesu-Kirche\" data-attachment-id=\"369\" data-type=\"image\" class=\"fg-thumb\"><span class=\"fg-image-wrap\"><img decoding=\"async\" title=\"Tabernakel der Herz-Jesu-Kirche\" width=\"150\" height=\"150\" class=\"skip-lazy fg-image\" data-src-fg=\"http:\/\/www.cronopio.de\/sakrale-kunst-moedling\/wp-content\/uploads\/sites\/14\/cache\/2021\/09\/P4252030\/1942818808.jpg\" src=\"data:image\/svg+xml,%3Csvg%20xmlns%3D%22http%3A%2F%2Fwww.w3.org%2F2000%2Fsvg%22%20width%3D%22150%22%20height%3D%22150%22%20viewBox%3D%220%200%20150%20150%22%3E%3C%2Fsvg%3E\" loading=\"eager\"><\/span><span class=\"fg-image-overlay\"><\/span><\/a><\/figure><div class=\"fg-loader\"><\/div><\/div><div class=\"fg-item fg-type-image fg-idle\"><figure class=\"fg-item-inner\"><a href=\"http:\/\/www.cronopio.de\/sakrale-kunst-moedling\/wp-content\/uploads\/sites\/14\/2021\/09\/P4252033.jpg\" data-caption-title=\"Orgelempore der Herz-Jesu-Kirche\" data-attachment-id=\"371\" data-type=\"image\" class=\"fg-thumb\"><span class=\"fg-image-wrap\"><img decoding=\"async\" title=\"Orgelempore der Herz-Jesu-Kirche\" width=\"150\" height=\"150\" class=\"skip-lazy fg-image\" data-src-fg=\"http:\/\/www.cronopio.de\/sakrale-kunst-moedling\/wp-content\/uploads\/sites\/14\/cache\/2021\/09\/P4252033\/965015606.jpg\" src=\"data:image\/svg+xml,%3Csvg%20xmlns%3D%22http%3A%2F%2Fwww.w3.org%2F2000%2Fsvg%22%20width%3D%22150%22%20height%3D%22150%22%20viewBox%3D%220%200%20150%20150%22%3E%3C%2Fsvg%3E\" loading=\"eager\"><\/span><span class=\"fg-image-overlay\"><\/span><\/a><\/figure><div class=\"fg-loader\"><\/div><\/div><div class=\"fg-item fg-type-image fg-idle\"><figure class=\"fg-item-inner\"><a href=\"http:\/\/www.cronopio.de\/sakrale-kunst-moedling\/wp-content\/uploads\/sites\/14\/2021\/09\/P4252027-scaled.jpg\" data-caption-title=\"Betondickglasfenster der Herz-Jesu-Kirche\" data-attachment-id=\"366\" data-type=\"image\" class=\"fg-thumb\"><span class=\"fg-image-wrap\"><img decoding=\"async\" title=\"Betondickglasfenster der Herz-Jesu-Kirche\" width=\"150\" height=\"150\" class=\"skip-lazy fg-image\" data-src-fg=\"http:\/\/www.cronopio.de\/sakrale-kunst-moedling\/wp-content\/uploads\/sites\/14\/cache\/2021\/09\/P4252027-scaled\/1280082138.jpg\" src=\"data:image\/svg+xml,%3Csvg%20xmlns%3D%22http%3A%2F%2Fwww.w3.org%2F2000%2Fsvg%22%20width%3D%22150%22%20height%3D%22150%22%20viewBox%3D%220%200%20150%20150%22%3E%3C%2Fsvg%3E\" loading=\"eager\"><\/span><span class=\"fg-image-overlay\"><\/span><\/a><\/figure><div class=\"fg-loader\"><\/div><\/div><div class=\"fg-item fg-type-image fg-idle\"><figure class=\"fg-item-inner\"><a href=\"http:\/\/www.cronopio.de\/sakrale-kunst-moedling\/wp-content\/uploads\/sites\/14\/2021\/09\/P4252029.jpg\" data-caption-title=\"Betondickglasfenster\" data-attachment-id=\"368\" data-type=\"image\" class=\"fg-thumb\"><span class=\"fg-image-wrap\"><img decoding=\"async\" title=\"Betondickglasfenster\" width=\"150\" height=\"150\" class=\"skip-lazy fg-image\" data-src-fg=\"http:\/\/www.cronopio.de\/sakrale-kunst-moedling\/wp-content\/uploads\/sites\/14\/cache\/2021\/09\/P4252029\/1418159241.jpg\" src=\"data:image\/svg+xml,%3Csvg%20xmlns%3D%22http%3A%2F%2Fwww.w3.org%2F2000%2Fsvg%22%20width%3D%22150%22%20height%3D%22150%22%20viewBox%3D%220%200%20150%20150%22%3E%3C%2Fsvg%3E\" loading=\"eager\"><\/span><span class=\"fg-image-overlay\"><\/span><\/a><\/figure><div class=\"fg-loader\"><\/div><\/div><div class=\"fg-item fg-type-image fg-idle\"><figure class=\"fg-item-inner\"><a href=\"http:\/\/www.cronopio.de\/sakrale-kunst-moedling\/wp-content\/uploads\/sites\/14\/2021\/09\/P4252032.jpg\" data-caption-title=\"Betondickglasfenster der Herz-Jesu-Kirche\" data-attachment-id=\"370\" data-type=\"image\" class=\"fg-thumb\"><span class=\"fg-image-wrap\"><img decoding=\"async\" title=\"Betondickglasfenster der Herz-Jesu-Kirche\" width=\"150\" height=\"150\" class=\"skip-lazy fg-image\" data-src-fg=\"http:\/\/www.cronopio.de\/sakrale-kunst-moedling\/wp-content\/uploads\/sites\/14\/cache\/2021\/09\/P4252032\/3662716081.jpg\" src=\"data:image\/svg+xml,%3Csvg%20xmlns%3D%22http%3A%2F%2Fwww.w3.org%2F2000%2Fsvg%22%20width%3D%22150%22%20height%3D%22150%22%20viewBox%3D%220%200%20150%20150%22%3E%3C%2Fsvg%3E\" loading=\"eager\"><\/span><span class=\"fg-image-overlay\"><\/span><\/a><\/figure><div class=\"fg-loader\"><\/div><\/div><div class=\"fg-item fg-type-image fg-idle\"><figure class=\"fg-item-inner\"><a href=\"http:\/\/www.cronopio.de\/sakrale-kunst-moedling\/wp-content\/uploads\/sites\/14\/2021\/09\/P4252034.jpg\" data-caption-title=\"Betondickglasfenster der Herz-Jesu-Kirche\" data-attachment-id=\"372\" data-type=\"image\" class=\"fg-thumb\"><span class=\"fg-image-wrap\"><img decoding=\"async\" title=\"Betondickglasfenster der Herz-Jesu-Kirche\" width=\"150\" height=\"150\" class=\"skip-lazy fg-image\" data-src-fg=\"http:\/\/www.cronopio.de\/sakrale-kunst-moedling\/wp-content\/uploads\/sites\/14\/cache\/2021\/09\/P4252034\/1120099588.jpg\" src=\"data:image\/svg+xml,%3Csvg%20xmlns%3D%22http%3A%2F%2Fwww.w3.org%2F2000%2Fsvg%22%20width%3D%22150%22%20height%3D%22150%22%20viewBox%3D%220%200%20150%20150%22%3E%3C%2Fsvg%3E\" loading=\"eager\"><\/span><span class=\"fg-image-overlay\"><\/span><\/a><\/figure><div class=\"fg-loader\"><\/div><\/div><div class=\"fg-item fg-type-image fg-idle\"><figure class=\"fg-item-inner\"><a href=\"http:\/\/www.cronopio.de\/sakrale-kunst-moedling\/wp-content\/uploads\/sites\/14\/2021\/09\/P4252035-scaled.jpg\" data-caption-title=\"Betondickglasfenster der Herz-Jesu-Kirche\" data-attachment-id=\"373\" data-type=\"image\" class=\"fg-thumb\"><span class=\"fg-image-wrap\"><img decoding=\"async\" title=\"Betondickglasfenster der Herz-Jesu-Kirche\" width=\"150\" height=\"150\" class=\"skip-lazy fg-image\" data-src-fg=\"http:\/\/www.cronopio.de\/sakrale-kunst-moedling\/wp-content\/uploads\/sites\/14\/cache\/2021\/09\/P4252035-scaled\/858102017.jpg\" src=\"data:image\/svg+xml,%3Csvg%20xmlns%3D%22http%3A%2F%2Fwww.w3.org%2F2000%2Fsvg%22%20width%3D%22150%22%20height%3D%22150%22%20viewBox%3D%220%200%20150%20150%22%3E%3C%2Fsvg%3E\" loading=\"eager\"><\/span><span class=\"fg-image-overlay\"><\/span><\/a><\/figure><div class=\"fg-loader\"><\/div><\/div><div class=\"fg-item fg-type-image fg-idle\"><figure class=\"fg-item-inner\"><a href=\"http:\/\/www.cronopio.de\/sakrale-kunst-moedling\/wp-content\/uploads\/sites\/14\/2021\/09\/P4252036-scaled.jpg\" data-caption-title=\"Betondickglasfenster\" data-attachment-id=\"374\" data-type=\"image\" class=\"fg-thumb\"><span class=\"fg-image-wrap\"><img decoding=\"async\" title=\"Betondickglasfenster\" width=\"150\" height=\"150\" class=\"skip-lazy fg-image\" data-src-fg=\"http:\/\/www.cronopio.de\/sakrale-kunst-moedling\/wp-content\/uploads\/sites\/14\/cache\/2021\/09\/P4252036-scaled\/1362800990.jpg\" src=\"data:image\/svg+xml,%3Csvg%20xmlns%3D%22http%3A%2F%2Fwww.w3.org%2F2000%2Fsvg%22%20width%3D%22150%22%20height%3D%22150%22%20viewBox%3D%220%200%20150%20150%22%3E%3C%2Fsvg%3E\" loading=\"eager\"><\/span><span class=\"fg-image-overlay\"><\/span><\/a><\/figure><div class=\"fg-loader\"><\/div><\/div><\/div>\n<\/div>\n<\/div><\/section>\n","protected":false},"excerpt":{"rendered":"","protected":false},"author":2,"featured_media":0,"parent":25,"menu_order":0,"comment_status":"closed","ping_status":"closed","template":"","meta":{"_crdt_document":"","_themeisle_gutenberg_block_has_review":false,"h5ap_radio_sources":[],"footnotes":""},"class_list":["post-269","page","type-page","status-publish","hentry"],"_links":{"self":[{"href":"http:\/\/www.cronopio.de\/sakrale-kunst-moedling\/wp-json\/wp\/v2\/pages\/269","targetHints":{"allow":["GET"]}}],"collection":[{"href":"http:\/\/www.cronopio.de\/sakrale-kunst-moedling\/wp-json\/wp\/v2\/pages"}],"about":[{"href":"http:\/\/www.cronopio.de\/sakrale-kunst-moedling\/wp-json\/wp\/v2\/types\/page"}],"author":[{"embeddable":true,"href":"http:\/\/www.cronopio.de\/sakrale-kunst-moedling\/wp-json\/wp\/v2\/users\/2"}],"replies":[{"embeddable":true,"href":"http:\/\/www.cronopio.de\/sakrale-kunst-moedling\/wp-json\/wp\/v2\/comments?post=269"}],"version-history":[{"count":3,"href":"http:\/\/www.cronopio.de\/sakrale-kunst-moedling\/wp-json\/wp\/v2\/pages\/269\/revisions"}],"predecessor-version":[{"id":381,"href":"http:\/\/www.cronopio.de\/sakrale-kunst-moedling\/wp-json\/wp\/v2\/pages\/269\/revisions\/381"}],"up":[{"embeddable":true,"href":"http:\/\/www.cronopio.de\/sakrale-kunst-moedling\/wp-json\/wp\/v2\/pages\/25"}],"wp:attachment":[{"href":"http:\/\/www.cronopio.de\/sakrale-kunst-moedling\/wp-json\/wp\/v2\/media?parent=269"}],"curies":[{"name":"wp","href":"https:\/\/api.w.org\/{rel}","templated":true}]}}