{"id":18,"date":"2021-08-30T21:49:18","date_gmt":"2021-08-30T19:49:18","guid":{"rendered":"http:\/\/www.cronopio.de\/sakrale-kunst-moedling\/?page_id=18"},"modified":"2021-09-09T20:55:31","modified_gmt":"2021-09-09T18:55:31","slug":"judentum","status":"publish","type":"page","link":"http:\/\/www.cronopio.de\/sakrale-kunst-moedling\/judentum\/","title":{"rendered":"Die j\u00fcdische Gemeinde in M\u00f6dling"},"content":{"rendered":"\n<div class=\"wp-block-buttons is-layout-flex wp-block-buttons-is-layout-flex\">\n<div class=\"wp-block-button\"><a class=\"wp-block-button__link has-background\" href=\"http:\/\/www.cronopio.de\/sakrale-kunst-moedling\/judentum\/kultgeraete-in-der-synagoge\/\" style=\"background-color:#20253c\">Sakrale und religi\u00f6se Objekte<\/a><\/div>\n<\/div>\n\n\n\n<section class=\"wp-block-themeisle-blocks-advanced-columns alignfull has-2-columns has-desktop-equal-layout has-tablet-equal-layout has-mobile-collapsedRows-layout has-nogap-gap has-vertical-flex-start\" id=\"wp-block-themeisle-blocks-advanced-columns-5bf726c2\"><div class=\"wp-block-themeisle-blocks-advanced-columns-overlay\"><\/div><div class=\"innerblocks-wrap\">\n<div class=\"wp-block-themeisle-blocks-advanced-column\" id=\"wp-block-themeisle-blocks-advanced-column-1ecc9713\">\n<p class=\"has-headings-color has-text-color wp-block-paragraph\">erste H\u00e4lfte 14. Jahrhundert urkundlicher Nachweis j\u00fcdischer Bewohner in M\u00f6dling, Ansiedlung in der \u201eJuden-Gasse\u201c (heute Kaiserin-Elisabeth-Stra\u00dfe)<\/p>\n\n\n\n<p class=\"has-headings-color has-text-color wp-block-paragraph\">sp\u00e4tes 14.  Jahrhundert  Errichtung einer ersten Synagoge im Hinterhof eines Hauses in der Judengasse: \u201ealte Judenschuel\u201c<\/p>\n\n\n\n<p class=\"has-headings-color has-text-color wp-block-paragraph\">1420 Nach einer angeblichen Hostiensch\u00e4ndung in Enns werden Juden aus allen herzoglichen St\u00e4dten vertrieben, ihr Verm\u00f6gen beschlagnahmt und die M\u00f6dlinger Synagoge von Herzog Albrecht V. konfisziert<\/p>\n\n\n\n<p class=\"has-headings-color has-text-color wp-block-paragraph\">1830er Jahre dauerhafte Niederlassung von Juden, v.a. aus dem Burgenland<\/p>\n\n\n\n<p class=\"has-headings-color has-text-color wp-block-paragraph\">1860er Jahre \u201eIsraelitische Bethausgenossenschaft\u201c mit Gottesdiensten im Haus Klostergasse 8, bis ca. 1890<\/p>\n\n\n\n<p class=\"has-headings-color has-text-color wp-block-paragraph\">1888 Ankauf des Grundst\u00fccks Enzersdorfer Stra\u00dfe 6 zur Errichtung eines Tempels<\/p>\n\n\n\n<p class=\"has-headings-color has-text-color wp-block-paragraph\">1892 Gr\u00fcndung der \u201eIsraelitischen Kultusgemeinde M\u00f6dling\u201c (mit Bruck\/Leitha, Liesing, Schwechat)<\/p>\n\n\n\n<p class=\"has-headings-color has-text-color wp-block-paragraph\">1912 Grundsteinlegung zur Synagoge; Architekt: Ignaz Nathan Reiser<\/p>\n\n\n\n<p class=\"has-headings-color has-text-color wp-block-paragraph\">August 1914 Einweihung der Synagoge&nbsp;&nbsp;&nbsp;&nbsp;&nbsp;&nbsp;&nbsp;<\/p>\n\n\n\n<p class=\"has-headings-color has-text-color wp-block-paragraph\">nach 1918 Zuzug j\u00fcdischer Fl\u00fcchtlinge, starke judenfeindliche Stimmung<\/p>\n\n\n\n<p class=\"has-headings-color has-text-color wp-block-paragraph\">1926 Erweiterung des Amtshauses um einen Veranstaltungssaal und eine Hausmeisterwohnung, sowie Vergr\u00f6\u00dferung der Wohnung des Rabbiners<\/p>\n\n\n\n<p class=\"has-headings-color has-text-color wp-block-paragraph\">Fr\u00fchjahr 1927 erste Besch\u00e4digung der Synagoge<\/p>\n\n\n\n<p class=\"has-headings-color has-text-color wp-block-paragraph\">9.\/10. November 1938 Zerst\u00f6rung der Synagoge durch Brandlegung<\/p>\n\n\n\n<p class=\"has-headings-color has-text-color wp-block-paragraph\">November 1938 Aufl\u00f6sung der Kultusgemeinde M\u00f6dling<\/p>\n\n\n\n<p class=\"has-headings-color has-text-color wp-block-paragraph\">1987 Abbruch der Synagogenruine und des Verwaltungsgeb\u00e4udes <\/p>\n\n\n\n<p class=\"has-headings-color has-text-color wp-block-paragraph\">20. Oktober 2003 Enth\u00fcllung des <a href=\"http:\/\/www.cronopio.de\/kunstimoeffentlichenraum\/metallplastiken\/mahnmal-am-ort-der-ehemaligen-synagoge\/\">Mahnmals f\u00fcr die ehemalige Synagoge<\/a>: ein geknickter Chanukka-Leuchter auf einer Basis aus Wachauer Marmor mit einer Gedenktafel. Entwurf: <a href=\"http:\/\/www.cronopio.de\/kunstimoeffentlichenraum\/kuenstler\/karl-novak\/\">Karl Novak<\/a>, Mitglied des M\u00f6dlinger K\u00fcnstlerbundes<\/p>\n\n\n\n<div class=\"wp-block-buttons is-layout-flex wp-block-buttons-is-layout-flex\"><\/div>\n<\/div>\n\n\n\n<div class=\"wp-block-themeisle-blocks-advanced-column\" id=\"wp-block-themeisle-blocks-advanced-column-c7307024\"><style type=\"text\/css\">\n#foogallery-gallery-192 .fg-image { width: 150px; }\n#foogallery-gallery-192 { --fg-gutter: 10px; }<\/style>\n\t\t\t<div class=\"foogallery foogallery-container foogallery-default foogallery-lightbox-foobox fg-center fg-default fg-ready fg-light fg-border-thin fg-round-small fg-shadow-small fg-shadow-inset-small fg-loading-bars fg-loaded-fade-in fg-caption-hover fg-hover-fade fg-hover-zoom3 fg-c-c\" id=\"foogallery-gallery-192\" data-foogallery=\"{&quot;item&quot;:{&quot;showCaptionTitle&quot;:false,&quot;showCaptionDescription&quot;:true},&quot;lazy&quot;:true}\" style=\"--fg-title-line-clamp: 0; --fg-description-line-clamp: 0;\" >\n\t<div class=\"fg-item fg-type-image fg-idle\"><figure class=\"fg-item-inner\"><a href=\"http:\/\/www.cronopio.de\/sakrale-kunst-moedling\/wp-content\/uploads\/sites\/14\/2021\/09\/Mahnmal.jpg\" data-caption-title=\"Mahnmal Synagoge, Foto: Kunststation M\u00f6dling\" data-caption-desc=\"Mahnmal Synagoge, Foto: Kunststation M\u00f6dling\" data-attachment-id=\"193\" data-type=\"image\" class=\"fg-thumb\"><span class=\"fg-image-wrap\"><img decoding=\"async\" title=\"Mahnmal Synagoge, Foto: Kunststation M\u00f6dling\" width=\"150\" height=\"150\" class=\"skip-lazy fg-image\" data-src-fg=\"http:\/\/www.cronopio.de\/sakrale-kunst-moedling\/wp-content\/uploads\/sites\/14\/cache\/2021\/09\/Mahnmal\/1461343801.jpg\" src=\"data:image\/svg+xml,%3Csvg%20xmlns%3D%22http%3A%2F%2Fwww.w3.org%2F2000%2Fsvg%22%20width%3D%22150%22%20height%3D%22150%22%20viewBox%3D%220%200%20150%20150%22%3E%3C%2Fsvg%3E\" loading=\"eager\"><\/span><span class=\"fg-image-overlay\"><\/span><\/a><figcaption class=\"fg-caption\"><div class=\"fg-caption-inner\"><div class=\"fg-caption-desc\">Mahnmal Synagoge, Foto: Kunststation M\u00f6dling<\/div><\/div><\/figcaption><\/figure><div class=\"fg-loader\"><\/div><\/div><div class=\"fg-item fg-type-image fg-idle\"><figure class=\"fg-item-inner\"><a href=\"http:\/\/www.cronopio.de\/sakrale-kunst-moedling\/wp-content\/uploads\/sites\/14\/2021\/09\/Mahnmal_Holzmodell.jpg\" data-caption-title=\"Holzmodell Mahnmal Synagoge\" data-caption-desc=\"Holzmodell Mahnmal Synagoge\" data-attachment-id=\"194\" data-type=\"image\" class=\"fg-thumb\"><span class=\"fg-image-wrap\"><img decoding=\"async\" title=\"Holzmodell Mahnmal Synagoge\" width=\"150\" height=\"150\" class=\"skip-lazy fg-image\" data-src-fg=\"http:\/\/www.cronopio.de\/sakrale-kunst-moedling\/wp-content\/uploads\/sites\/14\/cache\/2021\/09\/Mahnmal_Holzmodell\/2389170289.jpg\" src=\"data:image\/svg+xml,%3Csvg%20xmlns%3D%22http%3A%2F%2Fwww.w3.org%2F2000%2Fsvg%22%20width%3D%22150%22%20height%3D%22150%22%20viewBox%3D%220%200%20150%20150%22%3E%3C%2Fsvg%3E\" loading=\"eager\"><\/span><span class=\"fg-image-overlay\"><\/span><\/a><figcaption class=\"fg-caption\"><div class=\"fg-caption-inner\"><div class=\"fg-caption-desc\">Holzmodell Mahnmal Synagoge<\/div><\/div><\/figcaption><\/figure><div class=\"fg-loader\"><\/div><\/div><div class=\"fg-item fg-type-image fg-idle\"><figure class=\"fg-item-inner\"><a href=\"http:\/\/www.cronopio.de\/sakrale-kunst-moedling\/wp-content\/uploads\/sites\/14\/2021\/09\/Synagoge_digitale-Rekonstruktion.jpg\" data-caption-title=\"Digitale Rekonstruktion der Westfassade\" data-caption-desc=\"Digitale Rekonstruktion der Westfassade\" data-attachment-id=\"195\" data-type=\"image\" class=\"fg-thumb\"><span class=\"fg-image-wrap\"><img decoding=\"async\" title=\"Digitale Rekonstruktion der Westfassade\" width=\"150\" height=\"150\" class=\"skip-lazy fg-image\" data-src-fg=\"http:\/\/www.cronopio.de\/sakrale-kunst-moedling\/wp-content\/uploads\/sites\/14\/cache\/2021\/09\/Synagoge_digitale-Rekonstruktion\/2935922432.jpg\" src=\"data:image\/svg+xml,%3Csvg%20xmlns%3D%22http%3A%2F%2Fwww.w3.org%2F2000%2Fsvg%22%20width%3D%22150%22%20height%3D%22150%22%20viewBox%3D%220%200%20150%20150%22%3E%3C%2Fsvg%3E\" loading=\"eager\"><\/span><span class=\"fg-image-overlay\"><\/span><\/a><figcaption class=\"fg-caption\"><div class=\"fg-caption-inner\"><div class=\"fg-caption-desc\">Digitale Rekonstruktion der Westfassade<\/div><\/div><\/figcaption><\/figure><div class=\"fg-loader\"><\/div><\/div><div class=\"fg-item fg-type-image fg-idle\"><figure class=\"fg-item-inner\"><a href=\"http:\/\/www.cronopio.de\/sakrale-kunst-moedling\/wp-content\/uploads\/sites\/14\/2021\/09\/Synagoge_Foto.jpg\" data-caption-title=\"Fotografie der Westfassade der M\u00f6dlinger Synagoge (1925), Archiv Museum M\u00f6dling\" data-caption-desc=\"Fotografie der Westfassade der M\u00f6dlinger Synagoge (1925), Archiv Museum M\u00f6dling\" data-attachment-id=\"196\" data-type=\"image\" class=\"fg-thumb\"><span class=\"fg-image-wrap\"><img decoding=\"async\" title=\"Fotografie der Westfassade der M\u00f6dlinger Synagoge (1925), Archiv Museum M\u00f6dling\" width=\"150\" height=\"150\" class=\"skip-lazy fg-image\" data-src-fg=\"http:\/\/www.cronopio.de\/sakrale-kunst-moedling\/wp-content\/uploads\/sites\/14\/cache\/2021\/09\/Synagoge_Foto\/738830427.jpg\" src=\"data:image\/svg+xml,%3Csvg%20xmlns%3D%22http%3A%2F%2Fwww.w3.org%2F2000%2Fsvg%22%20width%3D%22150%22%20height%3D%22150%22%20viewBox%3D%220%200%20150%20150%22%3E%3C%2Fsvg%3E\" loading=\"eager\"><\/span><span class=\"fg-image-overlay\"><\/span><\/a><figcaption class=\"fg-caption\"><div class=\"fg-caption-inner\"><div class=\"fg-caption-desc\">Fotografie der Westfassade der M\u00f6dlinger Synagoge (1925), Archiv Museum M\u00f6dling<\/div><\/div><\/figcaption><\/figure><div class=\"fg-loader\"><\/div><\/div><\/div>\n<\/div>\n<\/div><\/section>\n\n\n\n<p class=\"wp-block-paragraph\"><\/p>\n","protected":false},"excerpt":{"rendered":"","protected":false},"author":2,"featured_media":0,"parent":0,"menu_order":0,"comment_status":"closed","ping_status":"closed","template":"","meta":{"_crdt_document":"","_themeisle_gutenberg_block_has_review":false,"h5ap_radio_sources":[],"footnotes":""},"class_list":["post-18","page","type-page","status-publish","hentry"],"_links":{"self":[{"href":"http:\/\/www.cronopio.de\/sakrale-kunst-moedling\/wp-json\/wp\/v2\/pages\/18","targetHints":{"allow":["GET"]}}],"collection":[{"href":"http:\/\/www.cronopio.de\/sakrale-kunst-moedling\/wp-json\/wp\/v2\/pages"}],"about":[{"href":"http:\/\/www.cronopio.de\/sakrale-kunst-moedling\/wp-json\/wp\/v2\/types\/page"}],"author":[{"embeddable":true,"href":"http:\/\/www.cronopio.de\/sakrale-kunst-moedling\/wp-json\/wp\/v2\/users\/2"}],"replies":[{"embeddable":true,"href":"http:\/\/www.cronopio.de\/sakrale-kunst-moedling\/wp-json\/wp\/v2\/comments?post=18"}],"version-history":[{"count":51,"href":"http:\/\/www.cronopio.de\/sakrale-kunst-moedling\/wp-json\/wp\/v2\/pages\/18\/revisions"}],"predecessor-version":[{"id":545,"href":"http:\/\/www.cronopio.de\/sakrale-kunst-moedling\/wp-json\/wp\/v2\/pages\/18\/revisions\/545"}],"wp:attachment":[{"href":"http:\/\/www.cronopio.de\/sakrale-kunst-moedling\/wp-json\/wp\/v2\/media?parent=18"}],"curies":[{"name":"wp","href":"https:\/\/api.w.org\/{rel}","templated":true}]}}