{"id":426,"date":"2023-10-01T22:07:25","date_gmt":"2023-10-01T20:07:25","guid":{"rendered":"http:\/\/www.cronopio.de\/puppenausstellung\/?page_id=426"},"modified":"2023-10-01T22:07:26","modified_gmt":"2023-10-01T20:07:26","slug":"figuren-fuer-die-modelleisenbahn","status":"publish","type":"page","link":"http:\/\/www.cronopio.de\/puppenausstellung\/alles-puppen-oder-was\/verschiedenes\/figuren-fuer-die-modelleisenbahn\/","title":{"rendered":"Figuren f\u00fcr die Modelleisenbahn"},"content":{"rendered":"\n<div id=\"wp-block-themeisle-blocks-advanced-columns-c38c0ad8\" class=\"wp-block-themeisle-blocks-advanced-columns has-2-columns has-desktop-twoOne-layout has-tablet-equal-layout has-mobile-collapsedRows-layout has-vertical-unset\"><div class=\"wp-block-themeisle-blocks-advanced-columns-overlay\"><\/div><div class=\"innerblocks-wrap\">\n<div id=\"wp-block-themeisle-blocks-advanced-column-241711a1\" class=\"wp-block-themeisle-blocks-advanced-column\">\n<p class=\"wp-block-paragraph\">Preiser Figuren f\u00fcr die H0-Modellbahn: Miniaturfiguren aus Kunststoff im Ma\u00dfstab 1:87, ca. 2,1 cm; sorgf\u00e4ltig gestaltet und handbemalt<\/p>\n<\/div>\n\n\n\n<div id=\"wp-block-themeisle-blocks-advanced-column-5249ef12\" class=\"wp-block-themeisle-blocks-advanced-column\">\n<figure class=\"wp-block-image size-large\"><img loading=\"lazy\" decoding=\"async\" width=\"613\" height=\"1024\" src=\"http:\/\/www.cronopio.de\/puppenausstellung\/wp-content\/uploads\/sites\/18\/2023\/10\/P9215489-613x1024.jpg\" alt=\"\" class=\"wp-image-427\" srcset=\"http:\/\/www.cronopio.de\/puppenausstellung\/wp-content\/uploads\/sites\/18\/2023\/10\/P9215489-613x1024.jpg 613w, http:\/\/www.cronopio.de\/puppenausstellung\/wp-content\/uploads\/sites\/18\/2023\/10\/P9215489-180x300.jpg 180w, http:\/\/www.cronopio.de\/puppenausstellung\/wp-content\/uploads\/sites\/18\/2023\/10\/P9215489-768x1283.jpg 768w, http:\/\/www.cronopio.de\/puppenausstellung\/wp-content\/uploads\/sites\/18\/2023\/10\/P9215489-920x1536.jpg 920w, http:\/\/www.cronopio.de\/puppenausstellung\/wp-content\/uploads\/sites\/18\/2023\/10\/P9215489-1226x2048.jpg 1226w, http:\/\/www.cronopio.de\/puppenausstellung\/wp-content\/uploads\/sites\/18\/2023\/10\/P9215489-120x200.jpg 120w, http:\/\/www.cronopio.de\/puppenausstellung\/wp-content\/uploads\/sites\/18\/2023\/10\/P9215489-scaled.jpg 1533w\" sizes=\"auto, (max-width: 613px) 100vw, 613px\" \/><\/figure>\n<\/div>\n<\/div><\/div>\n","protected":false},"excerpt":{"rendered":"","protected":false},"author":2,"featured_media":0,"parent":59,"menu_order":0,"comment_status":"closed","ping_status":"closed","template":"","meta":{"_crdt_document":"","_themeisle_gutenberg_block_has_review":false,"h5ap_radio_sources":[],"footnotes":""},"class_list":["post-426","page","type-page","status-publish","hentry"],"_links":{"self":[{"href":"http:\/\/www.cronopio.de\/puppenausstellung\/wp-json\/wp\/v2\/pages\/426","targetHints":{"allow":["GET"]}}],"collection":[{"href":"http:\/\/www.cronopio.de\/puppenausstellung\/wp-json\/wp\/v2\/pages"}],"about":[{"href":"http:\/\/www.cronopio.de\/puppenausstellung\/wp-json\/wp\/v2\/types\/page"}],"author":[{"embeddable":true,"href":"http:\/\/www.cronopio.de\/puppenausstellung\/wp-json\/wp\/v2\/users\/2"}],"replies":[{"embeddable":true,"href":"http:\/\/www.cronopio.de\/puppenausstellung\/wp-json\/wp\/v2\/comments?post=426"}],"version-history":[{"count":1,"href":"http:\/\/www.cronopio.de\/puppenausstellung\/wp-json\/wp\/v2\/pages\/426\/revisions"}],"predecessor-version":[{"id":428,"href":"http:\/\/www.cronopio.de\/puppenausstellung\/wp-json\/wp\/v2\/pages\/426\/revisions\/428"}],"up":[{"embeddable":true,"href":"http:\/\/www.cronopio.de\/puppenausstellung\/wp-json\/wp\/v2\/pages\/59"}],"wp:attachment":[{"href":"http:\/\/www.cronopio.de\/puppenausstellung\/wp-json\/wp\/v2\/media?parent=426"}],"curies":[{"name":"wp","href":"https:\/\/api.w.org\/{rel}","templated":true}]}}