{"id":416,"date":"2023-10-01T21:53:42","date_gmt":"2023-10-01T19:53:42","guid":{"rendered":"http:\/\/www.cronopio.de\/puppenausstellung\/?page_id=416"},"modified":"2023-10-01T21:53:42","modified_gmt":"2023-10-01T19:53:42","slug":"krauhs-figurinen","status":"publish","type":"page","link":"http:\/\/www.cronopio.de\/puppenausstellung\/alles-puppen-oder-was\/unsere-schoensten-puppen-und-puppenkleider\/krauhs-figurinen\/","title":{"rendered":"KRAUHS Figurinen"},"content":{"rendered":"\n<div id=\"wp-block-themeisle-blocks-advanced-columns-46afd9ac\" class=\"wp-block-themeisle-blocks-advanced-columns has-2-columns has-desktop-twoOne-layout has-tablet-equal-layout has-mobile-collapsedRows-layout has-vertical-unset\"><div class=\"wp-block-themeisle-blocks-advanced-columns-overlay\"><\/div><div class=\"innerblocks-wrap\">\n<div id=\"wp-block-themeisle-blocks-advanced-column-1106e743\" class=\"wp-block-themeisle-blocks-advanced-column\">\n<p class=\"wp-block-paragraph\">Helmut Krauhs 1912-1995 \u00f6sterreichischer K\u00fcnstler und Offizier. Nach dem 2.Weltkrieg begann Krauhs Figurinen herzustellen, deren k\u00fcnstlerische und handwerkliche Qualit\u00e4t bald internationale Beachtung einbrachten. Die perfekte Darstellung vieler Einzelheiten und die naturgetreue Umsetzung von Gesichtsz\u00fcgen l\u00f6sen bis heute Erstaunen und Bewunderung aus.<\/p>\n\n\n\n<p class=\"wp-block-paragraph\">Die Figurinen sind auf einem Drahtger\u00fcst aufgebaut, dieses ist mit Wolle umwickelt, der Kopf ist aus Papiermache oder aus Holz geschnitzt und mit Deckfarben bemalt, die Per\u00fccke aus Tierhaaren gearbeitet und mit Leim am Kopf gehalten, die H\u00e4nde sind aus Leder und fleischfarben bemalt. Besonders historische Pers\u00f6nlichkeiten und Uniformen waren f\u00fcr den Milit\u00e4r von gro\u00dfer Bedeutung. Die detailgetreue Ausf\u00fchrung der k.k. Uniformen von den T\u00fcrkenkriegen bis zum \u00d6sterreichischen Bundesheer waren ihm ein Anliegen &nbsp;\u201eDie Welt der Habsburger\u201c- Ausstellung mit Figurinen von Helmut Krauhs, zusammengestellt von Prof. Gerhard T\u00f6tschinger im Kaiserhaus Baden 2014 mit dem Erbhuldigungs-Festzug Maria Theresias.&nbsp; Der Jagdauszug von F\u00fcrst-Erzbischof Graf Kuenburg (Salzburg Museum). Weitere Werke im (Heeresgeschichtlichen Museum Wien) und Museen in der ganzen Welt.<\/p>\n<\/div>\n\n\n\n<div id=\"wp-block-themeisle-blocks-advanced-column-8cb32227\" class=\"wp-block-themeisle-blocks-advanced-column\">\n<figure class=\"wp-block-image size-large\"><img loading=\"lazy\" decoding=\"async\" width=\"540\" height=\"1024\" src=\"http:\/\/www.cronopio.de\/puppenausstellung\/wp-content\/uploads\/sites\/18\/2023\/10\/P9265513-540x1024.jpg\" alt=\"\" class=\"wp-image-417\" srcset=\"http:\/\/www.cronopio.de\/puppenausstellung\/wp-content\/uploads\/sites\/18\/2023\/10\/P9265513-540x1024.jpg 540w, http:\/\/www.cronopio.de\/puppenausstellung\/wp-content\/uploads\/sites\/18\/2023\/10\/P9265513-158x300.jpg 158w, http:\/\/www.cronopio.de\/puppenausstellung\/wp-content\/uploads\/sites\/18\/2023\/10\/P9265513-768x1456.jpg 768w, http:\/\/www.cronopio.de\/puppenausstellung\/wp-content\/uploads\/sites\/18\/2023\/10\/P9265513-810x1536.jpg 810w, http:\/\/www.cronopio.de\/puppenausstellung\/wp-content\/uploads\/sites\/18\/2023\/10\/P9265513-1080x2048.jpg 1080w, http:\/\/www.cronopio.de\/puppenausstellung\/wp-content\/uploads\/sites\/18\/2023\/10\/P9265513-106x200.jpg 106w, http:\/\/www.cronopio.de\/puppenausstellung\/wp-content\/uploads\/sites\/18\/2023\/10\/P9265513-scaled.jpg 1351w\" sizes=\"auto, (max-width: 540px) 100vw, 540px\" \/><figcaption class=\"wp-element-caption\">Ochs aus Lerchenau (Rosenkavalier)<\/figcaption><\/figure>\n<\/div>\n<\/div><\/div>\n","protected":false},"excerpt":{"rendered":"","protected":false},"author":2,"featured_media":0,"parent":46,"menu_order":0,"comment_status":"closed","ping_status":"closed","template":"","meta":{"_crdt_document":"","_themeisle_gutenberg_block_has_review":false,"h5ap_radio_sources":[],"footnotes":""},"class_list":["post-416","page","type-page","status-publish","hentry"],"_links":{"self":[{"href":"http:\/\/www.cronopio.de\/puppenausstellung\/wp-json\/wp\/v2\/pages\/416","targetHints":{"allow":["GET"]}}],"collection":[{"href":"http:\/\/www.cronopio.de\/puppenausstellung\/wp-json\/wp\/v2\/pages"}],"about":[{"href":"http:\/\/www.cronopio.de\/puppenausstellung\/wp-json\/wp\/v2\/types\/page"}],"author":[{"embeddable":true,"href":"http:\/\/www.cronopio.de\/puppenausstellung\/wp-json\/wp\/v2\/users\/2"}],"replies":[{"embeddable":true,"href":"http:\/\/www.cronopio.de\/puppenausstellung\/wp-json\/wp\/v2\/comments?post=416"}],"version-history":[{"count":1,"href":"http:\/\/www.cronopio.de\/puppenausstellung\/wp-json\/wp\/v2\/pages\/416\/revisions"}],"predecessor-version":[{"id":418,"href":"http:\/\/www.cronopio.de\/puppenausstellung\/wp-json\/wp\/v2\/pages\/416\/revisions\/418"}],"up":[{"embeddable":true,"href":"http:\/\/www.cronopio.de\/puppenausstellung\/wp-json\/wp\/v2\/pages\/46"}],"wp:attachment":[{"href":"http:\/\/www.cronopio.de\/puppenausstellung\/wp-json\/wp\/v2\/media?parent=416"}],"curies":[{"name":"wp","href":"https:\/\/api.w.org\/{rel}","templated":true}]}}