{"id":161,"date":"2023-09-16T21:29:53","date_gmt":"2023-09-16T19:29:53","guid":{"rendered":"http:\/\/www.cronopio.de\/puppenausstellung\/?page_id=161"},"modified":"2023-09-16T21:56:06","modified_gmt":"2023-09-16T19:56:06","slug":"dr-sonja-leiss","status":"publish","type":"page","link":"http:\/\/www.cronopio.de\/puppenausstellung\/alles-puppen-oder-was\/puppenmacherinnen-aus-moedling\/dr-sonja-leiss\/","title":{"rendered":"Dr. Sonja Leiss"},"content":{"rendered":"\n<p class=\"wp-block-paragraph\"><\/p>\n\n\n\n<div id=\"wp-block-themeisle-blocks-advanced-columns-242badd0\" class=\"wp-block-themeisle-blocks-advanced-columns has-2-columns has-desktop-twoOne-layout has-tablet-equal-layout has-mobile-collapsedRows-layout has-vertical-unset\"><div class=\"wp-block-themeisle-blocks-advanced-columns-overlay\"><\/div><div class=\"innerblocks-wrap\">\n<div id=\"wp-block-themeisle-blocks-advanced-column-37de7186\" class=\"wp-block-themeisle-blocks-advanced-column\">\n<p class=\"wp-block-paragraph\">1943 in Linz als Sonja Jungwirth geboren<br>1964 Matura an der Linzer Lehrerbildungsanstalt, anschlie\u00dfend Studium der Kunstgeschichte und Arch\u00e4ologie in Wien<br>1968 Heirat, 1973 Geburt der Tochter<br>1981 Erste Puppen und ab L982 Ausstellungen wie z.B.:<br>1986 \u201ePuppen\u201c in der Galerie der Bayerischen Landesbank, M\u00fcnchen<br>1994 \u201eDie Frau von Anno dazumal\u201c im Gesellschafts- und  Wirtschaftsmuseum, Wien<br>1994\/95 \u201eEin Puppenheim\u201c im Bezirksmuseum Stockerau<br>1996\/97 \u201eFrauensache(n) eine Spurensuche\u201c im Bezirksmuseum M\u00f6dling<br>1999 \u201eAufm\u00fcpfig und angepasst\u201c als Teilnehmerin an der N.\u00d6. Landesausstellung in Kirchstetten<br>Frau Dr. Sonja Leiss lebt heute in der Maria Enzersdorfer S\u00fcdstadt.<\/p>\n<\/div>\n\n\n\n<div id=\"wp-block-themeisle-blocks-advanced-column-54a43cc5\" class=\"wp-block-themeisle-blocks-advanced-column\"><style type=\"text\/css\">\n#foogallery-gallery-180 .fg-image { width: 400px; }<\/style>\n\t\t\t<div class=\"foogallery foogallery-container foogallery-carousel foogallery-lightbox-foobox fg-carousel-hide-pagination fg-carousel-hide-progress-bar fg-carousel fg-ready fg-light fg-border-thin fg-round-medium fg-shadow-outline fg-loading-default fg-loaded-fade-in fg-hover-fade fg-hover-zoom fg-light-overlays fg-c-c\" id=\"foogallery-gallery-180\" data-foogallery=\"{&quot;item&quot;:{&quot;showCaptionTitle&quot;:false,&quot;showCaptionDescription&quot;:false},&quot;lazy&quot;:true,&quot;template&quot;:{&quot;maxItems&quot;:5,&quot;scale&quot;:0.12,&quot;gutter&quot;:{&quot;min&quot;:-40,&quot;max&quot;:-20,&quot;unit&quot;:&quot;%&quot;},&quot;autoplay&quot;:{&quot;time&quot;:5,&quot;interaction&quot;:&quot;pause&quot;},&quot;centerOnClick&quot;:true,&quot;align&quot;:&quot;center&quot;,&quot;activePosition&quot;:&quot;center&quot;}}\" style=\"--fg-title-line-clamp: 0; --fg-description-line-clamp: 0;\" >\n\t<button type=\"button\" class=\"fg-carousel-prev\" title=\"Previous\"><\/button>\n\t<div class=\"fg-carousel-inner\">\n\t\t<div class=\"fg-carousel-center\"><\/div>\n\t\t<div class=\"fg-item fg-type-image fg-idle\"><figure class=\"fg-item-inner\"><a href=\"http:\/\/www.cronopio.de\/puppenausstellung\/wp-content\/uploads\/sites\/18\/2023\/09\/P9145457-scaled.jpg\" data-attachment-id=\"174\" data-type=\"image\" class=\"fg-thumb\"><span class=\"fg-image-wrap\"><img fetchpriority=\"high\" decoding=\"async\" width=\"400\" height=\"400\" class=\"skip-lazy fg-image\" data-src-fg=\"http:\/\/www.cronopio.de\/puppenausstellung\/wp-content\/uploads\/sites\/18\/cache\/2023\/09\/P9145457-scaled\/1701042252.jpg\" src=\"data:image\/svg+xml,%3Csvg%20xmlns%3D%22http%3A%2F%2Fwww.w3.org%2F2000%2Fsvg%22%20width%3D%22400%22%20height%3D%22400%22%20viewBox%3D%220%200%20400%20400%22%3E%3C%2Fsvg%3E\" loading=\"eager\"><\/span><span class=\"fg-image-overlay\"><\/span><\/a><\/figure><div class=\"fg-loader\"><\/div><\/div><div class=\"fg-item fg-type-image fg-idle\"><figure class=\"fg-item-inner\"><a href=\"http:\/\/www.cronopio.de\/puppenausstellung\/wp-content\/uploads\/sites\/18\/2023\/09\/P9145455-scaled.jpg\" data-attachment-id=\"173\" data-type=\"image\" class=\"fg-thumb\"><span class=\"fg-image-wrap\"><img decoding=\"async\" width=\"400\" height=\"400\" class=\"skip-lazy fg-image\" data-src-fg=\"http:\/\/www.cronopio.de\/puppenausstellung\/wp-content\/uploads\/sites\/18\/cache\/2023\/09\/P9145455-scaled\/4291238260.jpg\" src=\"data:image\/svg+xml,%3Csvg%20xmlns%3D%22http%3A%2F%2Fwww.w3.org%2F2000%2Fsvg%22%20width%3D%22400%22%20height%3D%22400%22%20viewBox%3D%220%200%20400%20400%22%3E%3C%2Fsvg%3E\" loading=\"eager\"><\/span><span class=\"fg-image-overlay\"><\/span><\/a><\/figure><div class=\"fg-loader\"><\/div><\/div><div class=\"fg-item fg-type-image fg-idle\"><figure class=\"fg-item-inner\"><a href=\"http:\/\/www.cronopio.de\/puppenausstellung\/wp-content\/uploads\/sites\/18\/2023\/09\/P9145454-scaled.jpg\" data-attachment-id=\"172\" data-type=\"image\" class=\"fg-thumb\"><span class=\"fg-image-wrap\"><img decoding=\"async\" width=\"400\" height=\"400\" class=\"skip-lazy fg-image\" data-src-fg=\"http:\/\/www.cronopio.de\/puppenausstellung\/wp-content\/uploads\/sites\/18\/cache\/2023\/09\/P9145454-scaled\/525356829.jpg\" src=\"data:image\/svg+xml,%3Csvg%20xmlns%3D%22http%3A%2F%2Fwww.w3.org%2F2000%2Fsvg%22%20width%3D%22400%22%20height%3D%22400%22%20viewBox%3D%220%200%20400%20400%22%3E%3C%2Fsvg%3E\" loading=\"eager\"><\/span><span class=\"fg-image-overlay\"><\/span><\/a><\/figure><div class=\"fg-loader\"><\/div><\/div><div class=\"fg-item fg-type-image fg-idle\"><figure class=\"fg-item-inner\"><a href=\"http:\/\/www.cronopio.de\/puppenausstellung\/wp-content\/uploads\/sites\/18\/2023\/09\/P9145453-scaled.jpg\" data-attachment-id=\"171\" data-type=\"image\" class=\"fg-thumb\"><span class=\"fg-image-wrap\"><img decoding=\"async\" width=\"400\" height=\"400\" class=\"skip-lazy fg-image\" data-src-fg=\"http:\/\/www.cronopio.de\/puppenausstellung\/wp-content\/uploads\/sites\/18\/cache\/2023\/09\/P9145453-scaled\/1877268100.jpg\" src=\"data:image\/svg+xml,%3Csvg%20xmlns%3D%22http%3A%2F%2Fwww.w3.org%2F2000%2Fsvg%22%20width%3D%22400%22%20height%3D%22400%22%20viewBox%3D%220%200%20400%20400%22%3E%3C%2Fsvg%3E\" loading=\"eager\"><\/span><span class=\"fg-image-overlay\"><\/span><\/a><\/figure><div class=\"fg-loader\"><\/div><\/div><div class=\"fg-item fg-type-image fg-idle\"><figure class=\"fg-item-inner\"><a href=\"http:\/\/www.cronopio.de\/puppenausstellung\/wp-content\/uploads\/sites\/18\/2023\/09\/P9145452-scaled.jpg\" data-attachment-id=\"170\" data-type=\"image\" class=\"fg-thumb\"><span class=\"fg-image-wrap\"><img decoding=\"async\" width=\"400\" height=\"400\" class=\"skip-lazy fg-image\" data-src-fg=\"http:\/\/www.cronopio.de\/puppenausstellung\/wp-content\/uploads\/sites\/18\/cache\/2023\/09\/P9145452-scaled\/2406711533.jpg\" src=\"data:image\/svg+xml,%3Csvg%20xmlns%3D%22http%3A%2F%2Fwww.w3.org%2F2000%2Fsvg%22%20width%3D%22400%22%20height%3D%22400%22%20viewBox%3D%220%200%20400%20400%22%3E%3C%2Fsvg%3E\" loading=\"eager\"><\/span><span class=\"fg-image-overlay\"><\/span><\/a><\/figure><div class=\"fg-loader\"><\/div><\/div><div class=\"fg-item fg-type-image fg-idle\"><figure class=\"fg-item-inner\"><a href=\"http:\/\/www.cronopio.de\/puppenausstellung\/wp-content\/uploads\/sites\/18\/2023\/09\/P9145450-scaled.jpg\" data-attachment-id=\"169\" data-type=\"image\" class=\"fg-thumb\"><span class=\"fg-image-wrap\"><img decoding=\"async\" width=\"400\" height=\"400\" class=\"skip-lazy fg-image\" data-src-fg=\"http:\/\/www.cronopio.de\/puppenausstellung\/wp-content\/uploads\/sites\/18\/cache\/2023\/09\/P9145450-scaled\/1116210445.jpg\" src=\"data:image\/svg+xml,%3Csvg%20xmlns%3D%22http%3A%2F%2Fwww.w3.org%2F2000%2Fsvg%22%20width%3D%22400%22%20height%3D%22400%22%20viewBox%3D%220%200%20400%20400%22%3E%3C%2Fsvg%3E\" loading=\"eager\"><\/span><span class=\"fg-image-overlay\"><\/span><\/a><\/figure><div class=\"fg-loader\"><\/div><\/div><div class=\"fg-item fg-type-image fg-idle\"><figure class=\"fg-item-inner\"><a href=\"http:\/\/www.cronopio.de\/puppenausstellung\/wp-content\/uploads\/sites\/18\/2023\/09\/P9145449-scaled.jpg\" data-attachment-id=\"168\" data-type=\"image\" class=\"fg-thumb\"><span class=\"fg-image-wrap\"><img decoding=\"async\" width=\"400\" height=\"400\" class=\"skip-lazy fg-image\" data-src-fg=\"http:\/\/www.cronopio.de\/puppenausstellung\/wp-content\/uploads\/sites\/18\/cache\/2023\/09\/P9145449-scaled\/3288206962.jpg\" src=\"data:image\/svg+xml,%3Csvg%20xmlns%3D%22http%3A%2F%2Fwww.w3.org%2F2000%2Fsvg%22%20width%3D%22400%22%20height%3D%22400%22%20viewBox%3D%220%200%20400%20400%22%3E%3C%2Fsvg%3E\" loading=\"eager\"><\/span><span class=\"fg-image-overlay\"><\/span><\/a><\/figure><div class=\"fg-loader\"><\/div><\/div>\t<\/div>\n\t<div class=\"fg-carousel-bottom\"><\/div>\n\t<div class=\"fg-carousel-progress\"><\/div>\n\t<button type=\"button\" class=\"fg-carousel-next\" title=\"Vor\"><\/button>\n<\/div>\n<\/div>\n<\/div><\/div>\n\n\n\n<h6 class=\"wp-block-heading\">Die Puppen von Frau Dr. Leiss<\/h6>\n\n\n\n<p class=\"wp-block-paragraph\">Zwei Arten der Puppen werden ausgestellt.<\/p>\n\n\n\n<p class=\"wp-block-paragraph\">Die erste Art besteht von Kopf bis Fu\u00df aus Stoff und wird mit Tapeziererf\u00fcllstoff gef\u00fcllt. <\/p>\n\n\n\n<p class=\"wp-block-paragraph\">Die zweite Art bekommt zum Stoffk\u00f6rper einen modellierten Kopf aus Salzteig, der gebacken, mit \u201eHaut\u201c aus Modelliermasse \u00fcberzogen, Augen und Mund bemalt und zum Schluss in fl\u00fcssiges Wachs getaucht wird.<\/p>\n\n\n\n<p class=\"wp-block-paragraph\">Beide Arten der Puppen wurden mit zum Teil sehr alten und auch wertvollen Stoffen bekleidet.<\/p>\n","protected":false},"excerpt":{"rendered":"<p>Die Puppen von Frau Dr. Leiss Zwei Arten der Puppen werden ausgestellt. Die erste Art besteht von Kopf bis Fu\u00df aus Stoff und wird mit Tapeziererf\u00fcllstoff gef\u00fcllt. Die zweite Art bekommt zum Stoffk\u00f6rper einen modellierten Kopf aus Salzteig, der gebacken, mit \u201eHaut\u201c aus Modelliermasse \u00fcberzogen, Augen und Mund bemalt und &hellip;<\/p>\n","protected":false},"author":2,"featured_media":0,"parent":35,"menu_order":0,"comment_status":"closed","ping_status":"closed","template":"","meta":{"_crdt_document":"","_themeisle_gutenberg_block_has_review":false,"h5ap_radio_sources":[],"footnotes":""},"class_list":["post-161","page","type-page","status-publish","hentry"],"_links":{"self":[{"href":"http:\/\/www.cronopio.de\/puppenausstellung\/wp-json\/wp\/v2\/pages\/161","targetHints":{"allow":["GET"]}}],"collection":[{"href":"http:\/\/www.cronopio.de\/puppenausstellung\/wp-json\/wp\/v2\/pages"}],"about":[{"href":"http:\/\/www.cronopio.de\/puppenausstellung\/wp-json\/wp\/v2\/types\/page"}],"author":[{"embeddable":true,"href":"http:\/\/www.cronopio.de\/puppenausstellung\/wp-json\/wp\/v2\/users\/2"}],"replies":[{"embeddable":true,"href":"http:\/\/www.cronopio.de\/puppenausstellung\/wp-json\/wp\/v2\/comments?post=161"}],"version-history":[{"count":2,"href":"http:\/\/www.cronopio.de\/puppenausstellung\/wp-json\/wp\/v2\/pages\/161\/revisions"}],"predecessor-version":[{"id":182,"href":"http:\/\/www.cronopio.de\/puppenausstellung\/wp-json\/wp\/v2\/pages\/161\/revisions\/182"}],"up":[{"embeddable":true,"href":"http:\/\/www.cronopio.de\/puppenausstellung\/wp-json\/wp\/v2\/pages\/35"}],"wp:attachment":[{"href":"http:\/\/www.cronopio.de\/puppenausstellung\/wp-json\/wp\/v2\/media?parent=161"}],"curies":[{"name":"wp","href":"https:\/\/api.w.org\/{rel}","templated":true}]}}