{"id":104,"date":"2023-09-14T22:49:07","date_gmt":"2023-09-14T20:49:07","guid":{"rendered":"http:\/\/www.cronopio.de\/puppenausstellung\/?page_id=104"},"modified":"2023-09-16T22:14:27","modified_gmt":"2023-09-16T20:14:27","slug":"buchklub-maxi","status":"publish","type":"page","link":"http:\/\/www.cronopio.de\/puppenausstellung\/alles-puppen-oder-was\/die-bauchrednerpuppe-maxi-und-sparefroh\/buchklub-maxi\/","title":{"rendered":"Buchklub MAXI und Sparefroh"},"content":{"rendered":"\n<div id=\"wp-block-themeisle-blocks-advanced-columns-5a9e1684\" class=\"wp-block-themeisle-blocks-advanced-columns has-2-columns has-desktop-twoOne-layout has-tablet-equal-layout has-mobile-collapsedRows-layout has-vertical-unset\"><div class=\"wp-block-themeisle-blocks-advanced-columns-overlay\"><\/div><div class=\"innerblocks-wrap\">\n<div id=\"wp-block-themeisle-blocks-advanced-column-ec26c1a5\" class=\"wp-block-themeisle-blocks-advanced-column\">\n<p class=\"wp-block-paragraph\">Wann genau ich geboren bin, kann ich nicht sagen, aber ich bin schon \u00fcber 100 Jahre alt.<\/p>\n\n\n\n<p class=\"wp-block-paragraph\">Viele Jahre lag ich in einer Lade der \u201eZauberklingl\u201c, einem Gesch\u00e4ft im ersten Wiener Gemeindebezirk. Allerlei lustige Spiele, Masken und Zauberartikel konnte man dort kaufen. Es war schon recht langweilig in der dunklen Lade. Da h\u00f6rte ich wie so oft die Eingangst\u00fcre des Gesch\u00e4fts klingeln.<\/p>\n\n\n\n<p class=\"wp-block-paragraph\">Oh welche Freude! Ich h\u00f6rte die Stimme eines jungen Mannes: \u201eHaben sie eine Sprechpuppe?\u201c Mein Herz klopfte, denn ich war eine Sprechpuppe!<\/p>\n\n\n\n<p class=\"wp-block-paragraph\">Endlich wurde ich aus der finsteren Lade geholt und vor mir standen ein junges Fr\u00e4ulein und ein junger Herr, ein Geschwisterpaar namens Rolanda und Tassilo. Als sie mich sahen, rief Rolanda: \u201eDer ist aber h\u00e4sslich, der hat ja eine Glatze und keine Kleider! Gehen wir wieder!\u201c<\/p>\n\n\n\n<p class=\"wp-block-paragraph\">Aber der junge Mann betrachtete mich genau und dachte an die Sprechpuppe, die er als Kind im Prater erlebt hatte. Er meinte: \u201eMama ist so geschickt, sie wird uns helfen.\u201c Von diesem Moment an liebte ich Onkel Tassilo und ich wurde gekauft.<\/p>\n\n\n\n<p class=\"wp-block-paragraph\">Und wirklich n\u00e4hte mir Mama Hermine einen Matrosenanzug, Rolanda schnitt ihren Zopf ab und ich bekam sch\u00f6ne blonde Haare und eine fesche Kappe.<\/p>\n\n\n\n<p class=\"wp-block-paragraph\">Aber das Wichtigste war ja Onkel Tassilo. Er war Schauspieler und Bauchredner und gab mir seine Stimme. Bei allen Familienfesten und Einladungen waren wir dabei.<\/p>\n\n\n\n<p class=\"wp-block-paragraph\">Nach den Kriegsjahren ging es endlich weiter.<\/p>\n\n\n\n<p class=\"wp-block-paragraph\">Onkel Tassilo arbeitete im Buchklub der Jugend, wo gute Jugendb\u00fccher verkauft und in Schulen vorgestellt wurden.<\/p>\n\n\n\n<p class=\"wp-block-paragraph\">Und jetzt kommt der H\u00f6hepunkt in meinem Leben: ich wurde zum BUCHKLUB MAXI.<\/p>\n\n\n\n<p class=\"wp-block-paragraph\">Wir besuchten Schulen in ganz \u00d6sterreich. Onkel Tassilo hatte f\u00fcr mich einen passenden Koffer gekauft und so ging es los mit Bahn und Bus.<\/p>\n\n\n\n<p class=\"wp-block-paragraph\">Ich liebte die Kinder und sie liebten mich! Wir wurden mit gro\u00dfer Freude empfangen, Klassen und Turns\u00e4le waren geschm\u00fcckt.<\/p>\n\n\n\n<p class=\"wp-block-paragraph\">Ich war auch im Fernsehen und daf\u00fcr bekam ich funkelnagelneue Schuhe. Es war herrlich!<\/p>\n\n\n\n<p class=\"wp-block-paragraph\">Nicht vergessen darf ich meinen guten Freund, den SPAREFROH \u2013 ein lustiger Geselle! Er lehrte den Kindern die Freude am Sparen und sie konnten sich dann B\u00fccher kaufen.<\/p>\n\n\n\n<p class=\"wp-block-paragraph\">Sch\u00f6n, dass ich nach langer Zeit hier im Bezirksmuseum wieder aus dem Koffer geholt wurde!<\/p>\n\n\n\n<p class=\"wp-block-paragraph\">Ob mich noch jemand in seiner Jugendzeit kennengelernt hat? Vielleicht k\u00f6nnt ihr mir ein Brieflein schreiben\u2026.<\/p>\n\n\n\n<p class=\"wp-block-paragraph\">Aus: \u201eDer Buchklubmaxi erz\u00e4hlt\u201c von Rolanda Holik, Verlag f\u00fcr Jugend und Volk, Wien-M\u00fcnchen<\/p>\n<\/div>\n\n\n\n<div id=\"wp-block-themeisle-blocks-advanced-column-c55b90a5\" class=\"wp-block-themeisle-blocks-advanced-column\"><style type=\"text\/css\">\n#foogallery-gallery-184 .fg-image { width: 400px; }<\/style>\n\t\t\t<div class=\"foogallery foogallery-container foogallery-carousel foogallery-lightbox-foobox fg-carousel-hide-pagination fg-carousel-hide-progress-bar fg-carousel fg-ready fg-light fg-border-thin fg-round-medium fg-shadow-outline fg-loading-default fg-loaded-fade-in fg-hover-fade fg-hover-zoom\" id=\"foogallery-gallery-184\" data-foogallery=\"{&quot;item&quot;:{&quot;showCaptionTitle&quot;:true,&quot;showCaptionDescription&quot;:false},&quot;lazy&quot;:true,&quot;template&quot;:{&quot;maxItems&quot;:5,&quot;scale&quot;:0.12,&quot;gutter&quot;:{&quot;min&quot;:-40,&quot;max&quot;:-20,&quot;unit&quot;:&quot;%&quot;},&quot;autoplay&quot;:{&quot;time&quot;:5,&quot;interaction&quot;:&quot;pause&quot;},&quot;centerOnClick&quot;:true,&quot;align&quot;:&quot;center&quot;,&quot;activePosition&quot;:&quot;center&quot;}}\" style=\"--fg-title-line-clamp: 0; --fg-description-line-clamp: 0;\" >\n\t<button type=\"button\" class=\"fg-carousel-prev\" title=\"Previous\"><\/button>\n\t<div class=\"fg-carousel-inner\">\n\t\t<div class=\"fg-carousel-center\"><\/div>\n\t\t<div class=\"fg-item fg-type-image fg-idle\"><figure class=\"fg-item-inner\"><a href=\"http:\/\/www.cronopio.de\/puppenausstellung\/wp-content\/uploads\/sites\/18\/2023\/09\/P9145435-scaled.jpg\" data-caption-title=\"MAXI und Sparefroh\" data-attachment-id=\"193\" data-type=\"image\" class=\"fg-thumb\"><span class=\"fg-image-wrap\"><img fetchpriority=\"high\" decoding=\"async\" title=\"MAXI und Sparefroh\" width=\"400\" height=\"400\" class=\"skip-lazy fg-image\" data-src-fg=\"http:\/\/www.cronopio.de\/puppenausstellung\/wp-content\/uploads\/sites\/18\/cache\/2023\/09\/P9145435-scaled\/2700887587.jpg\" src=\"data:image\/svg+xml,%3Csvg%20xmlns%3D%22http%3A%2F%2Fwww.w3.org%2F2000%2Fsvg%22%20width%3D%22400%22%20height%3D%22400%22%20viewBox%3D%220%200%20400%20400%22%3E%3C%2Fsvg%3E\" loading=\"eager\"><\/span><span class=\"fg-image-overlay\"><\/span><\/a><figcaption class=\"fg-caption\"><div class=\"fg-caption-inner\"><div class=\"fg-caption-title\">MAXI und Sparefroh<\/div><\/div><\/figcaption><\/figure><div class=\"fg-loader\"><\/div><\/div><div class=\"fg-item fg-type-image fg-idle\"><figure class=\"fg-item-inner\"><a href=\"http:\/\/www.cronopio.de\/puppenausstellung\/wp-content\/uploads\/sites\/18\/2023\/09\/P9145437-scaled.jpg\" data-attachment-id=\"194\" data-type=\"image\" class=\"fg-thumb\"><span class=\"fg-image-wrap\"><img decoding=\"async\" width=\"400\" height=\"400\" class=\"skip-lazy fg-image\" data-src-fg=\"http:\/\/www.cronopio.de\/puppenausstellung\/wp-content\/uploads\/sites\/18\/cache\/2023\/09\/P9145437-scaled\/4049616241.jpg\" src=\"data:image\/svg+xml,%3Csvg%20xmlns%3D%22http%3A%2F%2Fwww.w3.org%2F2000%2Fsvg%22%20width%3D%22400%22%20height%3D%22400%22%20viewBox%3D%220%200%20400%20400%22%3E%3C%2Fsvg%3E\" loading=\"eager\"><\/span><span class=\"fg-image-overlay\"><\/span><\/a><\/figure><div class=\"fg-loader\"><\/div><\/div><div class=\"fg-item fg-type-image fg-idle\"><figure class=\"fg-item-inner\"><a href=\"http:\/\/www.cronopio.de\/puppenausstellung\/wp-content\/uploads\/sites\/18\/2023\/09\/IMG_20230726_0002-rotated.jpg\" data-attachment-id=\"185\" data-type=\"image\" class=\"fg-thumb\"><span class=\"fg-image-wrap\"><img decoding=\"async\" width=\"400\" height=\"400\" class=\"skip-lazy fg-image\" data-src-fg=\"http:\/\/www.cronopio.de\/puppenausstellung\/wp-content\/uploads\/sites\/18\/cache\/2023\/09\/IMG_20230726_0002-rotated\/1772006658.jpg\" src=\"data:image\/svg+xml,%3Csvg%20xmlns%3D%22http%3A%2F%2Fwww.w3.org%2F2000%2Fsvg%22%20width%3D%22400%22%20height%3D%22400%22%20viewBox%3D%220%200%20400%20400%22%3E%3C%2Fsvg%3E\" loading=\"eager\"><\/span><span class=\"fg-image-overlay\"><\/span><\/a><\/figure><div class=\"fg-loader\"><\/div><\/div><div class=\"fg-item fg-type-image fg-idle\"><figure class=\"fg-item-inner\"><a href=\"http:\/\/www.cronopio.de\/puppenausstellung\/wp-content\/uploads\/sites\/18\/2023\/09\/IMG_20230726_0003-rotated.jpg\" data-attachment-id=\"186\" data-type=\"image\" class=\"fg-thumb\"><span class=\"fg-image-wrap\"><img decoding=\"async\" width=\"400\" height=\"400\" class=\"skip-lazy fg-image\" data-src-fg=\"http:\/\/www.cronopio.de\/puppenausstellung\/wp-content\/uploads\/sites\/18\/cache\/2023\/09\/IMG_20230726_0003-rotated\/3975847691.jpg\" src=\"data:image\/svg+xml,%3Csvg%20xmlns%3D%22http%3A%2F%2Fwww.w3.org%2F2000%2Fsvg%22%20width%3D%22400%22%20height%3D%22400%22%20viewBox%3D%220%200%20400%20400%22%3E%3C%2Fsvg%3E\" loading=\"eager\"><\/span><span class=\"fg-image-overlay\"><\/span><\/a><\/figure><div class=\"fg-loader\"><\/div><\/div><div class=\"fg-item fg-type-image fg-idle\"><figure class=\"fg-item-inner\"><a href=\"http:\/\/www.cronopio.de\/puppenausstellung\/wp-content\/uploads\/sites\/18\/2023\/09\/IMG_20230726_0004-rotated.jpg\" data-attachment-id=\"187\" data-type=\"image\" class=\"fg-thumb\"><span class=\"fg-image-wrap\"><img decoding=\"async\" width=\"400\" height=\"400\" class=\"skip-lazy fg-image\" data-src-fg=\"http:\/\/www.cronopio.de\/puppenausstellung\/wp-content\/uploads\/sites\/18\/cache\/2023\/09\/IMG_20230726_0004-rotated\/3201825737.jpg\" src=\"data:image\/svg+xml,%3Csvg%20xmlns%3D%22http%3A%2F%2Fwww.w3.org%2F2000%2Fsvg%22%20width%3D%22400%22%20height%3D%22400%22%20viewBox%3D%220%200%20400%20400%22%3E%3C%2Fsvg%3E\" loading=\"eager\"><\/span><span class=\"fg-image-overlay\"><\/span><\/a><\/figure><div class=\"fg-loader\"><\/div><\/div><div class=\"fg-item fg-type-image fg-idle\"><figure class=\"fg-item-inner\"><a href=\"http:\/\/www.cronopio.de\/puppenausstellung\/wp-content\/uploads\/sites\/18\/2023\/09\/IMG_20230726_0005-rotated.jpg\" data-attachment-id=\"188\" data-type=\"image\" class=\"fg-thumb\"><span class=\"fg-image-wrap\"><img decoding=\"async\" width=\"400\" height=\"400\" class=\"skip-lazy fg-image\" data-src-fg=\"http:\/\/www.cronopio.de\/puppenausstellung\/wp-content\/uploads\/sites\/18\/cache\/2023\/09\/IMG_20230726_0005-rotated\/2541832096.jpg\" src=\"data:image\/svg+xml,%3Csvg%20xmlns%3D%22http%3A%2F%2Fwww.w3.org%2F2000%2Fsvg%22%20width%3D%22400%22%20height%3D%22400%22%20viewBox%3D%220%200%20400%20400%22%3E%3C%2Fsvg%3E\" loading=\"eager\"><\/span><span class=\"fg-image-overlay\"><\/span><\/a><\/figure><div class=\"fg-loader\"><\/div><\/div><div class=\"fg-item fg-type-image fg-idle\"><figure class=\"fg-item-inner\"><a href=\"http:\/\/www.cronopio.de\/puppenausstellung\/wp-content\/uploads\/sites\/18\/2023\/09\/IMG_20230726_0006-rotated.jpg\" data-attachment-id=\"189\" data-type=\"image\" class=\"fg-thumb\"><span class=\"fg-image-wrap\"><img decoding=\"async\" width=\"400\" height=\"400\" class=\"skip-lazy fg-image\" data-src-fg=\"http:\/\/www.cronopio.de\/puppenausstellung\/wp-content\/uploads\/sites\/18\/cache\/2023\/09\/IMG_20230726_0006-rotated\/295530469.jpg\" src=\"data:image\/svg+xml,%3Csvg%20xmlns%3D%22http%3A%2F%2Fwww.w3.org%2F2000%2Fsvg%22%20width%3D%22400%22%20height%3D%22400%22%20viewBox%3D%220%200%20400%20400%22%3E%3C%2Fsvg%3E\" loading=\"eager\"><\/span><span class=\"fg-image-overlay\"><\/span><\/a><\/figure><div class=\"fg-loader\"><\/div><\/div><div class=\"fg-item fg-type-image fg-idle\"><figure class=\"fg-item-inner\"><a href=\"http:\/\/www.cronopio.de\/puppenausstellung\/wp-content\/uploads\/sites\/18\/2023\/09\/IMG_20230726_0007-rotated.jpg\" data-attachment-id=\"190\" data-type=\"image\" class=\"fg-thumb\"><span class=\"fg-image-wrap\"><img decoding=\"async\" width=\"400\" height=\"400\" class=\"skip-lazy fg-image\" data-src-fg=\"http:\/\/www.cronopio.de\/puppenausstellung\/wp-content\/uploads\/sites\/18\/cache\/2023\/09\/IMG_20230726_0007-rotated\/997746191.jpg\" src=\"data:image\/svg+xml,%3Csvg%20xmlns%3D%22http%3A%2F%2Fwww.w3.org%2F2000%2Fsvg%22%20width%3D%22400%22%20height%3D%22400%22%20viewBox%3D%220%200%20400%20400%22%3E%3C%2Fsvg%3E\" loading=\"eager\"><\/span><span class=\"fg-image-overlay\"><\/span><\/a><\/figure><div class=\"fg-loader\"><\/div><\/div><div class=\"fg-item fg-type-image fg-idle\"><figure class=\"fg-item-inner\"><a href=\"http:\/\/www.cronopio.de\/puppenausstellung\/wp-content\/uploads\/sites\/18\/2023\/09\/IMG_20230726_0008-rotated.jpg\" data-attachment-id=\"191\" data-type=\"image\" class=\"fg-thumb\"><span class=\"fg-image-wrap\"><img decoding=\"async\" width=\"400\" height=\"400\" class=\"skip-lazy fg-image\" data-src-fg=\"http:\/\/www.cronopio.de\/puppenausstellung\/wp-content\/uploads\/sites\/18\/cache\/2023\/09\/IMG_20230726_0008-rotated\/440835458.jpg\" src=\"data:image\/svg+xml,%3Csvg%20xmlns%3D%22http%3A%2F%2Fwww.w3.org%2F2000%2Fsvg%22%20width%3D%22400%22%20height%3D%22400%22%20viewBox%3D%220%200%20400%20400%22%3E%3C%2Fsvg%3E\" loading=\"eager\"><\/span><span class=\"fg-image-overlay\"><\/span><\/a><\/figure><div class=\"fg-loader\"><\/div><\/div><div class=\"fg-item fg-type-image fg-idle\"><figure class=\"fg-item-inner\"><a href=\"http:\/\/www.cronopio.de\/puppenausstellung\/wp-content\/uploads\/sites\/18\/2023\/09\/IMG_20230726_0009-rotated.jpg\" data-attachment-id=\"192\" data-type=\"image\" class=\"fg-thumb\"><span class=\"fg-image-wrap\"><img decoding=\"async\" width=\"400\" height=\"400\" class=\"skip-lazy fg-image\" data-src-fg=\"http:\/\/www.cronopio.de\/puppenausstellung\/wp-content\/uploads\/sites\/18\/cache\/2023\/09\/IMG_20230726_0009-rotated\/2669850507.jpg\" src=\"data:image\/svg+xml,%3Csvg%20xmlns%3D%22http%3A%2F%2Fwww.w3.org%2F2000%2Fsvg%22%20width%3D%22400%22%20height%3D%22400%22%20viewBox%3D%220%200%20400%20400%22%3E%3C%2Fsvg%3E\" loading=\"eager\"><\/span><span class=\"fg-image-overlay\"><\/span><\/a><\/figure><div class=\"fg-loader\"><\/div><\/div>\t<\/div>\n\t<div class=\"fg-carousel-bottom\"><\/div>\n\t<div class=\"fg-carousel-progress\"><\/div>\n\t<button type=\"button\" class=\"fg-carousel-next\" title=\"Vor\"><\/button>\n<\/div>\n<\/div>\n<\/div><\/div>\n","protected":false},"excerpt":{"rendered":"","protected":false},"author":2,"featured_media":0,"parent":43,"menu_order":0,"comment_status":"closed","ping_status":"closed","template":"","meta":{"_crdt_document":"","_themeisle_gutenberg_block_has_review":false,"h5ap_radio_sources":[],"footnotes":""},"class_list":["post-104","page","type-page","status-publish","hentry"],"_links":{"self":[{"href":"http:\/\/www.cronopio.de\/puppenausstellung\/wp-json\/wp\/v2\/pages\/104","targetHints":{"allow":["GET"]}}],"collection":[{"href":"http:\/\/www.cronopio.de\/puppenausstellung\/wp-json\/wp\/v2\/pages"}],"about":[{"href":"http:\/\/www.cronopio.de\/puppenausstellung\/wp-json\/wp\/v2\/types\/page"}],"author":[{"embeddable":true,"href":"http:\/\/www.cronopio.de\/puppenausstellung\/wp-json\/wp\/v2\/users\/2"}],"replies":[{"embeddable":true,"href":"http:\/\/www.cronopio.de\/puppenausstellung\/wp-json\/wp\/v2\/comments?post=104"}],"version-history":[{"count":2,"href":"http:\/\/www.cronopio.de\/puppenausstellung\/wp-json\/wp\/v2\/pages\/104\/revisions"}],"predecessor-version":[{"id":195,"href":"http:\/\/www.cronopio.de\/puppenausstellung\/wp-json\/wp\/v2\/pages\/104\/revisions\/195"}],"up":[{"embeddable":true,"href":"http:\/\/www.cronopio.de\/puppenausstellung\/wp-json\/wp\/v2\/pages\/43"}],"wp:attachment":[{"href":"http:\/\/www.cronopio.de\/puppenausstellung\/wp-json\/wp\/v2\/media?parent=104"}],"curies":[{"name":"wp","href":"https:\/\/api.w.org\/{rel}","templated":true}]}}