{"id":29,"date":"2017-07-30T00:13:53","date_gmt":"2017-07-29T22:13:53","guid":{"rendered":"http:\/\/www.cronopio.de\/neusiedlerstrasse50\/?page_id=29"},"modified":"2017-09-17T22:40:54","modified_gmt":"2017-09-17T20:40:54","slug":"29-2","status":"publish","type":"page","link":"http:\/\/www.cronopio.de\/neusiedlerstrasse30\/","title":{"rendered":"Wellness &#8211; Poesie &#8211; Tanz"},"content":{"rendered":"<p>Mit dieser Website m\u00f6chte ich meinen Dank zum Ausdruck bringen f\u00fcr viele sch\u00f6ne Stunden, die ich an der Adresse Neusiedlerstra\u00dfe 30 verbringen konnte, zun\u00e4chst als Kleinkind im alten Schwarzbad und sp\u00e4ter \u00fcber Jahrzehnte bis heute als Sch\u00fclerin der Ballettschule. Drei Generationen dieser au\u00dfergew\u00f6hnlich begabten und tatkr\u00e4ftigen Frauen durfte ich pers\u00f6nlich kennenlernen.<br \/>\nSo soll zum besseren Verst\u00e4ndnis des Beitrages der Stammbaum der Familie vorangestellt werden.<br \/>\n<a href=\"http:\/\/www.cronopio.de\/neusiedlerstrasse30\/29-2\/stammbaum\/\" rel=\"attachment wp-att-339\"><img loading=\"lazy\" decoding=\"async\" class=\"aligncenter size-large wp-image-339\" src=\"http:\/\/www.cronopio.de\/neusiedlerstrasse50\/wp-content\/uploads\/sites\/4\/2017\/07\/Stammbaum-1024x724.png\" alt=\"\" width=\"1024\" height=\"724\" srcset=\"http:\/\/www.cronopio.de\/neusiedlerstrasse30\/wp-content\/uploads\/sites\/4\/2017\/07\/Stammbaum-1024x724.png 1024w, http:\/\/www.cronopio.de\/neusiedlerstrasse30\/wp-content\/uploads\/sites\/4\/2017\/07\/Stammbaum-300x212.png 300w, http:\/\/www.cronopio.de\/neusiedlerstrasse30\/wp-content\/uploads\/sites\/4\/2017\/07\/Stammbaum-768x543.png 768w, http:\/\/www.cronopio.de\/neusiedlerstrasse30\/wp-content\/uploads\/sites\/4\/2017\/07\/Stammbaum-283x200.png 283w\" sizes=\"auto, (max-width: 1024px) 100vw, 1024px\" \/><\/a><\/p>\n<p><em>Als Quellen verwendete ich handschriftliche Aufzeichnungen von Paula Schwamberger-Mildner und Erika Schwamberger-Schlemitz, sowie Erz\u00e4hlungen und eigene Erinnerungen.<\/em><br \/>\n<em> Die Fotos stammen, sofern nicht anders angegeben, aus dem Besitz der Familie.<\/em><\/p>\n","protected":false},"excerpt":{"rendered":"<p>Mit dieser Website m\u00f6chte ich meinen Dank zum Ausdruck bringen f\u00fcr viele sch\u00f6ne Stunden, die ich an der Adresse Neusiedlerstra\u00dfe 30 verbringen konnte, zun\u00e4chst als Kleinkind im alten Schwarzbad und sp\u00e4ter \u00fcber Jahrzehnte bis heute als Sch\u00fclerin der Ballettschule. Drei Generationen dieser au\u00dfergew\u00f6hnlich begabten und tatkr\u00e4ftigen Frauen durfte ich pers\u00f6nlich &hellip;<\/p>\n","protected":false},"author":2,"featured_media":0,"parent":0,"menu_order":0,"comment_status":"closed","ping_status":"closed","template":"","meta":{"_crdt_document":"","_themeisle_gutenberg_block_has_review":false,"h5ap_radio_sources":[],"footnotes":""},"class_list":["post-29","page","type-page","status-publish","hentry"],"_links":{"self":[{"href":"http:\/\/www.cronopio.de\/neusiedlerstrasse30\/wp-json\/wp\/v2\/pages\/29","targetHints":{"allow":["GET"]}}],"collection":[{"href":"http:\/\/www.cronopio.de\/neusiedlerstrasse30\/wp-json\/wp\/v2\/pages"}],"about":[{"href":"http:\/\/www.cronopio.de\/neusiedlerstrasse30\/wp-json\/wp\/v2\/types\/page"}],"author":[{"embeddable":true,"href":"http:\/\/www.cronopio.de\/neusiedlerstrasse30\/wp-json\/wp\/v2\/users\/2"}],"replies":[{"embeddable":true,"href":"http:\/\/www.cronopio.de\/neusiedlerstrasse30\/wp-json\/wp\/v2\/comments?post=29"}],"version-history":[{"count":9,"href":"http:\/\/www.cronopio.de\/neusiedlerstrasse30\/wp-json\/wp\/v2\/pages\/29\/revisions"}],"predecessor-version":[{"id":350,"href":"http:\/\/www.cronopio.de\/neusiedlerstrasse30\/wp-json\/wp\/v2\/pages\/29\/revisions\/350"}],"wp:attachment":[{"href":"http:\/\/www.cronopio.de\/neusiedlerstrasse30\/wp-json\/wp\/v2\/media?parent=29"}],"curies":[{"name":"wp","href":"https:\/\/api.w.org\/{rel}","templated":true}]}}