{"id":495,"date":"2022-10-08T00:00:00","date_gmt":"2022-10-07T22:00:00","guid":{"rendered":"http:\/\/www.cronopio.de\/maerchenwelt\/?page_id=495"},"modified":"2022-10-08T00:21:26","modified_gmt":"2022-10-07T22:21:26","slug":"schwamberger","status":"publish","type":"page","link":"http:\/\/www.cronopio.de\/maerchenwelt\/maerchenwelt\/moedling\/schwamberger\/","title":{"rendered":"Paula Schwamberger-Mildner"},"content":{"rendered":"\n<div id=\"wp-block-themeisle-blocks-advanced-columns-6289c6fc\" class=\"wp-block-themeisle-blocks-advanced-columns has-2-columns has-desktop-twoOne-layout has-tablet-equal-layout has-mobile-equal-layout has-vertical-unset\"><div class=\"wp-block-themeisle-blocks-advanced-columns-overlay\"><\/div><div class=\"innerblocks-wrap\">\n<div id=\"wp-block-themeisle-blocks-advanced-column-f4f29d69\" class=\"wp-block-themeisle-blocks-advanced-column\">\n<p class=\"wp-block-paragraph\">*10.Dezember 1902 in M\u00f6dling, \u202020.November 1993 ebenda<\/p>\n\n\n\n<p class=\"wp-block-paragraph\">Siehe auch die Seite zur <a href=\"http:\/\/www.cronopio.de\/neusiedlerstrasse30\/paula-schwamberger-mildner\/\">Ausstellung &#8222;Neusiedlerstra\u00dfe 30, Wellness \u2013 Poesie \u2013 Tanz&#8220;<\/a><\/p>\n\n\n\n<p class=\"wp-block-paragraph\">Paula Mildner, Enkelin von Maria Schwarz, der Gr\u00fcnderin des M\u00f6dlinger Schwarzbades, blieb mit ihrer Familie und dem Betrieb dieses Freibades immer eng verbunden.<\/p>\n\n\n\n<p class=\"wp-block-paragraph\">So blieb ihr Wunsch, nach der Matura eine Schauspielausbildung zu beginnen, ein Traum.<\/p>\n\n\n\n<p class=\"wp-block-paragraph\">Erster Weltkrieg, Hungersnot<\/p>\n\n\n\n<p class=\"wp-block-paragraph\">1926 Hochzeit mit Franz Schwamberger<\/p>\n\n\n\n<p class=\"wp-block-paragraph\">1928 Geburt der Tochter Erika<\/p>\n\n\n\n<p class=\"wp-block-paragraph\">1930 Artistenpr\u00fcfung f\u00fcr Schauspiel und Vortrag, Auftritte in Wien und M\u00f6dling; Mitgliedschaft in der Gewerkschaft Sektion B\u00fchne bringt kleine Filmrollen<\/p>\n\n\n\n<p class=\"wp-block-paragraph\">1938 B\u00fchnenringpr\u00fcfung, bunte Abende im Wiener Konzerthaus, Sophiens\u00e4le, Engelmann Arena im Rahmen von \u201eKraft durch Freude\u201c<\/p>\n\n\n\n<p class=\"wp-block-paragraph\">1942 Rundfunkaufnahmepr\u00fcfung in der Reichsrundfunk-Gesellschaft, Vortragsk\u00fcnstlerin zur Wehrmachtsbetreuung in Lazaretten<\/p>\n\n\n\n<p class=\"wp-block-paragraph\">September 1944 bis Februar 1945 Arbeitseinsatz in einer Maschinenschlosserei. Krankheit mit Dauerfolgen.<\/p>\n\n\n\n<p class=\"wp-block-paragraph\">1946 als \u201eWeihnachtsgeschenk\u201c schrieb Paula f\u00fcr ihre Tochter Erika das erste M\u00e4rchen auf: \u201eDer Berggeist\u201c<\/p>\n\n\n\n<p class=\"wp-block-paragraph\">Paula Schwamberger schrieb insgesamt:<\/p>\n\n\n\n<ul class=\"wp-block-list\"><li>52 M\u00e4rchen- und Kinderh\u00f6rspiele<\/li><li>Gedichte und Erz\u00e4hlungen f\u00fcr Erwachsene<\/li><li>1955\u201368 Geschichten f\u00fcr die ORF-Sendung \u201eDas Traumm\u00e4nnlein kommt\u201c<\/li><\/ul>\n\n\n\n<p class=\"wp-block-paragraph\">P. Schwamberger arbeitete f\u00fcr folgende Rundfunkanstalten:<\/p>\n\n\n\n<ul class=\"wp-block-list\"><li>ORF<\/li><li>Schweiz-Berom\u00fcnster<\/li><li>RIAS Berlin<\/li><li>Radio Tirol<\/li><\/ul>\n\n\n\n<p class=\"wp-block-paragraph\">In Druck erschienen sind folgende Werke:<\/p>\n\n\n\n<ul class=\"wp-block-list\"><li>K\u00f6nig Bumm, Kinderbuch<\/li><li>Zwerg Huckepucks Abenteuer und Schelmereien, Kinderbuch<\/li><li>Die goldene Schaukel und andere Geschichten und M\u00e4rchen<\/li><li>Licht und Schatten, Gedichtband<\/li><li>Zwei Dutzend kunterbunte Kleinigkeiten, Erz\u00e4hlungen<\/li><li>Geschichten und Erz\u00e4hlungen in diversen Zeitschriften<\/li><li>3 Lieder<\/li><\/ul>\n\n\n\n<p class=\"wp-block-paragraph\">Auszeichnung: Ehrennadel der Stadt M\u00f6dling in Gold<\/p>\n<\/div>\n\n\n\n<div id=\"wp-block-themeisle-blocks-advanced-column-08f3c692\" class=\"wp-block-themeisle-blocks-advanced-column\"><style type=\"text\/css\">\n#foogallery-gallery-496 .fg-image { width: 300px; }<\/style>\n\t\t\t<div class=\"foogallery foogallery-container foogallery-carousel foogallery-lightbox-foobox fg-carousel-hide-pagination fg-carousel-hide-progress-bar fg-carousel fg-ready fg-light fg-border-thin fg-round-medium fg-shadow-outline fg-loading-default fg-loaded-fade-in fg-caption-hover fg-hover-fade fg-hover-zoom fg-light-overlays fg-c-c\" id=\"foogallery-gallery-496\" data-foogallery=\"{&quot;item&quot;:{&quot;showCaptionTitle&quot;:true,&quot;showCaptionDescription&quot;:true},&quot;lazy&quot;:true,&quot;template&quot;:{&quot;maxItems&quot;:5,&quot;scale&quot;:0.12,&quot;gutter&quot;:{&quot;min&quot;:-40,&quot;max&quot;:-20,&quot;unit&quot;:&quot;%&quot;},&quot;autoplay&quot;:{&quot;time&quot;:0,&quot;interaction&quot;:&quot;pause&quot;},&quot;centerOnClick&quot;:true,&quot;align&quot;:&quot;center&quot;,&quot;activePosition&quot;:&quot;center&quot;}}\" style=\"--fg-title-line-clamp: 0; --fg-description-line-clamp: 0;\" >\n\t<button type=\"button\" class=\"fg-carousel-prev\" title=\"Previous\"><\/button>\n\t<div class=\"fg-carousel-inner\">\n\t\t<div class=\"fg-carousel-center\"><\/div>\n\t\t<div class=\"fg-item fg-type-image fg-idle\"><figure class=\"fg-item-inner\"><a href=\"http:\/\/www.cronopio.de\/maerchenwelt\/wp-content\/uploads\/sites\/16\/2022\/10\/Scannen0019.jpg\" data-attachment-id=\"506\" data-type=\"image\" class=\"fg-thumb\"><span class=\"fg-image-wrap\"><img fetchpriority=\"high\" decoding=\"async\" width=\"300\" height=\"400\" class=\"skip-lazy fg-image\" data-src-fg=\"http:\/\/www.cronopio.de\/maerchenwelt\/wp-content\/uploads\/sites\/16\/cache\/2022\/10\/Scannen0019\/1056743557.jpg\" src=\"data:image\/svg+xml,%3Csvg%20xmlns%3D%22http%3A%2F%2Fwww.w3.org%2F2000%2Fsvg%22%20width%3D%22300%22%20height%3D%22400%22%20viewBox%3D%220%200%20300%20400%22%3E%3C%2Fsvg%3E\" loading=\"eager\"><\/span><span class=\"fg-image-overlay\"><\/span><\/a><\/figure><div class=\"fg-loader\"><\/div><\/div><div class=\"fg-item fg-type-image fg-idle\"><figure class=\"fg-item-inner\"><a href=\"http:\/\/www.cronopio.de\/maerchenwelt\/wp-content\/uploads\/sites\/16\/2022\/10\/IMG_20220716_0002-scaled.jpg\" data-attachment-id=\"503\" data-type=\"image\" class=\"fg-thumb\"><span class=\"fg-image-wrap\"><img decoding=\"async\" width=\"300\" height=\"400\" class=\"skip-lazy fg-image\" data-src-fg=\"http:\/\/www.cronopio.de\/maerchenwelt\/wp-content\/uploads\/sites\/16\/cache\/2022\/10\/IMG_20220716_0002-scaled\/1404899725.jpg\" src=\"data:image\/svg+xml,%3Csvg%20xmlns%3D%22http%3A%2F%2Fwww.w3.org%2F2000%2Fsvg%22%20width%3D%22300%22%20height%3D%22400%22%20viewBox%3D%220%200%20300%20400%22%3E%3C%2Fsvg%3E\" loading=\"eager\"><\/span><span class=\"fg-image-overlay\"><\/span><\/a><\/figure><div class=\"fg-loader\"><\/div><\/div><div class=\"fg-item fg-type-image fg-idle\"><figure class=\"fg-item-inner\"><a href=\"http:\/\/www.cronopio.de\/maerchenwelt\/wp-content\/uploads\/sites\/16\/2022\/10\/IMG_20220716_0003-1-scaled.jpg\" data-attachment-id=\"504\" data-type=\"image\" class=\"fg-thumb\"><span class=\"fg-image-wrap\"><img decoding=\"async\" width=\"300\" height=\"400\" class=\"skip-lazy fg-image\" data-src-fg=\"http:\/\/www.cronopio.de\/maerchenwelt\/wp-content\/uploads\/sites\/16\/cache\/2022\/10\/IMG_20220716_0003-1-scaled\/1156985583.jpg\" src=\"data:image\/svg+xml,%3Csvg%20xmlns%3D%22http%3A%2F%2Fwww.w3.org%2F2000%2Fsvg%22%20width%3D%22300%22%20height%3D%22400%22%20viewBox%3D%220%200%20300%20400%22%3E%3C%2Fsvg%3E\" loading=\"eager\"><\/span><span class=\"fg-image-overlay\"><\/span><\/a><\/figure><div class=\"fg-loader\"><\/div><\/div><div class=\"fg-item fg-type-image fg-idle\"><figure class=\"fg-item-inner\"><a href=\"http:\/\/www.cronopio.de\/maerchenwelt\/wp-content\/uploads\/sites\/16\/2022\/10\/IMG_20220716_0004-scaled.jpg\" data-caption-title=\"Paula Schwamberger-Mildner\" data-attachment-id=\"505\" data-type=\"image\" class=\"fg-thumb\"><span class=\"fg-image-wrap\"><img decoding=\"async\" title=\"Paula Schwamberger-Mildner\" width=\"300\" height=\"400\" class=\"skip-lazy fg-image\" data-src-fg=\"http:\/\/www.cronopio.de\/maerchenwelt\/wp-content\/uploads\/sites\/16\/cache\/2022\/10\/IMG_20220716_0004-scaled\/3687110218.jpg\" src=\"data:image\/svg+xml,%3Csvg%20xmlns%3D%22http%3A%2F%2Fwww.w3.org%2F2000%2Fsvg%22%20width%3D%22300%22%20height%3D%22400%22%20viewBox%3D%220%200%20300%20400%22%3E%3C%2Fsvg%3E\" loading=\"eager\"><\/span><span class=\"fg-image-overlay\"><\/span><\/a><figcaption class=\"fg-caption\"><div class=\"fg-caption-inner\"><div class=\"fg-caption-title\">Paula Schwamberger-Mildner<\/div><\/div><\/figcaption><\/figure><div class=\"fg-loader\"><\/div><\/div><div class=\"fg-item fg-type-image fg-idle\"><figure class=\"fg-item-inner\"><a href=\"http:\/\/www.cronopio.de\/maerchenwelt\/wp-content\/uploads\/sites\/16\/2022\/10\/P1015150.jpg\" data-attachment-id=\"565\" data-type=\"image\" class=\"fg-thumb\"><span class=\"fg-image-wrap\"><img decoding=\"async\" width=\"300\" height=\"400\" class=\"skip-lazy fg-image\" data-src-fg=\"http:\/\/www.cronopio.de\/maerchenwelt\/wp-content\/uploads\/sites\/16\/cache\/2022\/10\/P1015150\/2984022801.jpg\" src=\"data:image\/svg+xml,%3Csvg%20xmlns%3D%22http%3A%2F%2Fwww.w3.org%2F2000%2Fsvg%22%20width%3D%22300%22%20height%3D%22400%22%20viewBox%3D%220%200%20300%20400%22%3E%3C%2Fsvg%3E\" loading=\"eager\"><\/span><span class=\"fg-image-overlay\"><\/span><\/a><\/figure><div class=\"fg-loader\"><\/div><\/div>\t<\/div>\n\t<div class=\"fg-carousel-bottom\"><\/div>\n\t<div class=\"fg-carousel-progress\"><\/div>\n\t<button type=\"button\" class=\"fg-carousel-next\" title=\"Vor\"><\/button>\n<\/div>\n<\/div>\n<\/div><\/div>\n","protected":false},"excerpt":{"rendered":"","protected":false},"author":2,"featured_media":0,"parent":26,"menu_order":0,"comment_status":"closed","ping_status":"closed","template":"","meta":{"_crdt_document":"","_themeisle_gutenberg_block_has_review":false,"h5ap_radio_sources":[],"footnotes":""},"class_list":["post-495","page","type-page","status-publish","hentry"],"_links":{"self":[{"href":"http:\/\/www.cronopio.de\/maerchenwelt\/wp-json\/wp\/v2\/pages\/495","targetHints":{"allow":["GET"]}}],"collection":[{"href":"http:\/\/www.cronopio.de\/maerchenwelt\/wp-json\/wp\/v2\/pages"}],"about":[{"href":"http:\/\/www.cronopio.de\/maerchenwelt\/wp-json\/wp\/v2\/types\/page"}],"author":[{"embeddable":true,"href":"http:\/\/www.cronopio.de\/maerchenwelt\/wp-json\/wp\/v2\/users\/2"}],"replies":[{"embeddable":true,"href":"http:\/\/www.cronopio.de\/maerchenwelt\/wp-json\/wp\/v2\/comments?post=495"}],"version-history":[{"count":4,"href":"http:\/\/www.cronopio.de\/maerchenwelt\/wp-json\/wp\/v2\/pages\/495\/revisions"}],"predecessor-version":[{"id":508,"href":"http:\/\/www.cronopio.de\/maerchenwelt\/wp-json\/wp\/v2\/pages\/495\/revisions\/508"}],"up":[{"embeddable":true,"href":"http:\/\/www.cronopio.de\/maerchenwelt\/wp-json\/wp\/v2\/pages\/26"}],"wp:attachment":[{"href":"http:\/\/www.cronopio.de\/maerchenwelt\/wp-json\/wp\/v2\/media?parent=495"}],"curies":[{"name":"wp","href":"https:\/\/api.w.org\/{rel}","templated":true}]}}