{"id":83,"date":"2020-07-27T21:38:11","date_gmt":"2020-07-27T19:38:11","guid":{"rendered":"http:\/\/www.cronopio.de\/kunstimoeffentlichenraum\/?page_id=83"},"modified":"2020-08-26T14:04:59","modified_gmt":"2020-08-26T12:04:59","slug":"badstrasse-6","status":"publish","type":"page","link":"http:\/\/www.cronopio.de\/kunstimoeffentlichenraum\/hausfassaden\/badstrasse-6\/","title":{"rendered":"Badstra\u00dfe 6"},"content":{"rendered":"\n<div class=\"wp-block-image\"><figure class=\"aligncenter size-large\"><img loading=\"lazy\" decoding=\"async\" width=\"1024\" height=\"740\" src=\"http:\/\/www.cronopio.de\/kunstimoeffentlichenraum\/wp-content\/uploads\/sites\/11\/2020\/07\/P2020938-1024x740.jpg\" alt=\"\" class=\"wp-image-219\" srcset=\"http:\/\/www.cronopio.de\/kunstimoeffentlichenraum\/wp-content\/uploads\/sites\/11\/2020\/07\/P2020938-1024x740.jpg 1024w, http:\/\/www.cronopio.de\/kunstimoeffentlichenraum\/wp-content\/uploads\/sites\/11\/2020\/07\/P2020938-300x217.jpg 300w, http:\/\/www.cronopio.de\/kunstimoeffentlichenraum\/wp-content\/uploads\/sites\/11\/2020\/07\/P2020938-768x555.jpg 768w, http:\/\/www.cronopio.de\/kunstimoeffentlichenraum\/wp-content\/uploads\/sites\/11\/2020\/07\/P2020938-1536x1110.jpg 1536w, http:\/\/www.cronopio.de\/kunstimoeffentlichenraum\/wp-content\/uploads\/sites\/11\/2020\/07\/P2020938-2048x1479.jpg 2048w, http:\/\/www.cronopio.de\/kunstimoeffentlichenraum\/wp-content\/uploads\/sites\/11\/2020\/07\/P2020938-277x200.jpg 277w\" sizes=\"auto, (max-width: 1024px) 100vw, 1024px\" \/><\/figure><\/div>\n\n\n\n<p class=\"has-text-align-center wp-block-paragraph\">Ehemalige Bauernkammer, heute Bestattung, Badstra\u00dfe 6, Sgraffito Signiert: HANS.ALEX.BRUNNER 1960<\/p>\n\n\n\n<p class=\"wp-block-paragraph\"><strong>Hans Alexander Brunner<\/strong><\/p>\n\n\n\n<p class=\"wp-block-paragraph\">*7.11.1895 in Wien, \u2020 24.11.1968 in Wien<\/p>\n\n\n\n<p class=\"wp-block-paragraph\">Sohn eines Fiakers. Studium der Landschafts-, Portr\u00e4t- und Historienmalerei an der Akademie der bildenden K\u00fcnste in Wien. Zun\u00e4chst Berufsschullehrer, ab 1945 Maler vor allem religi\u00f6ser Themen.<\/p>\n\n\n\n<p class=\"wp-block-paragraph\">Auszeichnungen: Gundel Preis, Ehrenzeichen vom Hl. Stephanus<\/p>\n\n\n\n<p class=\"wp-block-paragraph\">In M\u00f6dling schuf er auch das Sgraffito am Haus der Caritas in der M\u00f6lkergasse.<\/p>\n\n\n\n<div class=\"wp-block-themeisle-blocks-advanced-columns has-1-columns has-desktop-equal-layout has-tablet-equal-layout has-mobile-equal-layout has-default-gap has-vertical-unset\" id=\"wp-block-themeisle-blocks-advanced-columns-bc963f9b\"><div class=\"wp-block-themeisle-blocks-advanced-columns-overlay\"><\/div><div class=\"innerblocks-wrap\">\n<div class=\"wp-block-themeisle-blocks-advanced-column\" id=\"wp-block-themeisle-blocks-advanced-column-80c72daa\">\n<div class=\"wp-block-image\"><figure class=\"aligncenter size-large\"><img loading=\"lazy\" decoding=\"async\" width=\"1024\" height=\"768\" src=\"http:\/\/www.cronopio.de\/kunstimoeffentlichenraum\/wp-content\/uploads\/sites\/11\/2020\/08\/Moelkergasse-1024x768.jpg\" alt=\"\" class=\"wp-image-374\" srcset=\"http:\/\/www.cronopio.de\/kunstimoeffentlichenraum\/wp-content\/uploads\/sites\/11\/2020\/08\/Moelkergasse-1024x768.jpg 1024w, http:\/\/www.cronopio.de\/kunstimoeffentlichenraum\/wp-content\/uploads\/sites\/11\/2020\/08\/Moelkergasse-300x225.jpg 300w, http:\/\/www.cronopio.de\/kunstimoeffentlichenraum\/wp-content\/uploads\/sites\/11\/2020\/08\/Moelkergasse-768x576.jpg 768w, http:\/\/www.cronopio.de\/kunstimoeffentlichenraum\/wp-content\/uploads\/sites\/11\/2020\/08\/Moelkergasse-267x200.jpg 267w, http:\/\/www.cronopio.de\/kunstimoeffentlichenraum\/wp-content\/uploads\/sites\/11\/2020\/08\/Moelkergasse.jpg 1386w\" sizes=\"auto, (max-width: 1024px) 100vw, 1024px\" \/><\/figure><\/div>\n<\/div>\n<\/div><\/div>\n\n\n\n<p class=\"wp-block-paragraph\"><\/p>\n","protected":false},"excerpt":{"rendered":"<p>Ehemalige Bauernkammer, heute Bestattung, Badstra\u00dfe 6, Sgraffito Signiert: HANS.ALEX.BRUNNER 1960 Hans Alexander Brunner *7.11.1895 in Wien, \u2020 24.11.1968 in Wien Sohn eines Fiakers. Studium der Landschafts-, Portr\u00e4t- und Historienmalerei an der Akademie der bildenden K\u00fcnste in Wien. Zun\u00e4chst Berufsschullehrer, ab 1945 Maler vor allem religi\u00f6ser Themen. Auszeichnungen: Gundel Preis, Ehrenzeichen &hellip;<\/p>\n","protected":false},"author":2,"featured_media":0,"parent":15,"menu_order":3,"comment_status":"closed","ping_status":"closed","template":"","meta":{"_crdt_document":"","_themeisle_gutenberg_block_has_review":false,"h5ap_radio_sources":[],"footnotes":""},"class_list":["post-83","page","type-page","status-publish","hentry"],"_links":{"self":[{"href":"http:\/\/www.cronopio.de\/kunstimoeffentlichenraum\/wp-json\/wp\/v2\/pages\/83","targetHints":{"allow":["GET"]}}],"collection":[{"href":"http:\/\/www.cronopio.de\/kunstimoeffentlichenraum\/wp-json\/wp\/v2\/pages"}],"about":[{"href":"http:\/\/www.cronopio.de\/kunstimoeffentlichenraum\/wp-json\/wp\/v2\/types\/page"}],"author":[{"embeddable":true,"href":"http:\/\/www.cronopio.de\/kunstimoeffentlichenraum\/wp-json\/wp\/v2\/users\/2"}],"replies":[{"embeddable":true,"href":"http:\/\/www.cronopio.de\/kunstimoeffentlichenraum\/wp-json\/wp\/v2\/comments?post=83"}],"version-history":[{"count":3,"href":"http:\/\/www.cronopio.de\/kunstimoeffentlichenraum\/wp-json\/wp\/v2\/pages\/83\/revisions"}],"predecessor-version":[{"id":375,"href":"http:\/\/www.cronopio.de\/kunstimoeffentlichenraum\/wp-json\/wp\/v2\/pages\/83\/revisions\/375"}],"up":[{"embeddable":true,"href":"http:\/\/www.cronopio.de\/kunstimoeffentlichenraum\/wp-json\/wp\/v2\/pages\/15"}],"wp:attachment":[{"href":"http:\/\/www.cronopio.de\/kunstimoeffentlichenraum\/wp-json\/wp\/v2\/media?parent=83"}],"curies":[{"name":"wp","href":"https:\/\/api.w.org\/{rel}","templated":true}]}}