{"id":71,"date":"2020-07-27T21:31:32","date_gmt":"2020-07-27T19:31:32","guid":{"rendered":"http:\/\/www.cronopio.de\/kunstimoeffentlichenraum\/?page_id=71"},"modified":"2020-08-28T22:30:00","modified_gmt":"2020-08-28T20:30:00","slug":"kenotaph-altpfarrer-mueller","status":"publish","type":"page","link":"http:\/\/www.cronopio.de\/kunstimoeffentlichenraum\/religioese-kunst\/kenotaph-altpfarrer-mueller\/","title":{"rendered":"Kenotaph Altpfarrer M\u00fcller"},"content":{"rendered":"\n<div class=\"wp-block-image\"><figure class=\"aligncenter size-large\"><img loading=\"lazy\" decoding=\"async\" width=\"697\" height=\"1024\" src=\"http:\/\/www.cronopio.de\/kunstimoeffentlichenraum\/wp-content\/uploads\/sites\/11\/2020\/07\/P4111054-697x1024.jpg\" alt=\"\" class=\"wp-image-265\" srcset=\"http:\/\/www.cronopio.de\/kunstimoeffentlichenraum\/wp-content\/uploads\/sites\/11\/2020\/07\/P4111054-697x1024.jpg 697w, http:\/\/www.cronopio.de\/kunstimoeffentlichenraum\/wp-content\/uploads\/sites\/11\/2020\/07\/P4111054-204x300.jpg 204w, http:\/\/www.cronopio.de\/kunstimoeffentlichenraum\/wp-content\/uploads\/sites\/11\/2020\/07\/P4111054-768x1128.jpg 768w, http:\/\/www.cronopio.de\/kunstimoeffentlichenraum\/wp-content\/uploads\/sites\/11\/2020\/07\/P4111054-1045x1536.jpg 1045w, http:\/\/www.cronopio.de\/kunstimoeffentlichenraum\/wp-content\/uploads\/sites\/11\/2020\/07\/P4111054-1394x2048.jpg 1394w, http:\/\/www.cronopio.de\/kunstimoeffentlichenraum\/wp-content\/uploads\/sites\/11\/2020\/07\/P4111054-136x200.jpg 136w, http:\/\/www.cronopio.de\/kunstimoeffentlichenraum\/wp-content\/uploads\/sites\/11\/2020\/07\/P4111054.jpg 1500w\" sizes=\"auto, (max-width: 697px) 100vw, 697px\" \/><\/figure><\/div>\n\n\n\n<p class=\"has-text-align-center wp-block-paragraph\">Der Gedenkstein befindet sich links neben dem Haupteingang von St. Othmar. Den Fu\u00df bildet ein historischer M\u00fchlstein, den die Stadtgemeinde M\u00f6dling Pr\u00e4lat M\u00fcller zu dessen Goldenem Priesterjubil\u00e4um am 23.6.2011 geschenkt hatte. Auf einer S\u00e4ule wurde der Kopf des Hl. Othmar platziert, ein Rohguss von <a href=\"http:\/\/www.cronopio.de\/kunstimoeffentlichenraum\/kuenstler\/hubert-wilfan\/\">Hubert Wilfan<\/a>.<\/p>\n\n\n\n<p class=\"wp-block-paragraph\"><strong>Pr\u00e4lat Prof. Wilhelm M\u00fcller<\/strong><\/p>\n\n\n\n<p class=\"wp-block-paragraph\">*26.5.1937 Klein Wolkersdorf, \u202017.1.2012 Wiener Neustadt<\/p>\n\n\n\n<p class=\"wp-block-paragraph\">Ab 1961 Kaplan, ab 1969 Pfarrer von St. Othmar<\/p>\n\n\n\n<p class=\"wp-block-paragraph\">W\u00e4hrend seiner Amtszeit erfolgten unter anderem <a href=\"http:\/\/www.cronopio.de\/kunstimoeffentlichenraum\/religioese-kunst\/st-michael\/\">der Bau von St. Michael<\/a>, die bis heute nicht unumstrittene Restaurierung von St. Othmar, <a href=\"http:\/\/www.cronopio.de\/kunstimoeffentlichenraum\/religioese-kunst\/pfarrheim-st-othmar\/\">der Ankauf der alten Feuerwehr und deren Umbau zum Pfarrheim<\/a> und die <a href=\"http:\/\/www.cronopio.de\/kunstimoeffentlichenraum\/religioese-kunst\/kreuzweg\/\">Errichtung des Kreuzweges<\/a>.<\/p>\n\n\n\n<p class=\"wp-block-paragraph\">1978 Monsignore, ab 1980 Dechant, \u201eMedienpfarrer\u201c<\/p>\n\n\n\n<p class=\"wp-block-paragraph\">2002 p\u00e4pstlicher Ehrenpr\u00e4lat und Titel Ehrenkanoniker, Berufstitel Professor<\/p>\n\n\n\n<p class=\"wp-block-paragraph\">2003 Ehrenb\u00fcrger von M\u00f6dling, Dompropst von Wiener Neustadt<\/p>\n\n\n\n<div class=\"wp-block-themeisle-blocks-advanced-columns has-1-columns has-desktop-equal-layout has-tablet-equal-layout has-mobile-equal-layout has-default-gap has-vertical-unset\" id=\"wp-block-themeisle-blocks-advanced-columns-eea7a4f2\"><div class=\"wp-block-themeisle-blocks-advanced-columns-overlay\"><\/div><div class=\"innerblocks-wrap\">\n<div class=\"wp-block-themeisle-blocks-advanced-column\" id=\"wp-block-themeisle-blocks-advanced-column-ae34f635\"><\/div>\n<\/div><\/div>\n","protected":false},"excerpt":{"rendered":"<p>Der Gedenkstein befindet sich links neben dem Haupteingang von St. Othmar. Den Fu\u00df bildet ein historischer M\u00fchlstein, den die Stadtgemeinde M\u00f6dling Pr\u00e4lat M\u00fcller zu dessen Goldenem Priesterjubil\u00e4um am 23.6.2011 geschenkt hatte. Auf einer S\u00e4ule wurde der Kopf des Hl. Othmar platziert, ein Rohguss von Hubert Wilfan. Pr\u00e4lat Prof. Wilhelm M\u00fcller &hellip;<\/p>\n","protected":false},"author":2,"featured_media":0,"parent":12,"menu_order":2,"comment_status":"closed","ping_status":"closed","template":"","meta":{"_crdt_document":"","_themeisle_gutenberg_block_has_review":false,"h5ap_radio_sources":[],"footnotes":""},"class_list":["post-71","page","type-page","status-publish","hentry"],"_links":{"self":[{"href":"http:\/\/www.cronopio.de\/kunstimoeffentlichenraum\/wp-json\/wp\/v2\/pages\/71","targetHints":{"allow":["GET"]}}],"collection":[{"href":"http:\/\/www.cronopio.de\/kunstimoeffentlichenraum\/wp-json\/wp\/v2\/pages"}],"about":[{"href":"http:\/\/www.cronopio.de\/kunstimoeffentlichenraum\/wp-json\/wp\/v2\/types\/page"}],"author":[{"embeddable":true,"href":"http:\/\/www.cronopio.de\/kunstimoeffentlichenraum\/wp-json\/wp\/v2\/users\/2"}],"replies":[{"embeddable":true,"href":"http:\/\/www.cronopio.de\/kunstimoeffentlichenraum\/wp-json\/wp\/v2\/comments?post=71"}],"version-history":[{"count":4,"href":"http:\/\/www.cronopio.de\/kunstimoeffentlichenraum\/wp-json\/wp\/v2\/pages\/71\/revisions"}],"predecessor-version":[{"id":368,"href":"http:\/\/www.cronopio.de\/kunstimoeffentlichenraum\/wp-json\/wp\/v2\/pages\/71\/revisions\/368"}],"up":[{"embeddable":true,"href":"http:\/\/www.cronopio.de\/kunstimoeffentlichenraum\/wp-json\/wp\/v2\/pages\/12"}],"wp:attachment":[{"href":"http:\/\/www.cronopio.de\/kunstimoeffentlichenraum\/wp-json\/wp\/v2\/media?parent=71"}],"curies":[{"name":"wp","href":"https:\/\/api.w.org\/{rel}","templated":true}]}}