{"id":56,"date":"2020-07-27T21:23:30","date_gmt":"2020-07-27T19:23:30","guid":{"rendered":"http:\/\/www.cronopio.de\/kunstimoeffentlichenraum\/?page_id=56"},"modified":"2020-08-27T22:17:46","modified_gmt":"2020-08-27T20:17:46","slug":"edelstahlfoehre","status":"publish","type":"page","link":"http:\/\/www.cronopio.de\/kunstimoeffentlichenraum\/metallplastiken\/edelstahlfoehre\/","title":{"rendered":"Edelstahlf\u00f6hre"},"content":{"rendered":"\n<div class=\"wp-block-image\"><figure class=\"aligncenter size-large\"><img loading=\"lazy\" decoding=\"async\" width=\"975\" height=\"1024\" src=\"http:\/\/www.cronopio.de\/kunstimoeffentlichenraum\/wp-content\/uploads\/sites\/11\/2020\/07\/05_F\u00f6hre-Farbfoto-2-1-975x1024.jpg\" alt=\"\" class=\"wp-image-198\" srcset=\"http:\/\/www.cronopio.de\/kunstimoeffentlichenraum\/wp-content\/uploads\/sites\/11\/2020\/07\/05_F\u00f6hre-Farbfoto-2-1-975x1024.jpg 975w, http:\/\/www.cronopio.de\/kunstimoeffentlichenraum\/wp-content\/uploads\/sites\/11\/2020\/07\/05_F\u00f6hre-Farbfoto-2-1-286x300.jpg 286w, http:\/\/www.cronopio.de\/kunstimoeffentlichenraum\/wp-content\/uploads\/sites\/11\/2020\/07\/05_F\u00f6hre-Farbfoto-2-1-768x807.jpg 768w, http:\/\/www.cronopio.de\/kunstimoeffentlichenraum\/wp-content\/uploads\/sites\/11\/2020\/07\/05_F\u00f6hre-Farbfoto-2-1-1463x1536.jpg 1463w, http:\/\/www.cronopio.de\/kunstimoeffentlichenraum\/wp-content\/uploads\/sites\/11\/2020\/07\/05_F\u00f6hre-Farbfoto-2-1-190x200.jpg 190w, http:\/\/www.cronopio.de\/kunstimoeffentlichenraum\/wp-content\/uploads\/sites\/11\/2020\/07\/05_F\u00f6hre-Farbfoto-2-1.jpg 1772w\" sizes=\"auto, (max-width: 975px) 100vw, 975px\" \/><\/figure><\/div>\n\n\n\n<p class=\"has-text-align-center wp-block-paragraph\">Metallplastik von <a href=\"http:\/\/www.cronopio.de\/kunstimoeffentlichenraum\/kuenstler\/eduard-diem\/\">Eduard Diem<\/a><br>Standort: Kreisverkehr Wienerstra\u00dfe\u2013Grenzgasse<br>Foto: Kunststation M\u00f6dling<\/p>\n\n\n\n<p class=\"wp-block-paragraph\">Auf Initiative des Kulturreferates unter STR Robert Karpfen schrieb der M\u00f6dlinger K\u00fcnstlerbund einen Bildhauerwettbewerb zur Gestaltung dieses \u201eEinfahrtstores\u201c nach M\u00f6dling aus. Der Juryentscheid fiel auf Eduard Diem.<\/p>\n\n\n\n<figure class=\"wp-block-gallery columns-3 is-cropped wp-block-gallery-1 is-layout-flex wp-block-gallery-is-layout-flex\"><ul class=\"blocks-gallery-grid\"><li class=\"blocks-gallery-item\"><figure><img loading=\"lazy\" decoding=\"async\" width=\"443\" height=\"448\" src=\"http:\/\/www.cronopio.de\/kunstimoeffentlichenraum\/wp-content\/uploads\/sites\/11\/2020\/08\/Foehre-2.jpg\" alt=\"\" data-id=\"469\" data-full-url=\"http:\/\/www.cronopio.de\/kunstimoeffentlichenraum\/wp-content\/uploads\/sites\/11\/2020\/08\/Foehre-2.jpg\" data-link=\"http:\/\/www.cronopio.de\/kunstimoeffentlichenraum\/metallplastiken\/edelstahlfoehre\/foehre-2\/\" class=\"wp-image-469\" srcset=\"http:\/\/www.cronopio.de\/kunstimoeffentlichenraum\/wp-content\/uploads\/sites\/11\/2020\/08\/Foehre-2.jpg 443w, http:\/\/www.cronopio.de\/kunstimoeffentlichenraum\/wp-content\/uploads\/sites\/11\/2020\/08\/Foehre-2-297x300.jpg 297w, http:\/\/www.cronopio.de\/kunstimoeffentlichenraum\/wp-content\/uploads\/sites\/11\/2020\/08\/Foehre-2-198x200.jpg 198w\" sizes=\"auto, (max-width: 443px) 100vw, 443px\" \/><\/figure><\/li><li class=\"blocks-gallery-item\"><figure><img loading=\"lazy\" decoding=\"async\" width=\"779\" height=\"885\" src=\"http:\/\/www.cronopio.de\/kunstimoeffentlichenraum\/wp-content\/uploads\/sites\/11\/2020\/08\/Foehre1.jpg\" alt=\"\" data-id=\"471\" data-full-url=\"http:\/\/www.cronopio.de\/kunstimoeffentlichenraum\/wp-content\/uploads\/sites\/11\/2020\/08\/Foehre1.jpg\" data-link=\"http:\/\/www.cronopio.de\/kunstimoeffentlichenraum\/metallplastiken\/edelstahlfoehre\/foehre1\/\" class=\"wp-image-471\" srcset=\"http:\/\/www.cronopio.de\/kunstimoeffentlichenraum\/wp-content\/uploads\/sites\/11\/2020\/08\/Foehre1.jpg 779w, http:\/\/www.cronopio.de\/kunstimoeffentlichenraum\/wp-content\/uploads\/sites\/11\/2020\/08\/Foehre1-264x300.jpg 264w, http:\/\/www.cronopio.de\/kunstimoeffentlichenraum\/wp-content\/uploads\/sites\/11\/2020\/08\/Foehre1-768x873.jpg 768w, http:\/\/www.cronopio.de\/kunstimoeffentlichenraum\/wp-content\/uploads\/sites\/11\/2020\/08\/Foehre1-176x200.jpg 176w\" sizes=\"auto, (max-width: 779px) 100vw, 779px\" \/><\/figure><\/li><li class=\"blocks-gallery-item\"><figure><img loading=\"lazy\" decoding=\"async\" width=\"466\" height=\"587\" src=\"http:\/\/www.cronopio.de\/kunstimoeffentlichenraum\/wp-content\/uploads\/sites\/11\/2020\/08\/Foehre-3.jpg\" alt=\"\" data-id=\"470\" data-full-url=\"http:\/\/www.cronopio.de\/kunstimoeffentlichenraum\/wp-content\/uploads\/sites\/11\/2020\/08\/Foehre-3.jpg\" data-link=\"http:\/\/www.cronopio.de\/kunstimoeffentlichenraum\/metallplastiken\/edelstahlfoehre\/foehre-3\/\" class=\"wp-image-470\" srcset=\"http:\/\/www.cronopio.de\/kunstimoeffentlichenraum\/wp-content\/uploads\/sites\/11\/2020\/08\/Foehre-3.jpg 466w, http:\/\/www.cronopio.de\/kunstimoeffentlichenraum\/wp-content\/uploads\/sites\/11\/2020\/08\/Foehre-3-238x300.jpg 238w, http:\/\/www.cronopio.de\/kunstimoeffentlichenraum\/wp-content\/uploads\/sites\/11\/2020\/08\/Foehre-3-159x200.jpg 159w\" sizes=\"auto, (max-width: 466px) 100vw, 466px\" \/><\/figure><\/li><\/ul><\/figure>\n\n\n\n<h3 class=\"wp-block-heading\">Herstellung durch die Firma Wottle aus Poysdorf\/Weinviertel<\/h3>\n\n\n\n<figure class=\"wp-block-gallery columns-3 wp-block-gallery-2 is-layout-flex wp-block-gallery-is-layout-flex\"><ul class=\"blocks-gallery-grid\"><li class=\"blocks-gallery-item\"><figure><img loading=\"lazy\" decoding=\"async\" width=\"766\" height=\"463\" src=\"http:\/\/www.cronopio.de\/kunstimoeffentlichenraum\/wp-content\/uploads\/sites\/11\/2020\/08\/foehre-4.jpg\" alt=\"\" data-id=\"472\" data-full-url=\"http:\/\/www.cronopio.de\/kunstimoeffentlichenraum\/wp-content\/uploads\/sites\/11\/2020\/08\/foehre-4.jpg\" data-link=\"http:\/\/www.cronopio.de\/kunstimoeffentlichenraum\/metallplastiken\/edelstahlfoehre\/foehre-4\/\" class=\"wp-image-472\" srcset=\"http:\/\/www.cronopio.de\/kunstimoeffentlichenraum\/wp-content\/uploads\/sites\/11\/2020\/08\/foehre-4.jpg 766w, http:\/\/www.cronopio.de\/kunstimoeffentlichenraum\/wp-content\/uploads\/sites\/11\/2020\/08\/foehre-4-300x181.jpg 300w, http:\/\/www.cronopio.de\/kunstimoeffentlichenraum\/wp-content\/uploads\/sites\/11\/2020\/08\/foehre-4-331x200.jpg 331w\" sizes=\"auto, (max-width: 766px) 100vw, 766px\" \/><\/figure><\/li><li class=\"blocks-gallery-item\"><figure><img loading=\"lazy\" decoding=\"async\" width=\"764\" height=\"469\" src=\"http:\/\/www.cronopio.de\/kunstimoeffentlichenraum\/wp-content\/uploads\/sites\/11\/2020\/08\/foehre-5.jpg\" alt=\"\" data-id=\"473\" data-full-url=\"http:\/\/www.cronopio.de\/kunstimoeffentlichenraum\/wp-content\/uploads\/sites\/11\/2020\/08\/foehre-5.jpg\" data-link=\"http:\/\/www.cronopio.de\/kunstimoeffentlichenraum\/metallplastiken\/edelstahlfoehre\/foehre-5\/\" class=\"wp-image-473\" srcset=\"http:\/\/www.cronopio.de\/kunstimoeffentlichenraum\/wp-content\/uploads\/sites\/11\/2020\/08\/foehre-5.jpg 764w, http:\/\/www.cronopio.de\/kunstimoeffentlichenraum\/wp-content\/uploads\/sites\/11\/2020\/08\/foehre-5-300x184.jpg 300w, http:\/\/www.cronopio.de\/kunstimoeffentlichenraum\/wp-content\/uploads\/sites\/11\/2020\/08\/foehre-5-326x200.jpg 326w\" sizes=\"auto, (max-width: 764px) 100vw, 764px\" \/><\/figure><\/li><li class=\"blocks-gallery-item\"><figure><img loading=\"lazy\" decoding=\"async\" width=\"444\" height=\"569\" src=\"http:\/\/www.cronopio.de\/kunstimoeffentlichenraum\/wp-content\/uploads\/sites\/11\/2020\/08\/foehre-9.jpg\" alt=\"\" data-id=\"475\" data-full-url=\"http:\/\/www.cronopio.de\/kunstimoeffentlichenraum\/wp-content\/uploads\/sites\/11\/2020\/08\/foehre-9.jpg\" data-link=\"http:\/\/www.cronopio.de\/kunstimoeffentlichenraum\/metallplastiken\/edelstahlfoehre\/foehre-9\/\" class=\"wp-image-475\" srcset=\"http:\/\/www.cronopio.de\/kunstimoeffentlichenraum\/wp-content\/uploads\/sites\/11\/2020\/08\/foehre-9.jpg 444w, http:\/\/www.cronopio.de\/kunstimoeffentlichenraum\/wp-content\/uploads\/sites\/11\/2020\/08\/foehre-9-234x300.jpg 234w, http:\/\/www.cronopio.de\/kunstimoeffentlichenraum\/wp-content\/uploads\/sites\/11\/2020\/08\/foehre-9-156x200.jpg 156w\" sizes=\"auto, (max-width: 444px) 100vw, 444px\" \/><\/figure><\/li><li class=\"blocks-gallery-item\"><figure><img loading=\"lazy\" decoding=\"async\" width=\"382\" height=\"650\" src=\"http:\/\/www.cronopio.de\/kunstimoeffentlichenraum\/wp-content\/uploads\/sites\/11\/2020\/08\/foehre-8.jpg\" alt=\"\" data-id=\"474\" data-full-url=\"http:\/\/www.cronopio.de\/kunstimoeffentlichenraum\/wp-content\/uploads\/sites\/11\/2020\/08\/foehre-8.jpg\" data-link=\"http:\/\/www.cronopio.de\/kunstimoeffentlichenraum\/metallplastiken\/edelstahlfoehre\/foehre-8\/\" class=\"wp-image-474\" srcset=\"http:\/\/www.cronopio.de\/kunstimoeffentlichenraum\/wp-content\/uploads\/sites\/11\/2020\/08\/foehre-8.jpg 382w, http:\/\/www.cronopio.de\/kunstimoeffentlichenraum\/wp-content\/uploads\/sites\/11\/2020\/08\/foehre-8-176x300.jpg 176w, http:\/\/www.cronopio.de\/kunstimoeffentlichenraum\/wp-content\/uploads\/sites\/11\/2020\/08\/foehre-8-118x200.jpg 118w\" sizes=\"auto, (max-width: 382px) 100vw, 382px\" \/><\/figure><\/li><li class=\"blocks-gallery-item\"><figure><img loading=\"lazy\" decoding=\"async\" width=\"384\" height=\"626\" src=\"http:\/\/www.cronopio.de\/kunstimoeffentlichenraum\/wp-content\/uploads\/sites\/11\/2020\/08\/foehre-10.jpg\" alt=\"\" data-id=\"476\" data-full-url=\"http:\/\/www.cronopio.de\/kunstimoeffentlichenraum\/wp-content\/uploads\/sites\/11\/2020\/08\/foehre-10.jpg\" data-link=\"http:\/\/www.cronopio.de\/kunstimoeffentlichenraum\/metallplastiken\/edelstahlfoehre\/foehre-10\/\" class=\"wp-image-476\" srcset=\"http:\/\/www.cronopio.de\/kunstimoeffentlichenraum\/wp-content\/uploads\/sites\/11\/2020\/08\/foehre-10.jpg 384w, http:\/\/www.cronopio.de\/kunstimoeffentlichenraum\/wp-content\/uploads\/sites\/11\/2020\/08\/foehre-10-184x300.jpg 184w, http:\/\/www.cronopio.de\/kunstimoeffentlichenraum\/wp-content\/uploads\/sites\/11\/2020\/08\/foehre-10-123x200.jpg 123w\" sizes=\"auto, (max-width: 384px) 100vw, 384px\" \/><\/figure><\/li><\/ul><\/figure>\n\n\n\n<h3 class=\"wp-block-heading\">Aufstellung der Edelstahlf\u00f6hre<\/h3>\n\n\n\n<figure class=\"wp-block-gallery columns-4 is-cropped wp-block-gallery-3 is-layout-flex wp-block-gallery-is-layout-flex\"><ul class=\"blocks-gallery-grid\"><li class=\"blocks-gallery-item\"><figure><img loading=\"lazy\" decoding=\"async\" width=\"399\" height=\"612\" src=\"http:\/\/www.cronopio.de\/kunstimoeffentlichenraum\/wp-content\/uploads\/sites\/11\/2020\/08\/foehre-15.jpg\" alt=\"\" data-id=\"484\" data-full-url=\"http:\/\/www.cronopio.de\/kunstimoeffentlichenraum\/wp-content\/uploads\/sites\/11\/2020\/08\/foehre-15.jpg\" data-link=\"http:\/\/www.cronopio.de\/kunstimoeffentlichenraum\/metallplastiken\/edelstahlfoehre\/foehre-15\/\" class=\"wp-image-484\" srcset=\"http:\/\/www.cronopio.de\/kunstimoeffentlichenraum\/wp-content\/uploads\/sites\/11\/2020\/08\/foehre-15.jpg 399w, http:\/\/www.cronopio.de\/kunstimoeffentlichenraum\/wp-content\/uploads\/sites\/11\/2020\/08\/foehre-15-196x300.jpg 196w, http:\/\/www.cronopio.de\/kunstimoeffentlichenraum\/wp-content\/uploads\/sites\/11\/2020\/08\/foehre-15-130x200.jpg 130w\" sizes=\"auto, (max-width: 399px) 100vw, 399px\" \/><\/figure><\/li><li class=\"blocks-gallery-item\"><figure><img loading=\"lazy\" decoding=\"async\" width=\"404\" height=\"619\" src=\"http:\/\/www.cronopio.de\/kunstimoeffentlichenraum\/wp-content\/uploads\/sites\/11\/2020\/08\/foehre-14.jpg\" alt=\"\" data-id=\"483\" data-full-url=\"http:\/\/www.cronopio.de\/kunstimoeffentlichenraum\/wp-content\/uploads\/sites\/11\/2020\/08\/foehre-14.jpg\" data-link=\"http:\/\/www.cronopio.de\/kunstimoeffentlichenraum\/metallplastiken\/edelstahlfoehre\/foehre-14\/\" class=\"wp-image-483\" srcset=\"http:\/\/www.cronopio.de\/kunstimoeffentlichenraum\/wp-content\/uploads\/sites\/11\/2020\/08\/foehre-14.jpg 404w, http:\/\/www.cronopio.de\/kunstimoeffentlichenraum\/wp-content\/uploads\/sites\/11\/2020\/08\/foehre-14-196x300.jpg 196w, http:\/\/www.cronopio.de\/kunstimoeffentlichenraum\/wp-content\/uploads\/sites\/11\/2020\/08\/foehre-14-131x200.jpg 131w\" sizes=\"auto, (max-width: 404px) 100vw, 404px\" \/><\/figure><\/li><li class=\"blocks-gallery-item\"><figure><img loading=\"lazy\" decoding=\"async\" width=\"396\" height=\"616\" src=\"http:\/\/www.cronopio.de\/kunstimoeffentlichenraum\/wp-content\/uploads\/sites\/11\/2020\/08\/foehre-16.jpg\" alt=\"\" data-id=\"485\" data-full-url=\"http:\/\/www.cronopio.de\/kunstimoeffentlichenraum\/wp-content\/uploads\/sites\/11\/2020\/08\/foehre-16.jpg\" data-link=\"http:\/\/www.cronopio.de\/kunstimoeffentlichenraum\/metallplastiken\/edelstahlfoehre\/foehre-16\/\" class=\"wp-image-485\" srcset=\"http:\/\/www.cronopio.de\/kunstimoeffentlichenraum\/wp-content\/uploads\/sites\/11\/2020\/08\/foehre-16.jpg 396w, http:\/\/www.cronopio.de\/kunstimoeffentlichenraum\/wp-content\/uploads\/sites\/11\/2020\/08\/foehre-16-193x300.jpg 193w, http:\/\/www.cronopio.de\/kunstimoeffentlichenraum\/wp-content\/uploads\/sites\/11\/2020\/08\/foehre-16-129x200.jpg 129w\" sizes=\"auto, (max-width: 396px) 100vw, 396px\" \/><\/figure><\/li><li class=\"blocks-gallery-item\"><figure><img loading=\"lazy\" decoding=\"async\" width=\"686\" height=\"407\" src=\"http:\/\/www.cronopio.de\/kunstimoeffentlichenraum\/wp-content\/uploads\/sites\/11\/2020\/08\/foehre-11.jpg\" alt=\"\" data-id=\"480\" data-full-url=\"http:\/\/www.cronopio.de\/kunstimoeffentlichenraum\/wp-content\/uploads\/sites\/11\/2020\/08\/foehre-11.jpg\" data-link=\"http:\/\/www.cronopio.de\/kunstimoeffentlichenraum\/metallplastiken\/edelstahlfoehre\/foehre-11\/\" class=\"wp-image-480\" srcset=\"http:\/\/www.cronopio.de\/kunstimoeffentlichenraum\/wp-content\/uploads\/sites\/11\/2020\/08\/foehre-11.jpg 686w, http:\/\/www.cronopio.de\/kunstimoeffentlichenraum\/wp-content\/uploads\/sites\/11\/2020\/08\/foehre-11-300x178.jpg 300w, http:\/\/www.cronopio.de\/kunstimoeffentlichenraum\/wp-content\/uploads\/sites\/11\/2020\/08\/foehre-11-337x200.jpg 337w\" sizes=\"auto, (max-width: 686px) 100vw, 686px\" \/><\/figure><\/li><li class=\"blocks-gallery-item\"><figure><img loading=\"lazy\" decoding=\"async\" width=\"751\" height=\"446\" src=\"http:\/\/www.cronopio.de\/kunstimoeffentlichenraum\/wp-content\/uploads\/sites\/11\/2020\/08\/foehre-12.jpg\" alt=\"\" data-id=\"481\" data-full-url=\"http:\/\/www.cronopio.de\/kunstimoeffentlichenraum\/wp-content\/uploads\/sites\/11\/2020\/08\/foehre-12.jpg\" data-link=\"http:\/\/www.cronopio.de\/kunstimoeffentlichenraum\/metallplastiken\/edelstahlfoehre\/foehre-12\/\" class=\"wp-image-481\" srcset=\"http:\/\/www.cronopio.de\/kunstimoeffentlichenraum\/wp-content\/uploads\/sites\/11\/2020\/08\/foehre-12.jpg 751w, http:\/\/www.cronopio.de\/kunstimoeffentlichenraum\/wp-content\/uploads\/sites\/11\/2020\/08\/foehre-12-300x178.jpg 300w, http:\/\/www.cronopio.de\/kunstimoeffentlichenraum\/wp-content\/uploads\/sites\/11\/2020\/08\/foehre-12-337x200.jpg 337w\" sizes=\"auto, (max-width: 751px) 100vw, 751px\" \/><\/figure><\/li><li class=\"blocks-gallery-item\"><figure><img loading=\"lazy\" decoding=\"async\" width=\"444\" height=\"456\" src=\"http:\/\/www.cronopio.de\/kunstimoeffentlichenraum\/wp-content\/uploads\/sites\/11\/2020\/08\/foehre-13.jpg\" alt=\"\" data-id=\"482\" data-full-url=\"http:\/\/www.cronopio.de\/kunstimoeffentlichenraum\/wp-content\/uploads\/sites\/11\/2020\/08\/foehre-13.jpg\" data-link=\"http:\/\/www.cronopio.de\/kunstimoeffentlichenraum\/metallplastiken\/edelstahlfoehre\/foehre-13\/\" class=\"wp-image-482\" srcset=\"http:\/\/www.cronopio.de\/kunstimoeffentlichenraum\/wp-content\/uploads\/sites\/11\/2020\/08\/foehre-13.jpg 444w, http:\/\/www.cronopio.de\/kunstimoeffentlichenraum\/wp-content\/uploads\/sites\/11\/2020\/08\/foehre-13-292x300.jpg 292w, http:\/\/www.cronopio.de\/kunstimoeffentlichenraum\/wp-content\/uploads\/sites\/11\/2020\/08\/foehre-13-195x200.jpg 195w\" sizes=\"auto, (max-width: 444px) 100vw, 444px\" \/><\/figure><\/li><li class=\"blocks-gallery-item\"><figure><img loading=\"lazy\" decoding=\"async\" width=\"399\" height=\"617\" src=\"http:\/\/www.cronopio.de\/kunstimoeffentlichenraum\/wp-content\/uploads\/sites\/11\/2020\/08\/foehre-17.jpg\" alt=\"\" data-id=\"486\" data-full-url=\"http:\/\/www.cronopio.de\/kunstimoeffentlichenraum\/wp-content\/uploads\/sites\/11\/2020\/08\/foehre-17.jpg\" data-link=\"http:\/\/www.cronopio.de\/kunstimoeffentlichenraum\/metallplastiken\/edelstahlfoehre\/foehre-17\/\" class=\"wp-image-486\" srcset=\"http:\/\/www.cronopio.de\/kunstimoeffentlichenraum\/wp-content\/uploads\/sites\/11\/2020\/08\/foehre-17.jpg 399w, http:\/\/www.cronopio.de\/kunstimoeffentlichenraum\/wp-content\/uploads\/sites\/11\/2020\/08\/foehre-17-194x300.jpg 194w, http:\/\/www.cronopio.de\/kunstimoeffentlichenraum\/wp-content\/uploads\/sites\/11\/2020\/08\/foehre-17-129x200.jpg 129w\" sizes=\"auto, (max-width: 399px) 100vw, 399px\" \/><\/figure><\/li><\/ul><\/figure>\n\n\n\n<h3 class=\"wp-block-heading\">Enth\u00fcllung der Plastik am 30. Mai 1999<\/h3>\n\n\n\n<figure class=\"wp-block-gallery columns-3 is-cropped wp-block-gallery-4 is-layout-flex wp-block-gallery-is-layout-flex\"><ul class=\"blocks-gallery-grid\"><li class=\"blocks-gallery-item\"><figure><img loading=\"lazy\" decoding=\"async\" width=\"684\" height=\"394\" src=\"http:\/\/www.cronopio.de\/kunstimoeffentlichenraum\/wp-content\/uploads\/sites\/11\/2020\/08\/foehre-18.jpg\" alt=\"\" data-id=\"487\" data-full-url=\"http:\/\/www.cronopio.de\/kunstimoeffentlichenraum\/wp-content\/uploads\/sites\/11\/2020\/08\/foehre-18.jpg\" data-link=\"http:\/\/www.cronopio.de\/kunstimoeffentlichenraum\/metallplastiken\/edelstahlfoehre\/foehre-18\/\" class=\"wp-image-487\" srcset=\"http:\/\/www.cronopio.de\/kunstimoeffentlichenraum\/wp-content\/uploads\/sites\/11\/2020\/08\/foehre-18.jpg 684w, http:\/\/www.cronopio.de\/kunstimoeffentlichenraum\/wp-content\/uploads\/sites\/11\/2020\/08\/foehre-18-300x173.jpg 300w, http:\/\/www.cronopio.de\/kunstimoeffentlichenraum\/wp-content\/uploads\/sites\/11\/2020\/08\/foehre-18-347x200.jpg 347w\" sizes=\"auto, (max-width: 684px) 100vw, 684px\" \/><\/figure><\/li><li class=\"blocks-gallery-item\"><figure><img loading=\"lazy\" decoding=\"async\" width=\"584\" height=\"387\" src=\"http:\/\/www.cronopio.de\/kunstimoeffentlichenraum\/wp-content\/uploads\/sites\/11\/2020\/08\/foehre-21.jpg\" alt=\"\" data-id=\"490\" data-full-url=\"http:\/\/www.cronopio.de\/kunstimoeffentlichenraum\/wp-content\/uploads\/sites\/11\/2020\/08\/foehre-21.jpg\" data-link=\"http:\/\/www.cronopio.de\/kunstimoeffentlichenraum\/metallplastiken\/edelstahlfoehre\/foehre-21\/\" class=\"wp-image-490\" srcset=\"http:\/\/www.cronopio.de\/kunstimoeffentlichenraum\/wp-content\/uploads\/sites\/11\/2020\/08\/foehre-21.jpg 584w, http:\/\/www.cronopio.de\/kunstimoeffentlichenraum\/wp-content\/uploads\/sites\/11\/2020\/08\/foehre-21-300x199.jpg 300w, http:\/\/www.cronopio.de\/kunstimoeffentlichenraum\/wp-content\/uploads\/sites\/11\/2020\/08\/foehre-21-302x200.jpg 302w\" sizes=\"auto, (max-width: 584px) 100vw, 584px\" \/><\/figure><\/li><li class=\"blocks-gallery-item\"><figure><img loading=\"lazy\" decoding=\"async\" width=\"584\" height=\"384\" src=\"http:\/\/www.cronopio.de\/kunstimoeffentlichenraum\/wp-content\/uploads\/sites\/11\/2020\/08\/foehre-22.jpg\" alt=\"\" data-id=\"491\" data-full-url=\"http:\/\/www.cronopio.de\/kunstimoeffentlichenraum\/wp-content\/uploads\/sites\/11\/2020\/08\/foehre-22.jpg\" data-link=\"http:\/\/www.cronopio.de\/kunstimoeffentlichenraum\/metallplastiken\/edelstahlfoehre\/foehre-22\/\" class=\"wp-image-491\" srcset=\"http:\/\/www.cronopio.de\/kunstimoeffentlichenraum\/wp-content\/uploads\/sites\/11\/2020\/08\/foehre-22.jpg 584w, http:\/\/www.cronopio.de\/kunstimoeffentlichenraum\/wp-content\/uploads\/sites\/11\/2020\/08\/foehre-22-300x197.jpg 300w, http:\/\/www.cronopio.de\/kunstimoeffentlichenraum\/wp-content\/uploads\/sites\/11\/2020\/08\/foehre-22-304x200.jpg 304w\" sizes=\"auto, (max-width: 584px) 100vw, 584px\" \/><\/figure><\/li><li class=\"blocks-gallery-item\"><figure><img loading=\"lazy\" decoding=\"async\" width=\"690\" height=\"396\" src=\"http:\/\/www.cronopio.de\/kunstimoeffentlichenraum\/wp-content\/uploads\/sites\/11\/2020\/08\/foehre-19.jpg\" alt=\"\" data-id=\"488\" data-full-url=\"http:\/\/www.cronopio.de\/kunstimoeffentlichenraum\/wp-content\/uploads\/sites\/11\/2020\/08\/foehre-19.jpg\" data-link=\"http:\/\/www.cronopio.de\/kunstimoeffentlichenraum\/metallplastiken\/edelstahlfoehre\/foehre-19\/\" class=\"wp-image-488\" srcset=\"http:\/\/www.cronopio.de\/kunstimoeffentlichenraum\/wp-content\/uploads\/sites\/11\/2020\/08\/foehre-19.jpg 690w, http:\/\/www.cronopio.de\/kunstimoeffentlichenraum\/wp-content\/uploads\/sites\/11\/2020\/08\/foehre-19-300x172.jpg 300w, http:\/\/www.cronopio.de\/kunstimoeffentlichenraum\/wp-content\/uploads\/sites\/11\/2020\/08\/foehre-19-348x200.jpg 348w\" sizes=\"auto, (max-width: 690px) 100vw, 690px\" \/><\/figure><\/li><li class=\"blocks-gallery-item\"><figure><img loading=\"lazy\" decoding=\"async\" width=\"584\" height=\"381\" src=\"http:\/\/www.cronopio.de\/kunstimoeffentlichenraum\/wp-content\/uploads\/sites\/11\/2020\/08\/foehre-23.jpg\" alt=\"\" data-id=\"492\" data-full-url=\"http:\/\/www.cronopio.de\/kunstimoeffentlichenraum\/wp-content\/uploads\/sites\/11\/2020\/08\/foehre-23.jpg\" data-link=\"http:\/\/www.cronopio.de\/kunstimoeffentlichenraum\/metallplastiken\/edelstahlfoehre\/foehre-23\/\" class=\"wp-image-492\" srcset=\"http:\/\/www.cronopio.de\/kunstimoeffentlichenraum\/wp-content\/uploads\/sites\/11\/2020\/08\/foehre-23.jpg 584w, http:\/\/www.cronopio.de\/kunstimoeffentlichenraum\/wp-content\/uploads\/sites\/11\/2020\/08\/foehre-23-300x196.jpg 300w, http:\/\/www.cronopio.de\/kunstimoeffentlichenraum\/wp-content\/uploads\/sites\/11\/2020\/08\/foehre-23-307x200.jpg 307w\" sizes=\"auto, (max-width: 584px) 100vw, 584px\" \/><\/figure><\/li><li class=\"blocks-gallery-item\"><figure><img loading=\"lazy\" decoding=\"async\" width=\"680\" height=\"389\" src=\"http:\/\/www.cronopio.de\/kunstimoeffentlichenraum\/wp-content\/uploads\/sites\/11\/2020\/08\/foehre-20.jpg\" alt=\"\" data-id=\"489\" data-full-url=\"http:\/\/www.cronopio.de\/kunstimoeffentlichenraum\/wp-content\/uploads\/sites\/11\/2020\/08\/foehre-20.jpg\" data-link=\"http:\/\/www.cronopio.de\/kunstimoeffentlichenraum\/metallplastiken\/edelstahlfoehre\/foehre-20\/\" class=\"wp-image-489\" srcset=\"http:\/\/www.cronopio.de\/kunstimoeffentlichenraum\/wp-content\/uploads\/sites\/11\/2020\/08\/foehre-20.jpg 680w, http:\/\/www.cronopio.de\/kunstimoeffentlichenraum\/wp-content\/uploads\/sites\/11\/2020\/08\/foehre-20-300x172.jpg 300w, http:\/\/www.cronopio.de\/kunstimoeffentlichenraum\/wp-content\/uploads\/sites\/11\/2020\/08\/foehre-20-350x200.jpg 350w\" sizes=\"auto, (max-width: 680px) 100vw, 680px\" \/><\/figure><\/li><\/ul><\/figure>\n\n\n\n<div class=\"wp-block-themeisle-blocks-advanced-columns has-1-columns has-desktop-equal-layout has-tablet-equal-layout has-mobile-equal-layout has-default-gap has-vertical-unset\" id=\"wp-block-themeisle-blocks-advanced-columns-f0ee30c2\"><div class=\"wp-block-themeisle-blocks-advanced-columns-overlay\"><\/div><div class=\"innerblocks-wrap\">\n<div class=\"wp-block-themeisle-blocks-advanced-column\" id=\"wp-block-themeisle-blocks-advanced-column-a7e877d6\">\n<div class=\"wp-block-group is-layout-flow wp-block-group-is-layout-flow\"><div class=\"wp-block-group__inner-container\"><\/div><\/div>\n<\/div>\n<\/div><\/div>\n\n\n\n<p class=\"wp-block-paragraph\"><\/p>\n","protected":false},"excerpt":{"rendered":"<p>Metallplastik von Eduard DiemStandort: Kreisverkehr Wienerstra\u00dfe\u2013GrenzgasseFoto: Kunststation M\u00f6dling Auf Initiative des Kulturreferates unter STR Robert Karpfen schrieb der M\u00f6dlinger K\u00fcnstlerbund einen Bildhauerwettbewerb zur Gestaltung dieses \u201eEinfahrtstores\u201c nach M\u00f6dling aus. Der Juryentscheid fiel auf Eduard Diem. Herstellung durch die Firma Wottle aus Poysdorf\/Weinviertel Aufstellung der Edelstahlf\u00f6hre Enth\u00fcllung der Plastik am 30. &hellip;<\/p>\n","protected":false},"author":2,"featured_media":0,"parent":17,"menu_order":6,"comment_status":"closed","ping_status":"closed","template":"","meta":{"_crdt_document":"","_themeisle_gutenberg_block_has_review":false,"h5ap_radio_sources":[],"footnotes":""},"class_list":["post-56","page","type-page","status-publish","hentry"],"_links":{"self":[{"href":"http:\/\/www.cronopio.de\/kunstimoeffentlichenraum\/wp-json\/wp\/v2\/pages\/56","targetHints":{"allow":["GET"]}}],"collection":[{"href":"http:\/\/www.cronopio.de\/kunstimoeffentlichenraum\/wp-json\/wp\/v2\/pages"}],"about":[{"href":"http:\/\/www.cronopio.de\/kunstimoeffentlichenraum\/wp-json\/wp\/v2\/types\/page"}],"author":[{"embeddable":true,"href":"http:\/\/www.cronopio.de\/kunstimoeffentlichenraum\/wp-json\/wp\/v2\/users\/2"}],"replies":[{"embeddable":true,"href":"http:\/\/www.cronopio.de\/kunstimoeffentlichenraum\/wp-json\/wp\/v2\/comments?post=56"}],"version-history":[{"count":16,"href":"http:\/\/www.cronopio.de\/kunstimoeffentlichenraum\/wp-json\/wp\/v2\/pages\/56\/revisions"}],"predecessor-version":[{"id":493,"href":"http:\/\/www.cronopio.de\/kunstimoeffentlichenraum\/wp-json\/wp\/v2\/pages\/56\/revisions\/493"}],"up":[{"embeddable":true,"href":"http:\/\/www.cronopio.de\/kunstimoeffentlichenraum\/wp-json\/wp\/v2\/pages\/17"}],"wp:attachment":[{"href":"http:\/\/www.cronopio.de\/kunstimoeffentlichenraum\/wp-json\/wp\/v2\/media?parent=56"}],"curies":[{"name":"wp","href":"https:\/\/api.w.org\/{rel}","templated":true}]}}