{"id":49,"date":"2020-07-27T21:19:31","date_gmt":"2020-07-27T19:19:31","guid":{"rendered":"http:\/\/www.cronopio.de\/kunstimoeffentlichenraum\/?page_id=49"},"modified":"2020-08-28T20:44:11","modified_gmt":"2020-08-28T18:44:11","slug":"mahnmal-am-ort-der-ehemaligen-synagoge","status":"publish","type":"page","link":"http:\/\/www.cronopio.de\/kunstimoeffentlichenraum\/metallplastiken\/mahnmal-am-ort-der-ehemaligen-synagoge\/","title":{"rendered":"Mahnmal am Ort der ehemaligen Synagoge"},"content":{"rendered":"\n<figure class=\"wp-block-gallery aligncenter columns-3 is-cropped wp-block-gallery-1 is-layout-flex wp-block-gallery-is-layout-flex\"><ul class=\"blocks-gallery-grid\"><li class=\"blocks-gallery-item\"><figure><img loading=\"lazy\" decoding=\"async\" width=\"1222\" height=\"764\" src=\"http:\/\/www.cronopio.de\/kunstimoeffentlichenraum\/wp-content\/uploads\/sites\/11\/2020\/08\/Mahnmal3.jpg\" alt=\"\" data-id=\"462\" class=\"wp-image-462\" srcset=\"http:\/\/www.cronopio.de\/kunstimoeffentlichenraum\/wp-content\/uploads\/sites\/11\/2020\/08\/Mahnmal3.jpg 1222w, http:\/\/www.cronopio.de\/kunstimoeffentlichenraum\/wp-content\/uploads\/sites\/11\/2020\/08\/Mahnmal3-300x188.jpg 300w, http:\/\/www.cronopio.de\/kunstimoeffentlichenraum\/wp-content\/uploads\/sites\/11\/2020\/08\/Mahnmal3-1024x640.jpg 1024w, http:\/\/www.cronopio.de\/kunstimoeffentlichenraum\/wp-content\/uploads\/sites\/11\/2020\/08\/Mahnmal3-768x480.jpg 768w, http:\/\/www.cronopio.de\/kunstimoeffentlichenraum\/wp-content\/uploads\/sites\/11\/2020\/08\/Mahnmal3-320x200.jpg 320w\" sizes=\"auto, (max-width: 1222px) 100vw, 1222px\" \/><figcaption class=\"blocks-gallery-item__caption\">Entwurfsskizze von Karl Novak<\/figcaption><\/figure><\/li><li class=\"blocks-gallery-item\"><figure><img loading=\"lazy\" decoding=\"async\" width=\"1707\" height=\"2373\" src=\"http:\/\/www.cronopio.de\/kunstimoeffentlichenraum\/wp-content\/uploads\/sites\/11\/2020\/08\/P8261549-2.jpg\" alt=\"\" data-id=\"464\" class=\"wp-image-464\" srcset=\"http:\/\/www.cronopio.de\/kunstimoeffentlichenraum\/wp-content\/uploads\/sites\/11\/2020\/08\/P8261549-2.jpg 1707w, http:\/\/www.cronopio.de\/kunstimoeffentlichenraum\/wp-content\/uploads\/sites\/11\/2020\/08\/P8261549-2-216x300.jpg 216w, http:\/\/www.cronopio.de\/kunstimoeffentlichenraum\/wp-content\/uploads\/sites\/11\/2020\/08\/P8261549-2-737x1024.jpg 737w, http:\/\/www.cronopio.de\/kunstimoeffentlichenraum\/wp-content\/uploads\/sites\/11\/2020\/08\/P8261549-2-768x1068.jpg 768w, http:\/\/www.cronopio.de\/kunstimoeffentlichenraum\/wp-content\/uploads\/sites\/11\/2020\/08\/P8261549-2-1105x1536.jpg 1105w, http:\/\/www.cronopio.de\/kunstimoeffentlichenraum\/wp-content\/uploads\/sites\/11\/2020\/08\/P8261549-2-1473x2048.jpg 1473w, http:\/\/www.cronopio.de\/kunstimoeffentlichenraum\/wp-content\/uploads\/sites\/11\/2020\/08\/P8261549-2-144x200.jpg 144w\" sizes=\"auto, (max-width: 1707px) 100vw, 1707px\" \/><figcaption class=\"blocks-gallery-item__caption\">Holzmodell des Mahnmals<\/figcaption><\/figure><\/li><li class=\"blocks-gallery-item\"><figure><img loading=\"lazy\" decoding=\"async\" width=\"1000\" height=\"1333\" src=\"http:\/\/www.cronopio.de\/kunstimoeffentlichenraum\/wp-content\/uploads\/sites\/11\/2020\/07\/IMG_3251.jpg\" alt=\"\" data-id=\"211\" class=\"wp-image-211\" srcset=\"http:\/\/www.cronopio.de\/kunstimoeffentlichenraum\/wp-content\/uploads\/sites\/11\/2020\/07\/IMG_3251.jpg 1000w, http:\/\/www.cronopio.de\/kunstimoeffentlichenraum\/wp-content\/uploads\/sites\/11\/2020\/07\/IMG_3251-225x300.jpg 225w, http:\/\/www.cronopio.de\/kunstimoeffentlichenraum\/wp-content\/uploads\/sites\/11\/2020\/07\/IMG_3251-768x1024.jpg 768w, http:\/\/www.cronopio.de\/kunstimoeffentlichenraum\/wp-content\/uploads\/sites\/11\/2020\/07\/IMG_3251-150x200.jpg 150w\" sizes=\"auto, (max-width: 1000px) 100vw, 1000px\" \/><figcaption class=\"blocks-gallery-item__caption\">Foto: Kunststation M\u00f6dling<\/figcaption><\/figure><\/li><\/ul><\/figure>\n\n\n\n<h2 class=\"wp-block-heading\">Symbolik<\/h2>\n\n\n\n<p class=\"wp-block-paragraph\">Meine \u00dcberlegung f\u00fcr ein Mahnmal im Gedenken an die Zerst\u00f6rung der Synagoge war, ein Symbol zu finden, das auch jene Menschen erkennen, welche \u00fcber die j\u00fcdische Religion nur wenig wissen: Chanukka, die hebr\u00e4ische Bedeutung ist Weihe, das achtt\u00e4gige j\u00fcdische Lichterfest im Dezember, bei dem zur Erinnerung an die Wiedereinweihung des zerst\u00f6rten Tempels in Jerusalem an jedem Tag des Festes ein weiteres Licht entz\u00fcndet wird. Diese Lampe ist somit symbolisch mit der schon einmal erfolgten Tempelzerst\u00f6rung verbunden. Sie in besch\u00e4digter Form auf einem Sockel darzustellen, kann sicher mahnend auf die Zerst\u00f6rung der ehemaligen M\u00f6dlinger Synagoge hinweisen. (<a href=\"http:\/\/www.cronopio.de\/kunstimoeffentlichenraum\/kuenstler\/karl-novak\/\">Karl Novak<\/a>)<\/p>\n\n\n\n<h2 class=\"wp-block-heading\">Enth\u00fcllung des Mahnmals<\/h2>\n\n\n\n<div class=\"wp-block-image\"><figure class=\"alignleft size-large\"><img loading=\"lazy\" decoding=\"async\" width=\"354\" height=\"252\" src=\"http:\/\/www.cronopio.de\/kunstimoeffentlichenraum\/wp-content\/uploads\/sites\/11\/2020\/08\/Mahnmal1.jpg\" alt=\"\" class=\"wp-image-445\" srcset=\"http:\/\/www.cronopio.de\/kunstimoeffentlichenraum\/wp-content\/uploads\/sites\/11\/2020\/08\/Mahnmal1.jpg 354w, http:\/\/www.cronopio.de\/kunstimoeffentlichenraum\/wp-content\/uploads\/sites\/11\/2020\/08\/Mahnmal1-300x214.jpg 300w, http:\/\/www.cronopio.de\/kunstimoeffentlichenraum\/wp-content\/uploads\/sites\/11\/2020\/08\/Mahnmal1-281x200.jpg 281w\" sizes=\"auto, (max-width: 354px) 100vw, 354px\" \/><figcaption><em><sub>Rabbi Josef Pardes, <br>Vizepr\u00e4sidentin des Bundesverbandes der \u00f6sterr. Kultusgemeinden Renate Erbst, <br>B\u00fcrgermeister LAbg. Hans Stefan Hintner, <br>STR Mag. Bernhard Knipel, <br>Altb\u00fcrgermeister OSR Harald Lowatschek, <br>Vizeb\u00fcrgermeister Andreas Holzmann und <br>STR Paul Werdenich (v.l.n.r.).<\/sub><\/em><\/figcaption><\/figure><\/div>\n\n\n\n<p class=\"wp-block-paragraph\">Von 23. bis 26. Oktober 2003 waren rund 30 ehemalige j\u00fcdische Mitb\u00fcrgerInnen in ihre alte Heimatstadt gekommen.<\/p>\n\n\n\n<p class=\"wp-block-paragraph\">Das Besuchsprogramm sah unter anderem eine Tour durch Wien, eine Stadtf\u00fchrung durch M\u00f6dling mit einem Besuch des j\u00fcdischen Friedhofes und die Enth\u00fcllung eines Mahnmals am Platz der ehemaligen j\u00fcdischen Synagoge am 26. Oktober vor. Einige G\u00e4ste hatten sich auch bereit erkl\u00e4rt, als Zeitzeugen in M\u00f6dlinger Schulen \u00fcber ihre Erfahrungen zu berichten.<\/p>\n\n\n\n<p class=\"wp-block-paragraph\">&#8222;Ihr Besuch ist f\u00fcr uns keine Selbstverst\u00e4ndlichkeit sondern eine gro\u00dfe Ehre&#8220;, betonte STR Mag. Bernhard Knipel als Initiator der Einladung. Kulturstadtrat Paul Werdenich, der gemeinsam mit GR Mag. Gerhard Wannenmacher f\u00fcr die Errichtung des Mahnmals verantwortlich zeichnet, dankte dem M\u00f6dlinger K\u00fcnstlerbund und dem K\u00fcnstler Karl Nowak f\u00fcr die einf\u00fchlsame Umsetzung des Mahnmals. Die Skulptur zeigt einen achtarmigen geknickten Leuchter, der die Verfolgung und das Leiden der j\u00fcdischen Bev\u00f6lkerung symbolisiert.<\/p>\n\n\n\n<h2 class=\"wp-block-heading\"><strong>Zur M\u00f6dlinger Synagoge und der j\u00fcdischen Gemeinde M\u00f6dlings<\/strong><\/h2>\n\n\n\n<div class=\"wp-block-image\"><figure class=\"alignleft size-large\"><img loading=\"lazy\" decoding=\"async\" width=\"500\" height=\"328\" src=\"http:\/\/www.cronopio.de\/kunstimoeffentlichenraum\/wp-content\/uploads\/sites\/11\/2020\/08\/Mahnmal2.jpg\" alt=\"\" class=\"wp-image-450\" srcset=\"http:\/\/www.cronopio.de\/kunstimoeffentlichenraum\/wp-content\/uploads\/sites\/11\/2020\/08\/Mahnmal2.jpg 500w, http:\/\/www.cronopio.de\/kunstimoeffentlichenraum\/wp-content\/uploads\/sites\/11\/2020\/08\/Mahnmal2-300x197.jpg 300w, http:\/\/www.cronopio.de\/kunstimoeffentlichenraum\/wp-content\/uploads\/sites\/11\/2020\/08\/Mahnmal2-305x200.jpg 305w\" sizes=\"auto, (max-width: 500px) 100vw, 500px\" \/><figcaption><em><sub>Am 9. November fand beim Mahnmal f\u00fcr die M\u00f6dlinger Synagoge eine Gedenkveranstaltung zur Pogromnacht statt. Seitens der Stadtgemeinde M\u00f6dling erinnerten Vizeb\u00fcrgermeister Mag. Gerhard Wannenmacher, GR Rosemarie Forster und Altb\u00fcrgermeister Werner Burg an die Opfer des Nationalsozialismus und die Zerst\u00f6rung der M\u00f6dlinger Synagoge.<\/sub><\/em><\/figcaption><\/figure><\/div>\n\n\n\n<p class=\"wp-block-paragraph\">Bereits in der ersten H\u00e4lfte des 14. Jahrhunderts gab es in M\u00f6dling eine lebendige j\u00fcdische Gemeinde, die in der heutigen Kaiserin Elisabeth-Stra\u00dfe 7 (fr\u00fcher Judengasse) eine gotische Synagoge als Gebetshaus nutzte. Die vermutliche T\u00fcre der Synagoge wurde sp\u00e4ter als Archivt\u00fcre des M\u00f6dlinger Rathauses verwendet und befindet sich heute im M\u00f6dlinger Museum.<\/p>\n\n\n\n<p class=\"wp-block-paragraph\">Im Zuge der&nbsp; Judenverfolgungen 1420\/21 wurden auch die M\u00f6dlinger Juden vertrieben und ihr gesamter Besitz entzogen. Erst um 1840 vermehrte sich wieder die Zahl der j\u00fcdischen BewohnerInnen M\u00f6dlings. Die Gottesdienste fanden anf\u00e4nglich in einem Betraum in der Klostergasse 6 statt. F\u00fcr die wachsende Gemeinde wurden die R\u00e4umlichkeiten aber bald zu klein.<\/p>\n\n\n\n<p class=\"wp-block-paragraph\">Am 20. November 1888 erwarb die Israelitische Bethausgenossenschaft die Liegenschaft Enzersdorfer Stra\u00dfe 6. Dort erfolgte am 18. August 1912 die Grundsteinlegung f\u00fcr die M\u00f6dlinger Synagoge, die bis 1914 nach den Pl\u00e4nen von Architekt Ignaz Reiser erbaut wurde. Die Er\u00f6ffnung fand am 16. August 1914 statt.<\/p>\n\n\n\n<p class=\"wp-block-paragraph\">Bereits im Jahre 1927 kam es im Zuge sich ausbreitender antisemitischer Tendenzen zu ersten Devastierungen an der Synagoge. Vandalenakte sind auch bereits im Mai und September 1938 vermerkt. Im Herbst 1938 kam es auch in \u00d6sterreich, das nun bereits Teil des Deutschen Reiches war, zu verheerenden Ausschreitungen im Zuge der sogenannten November-Pogrome. Die M\u00f6dlinger Synagoge wurde devastiert und niedergebrannt. Im Jahre 1987 wurde das Grundst\u00fcck, auf dem sich noch Ruinenreste des Sakralbaues befanden, verkauft. Heute steht an diesem Platz ein Mehrfamilien-Wohnhaus.<\/p>\n\n\n\n<p class=\"wp-block-paragraph\">An die j\u00fcdische Gemeinde erinnern in M\u00f6dling heute auch die sogenannten Stolpersteine f\u00fcr Opfer des Nationalsozialismus. Diese wurden in Zusammenarbeit mit dem deutschen Bildhauer Gunter Demnig vor den Wohnh\u00e4usern der vertriebenen und ermordeten M\u00f6dlingerInnen verlegt. Unter ihnen auch Dr. Albert Schweiger, der letzte Rabbiner der M\u00f6dlinger Kultusgemeinde (Stolperstein in der Enzersdorfer Stra\u00dfe 6) oder Isidor Neurat, dessen Familie eine Drahtgitterfabrik in M\u00f6dling besa\u00df, aus der auch der Zaun vor der Synagoge stammte (Stolperstein in der Achsenaugasse 8). Beide M\u00e4nner wurden in Auschwitz ermordet.&nbsp;<\/p>\n\n\n\n<h2 class=\"wp-block-heading\"><strong>Die Konstruktion der M\u00f6dlinger Synagoge<\/strong><\/h2>\n\n\n\n<p class=\"wp-block-paragraph\">Das Geb\u00e4ude wurde 5-6 Meter von der Enzersdorferstrasse zur\u00fcckgesetzt, so dass ein stra\u00dfenseitiger Vorplatz entstand. Umgeben wurde der mit Nadelb\u00e4umen geschm\u00fcckte Platz von einem Drahtgitterzaun der Firma Neurath. Die Westfassade, an deren Seite sich auch der Haupteingang befand, wurde am prachtvollsten ausgef\u00fchrt. Den Mittelpunkt bildete ein grosses rundes Fenster im Mittelrisalit mit Davidstern, das von 16 kleinen Rundfenstern umgeben war und \u00fcber dem sich eine hebr\u00e4ische Inschrift befand.<\/p>\n\n\n\n<p class=\"wp-block-paragraph\">Die Dachlandschaft bestand aus mansardenf\u00f6rmigen D\u00e4chern, welche unten weit auskragen und zuerst steiler und danach flacher anstiegen. Die Kuppel im zentralen Hauptraum wurde durch ein oktogonales Dach abgeschlossen, auf dem eine mit Blech verkleidete, achteckige Holzlaterne befestigt war. Sie besa\u00df auf allen Seiten achteckige Fenster und einen \u201eBetonflachrundknauf&#8220; mit eingesetztem Davidstern zum Abschluss, wie ihn auch die zwei Turmst\u00fcmpfe trugen.<\/p>\n\n\n\n<figure class=\"wp-block-gallery alignwide columns-3 is-cropped wp-block-gallery-2 is-layout-flex wp-block-gallery-is-layout-flex\"><ul class=\"blocks-gallery-grid\"><li class=\"blocks-gallery-item\"><figure><img loading=\"lazy\" decoding=\"async\" width=\"1357\" height=\"859\" src=\"http:\/\/www.cronopio.de\/kunstimoeffentlichenraum\/wp-content\/uploads\/sites\/11\/2020\/08\/P8281645.jpg\" alt=\"\" data-id=\"503\" class=\"wp-image-503\" srcset=\"http:\/\/www.cronopio.de\/kunstimoeffentlichenraum\/wp-content\/uploads\/sites\/11\/2020\/08\/P8281645.jpg 1357w, http:\/\/www.cronopio.de\/kunstimoeffentlichenraum\/wp-content\/uploads\/sites\/11\/2020\/08\/P8281645-300x190.jpg 300w, http:\/\/www.cronopio.de\/kunstimoeffentlichenraum\/wp-content\/uploads\/sites\/11\/2020\/08\/P8281645-1024x648.jpg 1024w, http:\/\/www.cronopio.de\/kunstimoeffentlichenraum\/wp-content\/uploads\/sites\/11\/2020\/08\/P8281645-768x486.jpg 768w, http:\/\/www.cronopio.de\/kunstimoeffentlichenraum\/wp-content\/uploads\/sites\/11\/2020\/08\/P8281645-316x200.jpg 316w\" sizes=\"auto, (max-width: 1357px) 100vw, 1357px\" \/><figcaption class=\"blocks-gallery-item__caption\">Fotografie der Westfassade (1925), Archiv Museum M\u00f6dling<\/figcaption><\/figure><\/li><li class=\"blocks-gallery-item\"><figure><img loading=\"lazy\" decoding=\"async\" width=\"400\" height=\"400\" src=\"http:\/\/www.cronopio.de\/kunstimoeffentlichenraum\/wp-content\/uploads\/sites\/11\/2020\/08\/Synagoge1-1.jpg\" alt=\"\" data-id=\"455\" class=\"wp-image-455\" srcset=\"http:\/\/www.cronopio.de\/kunstimoeffentlichenraum\/wp-content\/uploads\/sites\/11\/2020\/08\/Synagoge1-1.jpg 400w, http:\/\/www.cronopio.de\/kunstimoeffentlichenraum\/wp-content\/uploads\/sites\/11\/2020\/08\/Synagoge1-1-300x300.jpg 300w, http:\/\/www.cronopio.de\/kunstimoeffentlichenraum\/wp-content\/uploads\/sites\/11\/2020\/08\/Synagoge1-1-150x150.jpg 150w, http:\/\/www.cronopio.de\/kunstimoeffentlichenraum\/wp-content\/uploads\/sites\/11\/2020\/08\/Synagoge1-1-200x200.jpg 200w\" sizes=\"auto, (max-width: 400px) 100vw, 400px\" \/><figcaption class=\"blocks-gallery-item__caption\">Digitale Rekonstruktion der Westfassade<\/figcaption><\/figure><\/li><li class=\"blocks-gallery-item\"><figure><img loading=\"lazy\" decoding=\"async\" width=\"400\" height=\"400\" src=\"http:\/\/www.cronopio.de\/kunstimoeffentlichenraum\/wp-content\/uploads\/sites\/11\/2020\/08\/Synagoge2-1.jpg\" alt=\"\" data-id=\"456\" class=\"wp-image-456\" srcset=\"http:\/\/www.cronopio.de\/kunstimoeffentlichenraum\/wp-content\/uploads\/sites\/11\/2020\/08\/Synagoge2-1.jpg 400w, http:\/\/www.cronopio.de\/kunstimoeffentlichenraum\/wp-content\/uploads\/sites\/11\/2020\/08\/Synagoge2-1-300x300.jpg 300w, http:\/\/www.cronopio.de\/kunstimoeffentlichenraum\/wp-content\/uploads\/sites\/11\/2020\/08\/Synagoge2-1-150x150.jpg 150w, http:\/\/www.cronopio.de\/kunstimoeffentlichenraum\/wp-content\/uploads\/sites\/11\/2020\/08\/Synagoge2-1-200x200.jpg 200w\" sizes=\"auto, (max-width: 400px) 100vw, 400px\" \/><figcaption class=\"blocks-gallery-item__caption\">Digitale Rekonstruktion des Innenraums<\/figcaption><\/figure><\/li><\/ul><\/figure>\n\n\n\n<div class=\"wp-block-themeisle-blocks-advanced-columns has-1-columns has-desktop-equal-layout has-tablet-equal-layout has-mobile-equal-layout has-default-gap has-vertical-unset\" id=\"wp-block-themeisle-blocks-advanced-columns-adbb8fcc\"><div class=\"wp-block-themeisle-blocks-advanced-columns-overlay\"><\/div><div class=\"innerblocks-wrap\">\n<div class=\"wp-block-themeisle-blocks-advanced-column\" id=\"wp-block-themeisle-blocks-advanced-column-23f6cf8b\"><\/div>\n<\/div><\/div>\n","protected":false},"excerpt":{"rendered":"<p>Symbolik Meine \u00dcberlegung f\u00fcr ein Mahnmal im Gedenken an die Zerst\u00f6rung der Synagoge war, ein Symbol zu finden, das auch jene Menschen erkennen, welche \u00fcber die j\u00fcdische Religion nur wenig wissen: Chanukka, die hebr\u00e4ische Bedeutung ist Weihe, das achtt\u00e4gige j\u00fcdische Lichterfest im Dezember, bei dem zur Erinnerung an die Wiedereinweihung &hellip;<\/p>\n","protected":false},"author":2,"featured_media":0,"parent":17,"menu_order":3,"comment_status":"closed","ping_status":"closed","template":"","meta":{"_crdt_document":"","_themeisle_gutenberg_block_has_review":false,"h5ap_radio_sources":[],"footnotes":""},"class_list":["post-49","page","type-page","status-publish","hentry"],"_links":{"self":[{"href":"http:\/\/www.cronopio.de\/kunstimoeffentlichenraum\/wp-json\/wp\/v2\/pages\/49","targetHints":{"allow":["GET"]}}],"collection":[{"href":"http:\/\/www.cronopio.de\/kunstimoeffentlichenraum\/wp-json\/wp\/v2\/pages"}],"about":[{"href":"http:\/\/www.cronopio.de\/kunstimoeffentlichenraum\/wp-json\/wp\/v2\/types\/page"}],"author":[{"embeddable":true,"href":"http:\/\/www.cronopio.de\/kunstimoeffentlichenraum\/wp-json\/wp\/v2\/users\/2"}],"replies":[{"embeddable":true,"href":"http:\/\/www.cronopio.de\/kunstimoeffentlichenraum\/wp-json\/wp\/v2\/comments?post=49"}],"version-history":[{"count":15,"href":"http:\/\/www.cronopio.de\/kunstimoeffentlichenraum\/wp-json\/wp\/v2\/pages\/49\/revisions"}],"predecessor-version":[{"id":743,"href":"http:\/\/www.cronopio.de\/kunstimoeffentlichenraum\/wp-json\/wp\/v2\/pages\/49\/revisions\/743"}],"up":[{"embeddable":true,"href":"http:\/\/www.cronopio.de\/kunstimoeffentlichenraum\/wp-json\/wp\/v2\/pages\/17"}],"wp:attachment":[{"href":"http:\/\/www.cronopio.de\/kunstimoeffentlichenraum\/wp-json\/wp\/v2\/media?parent=49"}],"curies":[{"name":"wp","href":"https:\/\/api.w.org\/{rel}","templated":true}]}}