{"id":62,"date":"2016-07-01T18:20:45","date_gmt":"2016-07-01T16:20:45","guid":{"rendered":"http:\/\/www.cronopio.de\/instrumentenausstellung\/?page_id=62"},"modified":"2018-08-15T23:22:15","modified_gmt":"2018-08-15T21:22:15","slug":"geigenfamilie","status":"publish","type":"page","link":"http:\/\/www.cronopio.de\/instrumentenausstellung\/instrumentenfamilien\/saiteninstrumente\/geigenfamilie\/","title":{"rendered":"Geigenfamilie"},"content":{"rendered":"<p><figure id=\"attachment_1154\" aria-describedby=\"caption-attachment-1154\" style=\"width: 300px\" class=\"wp-caption alignleft\"><a href=\"http:\/\/www.cronopio.de\/instrumentenausstellung\/wp-content\/uploads\/sites\/2\/2016\/07\/klein-geigen_virdung.jpg\"><img loading=\"lazy\" decoding=\"async\" src=\"http:\/\/www.cronopio.de\/instrumentenausstellung\/wp-content\/uploads\/sites\/2\/2016\/07\/klein-geigen_virdung-300x121.jpg\" alt=\"Clein Geigen, Sebastian Virdung, Musica getutscht, 1511.\" width=\"300\" height=\"121\" class=\"size-medium wp-image-1154\" srcset=\"http:\/\/www.cronopio.de\/instrumentenausstellung\/wp-content\/uploads\/sites\/2\/2016\/07\/klein-geigen_virdung-300x121.jpg 300w, http:\/\/www.cronopio.de\/instrumentenausstellung\/wp-content\/uploads\/sites\/2\/2016\/07\/klein-geigen_virdung.jpg 680w\" sizes=\"auto, (max-width: 300px) 100vw, 300px\" \/><\/a><figcaption id=\"caption-attachment-1154\" class=\"wp-caption-text\">Clein Geigen, Sebastian<br \/>Virdung, Musica getutscht, 1511.<\/figcaption><\/figure><br \/>\n<figure id=\"attachment_1155\" aria-describedby=\"caption-attachment-1155\" style=\"width: 300px\" class=\"wp-caption alignright\"><a href=\"http:\/\/www.cronopio.de\/instrumentenausstellung\/wp-content\/uploads\/sites\/2\/2016\/07\/gro\u00df-geigen_virdung.jpg\"><img loading=\"lazy\" decoding=\"async\" src=\"http:\/\/www.cronopio.de\/instrumentenausstellung\/wp-content\/uploads\/sites\/2\/2016\/07\/gro\u00df-geigen_virdung-300x176.jpg\" alt=\"Gro\u00df Geigen, Sebastian Virdung, Musica getutscht, 1511.\" width=\"300\" height=\"176\" class=\"size-medium wp-image-1155\" srcset=\"http:\/\/www.cronopio.de\/instrumentenausstellung\/wp-content\/uploads\/sites\/2\/2016\/07\/gro\u00df-geigen_virdung-300x176.jpg 300w, http:\/\/www.cronopio.de\/instrumentenausstellung\/wp-content\/uploads\/sites\/2\/2016\/07\/gro\u00df-geigen_virdung.jpg 629w\" sizes=\"auto, (max-width: 300px) 100vw, 300px\" \/><\/a><figcaption id=\"caption-attachment-1155\" class=\"wp-caption-text\">Gro\u00df Geigen, Sebastian<br \/>Virdung, Musica getutscht, 1511.<\/figcaption><\/figure><br \/>\nDie erste Erw\u00e4hnung von Vertretern der Geigenfamilie findet sich in Sebastian Virdungs Traktat <i>Musica getutscht<\/i>, 1511. Hier wird unterschieden zwischen \u201eGro\u00df Geigen\u201c und \u201eclein Geigen\u201c \u2013 mit letzterer ist zweifelsfrei ein <strong>Rebec<\/strong> gemeint, w\u00e4hrend die Abbildung der \u201eGro\u00df Geigen\u201c eine eigenartige Mischung bietet: den Korpus eines Streichinstruments mit einer Einschn\u00fcrung in der Mitte, dazu die Besaitung einer Laute mit 9 Saiten bzw. Ch\u00f6ren (Doppelsaiten), das ganze ohne gew\u00f6lbten Steg, daher zum Strei\u00adchen absolut unbrauchbar. Man kann als Information mitnehmen, dass es mehr als 4 Saiten gab, und dass die gro\u00dfe Geige B\u00fcnde hatte. Von der \u201eherk\u00f6mmlichen\u201c Form der Geige ist noch nichts zu sehen. Nach <strong>Agricola<\/strong>, <i>Musica Instrumentalis Deudsch<\/i>, 1529, gab es die <strong>Geigen in Stimm\u00adwerken<\/strong>; sie sahen, gro\u00df wie klein, noch so aus wie bei Virdung, allerdings haben die gro\u00dfen Geigen auf den Abbildungen nur 4 Saiten, und wir erfahren, dass sie in Quarten gestimmt wurden; die kleinen hatten 3 Saiten in Quintstimmung.<\/p>\n<p>Die bis heute im Wesentlichen festgelegte <strong>Form der Violine<\/strong> ist <strong>seit 1540<\/strong> bekannt. Die ersten Abbildungen zeigen 3-saitige Instrumente.<br \/>\nEine Hochbl\u00fcte des Geigenbaus findet man in den Geigenbaumeistern <strong>Andrea und Nicola<br \/>\nAmati<\/strong> und <strong>Antonio Stradivari<\/strong> in Italien sowie <strong>Jakob Stainer<\/strong> und der <strong>Familie Klotz<\/strong> n\u00f6rdlich der Alpen. Vom 17. bis zum 18. Jahrhundert wirkten hervorragende Gei\u00adgen\u00adbauer in Wien, Linz, B\u00f6hmen und Nord\u00addeutschland.<\/p>\n<div style=\"overflow-y:hidden; overflow-x:auto\">\n<table>\n<tbody>\n<tr>\n<td>\n<figure id=\"attachment_1138\" aria-describedby=\"caption-attachment-1138\" style=\"width: 300px\" class=\"wp-caption alignleft\"><a href=\"http:\/\/www.cronopio.de\/instrumentenausstellung\/wp-content\/uploads\/sites\/2\/2016\/07\/renaissancegeigen.jpg\"><img loading=\"lazy\" decoding=\"async\" src=\"http:\/\/www.cronopio.de\/instrumentenausstellung\/wp-content\/uploads\/sites\/2\/2016\/07\/renaissancegeigen-300x183.jpg\" alt=\"Renaissancegeigen um 1594.\" width=\"300\" height=\"183\" class=\"size-medium wp-image-1138\" srcset=\"http:\/\/www.cronopio.de\/instrumentenausstellung\/wp-content\/uploads\/sites\/2\/2016\/07\/renaissancegeigen-300x183.jpg 300w, http:\/\/www.cronopio.de\/instrumentenausstellung\/wp-content\/uploads\/sites\/2\/2016\/07\/renaissancegeigen-768x468.jpg 768w, http:\/\/www.cronopio.de\/instrumentenausstellung\/wp-content\/uploads\/sites\/2\/2016\/07\/renaissancegeigen-1024x624.jpg 1024w, http:\/\/www.cronopio.de\/instrumentenausstellung\/wp-content\/uploads\/sites\/2\/2016\/07\/renaissancegeigen.jpg 1134w\" sizes=\"auto, (max-width: 300px) 100vw, 300px\" \/><\/a><figcaption id=\"caption-attachment-1138\" class=\"wp-caption-text\">Renaissancegeigen um 1594.<\/figcaption><\/figure><\/p>\n<\/td>\n<td>\n<figure id=\"attachment_1139\" aria-describedby=\"caption-attachment-1139\" style=\"width: 300px\" class=\"wp-caption alignleft\"><a href=\"http:\/\/www.cronopio.de\/instrumentenausstellung\/wp-content\/uploads\/sites\/2\/2016\/07\/stradivari.jpg\"><img loading=\"lazy\" decoding=\"async\" src=\"http:\/\/www.cronopio.de\/instrumentenausstellung\/wp-content\/uploads\/sites\/2\/2016\/07\/stradivari-300x300.jpg\" alt=\"Violine von Antonio Stradivari (Baujahr 1687), nach einem fr\u00fcheren Besitzer \u201eOle Bull\u201c genannt; Smithsonian Institution, Washington D.C., USA.\" width=\"300\" height=\"300\" class=\"size-medium wp-image-1139\" srcset=\"http:\/\/www.cronopio.de\/instrumentenausstellung\/wp-content\/uploads\/sites\/2\/2016\/07\/stradivari-300x300.jpg 300w, http:\/\/www.cronopio.de\/instrumentenausstellung\/wp-content\/uploads\/sites\/2\/2016\/07\/stradivari-150x150.jpg 150w, http:\/\/www.cronopio.de\/instrumentenausstellung\/wp-content\/uploads\/sites\/2\/2016\/07\/stradivari.jpg 640w\" sizes=\"auto, (max-width: 300px) 100vw, 300px\" \/><\/a><figcaption id=\"caption-attachment-1139\" class=\"wp-caption-text\">Violine von Antonio Stradivari<br \/>(Baujahr 1687), nach einem fr\u00fcheren<br \/>Besitzer \u201eOle Bull\u201c genannt;<br \/>Smithsonian Institution,<br \/>Washington D.C., USA.<\/figcaption><\/figure>\n<\/td>\n<td>\n<figure id=\"attachment_1140\" aria-describedby=\"caption-attachment-1140\" style=\"width: 298px\" class=\"wp-caption alignright\"><a href=\"http:\/\/www.cronopio.de\/instrumentenausstellung\/wp-content\/uploads\/sites\/2\/2016\/07\/guaneri.jpg\"><img loading=\"lazy\" decoding=\"async\" src=\"http:\/\/www.cronopio.de\/instrumentenausstellung\/wp-content\/uploads\/sites\/2\/2016\/07\/guaneri-298x300.jpg\" alt=\"Violine von Giuseppe Guarneri del Ges\u00f9 (Baujahr 1743), Niccol\u00f2 Paganinis Lieblingsgeige, von ihm \u201eIl cannone\u201c genannt; Palazzo Doria Tursi, Genua, Italien.\" width=\"298\" height=\"300\" class=\"size-medium wp-image-1140\" srcset=\"http:\/\/www.cronopio.de\/instrumentenausstellung\/wp-content\/uploads\/sites\/2\/2016\/07\/guaneri-298x300.jpg 298w, http:\/\/www.cronopio.de\/instrumentenausstellung\/wp-content\/uploads\/sites\/2\/2016\/07\/guaneri-150x150.jpg 150w, http:\/\/www.cronopio.de\/instrumentenausstellung\/wp-content\/uploads\/sites\/2\/2016\/07\/guaneri.jpg 715w\" sizes=\"auto, (max-width: 298px) 100vw, 298px\" \/><\/a><figcaption id=\"caption-attachment-1140\" class=\"wp-caption-text\">Violine von Giuseppe Guarneri del Ges\u00f9 (Baujahr 1743),<br \/>Niccol\u00f2 Paganinis Lieblingsgeige, von ihm \u201eIl cannone\u201c genannt;<br \/>Palazzo Doria Tursi, Genua, Italien.<\/figcaption><\/figure>\n<\/td>\n<\/tr>\n<\/tbody>\n<\/table>\n<\/div>\n<p>Im 19. und 20. Jahrhundert entwickelte sich die Violine neben traditionell gebauten Instrumenten hin zur <strong>E-Violine<\/strong> ohne Klangk\u00f6rper mit elektronischer Tonabnahme und fand auch in der Rockmusik und im modernen Jazz Verwendung. Unabh\u00e4ngig von akustischen Gegebenheiten konnte man z.B. durch Hinzuf\u00fcgen einer 5., tieferen Saite den Tonumfang er\u00adweitern und eine Kombination aus Violine und Viola erschaffen.<\/p>\n<p>Dar\u00fcber hinaus hat die Geige einen breiten Wirkungsraum in der Volksmusik: in \u00d6sterreich u.a. ober\u00f6ster\u00adrei\u00adchi\u00adsche Landlergeiger, \u201eBratlgeiger\u201c in der Heurigenmusik, \u201eStreich\u201c (Volksmusikgruppen mit Geigen, Gitarre oder Hack\u00adbrett, Kontrabass). Auch in der b\u00f6hmischen, ungarischen und osteurop\u00e4ischen Volks\u00admusik ist sie von gro\u00dfer Bedeutung.<\/p>\n<figure id=\"attachment_1148\" aria-describedby=\"caption-attachment-1148\" style=\"width: 300px\" class=\"wp-caption alignleft\"><a href=\"http:\/\/www.cronopio.de\/instrumentenausstellung\/wp-content\/uploads\/sites\/2\/2016\/07\/violine-aufbau.jpg\"><img loading=\"lazy\" decoding=\"async\" src=\"http:\/\/www.cronopio.de\/instrumentenausstellung\/wp-content\/uploads\/sites\/2\/2016\/07\/violine-aufbau-300x146.jpg\" alt=\"Aufbau einer Violine.\" width=\"300\" height=\"146\" class=\"size-medium wp-image-1148\" srcset=\"http:\/\/www.cronopio.de\/instrumentenausstellung\/wp-content\/uploads\/sites\/2\/2016\/07\/violine-aufbau-300x146.jpg 300w, http:\/\/www.cronopio.de\/instrumentenausstellung\/wp-content\/uploads\/sites\/2\/2016\/07\/violine-aufbau.jpg 658w\" sizes=\"auto, (max-width: 300px) 100vw, 300px\" \/><\/a><figcaption id=\"caption-attachment-1148\" class=\"wp-caption-text\">Aufbau einer Violine.<\/figcaption><\/figure>\n<p>Der <strong>Korpus der Violine<\/strong> besteht aus Zargen (Seitenteile in der typischen Geigenform), Boden, Hals und Decke. Zargen, Boden und Hals werden meist aus langsam gewachsenem Ahorn hergestellt, die Decke aus fein\u00ad\u00e4driger Fichte. Griffbrett, Saitenhalter und Wirbel sind aus hartem Holz, meist Eben\u00adholz, der Steg ist aus Ahorn. Boden und Decke sind gew\u00f6lbt. In die Decke sind f-f\u00f6rmige Schall\u00adl\u00f6cher eingeschnitten. Die sichere Verbindung der einzelnen Teile wird durch innen an den Zargen entlanglaufende \u201eReifchen\u201c hergestellt. Im Inneren der Violine befindet sich der sog. Bassbalken l\u00e4ngs unter der tiefsten Saite sowie der Stimmstock, senkrecht stehend unter dem Fu\u00df des Steges auf der Seite der h\u00f6chsten Saite; beide haben die Aufgabe, die Schwingungen, die vom Steg auf die Decke \u00fcbertragen werden, in den \u00fcbrigen Korpus weiterzuleiten, wo sie zum charakteristischen Geigenton verst\u00e4rkt werden.<\/p>\n<p>Heute wird die die Geige im Allgemeinen mit Hilfe eines Kinnhalters und manchmal einer Schulterst\u00fctze zwischen Kinn und Schl\u00fcsselbein gehalten; die linke Hand h\u00e4lt die Violine nicht, sie dient nur zum Greifen der T\u00f6ne. Die Violine wird mit einem (heute) konkaven Bogen mit der rechten Hand gestrichen.<\/p>\n<p>F\u00fcr den Unterricht werden auch kleinere Violinen verwendet, gebr\u00e4uchlich sind \u00bc und \u00bd Geigen f\u00fcr Kinder, kleinste Versionen gibt es bis 1\/32 Violine.<\/p>\n<table style=\"width:100%;\">\n<colgroup>\n<col width=\"33%\">\n<col width=\"33%\">\n<col width=\"33%\"> <\/colgroup>\n<tbody>\n<tr>\n<td style=\"text-align:left\">&lt;<br \/><a href=\"http:\/\/www.cronopio.de\/instrumentenausstellung\/instrumentenfamilien\/saiteninstrumente\/fruehe-streichinstrumente\/\">Anf\u00e4nge der gestrichenen Musik<\/td>\n<td style=\"text-align:center\">^<br \/>\n<a href=\"http:\/\/www.cronopio.de\/instrumentenausstellung\/saiteninstrumente\/\">Saiteninstrumente<\/a><\/td>\n<td style=\"text-align:right\">&gt;<br \/>\n<a href=\"http:\/\/www.cronopio.de\/instrumentenausstellung\/instrumentenfamilien\/saiteninstrumente\/barockvioline\/\">Barockvioline<\/a><\/td>\n<\/tr>\n<\/tbody>\n<\/table>\n","protected":false},"excerpt":{"rendered":"<p>Hintergrundinformationen zur Geschichte der Geige<\/p>\n","protected":false},"author":1,"featured_media":0,"parent":362,"menu_order":2,"comment_status":"closed","ping_status":"closed","template":"","meta":{"_crdt_document":"","_themeisle_gutenberg_block_has_review":false,"h5ap_radio_sources":[],"footnotes":""},"class_list":["post-62","page","type-page","status-publish","hentry"],"_links":{"self":[{"href":"http:\/\/www.cronopio.de\/instrumentenausstellung\/wp-json\/wp\/v2\/pages\/62","targetHints":{"allow":["GET"]}}],"collection":[{"href":"http:\/\/www.cronopio.de\/instrumentenausstellung\/wp-json\/wp\/v2\/pages"}],"about":[{"href":"http:\/\/www.cronopio.de\/instrumentenausstellung\/wp-json\/wp\/v2\/types\/page"}],"author":[{"embeddable":true,"href":"http:\/\/www.cronopio.de\/instrumentenausstellung\/wp-json\/wp\/v2\/users\/1"}],"replies":[{"embeddable":true,"href":"http:\/\/www.cronopio.de\/instrumentenausstellung\/wp-json\/wp\/v2\/comments?post=62"}],"version-history":[{"count":12,"href":"http:\/\/www.cronopio.de\/instrumentenausstellung\/wp-json\/wp\/v2\/pages\/62\/revisions"}],"predecessor-version":[{"id":1660,"href":"http:\/\/www.cronopio.de\/instrumentenausstellung\/wp-json\/wp\/v2\/pages\/62\/revisions\/1660"}],"up":[{"embeddable":true,"href":"http:\/\/www.cronopio.de\/instrumentenausstellung\/wp-json\/wp\/v2\/pages\/362"}],"wp:attachment":[{"href":"http:\/\/www.cronopio.de\/instrumentenausstellung\/wp-json\/wp\/v2\/media?parent=62"}],"curies":[{"name":"wp","href":"https:\/\/api.w.org\/{rel}","templated":true}]}}